{"id":24757,"date":"2023-08-29T11:57:55","date_gmt":"2023-08-29T08:57:55","guid":{"rendered":"https:\/\/beautyinstitute.ee\/?post_type=product&#038;p=24757"},"modified":"2026-01-21T12:03:12","modified_gmt":"2026-01-21T10:03:12","slug":"silmaseerum-30ml-baehr","status":"publish","type":"product","link":"https:\/\/beautyinstitute.ee\/ru\/toode\/silmaseerum-30ml-baehr\/","title":{"rendered":"Silmaseerum 30Ml Baehr"},"content":{"rendered":"<p>Seerum hooldab intensiivselt kuiva, kortsukestele kalduva naha kontuure.<\/p>\n<ul>\n<li>astelpaju, granaat\u00f5una ja kaera tuuma ekstraktist ning h\u00fcaluroonhappest koosnev toimeainete kompleks toidab ja silub\u00a0silmakontuuri ning aitab v\u00e4hendada tumedaid silmaringe ja silmakotte.<\/li>\n<li>silma\u00fcmbrus n\u00e4ib eluj\u00f5ulisemana<\/li>\n<li>geeli tekstuur imendub kergesti \u00a0ja tagab v\u00e4rskuse.<\/li>\n<\/ul>\n<p><strong>Kasutamine:<\/strong>\u00a0 Kandke vastavalt vajadusele s\u00e4\u00e4stlikult silmapiirkonnale ja masseerige \u00f5rnalt sisse.<\/p>\n<p>M\u00e4rkus: Toode sisaldab looduslikke koostisosi, mis v\u00f5ivad p\u00f5hjustada v\u00e4rvimuutusi, ilma et see m\u00f5jutaks toote kvaliteeti.<\/p>\n","protected":false},"excerpt":{"rendered":"<p>Seerum hooldab intensiivselt kuiva, kortsukestele kalduva naha kontuure. astelpaju, granaat\u00f5una ja kaera tuuma ekstraktist ning h\u00fcaluroonhappest koosnev toimeainete kompleks toidab ja silub\u00a0silmakontuuri ning aitab v\u00e4hendada tumedaid silmaringe ja silmakotte. silma\u00fcmbrus n\u00e4ib eluj\u00f5ulisemana geeli tekstuur imendub kergesti \u00a0ja tagab v\u00e4rskuse. Kasutamine:\u00a0 Kandke vastavalt vajadusele s\u00e4\u00e4stlikult silmapiirkonnale ja masseerige \u00f5rnalt sisse. M\u00e4rkus: Toode sisaldab looduslikke koostisosi, mis [&hellip;]<\/p>\n","protected":false},"featured_media":24762,"template":"","meta":{"_acf_changed":false},"product_cat":[291,249,251],"product_tag":[],"class_list":["post-24757","product","type-product","status-publish","has-post-thumbnail","hentry","product_cat-baehr-cosmetic","product_cat-seerumid-2","product_cat-silmakreemid"],"acf":[],"yoast_head":"<!-- This site is optimized with the Yoast SEO plugin v25.4 - https:\/\/yoast.com\/wordpress\/plugins\/seo\/ -->\n<title>Silmaseerum 30Ml Baehr - Beauty Institute<\/title>\n<meta name=\"robots\" content=\"index, follow, max-snippet:-1, max-image-preview:large, max-video-preview:-1\" \/>\n<link rel=\"canonical\" href=\"https:\/\/beautyinstitute.ee\/toode\/silmaseerum-30ml-baehr\/\" \/>\n<meta property=\"og:locale\" content=\"ru_RU\" \/>\n<meta property=\"og:type\" content=\"article\" \/>\n<meta property=\"og:title\" content=\"Silmaseerum 30Ml Baehr - Beauty Institute\" \/>\n<meta property=\"og:description\" content=\"Seerum hooldab intensiivselt kuiva, kortsukestele kalduva naha kontuure. astelpaju, granaat\u00f5una ja kaera tuuma ekstraktist ning h\u00fcaluroonhappest koosnev toimeainete kompleks toidab ja silub\u00a0silmakontuuri ning aitab v\u00e4hendada tumedaid silmaringe ja silmakotte. silma\u00fcmbrus n\u00e4ib eluj\u00f5ulisemana geeli tekstuur imendub kergesti \u00a0ja tagab v\u00e4rskuse. Kasutamine:\u00a0 Kandke vastavalt vajadusele s\u00e4\u00e4stlikult silmapiirkonnale ja masseerige \u00f5rnalt sisse. M\u00e4rkus: Toode sisaldab looduslikke koostisosi, mis [&hellip;]\" \/>\n<meta property=\"og:url\" content=\"https:\/\/beautyinstitute.ee\/toode\/silmaseerum-30ml-baehr\/\" \/>\n<meta property=\"og:site_name\" content=\"Beauty Institute\" \/>\n<meta property=\"article:modified_time\" content=\"2026-01-21T10:03:12+00:00\" \/>\n<meta property=\"og:image\" content=\"https:\/\/beautyinstitute.ee\/wp-content\/uploads\/2023\/08\/augen-serum-flacon_25150_1280x1280@2x.png\" \/>\n\t<meta property=\"og:image:width\" content=\"2560\" \/>\n\t<meta property=\"og:image:height\" content=\"2560\" \/>\n\t<meta property=\"og:image:type\" content=\"image\/png\" \/>\n<meta name=\"twitter:card\" content=\"summary_large_image\" \/>\n<meta name=\"twitter:site\" content=\"@Beauty_Eesti\" \/>\n<meta name=\"twitter:label1\" content=\"\u041f\u0440\u0438\u043c\u0435\u0440\u043d\u043e\u0435 \u0432\u0440\u0435\u043c\u044f \u0434\u043b\u044f \u0447\u0442\u0435\u043d\u0438\u044f\" \/>\n\t<meta name=\"twitter:data1\" content=\"1 \u043c\u0438\u043d\u0443\u0442\u0430\" \/>\n<script type=\"application\/ld+json\" class=\"yoast-schema-graph\">{\"@context\":\"https:\/\/schema.org\",\"@graph\":[{\"@type\":\"WebPage\",\"@id\":\"https:\/\/beautyinstitute.ee\/toode\/silmaseerum-30ml-baehr\/\",\"url\":\"https:\/\/beautyinstitute.ee\/toode\/silmaseerum-30ml-baehr\/\",\"name\":\"Silmaseerum 30Ml Baehr - Beauty Institute\",\"isPartOf\":{\"@id\":\"https:\/\/beautyinstitute.ee\/#website\"},\"primaryImageOfPage\":{\"@id\":\"https:\/\/beautyinstitute.ee\/toode\/silmaseerum-30ml-baehr\/#primaryimage\"},\"image\":{\"@id\":\"https:\/\/beautyinstitute.ee\/toode\/silmaseerum-30ml-baehr\/#primaryimage\"},\"thumbnailUrl\":\"https:\/\/beautyinstitute.ee\/wp-content\/uploads\/2023\/08\/augen-serum-flacon_25150_1280x1280@2x.png\",\"datePublished\":\"2023-08-29T08:57:55+00:00\",\"dateModified\":\"2026-01-21T10:03:12+00:00\",\"breadcrumb\":{\"@id\":\"https:\/\/beautyinstitute.ee\/toode\/silmaseerum-30ml-baehr\/#breadcrumb\"},\"inLanguage\":\"ru-RU\",\"potentialAction\":[{\"@type\":\"ReadAction\",\"target\":[\"https:\/\/beautyinstitute.ee\/toode\/silmaseerum-30ml-baehr\/\"]}]},{\"@type\":\"ImageObject\",\"inLanguage\":\"ru-RU\",\"@id\":\"https:\/\/beautyinstitute.ee\/toode\/silmaseerum-30ml-baehr\/#primaryimage\",\"url\":\"https:\/\/beautyinstitute.ee\/wp-content\/uploads\/2023\/08\/augen-serum-flacon_25150_1280x1280@2x.png\",\"contentUrl\":\"https:\/\/beautyinstitute.ee\/wp-content\/uploads\/2023\/08\/augen-serum-flacon_25150_1280x1280@2x.png\",\"width\":2560,\"height\":2560},{\"@type\":\"BreadcrumbList\",\"@id\":\"https:\/\/beautyinstitute.ee\/toode\/silmaseerum-30ml-baehr\/#breadcrumb\",\"itemListElement\":[{\"@type\":\"ListItem\",\"position\":1,\"name\":\"Home\",\"item\":\"https:\/\/beautyinstitute.ee\/ru\/\"},{\"@type\":\"ListItem\",\"position\":2,\"name\":\"E-pood\",\"item\":\"https:\/\/beautyinstitute.ee\/e-pood\/\"},{\"@type\":\"ListItem\",\"position\":3,\"name\":\"Silmaseerum 30Ml Baehr\"}]},{\"@type\":\"WebSite\",\"@id\":\"https:\/\/beautyinstitute.ee\/#website\",\"url\":\"https:\/\/beautyinstitute.ee\/\",\"name\":\"Beauty Institute\",\"description\":\"CNC Cosmetic ametlik maaletooja ja edasim\u00fc\u00fcja Eestis, Soomes, L\u00e4tis. Aparaadikosmeetika, koolitused, kosmeetikatooted.\",\"potentialAction\":[{\"@type\":\"SearchAction\",\"target\":{\"@type\":\"EntryPoint\",\"urlTemplate\":\"https:\/\/beautyinstitute.ee\/?s={search_term_string}\"},\"query-input\":{\"@type\":\"PropertyValueSpecification\",\"valueRequired\":true,\"valueName\":\"search_term_string\"}}],\"inLanguage\":\"ru-RU\"}]}<\/script>\n<!-- \/ Yoast SEO plugin. -->","yoast_head_json":{"title":"Silmaseerum 30Ml Baehr - Beauty Institute","robots":{"index":"index","follow":"follow","max-snippet":"max-snippet:-1","max-image-preview":"max-image-preview:large","max-video-preview":"max-video-preview:-1"},"canonical":"https:\/\/beautyinstitute.ee\/toode\/silmaseerum-30ml-baehr\/","og_locale":"ru_RU","og_type":"article","og_title":"Silmaseerum 30Ml Baehr - Beauty Institute","og_description":"Seerum hooldab intensiivselt kuiva, kortsukestele kalduva naha kontuure. astelpaju, granaat\u00f5una ja kaera tuuma ekstraktist ning h\u00fcaluroonhappest koosnev toimeainete kompleks toidab ja silub\u00a0silmakontuuri ning aitab v\u00e4hendada tumedaid silmaringe ja silmakotte. silma\u00fcmbrus n\u00e4ib eluj\u00f5ulisemana geeli tekstuur imendub kergesti \u00a0ja tagab v\u00e4rskuse. Kasutamine:\u00a0 Kandke vastavalt vajadusele s\u00e4\u00e4stlikult silmapiirkonnale ja masseerige \u00f5rnalt sisse. M\u00e4rkus: Toode sisaldab looduslikke koostisosi, mis [&hellip;]","og_url":"https:\/\/beautyinstitute.ee\/toode\/silmaseerum-30ml-baehr\/","og_site_name":"Beauty Institute","article_modified_time":"2026-01-21T10:03:12+00:00","og_image":[{"width":2560,"height":2560,"url":"https:\/\/beautyinstitute.ee\/wp-content\/uploads\/2023\/08\/augen-serum-flacon_25150_1280x1280@2x.png","type":"image\/png"}],"twitter_card":"summary_large_image","twitter_site":"@Beauty_Eesti","twitter_misc":{"\u041f\u0440\u0438\u043c\u0435\u0440\u043d\u043e\u0435 \u0432\u0440\u0435\u043c\u044f \u0434\u043b\u044f \u0447\u0442\u0435\u043d\u0438\u044f":"1 \u043c\u0438\u043d\u0443\u0442\u0430"},"schema":{"@context":"https:\/\/schema.org","@graph":[{"@type":"WebPage","@id":"https:\/\/beautyinstitute.ee\/toode\/silmaseerum-30ml-baehr\/","url":"https:\/\/beautyinstitute.ee\/toode\/silmaseerum-30ml-baehr\/","name":"Silmaseerum 30Ml Baehr - Beauty Institute","isPartOf":{"@id":"https:\/\/beautyinstitute.ee\/#website"},"primaryImageOfPage":{"@id":"https:\/\/beautyinstitute.ee\/toode\/silmaseerum-30ml-baehr\/#primaryimage"},"image":{"@id":"https:\/\/beautyinstitute.ee\/toode\/silmaseerum-30ml-baehr\/#primaryimage"},"thumbnailUrl":"https:\/\/beautyinstitute.ee\/wp-content\/uploads\/2023\/08\/augen-serum-flacon_25150_1280x1280@2x.png","datePublished":"2023-08-29T08:57:55+00:00","dateModified":"2026-01-21T10:03:12+00:00","breadcrumb":{"@id":"https:\/\/beautyinstitute.ee\/toode\/silmaseerum-30ml-baehr\/#breadcrumb"},"inLanguage":"ru-RU","potentialAction":[{"@type":"ReadAction","target":["https:\/\/beautyinstitute.ee\/toode\/silmaseerum-30ml-baehr\/"]}]},{"@type":"ImageObject","inLanguage":"ru-RU","@id":"https:\/\/beautyinstitute.ee\/toode\/silmaseerum-30ml-baehr\/#primaryimage","url":"https:\/\/beautyinstitute.ee\/wp-content\/uploads\/2023\/08\/augen-serum-flacon_25150_1280x1280@2x.png","contentUrl":"https:\/\/beautyinstitute.ee\/wp-content\/uploads\/2023\/08\/augen-serum-flacon_25150_1280x1280@2x.png","width":2560,"height":2560},{"@type":"BreadcrumbList","@id":"https:\/\/beautyinstitute.ee\/toode\/silmaseerum-30ml-baehr\/#breadcrumb","itemListElement":[{"@type":"ListItem","position":1,"name":"Home","item":"https:\/\/beautyinstitute.ee\/ru\/"},{"@type":"ListItem","position":2,"name":"E-pood","item":"https:\/\/beautyinstitute.ee\/e-pood\/"},{"@type":"ListItem","position":3,"name":"Silmaseerum 30Ml Baehr"}]},{"@type":"WebSite","@id":"https:\/\/beautyinstitute.ee\/#website","url":"https:\/\/beautyinstitute.ee\/","name":"Beauty Institute","description":"CNC Cosmetic ametlik maaletooja ja edasim\u00fc\u00fcja Eestis, Soomes, L\u00e4tis. Aparaadikosmeetika, koolitused, kosmeetikatooted.","potentialAction":[{"@type":"SearchAction","target":{"@type":"EntryPoint","urlTemplate":"https:\/\/beautyinstitute.ee\/?s={search_term_string}"},"query-input":{"@type":"PropertyValueSpecification","valueRequired":true,"valueName":"search_term_string"}}],"inLanguage":"ru-RU"}]}},"_links":{"self":[{"href":"https:\/\/beautyinstitute.ee\/ru\/wp-json\/wp\/v2\/product\/24757","targetHints":{"allow":["GET"]}}],"collection":[{"href":"https:\/\/beautyinstitute.ee\/ru\/wp-json\/wp\/v2\/product"}],"about":[{"href":"https:\/\/beautyinstitute.ee\/ru\/wp-json\/wp\/v2\/types\/product"}],"wp:featuredmedia":[{"embeddable":true,"href":"https:\/\/beautyinstitute.ee\/ru\/wp-json\/wp\/v2\/media\/24762"}],"wp:attachment":[{"href":"https:\/\/beautyinstitute.ee\/ru\/wp-json\/wp\/v2\/media?parent=24757"}],"wp:term":[{"taxonomy":"product_cat","embeddable":true,"href":"https:\/\/beautyinstitute.ee\/ru\/wp-json\/wp\/v2\/product_cat?post=24757"},{"taxonomy":"product_tag","embeddable":true,"href":"https:\/\/beautyinstitute.ee\/ru\/wp-json\/wp\/v2\/product_tag?post=24757"}],"curies":[{"name":"wp","href":"https:\/\/api.w.org\/{rel}","templated":true}]}}