{"id":24771,"date":"2023-08-29T12:33:36","date_gmt":"2023-08-29T09:33:36","guid":{"rendered":"https:\/\/beautyinstitute.ee\/?post_type=product&#038;p=24771"},"modified":"2026-01-15T21:50:28","modified_gmt":"2026-01-15T19:50:28","slug":"vananemisvastane-seerum-30ml-baehr","status":"publish","type":"product","link":"https:\/\/beautyinstitute.ee\/ru\/toode\/vananemisvastane-seerum-30ml-baehr\/","title":{"rendered":"Vananemisvastane Seerum 30Ml Baehr"},"content":{"rendered":"<p><strong>Pinguldatus ja v\u00e4rskus.<\/strong><\/p>\n<p>Aktiivsete koostisosadega seerum, rikastatud p\u00f6\u00f6gipungade ekstraktist ja p\u00e4rmi pol\u00fcsahhariididest. Parandab t\u00f5husalt naha tervist ja hooldab n\u00f5udlikku nahka. Taimne toimeainete kompleks v\u00e4hendab naha n\u00e4htavate vananemism\u00e4rkide ilmnemist. Taimne gl\u00fctseriin ja NMF-i toimeaine naatrium PCA aitavad s\u00e4ilitada naha niiskust.<\/p>\n<p><strong>Kasutamine:<\/strong> Kanda puhastatud nahale hommikul v\u00f5i vastavalt vajadusele ja masseerida \u00f5rnalt sisse. V\u00e4ga kuiva naha puhul v\u00f5ib peale kanda hoolduskreemi.<\/p>\n","protected":false},"excerpt":{"rendered":"<p>Pinguldatus ja v\u00e4rskus. Aktiivsete koostisosadega seerum, rikastatud p\u00f6\u00f6gipungade ekstraktist ja p\u00e4rmi pol\u00fcsahhariididest. Parandab t\u00f5husalt naha tervist ja hooldab n\u00f5udlikku nahka. Taimne toimeainete kompleks v\u00e4hendab naha n\u00e4htavate vananemism\u00e4rkide ilmnemist. Taimne gl\u00fctseriin ja NMF-i toimeaine naatrium PCA aitavad s\u00e4ilitada naha niiskust. Kasutamine: Kanda puhastatud nahale hommikul v\u00f5i vastavalt vajadusele ja masseerida \u00f5rnalt sisse. V\u00e4ga kuiva naha puhul [&hellip;]<\/p>\n","protected":false},"featured_media":24775,"template":"","meta":{"_acf_changed":false},"product_cat":[291,249],"product_tag":[],"class_list":["post-24771","product","type-product","status-publish","has-post-thumbnail","hentry","product_cat-baehr-cosmetic","product_cat-seerumid-2"],"acf":[],"yoast_head":"<!-- This site is optimized with the Yoast SEO plugin v25.4 - https:\/\/yoast.com\/wordpress\/plugins\/seo\/ -->\n<title>Vananemisvastane Seerum 30Ml Baehr - Beauty Institute<\/title>\n<meta name=\"robots\" content=\"index, follow, max-snippet:-1, max-image-preview:large, max-video-preview:-1\" \/>\n<link rel=\"canonical\" href=\"https:\/\/beautyinstitute.ee\/toode\/vananemisvastane-seerum-30ml-baehr\/\" \/>\n<meta property=\"og:locale\" content=\"ru_RU\" \/>\n<meta property=\"og:type\" content=\"article\" \/>\n<meta property=\"og:title\" content=\"Vananemisvastane Seerum 30Ml Baehr - Beauty Institute\" \/>\n<meta property=\"og:description\" content=\"Pinguldatus ja v\u00e4rskus. Aktiivsete koostisosadega seerum, rikastatud p\u00f6\u00f6gipungade ekstraktist ja p\u00e4rmi pol\u00fcsahhariididest. Parandab t\u00f5husalt naha tervist ja hooldab n\u00f5udlikku nahka. Taimne toimeainete kompleks v\u00e4hendab naha n\u00e4htavate vananemism\u00e4rkide ilmnemist. Taimne gl\u00fctseriin ja NMF-i toimeaine naatrium PCA aitavad s\u00e4ilitada naha niiskust. Kasutamine: Kanda puhastatud nahale hommikul v\u00f5i vastavalt vajadusele ja masseerida \u00f5rnalt sisse. V\u00e4ga kuiva naha puhul [&hellip;]\" \/>\n<meta property=\"og:url\" content=\"https:\/\/beautyinstitute.ee\/toode\/vananemisvastane-seerum-30ml-baehr\/\" \/>\n<meta property=\"og:site_name\" content=\"Beauty Institute\" \/>\n<meta property=\"article:modified_time\" content=\"2026-01-15T19:50:28+00:00\" \/>\n<meta property=\"og:image\" content=\"https:\/\/beautyinstitute.ee\/wp-content\/uploads\/2023\/08\/serum-anti-age_25151_1280x1280@2x.png\" \/>\n\t<meta property=\"og:image:width\" content=\"2560\" \/>\n\t<meta property=\"og:image:height\" content=\"2560\" \/>\n\t<meta property=\"og:image:type\" content=\"image\/png\" \/>\n<meta name=\"twitter:card\" content=\"summary_large_image\" \/>\n<meta name=\"twitter:site\" content=\"@Beauty_Eesti\" \/>\n<meta name=\"twitter:label1\" content=\"\u041f\u0440\u0438\u043c\u0435\u0440\u043d\u043e\u0435 \u0432\u0440\u0435\u043c\u044f \u0434\u043b\u044f \u0447\u0442\u0435\u043d\u0438\u044f\" \/>\n\t<meta name=\"twitter:data1\" content=\"1 \u043c\u0438\u043d\u0443\u0442\u0430\" \/>\n<script type=\"application\/ld+json\" class=\"yoast-schema-graph\">{\"@context\":\"https:\/\/schema.org\",\"@graph\":[{\"@type\":\"WebPage\",\"@id\":\"https:\/\/beautyinstitute.ee\/toode\/vananemisvastane-seerum-30ml-baehr\/\",\"url\":\"https:\/\/beautyinstitute.ee\/toode\/vananemisvastane-seerum-30ml-baehr\/\",\"name\":\"Vananemisvastane Seerum 30Ml Baehr - Beauty Institute\",\"isPartOf\":{\"@id\":\"https:\/\/beautyinstitute.ee\/#website\"},\"primaryImageOfPage\":{\"@id\":\"https:\/\/beautyinstitute.ee\/toode\/vananemisvastane-seerum-30ml-baehr\/#primaryimage\"},\"image\":{\"@id\":\"https:\/\/beautyinstitute.ee\/toode\/vananemisvastane-seerum-30ml-baehr\/#primaryimage\"},\"thumbnailUrl\":\"https:\/\/beautyinstitute.ee\/wp-content\/uploads\/2023\/08\/serum-anti-age_25151_1280x1280@2x.png\",\"datePublished\":\"2023-08-29T09:33:36+00:00\",\"dateModified\":\"2026-01-15T19:50:28+00:00\",\"breadcrumb\":{\"@id\":\"https:\/\/beautyinstitute.ee\/toode\/vananemisvastane-seerum-30ml-baehr\/#breadcrumb\"},\"inLanguage\":\"ru-RU\",\"potentialAction\":[{\"@type\":\"ReadAction\",\"target\":[\"https:\/\/beautyinstitute.ee\/toode\/vananemisvastane-seerum-30ml-baehr\/\"]}]},{\"@type\":\"ImageObject\",\"inLanguage\":\"ru-RU\",\"@id\":\"https:\/\/beautyinstitute.ee\/toode\/vananemisvastane-seerum-30ml-baehr\/#primaryimage\",\"url\":\"https:\/\/beautyinstitute.ee\/wp-content\/uploads\/2023\/08\/serum-anti-age_25151_1280x1280@2x.png\",\"contentUrl\":\"https:\/\/beautyinstitute.ee\/wp-content\/uploads\/2023\/08\/serum-anti-age_25151_1280x1280@2x.png\",\"width\":2560,\"height\":2560},{\"@type\":\"BreadcrumbList\",\"@id\":\"https:\/\/beautyinstitute.ee\/toode\/vananemisvastane-seerum-30ml-baehr\/#breadcrumb\",\"itemListElement\":[{\"@type\":\"ListItem\",\"position\":1,\"name\":\"Home\",\"item\":\"https:\/\/beautyinstitute.ee\/ru\/\"},{\"@type\":\"ListItem\",\"position\":2,\"name\":\"E-pood\",\"item\":\"https:\/\/beautyinstitute.ee\/e-pood\/\"},{\"@type\":\"ListItem\",\"position\":3,\"name\":\"Vananemisvastane Seerum 30Ml Baehr\"}]},{\"@type\":\"WebSite\",\"@id\":\"https:\/\/beautyinstitute.ee\/#website\",\"url\":\"https:\/\/beautyinstitute.ee\/\",\"name\":\"Beauty Institute\",\"description\":\"CNC Cosmetic ametlik maaletooja ja edasim\u00fc\u00fcja Eestis, Soomes, L\u00e4tis. Aparaadikosmeetika, koolitused, kosmeetikatooted.\",\"potentialAction\":[{\"@type\":\"SearchAction\",\"target\":{\"@type\":\"EntryPoint\",\"urlTemplate\":\"https:\/\/beautyinstitute.ee\/?s={search_term_string}\"},\"query-input\":{\"@type\":\"PropertyValueSpecification\",\"valueRequired\":true,\"valueName\":\"search_term_string\"}}],\"inLanguage\":\"ru-RU\"}]}<\/script>\n<!-- \/ Yoast SEO plugin. -->","yoast_head_json":{"title":"Vananemisvastane Seerum 30Ml Baehr - Beauty Institute","robots":{"index":"index","follow":"follow","max-snippet":"max-snippet:-1","max-image-preview":"max-image-preview:large","max-video-preview":"max-video-preview:-1"},"canonical":"https:\/\/beautyinstitute.ee\/toode\/vananemisvastane-seerum-30ml-baehr\/","og_locale":"ru_RU","og_type":"article","og_title":"Vananemisvastane Seerum 30Ml Baehr - Beauty Institute","og_description":"Pinguldatus ja v\u00e4rskus. Aktiivsete koostisosadega seerum, rikastatud p\u00f6\u00f6gipungade ekstraktist ja p\u00e4rmi pol\u00fcsahhariididest. Parandab t\u00f5husalt naha tervist ja hooldab n\u00f5udlikku nahka. Taimne toimeainete kompleks v\u00e4hendab naha n\u00e4htavate vananemism\u00e4rkide ilmnemist. Taimne gl\u00fctseriin ja NMF-i toimeaine naatrium PCA aitavad s\u00e4ilitada naha niiskust. Kasutamine: Kanda puhastatud nahale hommikul v\u00f5i vastavalt vajadusele ja masseerida \u00f5rnalt sisse. V\u00e4ga kuiva naha puhul [&hellip;]","og_url":"https:\/\/beautyinstitute.ee\/toode\/vananemisvastane-seerum-30ml-baehr\/","og_site_name":"Beauty Institute","article_modified_time":"2026-01-15T19:50:28+00:00","og_image":[{"width":2560,"height":2560,"url":"https:\/\/beautyinstitute.ee\/wp-content\/uploads\/2023\/08\/serum-anti-age_25151_1280x1280@2x.png","type":"image\/png"}],"twitter_card":"summary_large_image","twitter_site":"@Beauty_Eesti","twitter_misc":{"\u041f\u0440\u0438\u043c\u0435\u0440\u043d\u043e\u0435 \u0432\u0440\u0435\u043c\u044f \u0434\u043b\u044f \u0447\u0442\u0435\u043d\u0438\u044f":"1 \u043c\u0438\u043d\u0443\u0442\u0430"},"schema":{"@context":"https:\/\/schema.org","@graph":[{"@type":"WebPage","@id":"https:\/\/beautyinstitute.ee\/toode\/vananemisvastane-seerum-30ml-baehr\/","url":"https:\/\/beautyinstitute.ee\/toode\/vananemisvastane-seerum-30ml-baehr\/","name":"Vananemisvastane Seerum 30Ml Baehr - Beauty Institute","isPartOf":{"@id":"https:\/\/beautyinstitute.ee\/#website"},"primaryImageOfPage":{"@id":"https:\/\/beautyinstitute.ee\/toode\/vananemisvastane-seerum-30ml-baehr\/#primaryimage"},"image":{"@id":"https:\/\/beautyinstitute.ee\/toode\/vananemisvastane-seerum-30ml-baehr\/#primaryimage"},"thumbnailUrl":"https:\/\/beautyinstitute.ee\/wp-content\/uploads\/2023\/08\/serum-anti-age_25151_1280x1280@2x.png","datePublished":"2023-08-29T09:33:36+00:00","dateModified":"2026-01-15T19:50:28+00:00","breadcrumb":{"@id":"https:\/\/beautyinstitute.ee\/toode\/vananemisvastane-seerum-30ml-baehr\/#breadcrumb"},"inLanguage":"ru-RU","potentialAction":[{"@type":"ReadAction","target":["https:\/\/beautyinstitute.ee\/toode\/vananemisvastane-seerum-30ml-baehr\/"]}]},{"@type":"ImageObject","inLanguage":"ru-RU","@id":"https:\/\/beautyinstitute.ee\/toode\/vananemisvastane-seerum-30ml-baehr\/#primaryimage","url":"https:\/\/beautyinstitute.ee\/wp-content\/uploads\/2023\/08\/serum-anti-age_25151_1280x1280@2x.png","contentUrl":"https:\/\/beautyinstitute.ee\/wp-content\/uploads\/2023\/08\/serum-anti-age_25151_1280x1280@2x.png","width":2560,"height":2560},{"@type":"BreadcrumbList","@id":"https:\/\/beautyinstitute.ee\/toode\/vananemisvastane-seerum-30ml-baehr\/#breadcrumb","itemListElement":[{"@type":"ListItem","position":1,"name":"Home","item":"https:\/\/beautyinstitute.ee\/ru\/"},{"@type":"ListItem","position":2,"name":"E-pood","item":"https:\/\/beautyinstitute.ee\/e-pood\/"},{"@type":"ListItem","position":3,"name":"Vananemisvastane Seerum 30Ml Baehr"}]},{"@type":"WebSite","@id":"https:\/\/beautyinstitute.ee\/#website","url":"https:\/\/beautyinstitute.ee\/","name":"Beauty Institute","description":"CNC Cosmetic ametlik maaletooja ja edasim\u00fc\u00fcja Eestis, Soomes, L\u00e4tis. Aparaadikosmeetika, koolitused, kosmeetikatooted.","potentialAction":[{"@type":"SearchAction","target":{"@type":"EntryPoint","urlTemplate":"https:\/\/beautyinstitute.ee\/?s={search_term_string}"},"query-input":{"@type":"PropertyValueSpecification","valueRequired":true,"valueName":"search_term_string"}}],"inLanguage":"ru-RU"}]}},"_links":{"self":[{"href":"https:\/\/beautyinstitute.ee\/ru\/wp-json\/wp\/v2\/product\/24771","targetHints":{"allow":["GET"]}}],"collection":[{"href":"https:\/\/beautyinstitute.ee\/ru\/wp-json\/wp\/v2\/product"}],"about":[{"href":"https:\/\/beautyinstitute.ee\/ru\/wp-json\/wp\/v2\/types\/product"}],"wp:featuredmedia":[{"embeddable":true,"href":"https:\/\/beautyinstitute.ee\/ru\/wp-json\/wp\/v2\/media\/24775"}],"wp:attachment":[{"href":"https:\/\/beautyinstitute.ee\/ru\/wp-json\/wp\/v2\/media?parent=24771"}],"wp:term":[{"taxonomy":"product_cat","embeddable":true,"href":"https:\/\/beautyinstitute.ee\/ru\/wp-json\/wp\/v2\/product_cat?post=24771"},{"taxonomy":"product_tag","embeddable":true,"href":"https:\/\/beautyinstitute.ee\/ru\/wp-json\/wp\/v2\/product_tag?post=24771"}],"curies":[{"name":"wp","href":"https:\/\/api.w.org\/{rel}","templated":true}]}}