{"id":24793,"date":"2023-08-31T10:28:14","date_gmt":"2023-08-31T07:28:14","guid":{"rendered":"https:\/\/beautyinstitute.ee\/?post_type=product&#038;p=24793"},"modified":"2026-04-27T14:47:17","modified_gmt":"2026-04-27T11:47:17","slug":"2b-bio-net-meigieemaldusvahend-200ml","status":"publish","type":"product","link":"https:\/\/beautyinstitute.ee\/ru\/toode\/2b-bio-net-meigieemaldusvahend-200ml\/","title":{"rendered":"2B Bio Net Meigieemaldusvahend 200Ml"},"content":{"rendered":"<p>Meigieemaldusvehend n\u00e4ole ja silmadele, \u00a0eemaldab isegi veekindla \u00a0meigi. Valmistab naha \u00a0ette j\u00e4rgnevateks protseduurideks-<\/p>\n<p>et saada maksimaalne kasu \u00a0niisutavast ja toitvast hooldusest.<\/p>\n<p><strong>Sisaldab:<\/strong><br \/>\nKurk: rahustav, pehmendav ja pinguldav.<br \/>\nPunane viinapuu: taimne ekstrakt, millel on toniseeriv ja antiseptiline toime.<br \/>\n<strong>Tulemused:<\/strong><br \/>\nRahustatud, tugevdatud ja niisutatud \u00a0nahk on n\u00fc\u00fcd sametine ja s\u00fcgavuti taaselustatud.<\/p>\n<p><strong>Kuidas kasutada:<\/strong><br \/>\nMeigi eemaldamiseks \u00f5htul ja puhastamiseks hommikuti, kandke nahale ja eemaldage vatipadjaga. T\u00e4iendada koos 2B Bio Douceur v\u00f5i 2B Bio Clart\u00e9 rahustava toonikuga.<\/p>\n<p><strong>Sisu:<\/strong><br \/>\nMeeldiva puuviljaaroomiga piimjas meigieemaldusvahend, mis puhastab nahka s\u00fcgavuti, kahjustamata seejuures tundlikku silma\u00fcmbrust.<\/p>\n","protected":false},"excerpt":{"rendered":"<p>Meigieemaldusvehend n\u00e4ole ja silmadele, \u00a0eemaldab isegi veekindla \u00a0meigi. Valmistab naha \u00a0ette j\u00e4rgnevateks protseduurideks- et saada maksimaalne kasu \u00a0niisutavast ja toitvast hooldusest. Sisaldab: Kurk: rahustav, pehmendav ja pinguldav. Punane viinapuu: taimne ekstrakt, millel on toniseeriv ja antiseptiline toime. Tulemused: Rahustatud, tugevdatud ja niisutatud \u00a0nahk on n\u00fc\u00fcd sametine ja s\u00fcgavuti taaselustatud. Kuidas kasutada: Meigi eemaldamiseks \u00f5htul ja [&hellip;]<\/p>\n","protected":false},"featured_media":24796,"template":"","meta":{"_acf_changed":false},"product_cat":[292,245,15],"product_tag":[],"class_list":["post-24793","product","type-product","status-publish","has-post-thumbnail","hentry","product_cat-2b-bio-beauty","product_cat-puhastustooted","product_cat-muud-tooted"],"acf":[],"yoast_head":"<!-- This site is optimized with the Yoast SEO plugin v25.4 - https:\/\/yoast.com\/wordpress\/plugins\/seo\/ -->\n<title>2B Bio Net Meigieemaldusvahend 200Ml - Beauty Institute<\/title>\n<meta name=\"robots\" content=\"index, follow, max-snippet:-1, max-image-preview:large, max-video-preview:-1\" \/>\n<link rel=\"canonical\" href=\"https:\/\/beautyinstitute.ee\/toode\/2b-bio-net-meigieemaldusvahend-200ml\/\" \/>\n<meta property=\"og:locale\" content=\"ru_RU\" \/>\n<meta property=\"og:type\" content=\"article\" \/>\n<meta property=\"og:title\" content=\"2B Bio Net Meigieemaldusvahend 200Ml - Beauty Institute\" \/>\n<meta property=\"og:description\" content=\"Meigieemaldusvehend n\u00e4ole ja silmadele, \u00a0eemaldab isegi veekindla \u00a0meigi. Valmistab naha \u00a0ette j\u00e4rgnevateks protseduurideks- et saada maksimaalne kasu \u00a0niisutavast ja toitvast hooldusest. Sisaldab: Kurk: rahustav, pehmendav ja pinguldav. Punane viinapuu: taimne ekstrakt, millel on toniseeriv ja antiseptiline toime. Tulemused: Rahustatud, tugevdatud ja niisutatud \u00a0nahk on n\u00fc\u00fcd sametine ja s\u00fcgavuti taaselustatud. Kuidas kasutada: Meigi eemaldamiseks \u00f5htul ja [&hellip;]\" \/>\n<meta property=\"og:url\" content=\"https:\/\/beautyinstitute.ee\/toode\/2b-bio-net-meigieemaldusvahend-200ml\/\" \/>\n<meta property=\"og:site_name\" content=\"Beauty Institute\" \/>\n<meta property=\"article:modified_time\" content=\"2026-04-27T11:47:17+00:00\" \/>\n<meta property=\"og:image\" content=\"https:\/\/beautyinstitute.ee\/wp-content\/uploads\/2023\/08\/make-up.png\" \/>\n\t<meta property=\"og:image:width\" content=\"400\" \/>\n\t<meta property=\"og:image:height\" content=\"600\" \/>\n\t<meta property=\"og:image:type\" content=\"image\/png\" \/>\n<meta name=\"twitter:card\" content=\"summary_large_image\" \/>\n<meta name=\"twitter:site\" content=\"@Beauty_Eesti\" \/>\n<meta name=\"twitter:label1\" content=\"\u041f\u0440\u0438\u043c\u0435\u0440\u043d\u043e\u0435 \u0432\u0440\u0435\u043c\u044f \u0434\u043b\u044f \u0447\u0442\u0435\u043d\u0438\u044f\" \/>\n\t<meta name=\"twitter:data1\" content=\"1 \u043c\u0438\u043d\u0443\u0442\u0430\" \/>\n<script type=\"application\/ld+json\" class=\"yoast-schema-graph\">{\"@context\":\"https:\/\/schema.org\",\"@graph\":[{\"@type\":\"WebPage\",\"@id\":\"https:\/\/beautyinstitute.ee\/toode\/2b-bio-net-meigieemaldusvahend-200ml\/\",\"url\":\"https:\/\/beautyinstitute.ee\/toode\/2b-bio-net-meigieemaldusvahend-200ml\/\",\"name\":\"2B Bio Net Meigieemaldusvahend 200Ml - Beauty Institute\",\"isPartOf\":{\"@id\":\"https:\/\/beautyinstitute.ee\/#website\"},\"primaryImageOfPage\":{\"@id\":\"https:\/\/beautyinstitute.ee\/toode\/2b-bio-net-meigieemaldusvahend-200ml\/#primaryimage\"},\"image\":{\"@id\":\"https:\/\/beautyinstitute.ee\/toode\/2b-bio-net-meigieemaldusvahend-200ml\/#primaryimage\"},\"thumbnailUrl\":\"https:\/\/beautyinstitute.ee\/wp-content\/uploads\/2023\/08\/make-up.png\",\"datePublished\":\"2023-08-31T07:28:14+00:00\",\"dateModified\":\"2026-04-27T11:47:17+00:00\",\"breadcrumb\":{\"@id\":\"https:\/\/beautyinstitute.ee\/toode\/2b-bio-net-meigieemaldusvahend-200ml\/#breadcrumb\"},\"inLanguage\":\"ru-RU\",\"potentialAction\":[{\"@type\":\"ReadAction\",\"target\":[\"https:\/\/beautyinstitute.ee\/toode\/2b-bio-net-meigieemaldusvahend-200ml\/\"]}]},{\"@type\":\"ImageObject\",\"inLanguage\":\"ru-RU\",\"@id\":\"https:\/\/beautyinstitute.ee\/toode\/2b-bio-net-meigieemaldusvahend-200ml\/#primaryimage\",\"url\":\"https:\/\/beautyinstitute.ee\/wp-content\/uploads\/2023\/08\/make-up.png\",\"contentUrl\":\"https:\/\/beautyinstitute.ee\/wp-content\/uploads\/2023\/08\/make-up.png\",\"width\":400,\"height\":600},{\"@type\":\"BreadcrumbList\",\"@id\":\"https:\/\/beautyinstitute.ee\/toode\/2b-bio-net-meigieemaldusvahend-200ml\/#breadcrumb\",\"itemListElement\":[{\"@type\":\"ListItem\",\"position\":1,\"name\":\"Home\",\"item\":\"https:\/\/beautyinstitute.ee\/ru\/\"},{\"@type\":\"ListItem\",\"position\":2,\"name\":\"E-pood\",\"item\":\"https:\/\/beautyinstitute.ee\/e-pood\/\"},{\"@type\":\"ListItem\",\"position\":3,\"name\":\"2B Bio Net Meigieemaldusvahend 200Ml\"}]},{\"@type\":\"WebSite\",\"@id\":\"https:\/\/beautyinstitute.ee\/#website\",\"url\":\"https:\/\/beautyinstitute.ee\/\",\"name\":\"Beauty Institute\",\"description\":\"CNC Cosmetic ametlik maaletooja ja edasim\u00fc\u00fcja Eestis, Soomes, L\u00e4tis. Aparaadikosmeetika, koolitused, kosmeetikatooted.\",\"potentialAction\":[{\"@type\":\"SearchAction\",\"target\":{\"@type\":\"EntryPoint\",\"urlTemplate\":\"https:\/\/beautyinstitute.ee\/?s={search_term_string}\"},\"query-input\":{\"@type\":\"PropertyValueSpecification\",\"valueRequired\":true,\"valueName\":\"search_term_string\"}}],\"inLanguage\":\"ru-RU\"}]}<\/script>\n<!-- \/ Yoast SEO plugin. -->","yoast_head_json":{"title":"2B Bio Net Meigieemaldusvahend 200Ml - Beauty Institute","robots":{"index":"index","follow":"follow","max-snippet":"max-snippet:-1","max-image-preview":"max-image-preview:large","max-video-preview":"max-video-preview:-1"},"canonical":"https:\/\/beautyinstitute.ee\/toode\/2b-bio-net-meigieemaldusvahend-200ml\/","og_locale":"ru_RU","og_type":"article","og_title":"2B Bio Net Meigieemaldusvahend 200Ml - Beauty Institute","og_description":"Meigieemaldusvehend n\u00e4ole ja silmadele, \u00a0eemaldab isegi veekindla \u00a0meigi. Valmistab naha \u00a0ette j\u00e4rgnevateks protseduurideks- et saada maksimaalne kasu \u00a0niisutavast ja toitvast hooldusest. Sisaldab: Kurk: rahustav, pehmendav ja pinguldav. Punane viinapuu: taimne ekstrakt, millel on toniseeriv ja antiseptiline toime. Tulemused: Rahustatud, tugevdatud ja niisutatud \u00a0nahk on n\u00fc\u00fcd sametine ja s\u00fcgavuti taaselustatud. Kuidas kasutada: Meigi eemaldamiseks \u00f5htul ja [&hellip;]","og_url":"https:\/\/beautyinstitute.ee\/toode\/2b-bio-net-meigieemaldusvahend-200ml\/","og_site_name":"Beauty Institute","article_modified_time":"2026-04-27T11:47:17+00:00","og_image":[{"width":400,"height":600,"url":"https:\/\/beautyinstitute.ee\/wp-content\/uploads\/2023\/08\/make-up.png","type":"image\/png"}],"twitter_card":"summary_large_image","twitter_site":"@Beauty_Eesti","twitter_misc":{"\u041f\u0440\u0438\u043c\u0435\u0440\u043d\u043e\u0435 \u0432\u0440\u0435\u043c\u044f \u0434\u043b\u044f \u0447\u0442\u0435\u043d\u0438\u044f":"1 \u043c\u0438\u043d\u0443\u0442\u0430"},"schema":{"@context":"https:\/\/schema.org","@graph":[{"@type":"WebPage","@id":"https:\/\/beautyinstitute.ee\/toode\/2b-bio-net-meigieemaldusvahend-200ml\/","url":"https:\/\/beautyinstitute.ee\/toode\/2b-bio-net-meigieemaldusvahend-200ml\/","name":"2B Bio Net Meigieemaldusvahend 200Ml - Beauty Institute","isPartOf":{"@id":"https:\/\/beautyinstitute.ee\/#website"},"primaryImageOfPage":{"@id":"https:\/\/beautyinstitute.ee\/toode\/2b-bio-net-meigieemaldusvahend-200ml\/#primaryimage"},"image":{"@id":"https:\/\/beautyinstitute.ee\/toode\/2b-bio-net-meigieemaldusvahend-200ml\/#primaryimage"},"thumbnailUrl":"https:\/\/beautyinstitute.ee\/wp-content\/uploads\/2023\/08\/make-up.png","datePublished":"2023-08-31T07:28:14+00:00","dateModified":"2026-04-27T11:47:17+00:00","breadcrumb":{"@id":"https:\/\/beautyinstitute.ee\/toode\/2b-bio-net-meigieemaldusvahend-200ml\/#breadcrumb"},"inLanguage":"ru-RU","potentialAction":[{"@type":"ReadAction","target":["https:\/\/beautyinstitute.ee\/toode\/2b-bio-net-meigieemaldusvahend-200ml\/"]}]},{"@type":"ImageObject","inLanguage":"ru-RU","@id":"https:\/\/beautyinstitute.ee\/toode\/2b-bio-net-meigieemaldusvahend-200ml\/#primaryimage","url":"https:\/\/beautyinstitute.ee\/wp-content\/uploads\/2023\/08\/make-up.png","contentUrl":"https:\/\/beautyinstitute.ee\/wp-content\/uploads\/2023\/08\/make-up.png","width":400,"height":600},{"@type":"BreadcrumbList","@id":"https:\/\/beautyinstitute.ee\/toode\/2b-bio-net-meigieemaldusvahend-200ml\/#breadcrumb","itemListElement":[{"@type":"ListItem","position":1,"name":"Home","item":"https:\/\/beautyinstitute.ee\/ru\/"},{"@type":"ListItem","position":2,"name":"E-pood","item":"https:\/\/beautyinstitute.ee\/e-pood\/"},{"@type":"ListItem","position":3,"name":"2B Bio Net Meigieemaldusvahend 200Ml"}]},{"@type":"WebSite","@id":"https:\/\/beautyinstitute.ee\/#website","url":"https:\/\/beautyinstitute.ee\/","name":"Beauty Institute","description":"CNC Cosmetic ametlik maaletooja ja edasim\u00fc\u00fcja Eestis, Soomes, L\u00e4tis. Aparaadikosmeetika, koolitused, kosmeetikatooted.","potentialAction":[{"@type":"SearchAction","target":{"@type":"EntryPoint","urlTemplate":"https:\/\/beautyinstitute.ee\/?s={search_term_string}"},"query-input":{"@type":"PropertyValueSpecification","valueRequired":true,"valueName":"search_term_string"}}],"inLanguage":"ru-RU"}]}},"_links":{"self":[{"href":"https:\/\/beautyinstitute.ee\/ru\/wp-json\/wp\/v2\/product\/24793","targetHints":{"allow":["GET"]}}],"collection":[{"href":"https:\/\/beautyinstitute.ee\/ru\/wp-json\/wp\/v2\/product"}],"about":[{"href":"https:\/\/beautyinstitute.ee\/ru\/wp-json\/wp\/v2\/types\/product"}],"wp:featuredmedia":[{"embeddable":true,"href":"https:\/\/beautyinstitute.ee\/ru\/wp-json\/wp\/v2\/media\/24796"}],"wp:attachment":[{"href":"https:\/\/beautyinstitute.ee\/ru\/wp-json\/wp\/v2\/media?parent=24793"}],"wp:term":[{"taxonomy":"product_cat","embeddable":true,"href":"https:\/\/beautyinstitute.ee\/ru\/wp-json\/wp\/v2\/product_cat?post=24793"},{"taxonomy":"product_tag","embeddable":true,"href":"https:\/\/beautyinstitute.ee\/ru\/wp-json\/wp\/v2\/product_tag?post=24793"}],"curies":[{"name":"wp","href":"https:\/\/api.w.org\/{rel}","templated":true}]}}