{"id":24799,"date":"2023-08-30T12:08:16","date_gmt":"2023-08-30T09:08:16","guid":{"rendered":"https:\/\/beautyinstitute.ee\/?post_type=product&#038;p=24799"},"modified":"2026-04-27T14:47:17","modified_gmt":"2026-04-27T11:47:17","slug":"2b-bio-purete-meigieemaldusvahend-rasusele-ja-probleemsele-nahale-200ml","status":"publish","type":"product","link":"https:\/\/beautyinstitute.ee\/ru\/toode\/2b-bio-purete-meigieemaldusvahend-rasusele-ja-probleemsele-nahale-200ml\/","title":{"rendered":"2B Bio Purete Meigieemaldusvahend Rasusele Ja Probleemsele Nahale 200Ml"},"content":{"rendered":"<p>Rasune ja\/v\u00f5i aknele kalduv nahk n\u00f5uab t\u00e4iuslikku hooldust. 2B Bio Purete s\u00fcgavpuhastus eemaldab \u00a0mustuse pooridest, reguleerib rasu eritust, ennetab komedoonide \u00a0ja vistrike tekkimist.<\/p>\n<p><strong>Koostis:<\/strong><br \/>\nSinoflor dermo\u00ae &amp; Betaine: pindaktiivne aine.<br \/>\nEuroquat LA\u00ae: pindaktiivne aine, \u00f5rnatoimeline puhastusvahend.<br \/>\nSalits\u00fc\u00fclhape: antibakteriaalne ja p\u00e4rsib komedoonide teket.<br \/>\nPiparm\u00fcnt: taimne ekstrakt; rahustab, annab v\u00e4rskendava tunde.<br \/>\n<strong>Tulemused:<\/strong><br \/>\nKuna k\u00f5ik ebapuhtused ja liigne rasu on eemaldatud, on nahk taaselustatud ja matt ning selle niiskustasakaal on taastunud. Nahk s\u00e4rab ja on puhas. K\u00f5ik see annab \u00a0meeldiva v\u00e4rskuse tunde.<\/p>\n<p><strong>Kuidas kasutada:<\/strong><br \/>\nMeestele, naistele, noorukitele ja t\u00e4iskasvanutele, 2B Bio Puret\u00e9&#8217;t v\u00f5ib kasutada hommikul ja \u00f5htul. Kandke niiskele nahale, masseerige, loputage leige veega. \u00a0T\u00e4iendada koos 2B Bio Clart\u00e9 toonikuga.<\/p>\n<p><strong>Sisu:<\/strong><br \/>\nL\u00e4bipaistev, \u00f5rn vahutav geel.<\/p>\n","protected":false},"excerpt":{"rendered":"<p>Rasune ja\/v\u00f5i aknele kalduv nahk n\u00f5uab t\u00e4iuslikku hooldust. 2B Bio Purete s\u00fcgavpuhastus eemaldab \u00a0mustuse pooridest, reguleerib rasu eritust, ennetab komedoonide \u00a0ja vistrike tekkimist. Koostis: Sinoflor dermo\u00ae &amp; Betaine: pindaktiivne aine. Euroquat LA\u00ae: pindaktiivne aine, \u00f5rnatoimeline puhastusvahend. Salits\u00fc\u00fclhape: antibakteriaalne ja p\u00e4rsib komedoonide teket. Piparm\u00fcnt: taimne ekstrakt; rahustab, annab v\u00e4rskendava tunde. Tulemused: Kuna k\u00f5ik ebapuhtused ja liigne [&hellip;]<\/p>\n","protected":false},"featured_media":24800,"template":"","meta":{"_acf_changed":false},"product_cat":[292,245,15],"product_tag":[],"class_list":["post-24799","product","type-product","status-publish","has-post-thumbnail","hentry","product_cat-2b-bio-beauty","product_cat-puhastustooted","product_cat-muud-tooted"],"acf":[],"yoast_head":"<!-- This site is optimized with the Yoast SEO plugin v25.4 - https:\/\/yoast.com\/wordpress\/plugins\/seo\/ -->\n<title>2B Bio Purete Meigieemaldusvahend Rasusele Ja Probleemsele Nahale 200Ml - Beauty Institute<\/title>\n<meta name=\"robots\" content=\"index, follow, max-snippet:-1, max-image-preview:large, max-video-preview:-1\" \/>\n<link rel=\"canonical\" href=\"https:\/\/beautyinstitute.ee\/toode\/2b-bio-purete-meigieemaldusvahend-rasusele-ja-probleemsele-nahale-200ml\/\" \/>\n<meta property=\"og:locale\" content=\"ru_RU\" \/>\n<meta property=\"og:type\" content=\"article\" \/>\n<meta property=\"og:title\" content=\"2B Bio Purete Meigieemaldusvahend Rasusele Ja Probleemsele Nahale 200Ml - Beauty Institute\" \/>\n<meta property=\"og:description\" content=\"Rasune ja\/v\u00f5i aknele kalduv nahk n\u00f5uab t\u00e4iuslikku hooldust. 2B Bio Purete s\u00fcgavpuhastus eemaldab \u00a0mustuse pooridest, reguleerib rasu eritust, ennetab komedoonide \u00a0ja vistrike tekkimist. Koostis: Sinoflor dermo\u00ae &amp; Betaine: pindaktiivne aine. Euroquat LA\u00ae: pindaktiivne aine, \u00f5rnatoimeline puhastusvahend. Salits\u00fc\u00fclhape: antibakteriaalne ja p\u00e4rsib komedoonide teket. Piparm\u00fcnt: taimne ekstrakt; rahustab, annab v\u00e4rskendava tunde. Tulemused: Kuna k\u00f5ik ebapuhtused ja liigne [&hellip;]\" \/>\n<meta property=\"og:url\" content=\"https:\/\/beautyinstitute.ee\/toode\/2b-bio-purete-meigieemaldusvahend-rasusele-ja-probleemsele-nahale-200ml\/\" \/>\n<meta property=\"og:site_name\" content=\"Beauty Institute\" \/>\n<meta property=\"article:modified_time\" content=\"2026-04-27T11:47:17+00:00\" \/>\n<meta property=\"og:image\" content=\"https:\/\/beautyinstitute.ee\/wp-content\/uploads\/2023\/08\/bio-purete.png\" \/>\n\t<meta property=\"og:image:width\" content=\"400\" \/>\n\t<meta property=\"og:image:height\" content=\"600\" \/>\n\t<meta property=\"og:image:type\" content=\"image\/png\" \/>\n<meta name=\"twitter:card\" content=\"summary_large_image\" \/>\n<meta name=\"twitter:site\" content=\"@Beauty_Eesti\" \/>\n<meta name=\"twitter:label1\" content=\"\u041f\u0440\u0438\u043c\u0435\u0440\u043d\u043e\u0435 \u0432\u0440\u0435\u043c\u044f \u0434\u043b\u044f \u0447\u0442\u0435\u043d\u0438\u044f\" \/>\n\t<meta name=\"twitter:data1\" content=\"1 \u043c\u0438\u043d\u0443\u0442\u0430\" \/>\n<script type=\"application\/ld+json\" class=\"yoast-schema-graph\">{\"@context\":\"https:\/\/schema.org\",\"@graph\":[{\"@type\":\"WebPage\",\"@id\":\"https:\/\/beautyinstitute.ee\/toode\/2b-bio-purete-meigieemaldusvahend-rasusele-ja-probleemsele-nahale-200ml\/\",\"url\":\"https:\/\/beautyinstitute.ee\/toode\/2b-bio-purete-meigieemaldusvahend-rasusele-ja-probleemsele-nahale-200ml\/\",\"name\":\"2B Bio Purete Meigieemaldusvahend Rasusele Ja Probleemsele Nahale 200Ml - Beauty Institute\",\"isPartOf\":{\"@id\":\"https:\/\/beautyinstitute.ee\/#website\"},\"primaryImageOfPage\":{\"@id\":\"https:\/\/beautyinstitute.ee\/toode\/2b-bio-purete-meigieemaldusvahend-rasusele-ja-probleemsele-nahale-200ml\/#primaryimage\"},\"image\":{\"@id\":\"https:\/\/beautyinstitute.ee\/toode\/2b-bio-purete-meigieemaldusvahend-rasusele-ja-probleemsele-nahale-200ml\/#primaryimage\"},\"thumbnailUrl\":\"https:\/\/beautyinstitute.ee\/wp-content\/uploads\/2023\/08\/bio-purete.png\",\"datePublished\":\"2023-08-30T09:08:16+00:00\",\"dateModified\":\"2026-04-27T11:47:17+00:00\",\"breadcrumb\":{\"@id\":\"https:\/\/beautyinstitute.ee\/toode\/2b-bio-purete-meigieemaldusvahend-rasusele-ja-probleemsele-nahale-200ml\/#breadcrumb\"},\"inLanguage\":\"ru-RU\",\"potentialAction\":[{\"@type\":\"ReadAction\",\"target\":[\"https:\/\/beautyinstitute.ee\/toode\/2b-bio-purete-meigieemaldusvahend-rasusele-ja-probleemsele-nahale-200ml\/\"]}]},{\"@type\":\"ImageObject\",\"inLanguage\":\"ru-RU\",\"@id\":\"https:\/\/beautyinstitute.ee\/toode\/2b-bio-purete-meigieemaldusvahend-rasusele-ja-probleemsele-nahale-200ml\/#primaryimage\",\"url\":\"https:\/\/beautyinstitute.ee\/wp-content\/uploads\/2023\/08\/bio-purete.png\",\"contentUrl\":\"https:\/\/beautyinstitute.ee\/wp-content\/uploads\/2023\/08\/bio-purete.png\",\"width\":400,\"height\":600},{\"@type\":\"BreadcrumbList\",\"@id\":\"https:\/\/beautyinstitute.ee\/toode\/2b-bio-purete-meigieemaldusvahend-rasusele-ja-probleemsele-nahale-200ml\/#breadcrumb\",\"itemListElement\":[{\"@type\":\"ListItem\",\"position\":1,\"name\":\"Home\",\"item\":\"https:\/\/beautyinstitute.ee\/ru\/\"},{\"@type\":\"ListItem\",\"position\":2,\"name\":\"E-pood\",\"item\":\"https:\/\/beautyinstitute.ee\/e-pood\/\"},{\"@type\":\"ListItem\",\"position\":3,\"name\":\"2B Bio Purete Meigieemaldusvahend Rasusele Ja Probleemsele Nahale 200Ml\"}]},{\"@type\":\"WebSite\",\"@id\":\"https:\/\/beautyinstitute.ee\/#website\",\"url\":\"https:\/\/beautyinstitute.ee\/\",\"name\":\"Beauty Institute\",\"description\":\"CNC Cosmetic ametlik maaletooja ja edasim\u00fc\u00fcja Eestis, Soomes, L\u00e4tis. Aparaadikosmeetika, koolitused, kosmeetikatooted.\",\"potentialAction\":[{\"@type\":\"SearchAction\",\"target\":{\"@type\":\"EntryPoint\",\"urlTemplate\":\"https:\/\/beautyinstitute.ee\/?s={search_term_string}\"},\"query-input\":{\"@type\":\"PropertyValueSpecification\",\"valueRequired\":true,\"valueName\":\"search_term_string\"}}],\"inLanguage\":\"ru-RU\"}]}<\/script>\n<!-- \/ Yoast SEO plugin. -->","yoast_head_json":{"title":"2B Bio Purete Meigieemaldusvahend Rasusele Ja Probleemsele Nahale 200Ml - Beauty Institute","robots":{"index":"index","follow":"follow","max-snippet":"max-snippet:-1","max-image-preview":"max-image-preview:large","max-video-preview":"max-video-preview:-1"},"canonical":"https:\/\/beautyinstitute.ee\/toode\/2b-bio-purete-meigieemaldusvahend-rasusele-ja-probleemsele-nahale-200ml\/","og_locale":"ru_RU","og_type":"article","og_title":"2B Bio Purete Meigieemaldusvahend Rasusele Ja Probleemsele Nahale 200Ml - Beauty Institute","og_description":"Rasune ja\/v\u00f5i aknele kalduv nahk n\u00f5uab t\u00e4iuslikku hooldust. 2B Bio Purete s\u00fcgavpuhastus eemaldab \u00a0mustuse pooridest, reguleerib rasu eritust, ennetab komedoonide \u00a0ja vistrike tekkimist. Koostis: Sinoflor dermo\u00ae &amp; Betaine: pindaktiivne aine. Euroquat LA\u00ae: pindaktiivne aine, \u00f5rnatoimeline puhastusvahend. Salits\u00fc\u00fclhape: antibakteriaalne ja p\u00e4rsib komedoonide teket. Piparm\u00fcnt: taimne ekstrakt; rahustab, annab v\u00e4rskendava tunde. Tulemused: Kuna k\u00f5ik ebapuhtused ja liigne [&hellip;]","og_url":"https:\/\/beautyinstitute.ee\/toode\/2b-bio-purete-meigieemaldusvahend-rasusele-ja-probleemsele-nahale-200ml\/","og_site_name":"Beauty Institute","article_modified_time":"2026-04-27T11:47:17+00:00","og_image":[{"width":400,"height":600,"url":"https:\/\/beautyinstitute.ee\/wp-content\/uploads\/2023\/08\/bio-purete.png","type":"image\/png"}],"twitter_card":"summary_large_image","twitter_site":"@Beauty_Eesti","twitter_misc":{"\u041f\u0440\u0438\u043c\u0435\u0440\u043d\u043e\u0435 \u0432\u0440\u0435\u043c\u044f \u0434\u043b\u044f \u0447\u0442\u0435\u043d\u0438\u044f":"1 \u043c\u0438\u043d\u0443\u0442\u0430"},"schema":{"@context":"https:\/\/schema.org","@graph":[{"@type":"WebPage","@id":"https:\/\/beautyinstitute.ee\/toode\/2b-bio-purete-meigieemaldusvahend-rasusele-ja-probleemsele-nahale-200ml\/","url":"https:\/\/beautyinstitute.ee\/toode\/2b-bio-purete-meigieemaldusvahend-rasusele-ja-probleemsele-nahale-200ml\/","name":"2B Bio Purete Meigieemaldusvahend Rasusele Ja Probleemsele Nahale 200Ml - Beauty Institute","isPartOf":{"@id":"https:\/\/beautyinstitute.ee\/#website"},"primaryImageOfPage":{"@id":"https:\/\/beautyinstitute.ee\/toode\/2b-bio-purete-meigieemaldusvahend-rasusele-ja-probleemsele-nahale-200ml\/#primaryimage"},"image":{"@id":"https:\/\/beautyinstitute.ee\/toode\/2b-bio-purete-meigieemaldusvahend-rasusele-ja-probleemsele-nahale-200ml\/#primaryimage"},"thumbnailUrl":"https:\/\/beautyinstitute.ee\/wp-content\/uploads\/2023\/08\/bio-purete.png","datePublished":"2023-08-30T09:08:16+00:00","dateModified":"2026-04-27T11:47:17+00:00","breadcrumb":{"@id":"https:\/\/beautyinstitute.ee\/toode\/2b-bio-purete-meigieemaldusvahend-rasusele-ja-probleemsele-nahale-200ml\/#breadcrumb"},"inLanguage":"ru-RU","potentialAction":[{"@type":"ReadAction","target":["https:\/\/beautyinstitute.ee\/toode\/2b-bio-purete-meigieemaldusvahend-rasusele-ja-probleemsele-nahale-200ml\/"]}]},{"@type":"ImageObject","inLanguage":"ru-RU","@id":"https:\/\/beautyinstitute.ee\/toode\/2b-bio-purete-meigieemaldusvahend-rasusele-ja-probleemsele-nahale-200ml\/#primaryimage","url":"https:\/\/beautyinstitute.ee\/wp-content\/uploads\/2023\/08\/bio-purete.png","contentUrl":"https:\/\/beautyinstitute.ee\/wp-content\/uploads\/2023\/08\/bio-purete.png","width":400,"height":600},{"@type":"BreadcrumbList","@id":"https:\/\/beautyinstitute.ee\/toode\/2b-bio-purete-meigieemaldusvahend-rasusele-ja-probleemsele-nahale-200ml\/#breadcrumb","itemListElement":[{"@type":"ListItem","position":1,"name":"Home","item":"https:\/\/beautyinstitute.ee\/ru\/"},{"@type":"ListItem","position":2,"name":"E-pood","item":"https:\/\/beautyinstitute.ee\/e-pood\/"},{"@type":"ListItem","position":3,"name":"2B Bio Purete Meigieemaldusvahend Rasusele Ja Probleemsele Nahale 200Ml"}]},{"@type":"WebSite","@id":"https:\/\/beautyinstitute.ee\/#website","url":"https:\/\/beautyinstitute.ee\/","name":"Beauty Institute","description":"CNC Cosmetic ametlik maaletooja ja edasim\u00fc\u00fcja Eestis, Soomes, L\u00e4tis. Aparaadikosmeetika, koolitused, kosmeetikatooted.","potentialAction":[{"@type":"SearchAction","target":{"@type":"EntryPoint","urlTemplate":"https:\/\/beautyinstitute.ee\/?s={search_term_string}"},"query-input":{"@type":"PropertyValueSpecification","valueRequired":true,"valueName":"search_term_string"}}],"inLanguage":"ru-RU"}]}},"_links":{"self":[{"href":"https:\/\/beautyinstitute.ee\/ru\/wp-json\/wp\/v2\/product\/24799","targetHints":{"allow":["GET"]}}],"collection":[{"href":"https:\/\/beautyinstitute.ee\/ru\/wp-json\/wp\/v2\/product"}],"about":[{"href":"https:\/\/beautyinstitute.ee\/ru\/wp-json\/wp\/v2\/types\/product"}],"wp:featuredmedia":[{"embeddable":true,"href":"https:\/\/beautyinstitute.ee\/ru\/wp-json\/wp\/v2\/media\/24800"}],"wp:attachment":[{"href":"https:\/\/beautyinstitute.ee\/ru\/wp-json\/wp\/v2\/media?parent=24799"}],"wp:term":[{"taxonomy":"product_cat","embeddable":true,"href":"https:\/\/beautyinstitute.ee\/ru\/wp-json\/wp\/v2\/product_cat?post=24799"},{"taxonomy":"product_tag","embeddable":true,"href":"https:\/\/beautyinstitute.ee\/ru\/wp-json\/wp\/v2\/product_tag?post=24799"}],"curies":[{"name":"wp","href":"https:\/\/api.w.org\/{rel}","templated":true}]}}