{"id":24809,"date":"2023-08-31T11:36:32","date_gmt":"2023-08-31T08:36:32","guid":{"rendered":"https:\/\/beautyinstitute.ee\/?post_type=product&#038;p=24809"},"modified":"2026-04-09T14:16:59","modified_gmt":"2026-04-09T11:16:59","slug":"2b-bio-douceur-toonik-tundlikule-nahale-200ml","status":"publish","type":"product","link":"https:\/\/beautyinstitute.ee\/ru\/toode\/2b-bio-douceur-toonik-tundlikule-nahale-200ml\/","title":{"rendered":"2B Bio Douceur Toonik Tundlikule Nahale"},"content":{"rendered":"<p>Rahustav toonik tundlikule nahale.<\/p>\n<p>Salong: Tasakaalustab naha peale pesu, \u00a0valmistab \u00a0naha ette 2B Bio Peeling&#8217;uga koorimiseks.<br \/>\nKodus: 2B Bio Douceur tugevdab kuiva, tundliku ja\/v\u00f5i rosaatsiale kalduva naha kaitsebarj\u00e4\u00e4ri ja tagab optimaalse niiskustaseme s\u00e4ilitamise.<\/p>\n<p><strong>Koostis:<\/strong><br \/>\nPaju ja moon: rahustavad ja pehmendavad taimeekstraktid.<br \/>\nBiosahhariid: niisutav aine, mis tagab pikaajalise v\u00e4rske tunde.<br \/>\n<strong>Tulemused:<\/strong><br \/>\nTeie nahk on puhas ja niisutatud. N\u00fc\u00fcd v\u00f5ib kohaldada 2B Bio Oxygel ja 2B Bio Hydravit hooldust.<\/p>\n<p><strong>Kuidas kasutada:<\/strong><br \/>\nKanda hommikuti ja \u00f5htuti eelnevalt puhastatud\u00a0(2B Bio Net&#8217;iga) nahale . V\u00f5ib kasutada ka p\u00e4rast 2B Bio Nutrition maski, et eemaldada k\u00f5ik j\u00e4\u00e4gid.<\/p>\n<p><strong>Sisu:<\/strong><br \/>\nVedel tekstuur, millel on meeldiv puuviljaaroom, \u00a0annab nahale kohese ja\u00a0kauakestva v\u00e4rskuse tunde.<\/p>\n","protected":false},"excerpt":{"rendered":"<p>Rahustav toonik tundlikule nahale. Salong: Tasakaalustab naha peale pesu, \u00a0valmistab \u00a0naha ette 2B Bio Peeling&#8217;uga koorimiseks. Kodus: 2B Bio Douceur tugevdab kuiva, tundliku ja\/v\u00f5i rosaatsiale kalduva naha kaitsebarj\u00e4\u00e4ri ja tagab optimaalse niiskustaseme s\u00e4ilitamise. Koostis: Paju ja moon: rahustavad ja pehmendavad taimeekstraktid. Biosahhariid: niisutav aine, mis tagab pikaajalise v\u00e4rske tunde. Tulemused: Teie nahk on puhas ja [&hellip;]<\/p>\n","protected":false},"featured_media":24829,"template":"","meta":{"_acf_changed":false},"product_cat":[292,246],"product_tag":[],"class_list":["post-24809","product","type-product","status-publish","has-post-thumbnail","hentry","product_cat-2b-bio-beauty","product_cat-toonikud"],"acf":[],"yoast_head":"<!-- This site is optimized with the Yoast SEO plugin v25.4 - https:\/\/yoast.com\/wordpress\/plugins\/seo\/ -->\n<title>2B Bio Douceur Toonik Tundlikule Nahale - Beauty Institute<\/title>\n<meta name=\"robots\" content=\"index, follow, max-snippet:-1, max-image-preview:large, max-video-preview:-1\" \/>\n<link rel=\"canonical\" href=\"https:\/\/beautyinstitute.ee\/toode\/2b-bio-douceur-toonik-tundlikule-nahale-200ml\/\" \/>\n<meta property=\"og:locale\" content=\"ru_RU\" \/>\n<meta property=\"og:type\" content=\"article\" \/>\n<meta property=\"og:title\" content=\"2B Bio Douceur Toonik Tundlikule Nahale - Beauty Institute\" \/>\n<meta property=\"og:description\" content=\"Rahustav toonik tundlikule nahale. Salong: Tasakaalustab naha peale pesu, \u00a0valmistab \u00a0naha ette 2B Bio Peeling&#8217;uga koorimiseks. Kodus: 2B Bio Douceur tugevdab kuiva, tundliku ja\/v\u00f5i rosaatsiale kalduva naha kaitsebarj\u00e4\u00e4ri ja tagab optimaalse niiskustaseme s\u00e4ilitamise. Koostis: Paju ja moon: rahustavad ja pehmendavad taimeekstraktid. Biosahhariid: niisutav aine, mis tagab pikaajalise v\u00e4rske tunde. Tulemused: Teie nahk on puhas ja [&hellip;]\" \/>\n<meta property=\"og:url\" content=\"https:\/\/beautyinstitute.ee\/toode\/2b-bio-douceur-toonik-tundlikule-nahale-200ml\/\" \/>\n<meta property=\"og:site_name\" content=\"Beauty Institute\" \/>\n<meta property=\"article:modified_time\" content=\"2026-04-09T11:16:59+00:00\" \/>\n<meta property=\"og:image\" content=\"https:\/\/beautyinstitute.ee\/wp-content\/uploads\/2023\/08\/2B-Bio-Douceur.png\" \/>\n\t<meta property=\"og:image:width\" content=\"400\" \/>\n\t<meta property=\"og:image:height\" content=\"600\" \/>\n\t<meta property=\"og:image:type\" content=\"image\/png\" \/>\n<meta name=\"twitter:card\" content=\"summary_large_image\" \/>\n<meta name=\"twitter:site\" content=\"@Beauty_Eesti\" \/>\n<meta name=\"twitter:label1\" content=\"\u041f\u0440\u0438\u043c\u0435\u0440\u043d\u043e\u0435 \u0432\u0440\u0435\u043c\u044f \u0434\u043b\u044f \u0447\u0442\u0435\u043d\u0438\u044f\" \/>\n\t<meta name=\"twitter:data1\" content=\"1 \u043c\u0438\u043d\u0443\u0442\u0430\" \/>\n<script type=\"application\/ld+json\" class=\"yoast-schema-graph\">{\"@context\":\"https:\/\/schema.org\",\"@graph\":[{\"@type\":\"WebPage\",\"@id\":\"https:\/\/beautyinstitute.ee\/toode\/2b-bio-douceur-toonik-tundlikule-nahale-200ml\/\",\"url\":\"https:\/\/beautyinstitute.ee\/toode\/2b-bio-douceur-toonik-tundlikule-nahale-200ml\/\",\"name\":\"2B Bio Douceur Toonik Tundlikule Nahale - Beauty Institute\",\"isPartOf\":{\"@id\":\"https:\/\/beautyinstitute.ee\/#website\"},\"primaryImageOfPage\":{\"@id\":\"https:\/\/beautyinstitute.ee\/toode\/2b-bio-douceur-toonik-tundlikule-nahale-200ml\/#primaryimage\"},\"image\":{\"@id\":\"https:\/\/beautyinstitute.ee\/toode\/2b-bio-douceur-toonik-tundlikule-nahale-200ml\/#primaryimage\"},\"thumbnailUrl\":\"https:\/\/beautyinstitute.ee\/wp-content\/uploads\/2023\/08\/2B-Bio-Douceur.png\",\"datePublished\":\"2023-08-31T08:36:32+00:00\",\"dateModified\":\"2026-04-09T11:16:59+00:00\",\"breadcrumb\":{\"@id\":\"https:\/\/beautyinstitute.ee\/toode\/2b-bio-douceur-toonik-tundlikule-nahale-200ml\/#breadcrumb\"},\"inLanguage\":\"ru-RU\",\"potentialAction\":[{\"@type\":\"ReadAction\",\"target\":[\"https:\/\/beautyinstitute.ee\/toode\/2b-bio-douceur-toonik-tundlikule-nahale-200ml\/\"]}]},{\"@type\":\"ImageObject\",\"inLanguage\":\"ru-RU\",\"@id\":\"https:\/\/beautyinstitute.ee\/toode\/2b-bio-douceur-toonik-tundlikule-nahale-200ml\/#primaryimage\",\"url\":\"https:\/\/beautyinstitute.ee\/wp-content\/uploads\/2023\/08\/2B-Bio-Douceur.png\",\"contentUrl\":\"https:\/\/beautyinstitute.ee\/wp-content\/uploads\/2023\/08\/2B-Bio-Douceur.png\",\"width\":400,\"height\":600},{\"@type\":\"BreadcrumbList\",\"@id\":\"https:\/\/beautyinstitute.ee\/toode\/2b-bio-douceur-toonik-tundlikule-nahale-200ml\/#breadcrumb\",\"itemListElement\":[{\"@type\":\"ListItem\",\"position\":1,\"name\":\"Home\",\"item\":\"https:\/\/beautyinstitute.ee\/ru\/\"},{\"@type\":\"ListItem\",\"position\":2,\"name\":\"E-pood\",\"item\":\"https:\/\/beautyinstitute.ee\/e-pood\/\"},{\"@type\":\"ListItem\",\"position\":3,\"name\":\"2B Bio Douceur Toonik Tundlikule Nahale\"}]},{\"@type\":\"WebSite\",\"@id\":\"https:\/\/beautyinstitute.ee\/#website\",\"url\":\"https:\/\/beautyinstitute.ee\/\",\"name\":\"Beauty Institute\",\"description\":\"CNC Cosmetic ametlik maaletooja ja edasim\u00fc\u00fcja Eestis, Soomes, L\u00e4tis. Aparaadikosmeetika, koolitused, kosmeetikatooted.\",\"potentialAction\":[{\"@type\":\"SearchAction\",\"target\":{\"@type\":\"EntryPoint\",\"urlTemplate\":\"https:\/\/beautyinstitute.ee\/?s={search_term_string}\"},\"query-input\":{\"@type\":\"PropertyValueSpecification\",\"valueRequired\":true,\"valueName\":\"search_term_string\"}}],\"inLanguage\":\"ru-RU\"}]}<\/script>\n<!-- \/ Yoast SEO plugin. -->","yoast_head_json":{"title":"2B Bio Douceur Toonik Tundlikule Nahale - Beauty Institute","robots":{"index":"index","follow":"follow","max-snippet":"max-snippet:-1","max-image-preview":"max-image-preview:large","max-video-preview":"max-video-preview:-1"},"canonical":"https:\/\/beautyinstitute.ee\/toode\/2b-bio-douceur-toonik-tundlikule-nahale-200ml\/","og_locale":"ru_RU","og_type":"article","og_title":"2B Bio Douceur Toonik Tundlikule Nahale - Beauty Institute","og_description":"Rahustav toonik tundlikule nahale. Salong: Tasakaalustab naha peale pesu, \u00a0valmistab \u00a0naha ette 2B Bio Peeling&#8217;uga koorimiseks. Kodus: 2B Bio Douceur tugevdab kuiva, tundliku ja\/v\u00f5i rosaatsiale kalduva naha kaitsebarj\u00e4\u00e4ri ja tagab optimaalse niiskustaseme s\u00e4ilitamise. Koostis: Paju ja moon: rahustavad ja pehmendavad taimeekstraktid. Biosahhariid: niisutav aine, mis tagab pikaajalise v\u00e4rske tunde. Tulemused: Teie nahk on puhas ja [&hellip;]","og_url":"https:\/\/beautyinstitute.ee\/toode\/2b-bio-douceur-toonik-tundlikule-nahale-200ml\/","og_site_name":"Beauty Institute","article_modified_time":"2026-04-09T11:16:59+00:00","og_image":[{"width":400,"height":600,"url":"https:\/\/beautyinstitute.ee\/wp-content\/uploads\/2023\/08\/2B-Bio-Douceur.png","type":"image\/png"}],"twitter_card":"summary_large_image","twitter_site":"@Beauty_Eesti","twitter_misc":{"\u041f\u0440\u0438\u043c\u0435\u0440\u043d\u043e\u0435 \u0432\u0440\u0435\u043c\u044f \u0434\u043b\u044f \u0447\u0442\u0435\u043d\u0438\u044f":"1 \u043c\u0438\u043d\u0443\u0442\u0430"},"schema":{"@context":"https:\/\/schema.org","@graph":[{"@type":"WebPage","@id":"https:\/\/beautyinstitute.ee\/toode\/2b-bio-douceur-toonik-tundlikule-nahale-200ml\/","url":"https:\/\/beautyinstitute.ee\/toode\/2b-bio-douceur-toonik-tundlikule-nahale-200ml\/","name":"2B Bio Douceur Toonik Tundlikule Nahale - Beauty Institute","isPartOf":{"@id":"https:\/\/beautyinstitute.ee\/#website"},"primaryImageOfPage":{"@id":"https:\/\/beautyinstitute.ee\/toode\/2b-bio-douceur-toonik-tundlikule-nahale-200ml\/#primaryimage"},"image":{"@id":"https:\/\/beautyinstitute.ee\/toode\/2b-bio-douceur-toonik-tundlikule-nahale-200ml\/#primaryimage"},"thumbnailUrl":"https:\/\/beautyinstitute.ee\/wp-content\/uploads\/2023\/08\/2B-Bio-Douceur.png","datePublished":"2023-08-31T08:36:32+00:00","dateModified":"2026-04-09T11:16:59+00:00","breadcrumb":{"@id":"https:\/\/beautyinstitute.ee\/toode\/2b-bio-douceur-toonik-tundlikule-nahale-200ml\/#breadcrumb"},"inLanguage":"ru-RU","potentialAction":[{"@type":"ReadAction","target":["https:\/\/beautyinstitute.ee\/toode\/2b-bio-douceur-toonik-tundlikule-nahale-200ml\/"]}]},{"@type":"ImageObject","inLanguage":"ru-RU","@id":"https:\/\/beautyinstitute.ee\/toode\/2b-bio-douceur-toonik-tundlikule-nahale-200ml\/#primaryimage","url":"https:\/\/beautyinstitute.ee\/wp-content\/uploads\/2023\/08\/2B-Bio-Douceur.png","contentUrl":"https:\/\/beautyinstitute.ee\/wp-content\/uploads\/2023\/08\/2B-Bio-Douceur.png","width":400,"height":600},{"@type":"BreadcrumbList","@id":"https:\/\/beautyinstitute.ee\/toode\/2b-bio-douceur-toonik-tundlikule-nahale-200ml\/#breadcrumb","itemListElement":[{"@type":"ListItem","position":1,"name":"Home","item":"https:\/\/beautyinstitute.ee\/ru\/"},{"@type":"ListItem","position":2,"name":"E-pood","item":"https:\/\/beautyinstitute.ee\/e-pood\/"},{"@type":"ListItem","position":3,"name":"2B Bio Douceur Toonik Tundlikule Nahale"}]},{"@type":"WebSite","@id":"https:\/\/beautyinstitute.ee\/#website","url":"https:\/\/beautyinstitute.ee\/","name":"Beauty Institute","description":"CNC Cosmetic ametlik maaletooja ja edasim\u00fc\u00fcja Eestis, Soomes, L\u00e4tis. Aparaadikosmeetika, koolitused, kosmeetikatooted.","potentialAction":[{"@type":"SearchAction","target":{"@type":"EntryPoint","urlTemplate":"https:\/\/beautyinstitute.ee\/?s={search_term_string}"},"query-input":{"@type":"PropertyValueSpecification","valueRequired":true,"valueName":"search_term_string"}}],"inLanguage":"ru-RU"}]}},"_links":{"self":[{"href":"https:\/\/beautyinstitute.ee\/ru\/wp-json\/wp\/v2\/product\/24809","targetHints":{"allow":["GET"]}}],"collection":[{"href":"https:\/\/beautyinstitute.ee\/ru\/wp-json\/wp\/v2\/product"}],"about":[{"href":"https:\/\/beautyinstitute.ee\/ru\/wp-json\/wp\/v2\/types\/product"}],"wp:featuredmedia":[{"embeddable":true,"href":"https:\/\/beautyinstitute.ee\/ru\/wp-json\/wp\/v2\/media\/24829"}],"wp:attachment":[{"href":"https:\/\/beautyinstitute.ee\/ru\/wp-json\/wp\/v2\/media?parent=24809"}],"wp:term":[{"taxonomy":"product_cat","embeddable":true,"href":"https:\/\/beautyinstitute.ee\/ru\/wp-json\/wp\/v2\/product_cat?post=24809"},{"taxonomy":"product_tag","embeddable":true,"href":"https:\/\/beautyinstitute.ee\/ru\/wp-json\/wp\/v2\/product_tag?post=24809"}],"curies":[{"name":"wp","href":"https:\/\/api.w.org\/{rel}","templated":true}]}}