{"id":24864,"date":"2023-09-04T14:46:41","date_gmt":"2023-09-04T11:46:41","guid":{"rendered":"https:\/\/beautyinstitute.ee\/?post_type=product&#038;p=24864"},"modified":"2026-04-27T14:47:17","modified_gmt":"2026-04-27T11:47:17","slug":"2b-bio-regard-silmade-ja-huulte-kontuurgeel","status":"publish","type":"product","link":"https:\/\/beautyinstitute.ee\/ru\/toode\/2b-bio-regard-silmade-ja-huulte-kontuurgeel\/","title":{"rendered":"2B Bio Regard -Silmade Ja Huulte Kontuurgeel"},"content":{"rendered":"<p>Kontuuriv silma\u00fcmbruse ja huulte kreem.\u00a0V\u00e4hendab pingeid silmade ja huulte \u00fcmbrusel. Padjandid ja tumedad r\u00f5ngad silmade all\u00a0v\u00e4henevad. Kortsud ja peened jooned taanduvad.<\/p>\n<p><strong>Peamised aktiivained:<\/strong><br \/>\nPerfluorodekaliin: aktiivne koostisosa, mis suurendab hapnikutaset nahas. Kui rakkude ainevahetus on paremini hapnikuga varustatud, stimuleerib see kollageeni tootmist.<br \/>\nElastiin ja aminohapped: taastav ja regenereeriv toime.<br \/>\nLagritsajuur: \u00a0v\u00e4hendab p\u00f5letikku.<\/p>\n<p>Proteiinid: niisutav ja taastav toime epidermise kudedele.<\/p>\n<p>Nisuidu \u00f5li: tugev antioks\u00fcdant, toidab ja kaitseb nahka, silmaaluste tursete vastane kompleks.<\/p>\n<p><strong>Tulemused:<\/strong><br \/>\nK\u00f5ik v\u00e4simuse j\u00e4ljed on koheselt kustutatud ja silmalaud silutud. Kortsukesed \u00a0ja tumedad silma\u00fcmbrused v\u00e4henevad. Kortsud on silutud, nagu oleks neid seestpoolt tugevdatud.<\/p>\n<p><strong>Kuidas kasutada:<\/strong><br \/>\nHommikuti ja \u00f5htuti kandke kergete koputavate liigutustega s\u00f5rmeotsaga \u00fcmber silmade ja\u00a0huulte.<\/p>\n<p>V\u00f5ib kasutada ka maskina: sel juhul kandke paksem kiht peale, laske m\u00f5juda 5 minutit ja eemaldage \u00fcleliigne kogus vatipadjaga.<\/p>\n<p>Imeline sulav tekstuur, mis ei j\u00e4ta nahka \u00f5liseks.<\/p>\n<p>&nbsp;<\/p>\n","protected":false},"excerpt":{"rendered":"<p>Kontuuriv silma\u00fcmbruse ja huulte kreem.\u00a0V\u00e4hendab pingeid silmade ja huulte \u00fcmbrusel. Padjandid ja tumedad r\u00f5ngad silmade all\u00a0v\u00e4henevad. Kortsud ja peened jooned taanduvad. Peamised aktiivained: Perfluorodekaliin: aktiivne koostisosa, mis suurendab hapnikutaset nahas. Kui rakkude ainevahetus on paremini hapnikuga varustatud, stimuleerib see kollageeni tootmist. Elastiin ja aminohapped: taastav ja regenereeriv toime. Lagritsajuur: \u00a0v\u00e4hendab p\u00f5letikku. Proteiinid: niisutav ja taastav [&hellip;]<\/p>\n","protected":false},"featured_media":24875,"template":"","meta":{"_acf_changed":false},"product_cat":[292,251,15],"product_tag":[],"class_list":["post-24864","product","type-product","status-publish","has-post-thumbnail","hentry","product_cat-2b-bio-beauty","product_cat-silmakreemid","product_cat-muud-tooted"],"acf":[],"yoast_head":"<!-- This site is optimized with the Yoast SEO plugin v25.4 - https:\/\/yoast.com\/wordpress\/plugins\/seo\/ -->\n<title>2B Bio Regard -Silmade Ja Huulte Kontuurgeel - Beauty Institute<\/title>\n<meta name=\"robots\" content=\"index, follow, max-snippet:-1, max-image-preview:large, max-video-preview:-1\" \/>\n<link rel=\"canonical\" href=\"https:\/\/beautyinstitute.ee\/toode\/2b-bio-regard-silmade-ja-huulte-kontuurgeel\/\" \/>\n<meta property=\"og:locale\" content=\"ru_RU\" \/>\n<meta property=\"og:type\" content=\"article\" \/>\n<meta property=\"og:title\" content=\"2B Bio Regard -Silmade Ja Huulte Kontuurgeel - Beauty Institute\" \/>\n<meta property=\"og:description\" content=\"Kontuuriv silma\u00fcmbruse ja huulte kreem.\u00a0V\u00e4hendab pingeid silmade ja huulte \u00fcmbrusel. Padjandid ja tumedad r\u00f5ngad silmade all\u00a0v\u00e4henevad. Kortsud ja peened jooned taanduvad. Peamised aktiivained: Perfluorodekaliin: aktiivne koostisosa, mis suurendab hapnikutaset nahas. Kui rakkude ainevahetus on paremini hapnikuga varustatud, stimuleerib see kollageeni tootmist. Elastiin ja aminohapped: taastav ja regenereeriv toime. Lagritsajuur: \u00a0v\u00e4hendab p\u00f5letikku. Proteiinid: niisutav ja taastav [&hellip;]\" \/>\n<meta property=\"og:url\" content=\"https:\/\/beautyinstitute.ee\/toode\/2b-bio-regard-silmade-ja-huulte-kontuurgeel\/\" \/>\n<meta property=\"og:site_name\" content=\"Beauty Institute\" \/>\n<meta property=\"article:modified_time\" content=\"2026-04-27T11:47:17+00:00\" \/>\n<meta property=\"og:image\" content=\"https:\/\/beautyinstitute.ee\/wp-content\/uploads\/2023\/09\/2B-Bio-Beauty-Bio-Regard-15ml.png\" \/>\n\t<meta property=\"og:image:width\" content=\"400\" \/>\n\t<meta property=\"og:image:height\" content=\"400\" \/>\n\t<meta property=\"og:image:type\" content=\"image\/png\" \/>\n<meta name=\"twitter:card\" content=\"summary_large_image\" \/>\n<meta name=\"twitter:site\" content=\"@Beauty_Eesti\" \/>\n<meta name=\"twitter:label1\" content=\"\u041f\u0440\u0438\u043c\u0435\u0440\u043d\u043e\u0435 \u0432\u0440\u0435\u043c\u044f \u0434\u043b\u044f \u0447\u0442\u0435\u043d\u0438\u044f\" \/>\n\t<meta name=\"twitter:data1\" content=\"1 \u043c\u0438\u043d\u0443\u0442\u0430\" \/>\n<script type=\"application\/ld+json\" class=\"yoast-schema-graph\">{\"@context\":\"https:\/\/schema.org\",\"@graph\":[{\"@type\":\"WebPage\",\"@id\":\"https:\/\/beautyinstitute.ee\/toode\/2b-bio-regard-silmade-ja-huulte-kontuurgeel\/\",\"url\":\"https:\/\/beautyinstitute.ee\/toode\/2b-bio-regard-silmade-ja-huulte-kontuurgeel\/\",\"name\":\"2B Bio Regard -Silmade Ja Huulte Kontuurgeel - Beauty Institute\",\"isPartOf\":{\"@id\":\"https:\/\/beautyinstitute.ee\/#website\"},\"primaryImageOfPage\":{\"@id\":\"https:\/\/beautyinstitute.ee\/toode\/2b-bio-regard-silmade-ja-huulte-kontuurgeel\/#primaryimage\"},\"image\":{\"@id\":\"https:\/\/beautyinstitute.ee\/toode\/2b-bio-regard-silmade-ja-huulte-kontuurgeel\/#primaryimage\"},\"thumbnailUrl\":\"https:\/\/beautyinstitute.ee\/wp-content\/uploads\/2023\/09\/2B-Bio-Beauty-Bio-Regard-15ml.png\",\"datePublished\":\"2023-09-04T11:46:41+00:00\",\"dateModified\":\"2026-04-27T11:47:17+00:00\",\"breadcrumb\":{\"@id\":\"https:\/\/beautyinstitute.ee\/toode\/2b-bio-regard-silmade-ja-huulte-kontuurgeel\/#breadcrumb\"},\"inLanguage\":\"ru-RU\",\"potentialAction\":[{\"@type\":\"ReadAction\",\"target\":[\"https:\/\/beautyinstitute.ee\/toode\/2b-bio-regard-silmade-ja-huulte-kontuurgeel\/\"]}]},{\"@type\":\"ImageObject\",\"inLanguage\":\"ru-RU\",\"@id\":\"https:\/\/beautyinstitute.ee\/toode\/2b-bio-regard-silmade-ja-huulte-kontuurgeel\/#primaryimage\",\"url\":\"https:\/\/beautyinstitute.ee\/wp-content\/uploads\/2023\/09\/2B-Bio-Beauty-Bio-Regard-15ml.png\",\"contentUrl\":\"https:\/\/beautyinstitute.ee\/wp-content\/uploads\/2023\/09\/2B-Bio-Beauty-Bio-Regard-15ml.png\",\"width\":400,\"height\":400},{\"@type\":\"BreadcrumbList\",\"@id\":\"https:\/\/beautyinstitute.ee\/toode\/2b-bio-regard-silmade-ja-huulte-kontuurgeel\/#breadcrumb\",\"itemListElement\":[{\"@type\":\"ListItem\",\"position\":1,\"name\":\"Home\",\"item\":\"https:\/\/beautyinstitute.ee\/ru\/\"},{\"@type\":\"ListItem\",\"position\":2,\"name\":\"E-pood\",\"item\":\"https:\/\/beautyinstitute.ee\/e-pood\/\"},{\"@type\":\"ListItem\",\"position\":3,\"name\":\"2B Bio Regard -Silmade Ja Huulte Kontuurgeel\"}]},{\"@type\":\"WebSite\",\"@id\":\"https:\/\/beautyinstitute.ee\/#website\",\"url\":\"https:\/\/beautyinstitute.ee\/\",\"name\":\"Beauty Institute\",\"description\":\"CNC Cosmetic ametlik maaletooja ja edasim\u00fc\u00fcja Eestis, Soomes, L\u00e4tis. Aparaadikosmeetika, koolitused, kosmeetikatooted.\",\"potentialAction\":[{\"@type\":\"SearchAction\",\"target\":{\"@type\":\"EntryPoint\",\"urlTemplate\":\"https:\/\/beautyinstitute.ee\/?s={search_term_string}\"},\"query-input\":{\"@type\":\"PropertyValueSpecification\",\"valueRequired\":true,\"valueName\":\"search_term_string\"}}],\"inLanguage\":\"ru-RU\"}]}<\/script>\n<!-- \/ Yoast SEO plugin. -->","yoast_head_json":{"title":"2B Bio Regard -Silmade Ja Huulte Kontuurgeel - Beauty Institute","robots":{"index":"index","follow":"follow","max-snippet":"max-snippet:-1","max-image-preview":"max-image-preview:large","max-video-preview":"max-video-preview:-1"},"canonical":"https:\/\/beautyinstitute.ee\/toode\/2b-bio-regard-silmade-ja-huulte-kontuurgeel\/","og_locale":"ru_RU","og_type":"article","og_title":"2B Bio Regard -Silmade Ja Huulte Kontuurgeel - Beauty Institute","og_description":"Kontuuriv silma\u00fcmbruse ja huulte kreem.\u00a0V\u00e4hendab pingeid silmade ja huulte \u00fcmbrusel. Padjandid ja tumedad r\u00f5ngad silmade all\u00a0v\u00e4henevad. Kortsud ja peened jooned taanduvad. Peamised aktiivained: Perfluorodekaliin: aktiivne koostisosa, mis suurendab hapnikutaset nahas. Kui rakkude ainevahetus on paremini hapnikuga varustatud, stimuleerib see kollageeni tootmist. Elastiin ja aminohapped: taastav ja regenereeriv toime. Lagritsajuur: \u00a0v\u00e4hendab p\u00f5letikku. Proteiinid: niisutav ja taastav [&hellip;]","og_url":"https:\/\/beautyinstitute.ee\/toode\/2b-bio-regard-silmade-ja-huulte-kontuurgeel\/","og_site_name":"Beauty Institute","article_modified_time":"2026-04-27T11:47:17+00:00","og_image":[{"width":400,"height":400,"url":"https:\/\/beautyinstitute.ee\/wp-content\/uploads\/2023\/09\/2B-Bio-Beauty-Bio-Regard-15ml.png","type":"image\/png"}],"twitter_card":"summary_large_image","twitter_site":"@Beauty_Eesti","twitter_misc":{"\u041f\u0440\u0438\u043c\u0435\u0440\u043d\u043e\u0435 \u0432\u0440\u0435\u043c\u044f \u0434\u043b\u044f \u0447\u0442\u0435\u043d\u0438\u044f":"1 \u043c\u0438\u043d\u0443\u0442\u0430"},"schema":{"@context":"https:\/\/schema.org","@graph":[{"@type":"WebPage","@id":"https:\/\/beautyinstitute.ee\/toode\/2b-bio-regard-silmade-ja-huulte-kontuurgeel\/","url":"https:\/\/beautyinstitute.ee\/toode\/2b-bio-regard-silmade-ja-huulte-kontuurgeel\/","name":"2B Bio Regard -Silmade Ja Huulte Kontuurgeel - Beauty Institute","isPartOf":{"@id":"https:\/\/beautyinstitute.ee\/#website"},"primaryImageOfPage":{"@id":"https:\/\/beautyinstitute.ee\/toode\/2b-bio-regard-silmade-ja-huulte-kontuurgeel\/#primaryimage"},"image":{"@id":"https:\/\/beautyinstitute.ee\/toode\/2b-bio-regard-silmade-ja-huulte-kontuurgeel\/#primaryimage"},"thumbnailUrl":"https:\/\/beautyinstitute.ee\/wp-content\/uploads\/2023\/09\/2B-Bio-Beauty-Bio-Regard-15ml.png","datePublished":"2023-09-04T11:46:41+00:00","dateModified":"2026-04-27T11:47:17+00:00","breadcrumb":{"@id":"https:\/\/beautyinstitute.ee\/toode\/2b-bio-regard-silmade-ja-huulte-kontuurgeel\/#breadcrumb"},"inLanguage":"ru-RU","potentialAction":[{"@type":"ReadAction","target":["https:\/\/beautyinstitute.ee\/toode\/2b-bio-regard-silmade-ja-huulte-kontuurgeel\/"]}]},{"@type":"ImageObject","inLanguage":"ru-RU","@id":"https:\/\/beautyinstitute.ee\/toode\/2b-bio-regard-silmade-ja-huulte-kontuurgeel\/#primaryimage","url":"https:\/\/beautyinstitute.ee\/wp-content\/uploads\/2023\/09\/2B-Bio-Beauty-Bio-Regard-15ml.png","contentUrl":"https:\/\/beautyinstitute.ee\/wp-content\/uploads\/2023\/09\/2B-Bio-Beauty-Bio-Regard-15ml.png","width":400,"height":400},{"@type":"BreadcrumbList","@id":"https:\/\/beautyinstitute.ee\/toode\/2b-bio-regard-silmade-ja-huulte-kontuurgeel\/#breadcrumb","itemListElement":[{"@type":"ListItem","position":1,"name":"Home","item":"https:\/\/beautyinstitute.ee\/ru\/"},{"@type":"ListItem","position":2,"name":"E-pood","item":"https:\/\/beautyinstitute.ee\/e-pood\/"},{"@type":"ListItem","position":3,"name":"2B Bio Regard -Silmade Ja Huulte Kontuurgeel"}]},{"@type":"WebSite","@id":"https:\/\/beautyinstitute.ee\/#website","url":"https:\/\/beautyinstitute.ee\/","name":"Beauty Institute","description":"CNC Cosmetic ametlik maaletooja ja edasim\u00fc\u00fcja Eestis, Soomes, L\u00e4tis. Aparaadikosmeetika, koolitused, kosmeetikatooted.","potentialAction":[{"@type":"SearchAction","target":{"@type":"EntryPoint","urlTemplate":"https:\/\/beautyinstitute.ee\/?s={search_term_string}"},"query-input":{"@type":"PropertyValueSpecification","valueRequired":true,"valueName":"search_term_string"}}],"inLanguage":"ru-RU"}]}},"_links":{"self":[{"href":"https:\/\/beautyinstitute.ee\/ru\/wp-json\/wp\/v2\/product\/24864","targetHints":{"allow":["GET"]}}],"collection":[{"href":"https:\/\/beautyinstitute.ee\/ru\/wp-json\/wp\/v2\/product"}],"about":[{"href":"https:\/\/beautyinstitute.ee\/ru\/wp-json\/wp\/v2\/types\/product"}],"wp:featuredmedia":[{"embeddable":true,"href":"https:\/\/beautyinstitute.ee\/ru\/wp-json\/wp\/v2\/media\/24875"}],"wp:attachment":[{"href":"https:\/\/beautyinstitute.ee\/ru\/wp-json\/wp\/v2\/media?parent=24864"}],"wp:term":[{"taxonomy":"product_cat","embeddable":true,"href":"https:\/\/beautyinstitute.ee\/ru\/wp-json\/wp\/v2\/product_cat?post=24864"},{"taxonomy":"product_tag","embeddable":true,"href":"https:\/\/beautyinstitute.ee\/ru\/wp-json\/wp\/v2\/product_tag?post=24864"}],"curies":[{"name":"wp","href":"https:\/\/api.w.org\/{rel}","templated":true}]}}