{"id":24922,"date":"2023-09-06T13:21:21","date_gmt":"2023-09-06T10:21:21","guid":{"rendered":"https:\/\/beautyinstitute.ee\/?post_type=product&#038;p=24922"},"modified":"2026-04-27T11:20:07","modified_gmt":"2026-04-27T08:20:07","slug":"2b-bio-clarte-tonic","status":"publish","type":"product","link":"https:\/\/beautyinstitute.ee\/ru\/toode\/2b-bio-clarte-tonic\/","title":{"rendered":"2B Bio Clarte Tonic"},"content":{"rendered":"<p>Tasakaalustav lahendus rasusele nahale.<br \/>\nReguleerib rasu eritust, matistav. Annab nahale v\u00e4rskuse ja puhtuse.<\/p>\n<p><strong>\u00a0Peamised aktiivained:<\/strong><\/p>\n<p>Vesikress: toniseerib, antibakterialne, reguleerib rasu tootmist.<br \/>\nTakjas: antibakteriaalne, niisutab ja rahustab nahka<br \/>\nKamper: v\u00e4rskendab ja stimuleerib mikrotsirkulatsiooni<\/p>\n<p><strong>Tulemused:<\/strong><br \/>\nNahk n\u00e4eb v\u00e4lja s\u00e4rav, eluj\u00f5uline, jume s\u00e4rav ja matt.<\/p>\n<p><strong>Kasutamine: <\/strong><\/p>\n<p>Kanda hommikuti ja \u00f5htuti 2B Bio Puretega puhastatud nahale. \u00a0V\u00f5ib kasutada ka p\u00e4rast 2B Bio Purifiant maski, et eemaldada liigne rasu.<\/p>\n<p>Sobilik k\u00f5ikidele nahat\u00fc\u00fcpidele.<\/p>\n","protected":false},"excerpt":{"rendered":"<p>Tasakaalustav lahendus rasusele nahale. Reguleerib rasu eritust, matistav. Annab nahale v\u00e4rskuse ja puhtuse. \u00a0Peamised aktiivained: Vesikress: toniseerib, antibakterialne, reguleerib rasu tootmist. Takjas: antibakteriaalne, niisutab ja rahustab nahka Kamper: v\u00e4rskendab ja stimuleerib mikrotsirkulatsiooni Tulemused: Nahk n\u00e4eb v\u00e4lja s\u00e4rav, eluj\u00f5uline, jume s\u00e4rav ja matt. Kasutamine: Kanda hommikuti ja \u00f5htuti 2B Bio Puretega puhastatud nahale. \u00a0V\u00f5ib kasutada ka [&hellip;]<\/p>\n","protected":false},"featured_media":25235,"template":"","meta":{"_acf_changed":false},"product_cat":[292,246],"product_tag":[],"class_list":["post-24922","product","type-product","status-publish","has-post-thumbnail","hentry","product_cat-2b-bio-beauty","product_cat-toonikud"],"acf":[],"yoast_head":"<!-- This site is optimized with the Yoast SEO plugin v25.4 - https:\/\/yoast.com\/wordpress\/plugins\/seo\/ -->\n<title>2B Bio Clarte Tonic - Beauty Institute<\/title>\n<meta name=\"robots\" content=\"index, follow, max-snippet:-1, max-image-preview:large, max-video-preview:-1\" \/>\n<link rel=\"canonical\" href=\"https:\/\/beautyinstitute.ee\/toode\/2b-bio-clarte-tonic\/\" \/>\n<meta property=\"og:locale\" content=\"ru_RU\" \/>\n<meta property=\"og:type\" content=\"article\" \/>\n<meta property=\"og:title\" content=\"2B Bio Clarte Tonic - Beauty Institute\" \/>\n<meta property=\"og:description\" content=\"Tasakaalustav lahendus rasusele nahale. Reguleerib rasu eritust, matistav. Annab nahale v\u00e4rskuse ja puhtuse. \u00a0Peamised aktiivained: Vesikress: toniseerib, antibakterialne, reguleerib rasu tootmist. Takjas: antibakteriaalne, niisutab ja rahustab nahka Kamper: v\u00e4rskendab ja stimuleerib mikrotsirkulatsiooni Tulemused: Nahk n\u00e4eb v\u00e4lja s\u00e4rav, eluj\u00f5uline, jume s\u00e4rav ja matt. Kasutamine: Kanda hommikuti ja \u00f5htuti 2B Bio Puretega puhastatud nahale. \u00a0V\u00f5ib kasutada ka [&hellip;]\" \/>\n<meta property=\"og:url\" content=\"https:\/\/beautyinstitute.ee\/toode\/2b-bio-clarte-tonic\/\" \/>\n<meta property=\"og:site_name\" content=\"Beauty Institute\" \/>\n<meta property=\"article:modified_time\" content=\"2026-04-27T08:20:07+00:00\" \/>\n<meta property=\"og:image\" content=\"https:\/\/beautyinstitute.ee\/wp-content\/uploads\/2023\/09\/clarte-200-Oige-1.jpeg\" \/>\n\t<meta property=\"og:image:width\" content=\"1000\" \/>\n\t<meta property=\"og:image:height\" content=\"1000\" \/>\n\t<meta property=\"og:image:type\" content=\"image\/jpeg\" \/>\n<meta name=\"twitter:card\" content=\"summary_large_image\" \/>\n<meta name=\"twitter:site\" content=\"@Beauty_Eesti\" \/>\n<meta name=\"twitter:label1\" content=\"\u041f\u0440\u0438\u043c\u0435\u0440\u043d\u043e\u0435 \u0432\u0440\u0435\u043c\u044f \u0434\u043b\u044f \u0447\u0442\u0435\u043d\u0438\u044f\" \/>\n\t<meta name=\"twitter:data1\" content=\"1 \u043c\u0438\u043d\u0443\u0442\u0430\" \/>\n<script type=\"application\/ld+json\" class=\"yoast-schema-graph\">{\"@context\":\"https:\/\/schema.org\",\"@graph\":[{\"@type\":\"WebPage\",\"@id\":\"https:\/\/beautyinstitute.ee\/toode\/2b-bio-clarte-tonic\/\",\"url\":\"https:\/\/beautyinstitute.ee\/toode\/2b-bio-clarte-tonic\/\",\"name\":\"2B Bio Clarte Tonic - Beauty Institute\",\"isPartOf\":{\"@id\":\"https:\/\/beautyinstitute.ee\/#website\"},\"primaryImageOfPage\":{\"@id\":\"https:\/\/beautyinstitute.ee\/toode\/2b-bio-clarte-tonic\/#primaryimage\"},\"image\":{\"@id\":\"https:\/\/beautyinstitute.ee\/toode\/2b-bio-clarte-tonic\/#primaryimage\"},\"thumbnailUrl\":\"https:\/\/beautyinstitute.ee\/wp-content\/uploads\/2023\/09\/clarte-200-Oige-1.jpeg\",\"datePublished\":\"2023-09-06T10:21:21+00:00\",\"dateModified\":\"2026-04-27T08:20:07+00:00\",\"breadcrumb\":{\"@id\":\"https:\/\/beautyinstitute.ee\/toode\/2b-bio-clarte-tonic\/#breadcrumb\"},\"inLanguage\":\"ru-RU\",\"potentialAction\":[{\"@type\":\"ReadAction\",\"target\":[\"https:\/\/beautyinstitute.ee\/toode\/2b-bio-clarte-tonic\/\"]}]},{\"@type\":\"ImageObject\",\"inLanguage\":\"ru-RU\",\"@id\":\"https:\/\/beautyinstitute.ee\/toode\/2b-bio-clarte-tonic\/#primaryimage\",\"url\":\"https:\/\/beautyinstitute.ee\/wp-content\/uploads\/2023\/09\/clarte-200-Oige-1.jpeg\",\"contentUrl\":\"https:\/\/beautyinstitute.ee\/wp-content\/uploads\/2023\/09\/clarte-200-Oige-1.jpeg\",\"width\":1000,\"height\":1000},{\"@type\":\"BreadcrumbList\",\"@id\":\"https:\/\/beautyinstitute.ee\/toode\/2b-bio-clarte-tonic\/#breadcrumb\",\"itemListElement\":[{\"@type\":\"ListItem\",\"position\":1,\"name\":\"Home\",\"item\":\"https:\/\/beautyinstitute.ee\/ru\/\"},{\"@type\":\"ListItem\",\"position\":2,\"name\":\"E-pood\",\"item\":\"https:\/\/beautyinstitute.ee\/e-pood\/\"},{\"@type\":\"ListItem\",\"position\":3,\"name\":\"2B Bio Clarte Tonic\"}]},{\"@type\":\"WebSite\",\"@id\":\"https:\/\/beautyinstitute.ee\/#website\",\"url\":\"https:\/\/beautyinstitute.ee\/\",\"name\":\"Beauty Institute\",\"description\":\"CNC Cosmetic ametlik maaletooja ja edasim\u00fc\u00fcja Eestis, Soomes, L\u00e4tis. Aparaadikosmeetika, koolitused, kosmeetikatooted.\",\"potentialAction\":[{\"@type\":\"SearchAction\",\"target\":{\"@type\":\"EntryPoint\",\"urlTemplate\":\"https:\/\/beautyinstitute.ee\/?s={search_term_string}\"},\"query-input\":{\"@type\":\"PropertyValueSpecification\",\"valueRequired\":true,\"valueName\":\"search_term_string\"}}],\"inLanguage\":\"ru-RU\"}]}<\/script>\n<!-- \/ Yoast SEO plugin. -->","yoast_head_json":{"title":"2B Bio Clarte Tonic - Beauty Institute","robots":{"index":"index","follow":"follow","max-snippet":"max-snippet:-1","max-image-preview":"max-image-preview:large","max-video-preview":"max-video-preview:-1"},"canonical":"https:\/\/beautyinstitute.ee\/toode\/2b-bio-clarte-tonic\/","og_locale":"ru_RU","og_type":"article","og_title":"2B Bio Clarte Tonic - Beauty Institute","og_description":"Tasakaalustav lahendus rasusele nahale. Reguleerib rasu eritust, matistav. Annab nahale v\u00e4rskuse ja puhtuse. \u00a0Peamised aktiivained: Vesikress: toniseerib, antibakterialne, reguleerib rasu tootmist. Takjas: antibakteriaalne, niisutab ja rahustab nahka Kamper: v\u00e4rskendab ja stimuleerib mikrotsirkulatsiooni Tulemused: Nahk n\u00e4eb v\u00e4lja s\u00e4rav, eluj\u00f5uline, jume s\u00e4rav ja matt. Kasutamine: Kanda hommikuti ja \u00f5htuti 2B Bio Puretega puhastatud nahale. \u00a0V\u00f5ib kasutada ka [&hellip;]","og_url":"https:\/\/beautyinstitute.ee\/toode\/2b-bio-clarte-tonic\/","og_site_name":"Beauty Institute","article_modified_time":"2026-04-27T08:20:07+00:00","og_image":[{"width":1000,"height":1000,"url":"https:\/\/beautyinstitute.ee\/wp-content\/uploads\/2023\/09\/clarte-200-Oige-1.jpeg","type":"image\/jpeg"}],"twitter_card":"summary_large_image","twitter_site":"@Beauty_Eesti","twitter_misc":{"\u041f\u0440\u0438\u043c\u0435\u0440\u043d\u043e\u0435 \u0432\u0440\u0435\u043c\u044f \u0434\u043b\u044f \u0447\u0442\u0435\u043d\u0438\u044f":"1 \u043c\u0438\u043d\u0443\u0442\u0430"},"schema":{"@context":"https:\/\/schema.org","@graph":[{"@type":"WebPage","@id":"https:\/\/beautyinstitute.ee\/toode\/2b-bio-clarte-tonic\/","url":"https:\/\/beautyinstitute.ee\/toode\/2b-bio-clarte-tonic\/","name":"2B Bio Clarte Tonic - Beauty Institute","isPartOf":{"@id":"https:\/\/beautyinstitute.ee\/#website"},"primaryImageOfPage":{"@id":"https:\/\/beautyinstitute.ee\/toode\/2b-bio-clarte-tonic\/#primaryimage"},"image":{"@id":"https:\/\/beautyinstitute.ee\/toode\/2b-bio-clarte-tonic\/#primaryimage"},"thumbnailUrl":"https:\/\/beautyinstitute.ee\/wp-content\/uploads\/2023\/09\/clarte-200-Oige-1.jpeg","datePublished":"2023-09-06T10:21:21+00:00","dateModified":"2026-04-27T08:20:07+00:00","breadcrumb":{"@id":"https:\/\/beautyinstitute.ee\/toode\/2b-bio-clarte-tonic\/#breadcrumb"},"inLanguage":"ru-RU","potentialAction":[{"@type":"ReadAction","target":["https:\/\/beautyinstitute.ee\/toode\/2b-bio-clarte-tonic\/"]}]},{"@type":"ImageObject","inLanguage":"ru-RU","@id":"https:\/\/beautyinstitute.ee\/toode\/2b-bio-clarte-tonic\/#primaryimage","url":"https:\/\/beautyinstitute.ee\/wp-content\/uploads\/2023\/09\/clarte-200-Oige-1.jpeg","contentUrl":"https:\/\/beautyinstitute.ee\/wp-content\/uploads\/2023\/09\/clarte-200-Oige-1.jpeg","width":1000,"height":1000},{"@type":"BreadcrumbList","@id":"https:\/\/beautyinstitute.ee\/toode\/2b-bio-clarte-tonic\/#breadcrumb","itemListElement":[{"@type":"ListItem","position":1,"name":"Home","item":"https:\/\/beautyinstitute.ee\/ru\/"},{"@type":"ListItem","position":2,"name":"E-pood","item":"https:\/\/beautyinstitute.ee\/e-pood\/"},{"@type":"ListItem","position":3,"name":"2B Bio Clarte Tonic"}]},{"@type":"WebSite","@id":"https:\/\/beautyinstitute.ee\/#website","url":"https:\/\/beautyinstitute.ee\/","name":"Beauty Institute","description":"CNC Cosmetic ametlik maaletooja ja edasim\u00fc\u00fcja Eestis, Soomes, L\u00e4tis. Aparaadikosmeetika, koolitused, kosmeetikatooted.","potentialAction":[{"@type":"SearchAction","target":{"@type":"EntryPoint","urlTemplate":"https:\/\/beautyinstitute.ee\/?s={search_term_string}"},"query-input":{"@type":"PropertyValueSpecification","valueRequired":true,"valueName":"search_term_string"}}],"inLanguage":"ru-RU"}]}},"_links":{"self":[{"href":"https:\/\/beautyinstitute.ee\/ru\/wp-json\/wp\/v2\/product\/24922","targetHints":{"allow":["GET"]}}],"collection":[{"href":"https:\/\/beautyinstitute.ee\/ru\/wp-json\/wp\/v2\/product"}],"about":[{"href":"https:\/\/beautyinstitute.ee\/ru\/wp-json\/wp\/v2\/types\/product"}],"wp:featuredmedia":[{"embeddable":true,"href":"https:\/\/beautyinstitute.ee\/ru\/wp-json\/wp\/v2\/media\/25235"}],"wp:attachment":[{"href":"https:\/\/beautyinstitute.ee\/ru\/wp-json\/wp\/v2\/media?parent=24922"}],"wp:term":[{"taxonomy":"product_cat","embeddable":true,"href":"https:\/\/beautyinstitute.ee\/ru\/wp-json\/wp\/v2\/product_cat?post=24922"},{"taxonomy":"product_tag","embeddable":true,"href":"https:\/\/beautyinstitute.ee\/ru\/wp-json\/wp\/v2\/product_tag?post=24922"}],"curies":[{"name":"wp","href":"https:\/\/api.w.org\/{rel}","templated":true}]}}