{"id":24933,"date":"2023-09-06T14:36:53","date_gmt":"2023-09-06T11:36:53","guid":{"rendered":"https:\/\/beautyinstitute.ee\/?post_type=product&#038;p=24933"},"modified":"2026-04-27T14:47:17","modified_gmt":"2026-04-27T11:47:17","slug":"2b-bio-nutrition-mask","status":"publish","type":"product","link":"https:\/\/beautyinstitute.ee\/ru\/toode\/2b-bio-nutrition-mask\/","title":{"rendered":"2B Bio Nutrition Mask"},"content":{"rendered":"<p>Meeldiva puuviljaaroomiga, rikkalik ja \u00f5rnatoimeline kreem-mask kuivuse, kortsude ja v\u00e4simuse vastu. 2B Bio Nutrition mask ennetab ja parandab naha probleeme.<\/p>\n<p>Ravi ajal: leevendab 2B Bio Peeling&#8217;i p\u00f5hjustatud kipitustunnet.<\/p>\n<p><strong>Peamised aktiivained:<\/strong><\/p>\n<ul>\n<li>Vitamiinid A ja E: taastavad ja uuendavad.<\/li>\n<li>Vesikress: mineraaliderikkal taimeekstraktil on toniseeriv ja antiseptiline toime.<\/li>\n<li>Allantoiin &amp; kamper: rahustavad.<\/li>\n<li>Valge savi: absorbent, detoksifitseeriv ja remineraliseeriv.<\/li>\n<li>Kookosp\u00e4hklie aminohappe derivaat: remineraliseeriv ja nahka kaitsev<\/li>\n<li>Kamfer: v\u00e4rskendav ja stimuleeriv<\/li>\n<\/ul>\n<p><strong>Tulemused:<\/strong><\/p>\n<p>Vee ja oluliste toitainetega niisutatud nahk saab tagasi oma elastsuse ja \u00e4\u00e4rmise pehmuse. Teie n\u00e4ojooned n\u00e4evad v\u00e4lja l\u00f5dvestunumad ja jume muutub s\u00e4ravaks. See on kohene iluhooldus, mis annab heaolutunde ja tagab t\u00e4iusliku ja pikaajalise heaolu tunde.<\/p>\n<p><strong>Kuidas kasutada:<\/strong><\/p>\n<p>Millal? Alati, kui \u00a0nahk tundub kuiv ja v\u00e4sinud ja\u00a02B Bio Peelingile j\u00e4rgnevatel p\u00e4evadel<br \/>\nKuidas? Kandke paksu kihina kogu n\u00e4ole, v\u00e4ltides silmade kontuuri.<br \/>\nLaske m\u00f5juda 15 minutit. Eemaldage \u00fcleliigne kogus vatipadjaga. Intensiivse v\u00e4rskendava tunde saamiseks t\u00e4iendage seda rahustava 2B Bio Douceur toonikuga.<\/p>\n<p>&nbsp;<\/p>\n","protected":false},"excerpt":{"rendered":"<p>Meeldiva puuviljaaroomiga, rikkalik ja \u00f5rnatoimeline kreem-mask kuivuse, kortsude ja v\u00e4simuse vastu. 2B Bio Nutrition mask ennetab ja parandab naha probleeme. Ravi ajal: leevendab 2B Bio Peeling&#8217;i p\u00f5hjustatud kipitustunnet. Peamised aktiivained: Vitamiinid A ja E: taastavad ja uuendavad. Vesikress: mineraaliderikkal taimeekstraktil on toniseeriv ja antiseptiline toime. Allantoiin &amp; kamper: rahustavad. Valge savi: absorbent, detoksifitseeriv ja remineraliseeriv. [&hellip;]<\/p>\n","protected":false},"featured_media":24937,"template":"","meta":{"_acf_changed":false},"product_cat":[292,248,15],"product_tag":[],"class_list":["post-24933","product","type-product","status-publish","has-post-thumbnail","hentry","product_cat-2b-bio-beauty","product_cat-maskid-2","product_cat-muud-tooted"],"acf":[],"yoast_head":"<!-- This site is optimized with the Yoast SEO plugin v25.4 - https:\/\/yoast.com\/wordpress\/plugins\/seo\/ -->\n<title>2B Bio Nutrition Mask - Beauty Institute<\/title>\n<meta name=\"robots\" content=\"index, follow, max-snippet:-1, max-image-preview:large, max-video-preview:-1\" \/>\n<link rel=\"canonical\" href=\"https:\/\/beautyinstitute.ee\/toode\/2b-bio-nutrition-mask\/\" \/>\n<meta property=\"og:locale\" content=\"ru_RU\" \/>\n<meta property=\"og:type\" content=\"article\" \/>\n<meta property=\"og:title\" content=\"2B Bio Nutrition Mask - Beauty Institute\" \/>\n<meta property=\"og:description\" content=\"Meeldiva puuviljaaroomiga, rikkalik ja \u00f5rnatoimeline kreem-mask kuivuse, kortsude ja v\u00e4simuse vastu. 2B Bio Nutrition mask ennetab ja parandab naha probleeme. Ravi ajal: leevendab 2B Bio Peeling&#8217;i p\u00f5hjustatud kipitustunnet. Peamised aktiivained: Vitamiinid A ja E: taastavad ja uuendavad. Vesikress: mineraaliderikkal taimeekstraktil on toniseeriv ja antiseptiline toime. Allantoiin &amp; kamper: rahustavad. Valge savi: absorbent, detoksifitseeriv ja remineraliseeriv. [&hellip;]\" \/>\n<meta property=\"og:url\" content=\"https:\/\/beautyinstitute.ee\/toode\/2b-bio-nutrition-mask\/\" \/>\n<meta property=\"og:site_name\" content=\"Beauty Institute\" \/>\n<meta property=\"article:modified_time\" content=\"2026-04-27T11:47:17+00:00\" \/>\n<meta property=\"og:image\" content=\"https:\/\/beautyinstitute.ee\/wp-content\/uploads\/2023\/09\/bio-nutrition-50-ml.jpeg\" \/>\n\t<meta property=\"og:image:width\" content=\"1280\" \/>\n\t<meta property=\"og:image:height\" content=\"1280\" \/>\n\t<meta property=\"og:image:type\" content=\"image\/jpeg\" \/>\n<meta name=\"twitter:card\" content=\"summary_large_image\" \/>\n<meta name=\"twitter:site\" content=\"@Beauty_Eesti\" \/>\n<meta name=\"twitter:label1\" content=\"\u041f\u0440\u0438\u043c\u0435\u0440\u043d\u043e\u0435 \u0432\u0440\u0435\u043c\u044f \u0434\u043b\u044f \u0447\u0442\u0435\u043d\u0438\u044f\" \/>\n\t<meta name=\"twitter:data1\" content=\"1 \u043c\u0438\u043d\u0443\u0442\u0430\" \/>\n<script type=\"application\/ld+json\" class=\"yoast-schema-graph\">{\"@context\":\"https:\/\/schema.org\",\"@graph\":[{\"@type\":\"WebPage\",\"@id\":\"https:\/\/beautyinstitute.ee\/toode\/2b-bio-nutrition-mask\/\",\"url\":\"https:\/\/beautyinstitute.ee\/toode\/2b-bio-nutrition-mask\/\",\"name\":\"2B Bio Nutrition Mask - Beauty Institute\",\"isPartOf\":{\"@id\":\"https:\/\/beautyinstitute.ee\/#website\"},\"primaryImageOfPage\":{\"@id\":\"https:\/\/beautyinstitute.ee\/toode\/2b-bio-nutrition-mask\/#primaryimage\"},\"image\":{\"@id\":\"https:\/\/beautyinstitute.ee\/toode\/2b-bio-nutrition-mask\/#primaryimage\"},\"thumbnailUrl\":\"https:\/\/beautyinstitute.ee\/wp-content\/uploads\/2023\/09\/bio-nutrition-50-ml.jpeg\",\"datePublished\":\"2023-09-06T11:36:53+00:00\",\"dateModified\":\"2026-04-27T11:47:17+00:00\",\"breadcrumb\":{\"@id\":\"https:\/\/beautyinstitute.ee\/toode\/2b-bio-nutrition-mask\/#breadcrumb\"},\"inLanguage\":\"ru-RU\",\"potentialAction\":[{\"@type\":\"ReadAction\",\"target\":[\"https:\/\/beautyinstitute.ee\/toode\/2b-bio-nutrition-mask\/\"]}]},{\"@type\":\"ImageObject\",\"inLanguage\":\"ru-RU\",\"@id\":\"https:\/\/beautyinstitute.ee\/toode\/2b-bio-nutrition-mask\/#primaryimage\",\"url\":\"https:\/\/beautyinstitute.ee\/wp-content\/uploads\/2023\/09\/bio-nutrition-50-ml.jpeg\",\"contentUrl\":\"https:\/\/beautyinstitute.ee\/wp-content\/uploads\/2023\/09\/bio-nutrition-50-ml.jpeg\",\"width\":1280,\"height\":1280},{\"@type\":\"BreadcrumbList\",\"@id\":\"https:\/\/beautyinstitute.ee\/toode\/2b-bio-nutrition-mask\/#breadcrumb\",\"itemListElement\":[{\"@type\":\"ListItem\",\"position\":1,\"name\":\"Home\",\"item\":\"https:\/\/beautyinstitute.ee\/ru\/\"},{\"@type\":\"ListItem\",\"position\":2,\"name\":\"E-pood\",\"item\":\"https:\/\/beautyinstitute.ee\/e-pood\/\"},{\"@type\":\"ListItem\",\"position\":3,\"name\":\"2B Bio Nutrition Mask\"}]},{\"@type\":\"WebSite\",\"@id\":\"https:\/\/beautyinstitute.ee\/#website\",\"url\":\"https:\/\/beautyinstitute.ee\/\",\"name\":\"Beauty Institute\",\"description\":\"CNC Cosmetic ametlik maaletooja ja edasim\u00fc\u00fcja Eestis, Soomes, L\u00e4tis. Aparaadikosmeetika, koolitused, kosmeetikatooted.\",\"potentialAction\":[{\"@type\":\"SearchAction\",\"target\":{\"@type\":\"EntryPoint\",\"urlTemplate\":\"https:\/\/beautyinstitute.ee\/?s={search_term_string}\"},\"query-input\":{\"@type\":\"PropertyValueSpecification\",\"valueRequired\":true,\"valueName\":\"search_term_string\"}}],\"inLanguage\":\"ru-RU\"}]}<\/script>\n<!-- \/ Yoast SEO plugin. -->","yoast_head_json":{"title":"2B Bio Nutrition Mask - Beauty Institute","robots":{"index":"index","follow":"follow","max-snippet":"max-snippet:-1","max-image-preview":"max-image-preview:large","max-video-preview":"max-video-preview:-1"},"canonical":"https:\/\/beautyinstitute.ee\/toode\/2b-bio-nutrition-mask\/","og_locale":"ru_RU","og_type":"article","og_title":"2B Bio Nutrition Mask - Beauty Institute","og_description":"Meeldiva puuviljaaroomiga, rikkalik ja \u00f5rnatoimeline kreem-mask kuivuse, kortsude ja v\u00e4simuse vastu. 2B Bio Nutrition mask ennetab ja parandab naha probleeme. Ravi ajal: leevendab 2B Bio Peeling&#8217;i p\u00f5hjustatud kipitustunnet. Peamised aktiivained: Vitamiinid A ja E: taastavad ja uuendavad. Vesikress: mineraaliderikkal taimeekstraktil on toniseeriv ja antiseptiline toime. Allantoiin &amp; kamper: rahustavad. Valge savi: absorbent, detoksifitseeriv ja remineraliseeriv. [&hellip;]","og_url":"https:\/\/beautyinstitute.ee\/toode\/2b-bio-nutrition-mask\/","og_site_name":"Beauty Institute","article_modified_time":"2026-04-27T11:47:17+00:00","og_image":[{"width":1280,"height":1280,"url":"https:\/\/beautyinstitute.ee\/wp-content\/uploads\/2023\/09\/bio-nutrition-50-ml.jpeg","type":"image\/jpeg"}],"twitter_card":"summary_large_image","twitter_site":"@Beauty_Eesti","twitter_misc":{"\u041f\u0440\u0438\u043c\u0435\u0440\u043d\u043e\u0435 \u0432\u0440\u0435\u043c\u044f \u0434\u043b\u044f \u0447\u0442\u0435\u043d\u0438\u044f":"1 \u043c\u0438\u043d\u0443\u0442\u0430"},"schema":{"@context":"https:\/\/schema.org","@graph":[{"@type":"WebPage","@id":"https:\/\/beautyinstitute.ee\/toode\/2b-bio-nutrition-mask\/","url":"https:\/\/beautyinstitute.ee\/toode\/2b-bio-nutrition-mask\/","name":"2B Bio Nutrition Mask - Beauty Institute","isPartOf":{"@id":"https:\/\/beautyinstitute.ee\/#website"},"primaryImageOfPage":{"@id":"https:\/\/beautyinstitute.ee\/toode\/2b-bio-nutrition-mask\/#primaryimage"},"image":{"@id":"https:\/\/beautyinstitute.ee\/toode\/2b-bio-nutrition-mask\/#primaryimage"},"thumbnailUrl":"https:\/\/beautyinstitute.ee\/wp-content\/uploads\/2023\/09\/bio-nutrition-50-ml.jpeg","datePublished":"2023-09-06T11:36:53+00:00","dateModified":"2026-04-27T11:47:17+00:00","breadcrumb":{"@id":"https:\/\/beautyinstitute.ee\/toode\/2b-bio-nutrition-mask\/#breadcrumb"},"inLanguage":"ru-RU","potentialAction":[{"@type":"ReadAction","target":["https:\/\/beautyinstitute.ee\/toode\/2b-bio-nutrition-mask\/"]}]},{"@type":"ImageObject","inLanguage":"ru-RU","@id":"https:\/\/beautyinstitute.ee\/toode\/2b-bio-nutrition-mask\/#primaryimage","url":"https:\/\/beautyinstitute.ee\/wp-content\/uploads\/2023\/09\/bio-nutrition-50-ml.jpeg","contentUrl":"https:\/\/beautyinstitute.ee\/wp-content\/uploads\/2023\/09\/bio-nutrition-50-ml.jpeg","width":1280,"height":1280},{"@type":"BreadcrumbList","@id":"https:\/\/beautyinstitute.ee\/toode\/2b-bio-nutrition-mask\/#breadcrumb","itemListElement":[{"@type":"ListItem","position":1,"name":"Home","item":"https:\/\/beautyinstitute.ee\/ru\/"},{"@type":"ListItem","position":2,"name":"E-pood","item":"https:\/\/beautyinstitute.ee\/e-pood\/"},{"@type":"ListItem","position":3,"name":"2B Bio Nutrition Mask"}]},{"@type":"WebSite","@id":"https:\/\/beautyinstitute.ee\/#website","url":"https:\/\/beautyinstitute.ee\/","name":"Beauty Institute","description":"CNC Cosmetic ametlik maaletooja ja edasim\u00fc\u00fcja Eestis, Soomes, L\u00e4tis. Aparaadikosmeetika, koolitused, kosmeetikatooted.","potentialAction":[{"@type":"SearchAction","target":{"@type":"EntryPoint","urlTemplate":"https:\/\/beautyinstitute.ee\/?s={search_term_string}"},"query-input":{"@type":"PropertyValueSpecification","valueRequired":true,"valueName":"search_term_string"}}],"inLanguage":"ru-RU"}]}},"_links":{"self":[{"href":"https:\/\/beautyinstitute.ee\/ru\/wp-json\/wp\/v2\/product\/24933","targetHints":{"allow":["GET"]}}],"collection":[{"href":"https:\/\/beautyinstitute.ee\/ru\/wp-json\/wp\/v2\/product"}],"about":[{"href":"https:\/\/beautyinstitute.ee\/ru\/wp-json\/wp\/v2\/types\/product"}],"wp:featuredmedia":[{"embeddable":true,"href":"https:\/\/beautyinstitute.ee\/ru\/wp-json\/wp\/v2\/media\/24937"}],"wp:attachment":[{"href":"https:\/\/beautyinstitute.ee\/ru\/wp-json\/wp\/v2\/media?parent=24933"}],"wp:term":[{"taxonomy":"product_cat","embeddable":true,"href":"https:\/\/beautyinstitute.ee\/ru\/wp-json\/wp\/v2\/product_cat?post=24933"},{"taxonomy":"product_tag","embeddable":true,"href":"https:\/\/beautyinstitute.ee\/ru\/wp-json\/wp\/v2\/product_tag?post=24933"}],"curies":[{"name":"wp","href":"https:\/\/api.w.org\/{rel}","templated":true}]}}