{"id":24944,"date":"2023-09-06T15:34:09","date_gmt":"2023-09-06T12:34:09","guid":{"rendered":"https:\/\/beautyinstitute.ee\/?post_type=product&#038;p=24944"},"modified":"2026-04-27T14:47:17","modified_gmt":"2026-04-27T11:47:17","slug":"2b-bio-purifiant-kreem-mask-rasusele-ja-probleemsele-nahale","status":"publish","type":"product","link":"https:\/\/beautyinstitute.ee\/ru\/toode\/2b-bio-purifiant-kreem-mask-rasusele-ja-probleemsele-nahale\/","title":{"rendered":"2B Bio Purifiant Kreem-Mask Rasusele Ja Probleemsele Nahale"},"content":{"rendered":"<p>Imeliselt \u00f5rnatoimeline ja v\u00e4rskendav kreem-mask rasusele ja aknele kalduvale nahale.<\/p>\n<p>Kinkige endale \u00a0m\u00f5nus hetk puhtast rahulikkusest ja ilust, et eemaldada nahast k\u00f5ik toksiinid.<\/p>\n<p>Hoolduse ajal: niisutab, et taastada pehmus. Toniseerib, et muuta nahk tugevamaks. Puhastab, et muuta nahk matiks (eriti kuulus T-tsoon: otsmik, nina ja l\u00f5ug). 2B Bio Purifiant mask tasakaalustab rasvast ja\/v\u00f5i aknele kalduvat nahka.<\/p>\n<p><strong>Peamised aktiivained:<\/strong><\/p>\n<p>Sepicalm\u00ae: rahustav lipoaminokompleks, mis on rikastatud magneesiumi ja kaaliumiga, mis toimib kaitsekilbina kahjulike v\u00e4lism\u00f5jude (saaste, stress, tubakas, kliimaseadmed, ultraviolettkiirgus&#8230;) vastu.<br \/>\nJaanipuu: taimne ekstrakt, millel on niisutav ja rahustav toime<br \/>\nMaisiekstrakt: muudab naha matikseks.<br \/>\nValge savi: absorbeeriv ja matistav mineraalipulber.<br \/>\nAllantoiin: rahustav.<br \/>\nAloe vera: rahustav ja niisutav.<\/p>\n<p><strong>Tulemused:<\/strong><\/p>\n<p>Poorid on ahenenud. Naha tekstuur on viimistletud ja jume n\u00e4eb \u00fchtlane v\u00e4lja. Teie n\u00e4ojooned on silmn\u00e4htavalt l\u00f5dvestunud.<\/p>\n<p><strong>Kuidas kasutada:<\/strong><\/p>\n<p>Millal? 2B Bio Peelingile j\u00e4rgnevatel p\u00e4evadel ja alati, kui teie nahk on v\u00e4sinud ja stressis.<br \/>\nKuidas? Kandke paksu kihina kogu n\u00e4ole, v\u00e4ltides silmade kontuuri.<br \/>\nLaske m\u00f5juda 15 minutit, \u00a0eemaldage \u00fcleliigne koguse vatipadjaga. Intensiivse v\u00e4rskendava tunde saamiseks t\u00e4iendage seda rahustava kreemiga 2B Bio Douceur.<\/p>\n<p>&nbsp;<\/p>\n<p>&nbsp;<\/p>\n","protected":false},"excerpt":{"rendered":"<p>Imeliselt \u00f5rnatoimeline ja v\u00e4rskendav kreem-mask rasusele ja aknele kalduvale nahale. Kinkige endale \u00a0m\u00f5nus hetk puhtast rahulikkusest ja ilust, et eemaldada nahast k\u00f5ik toksiinid. Hoolduse ajal: niisutab, et taastada pehmus. Toniseerib, et muuta nahk tugevamaks. Puhastab, et muuta nahk matiks (eriti kuulus T-tsoon: otsmik, nina ja l\u00f5ug). 2B Bio Purifiant mask tasakaalustab rasvast ja\/v\u00f5i aknele kalduvat [&hellip;]<\/p>\n","protected":false},"featured_media":24950,"template":"","meta":{"_acf_changed":false},"product_cat":[292,248,15],"product_tag":[],"class_list":["post-24944","product","type-product","status-publish","has-post-thumbnail","hentry","product_cat-2b-bio-beauty","product_cat-maskid-2","product_cat-muud-tooted"],"acf":[],"yoast_head":"<!-- This site is optimized with the Yoast SEO plugin v25.4 - https:\/\/yoast.com\/wordpress\/plugins\/seo\/ -->\n<title>2B Bio Purifiant Kreem-Mask Rasusele Ja Probleemsele Nahale - Beauty Institute<\/title>\n<meta name=\"robots\" content=\"index, follow, max-snippet:-1, max-image-preview:large, max-video-preview:-1\" \/>\n<link rel=\"canonical\" href=\"https:\/\/beautyinstitute.ee\/toode\/2b-bio-purifiant-kreem-mask-rasusele-ja-probleemsele-nahale\/\" \/>\n<meta property=\"og:locale\" content=\"ru_RU\" \/>\n<meta property=\"og:type\" content=\"article\" \/>\n<meta property=\"og:title\" content=\"2B Bio Purifiant Kreem-Mask Rasusele Ja Probleemsele Nahale - Beauty Institute\" \/>\n<meta property=\"og:description\" content=\"Imeliselt \u00f5rnatoimeline ja v\u00e4rskendav kreem-mask rasusele ja aknele kalduvale nahale. Kinkige endale \u00a0m\u00f5nus hetk puhtast rahulikkusest ja ilust, et eemaldada nahast k\u00f5ik toksiinid. Hoolduse ajal: niisutab, et taastada pehmus. Toniseerib, et muuta nahk tugevamaks. Puhastab, et muuta nahk matiks (eriti kuulus T-tsoon: otsmik, nina ja l\u00f5ug). 2B Bio Purifiant mask tasakaalustab rasvast ja\/v\u00f5i aknele kalduvat [&hellip;]\" \/>\n<meta property=\"og:url\" content=\"https:\/\/beautyinstitute.ee\/toode\/2b-bio-purifiant-kreem-mask-rasusele-ja-probleemsele-nahale\/\" \/>\n<meta property=\"og:site_name\" content=\"Beauty Institute\" \/>\n<meta property=\"article:modified_time\" content=\"2026-04-27T11:47:17+00:00\" \/>\n<meta property=\"og:image\" content=\"https:\/\/beautyinstitute.ee\/wp-content\/uploads\/2023\/09\/bio-purifant-50ml.png\" \/>\n\t<meta property=\"og:image:width\" content=\"1280\" \/>\n\t<meta property=\"og:image:height\" content=\"1280\" \/>\n\t<meta property=\"og:image:type\" content=\"image\/png\" \/>\n<meta name=\"twitter:card\" content=\"summary_large_image\" \/>\n<meta name=\"twitter:site\" content=\"@Beauty_Eesti\" \/>\n<meta name=\"twitter:label1\" content=\"\u041f\u0440\u0438\u043c\u0435\u0440\u043d\u043e\u0435 \u0432\u0440\u0435\u043c\u044f \u0434\u043b\u044f \u0447\u0442\u0435\u043d\u0438\u044f\" \/>\n\t<meta name=\"twitter:data1\" content=\"1 \u043c\u0438\u043d\u0443\u0442\u0430\" \/>\n<script type=\"application\/ld+json\" class=\"yoast-schema-graph\">{\"@context\":\"https:\/\/schema.org\",\"@graph\":[{\"@type\":\"WebPage\",\"@id\":\"https:\/\/beautyinstitute.ee\/toode\/2b-bio-purifiant-kreem-mask-rasusele-ja-probleemsele-nahale\/\",\"url\":\"https:\/\/beautyinstitute.ee\/toode\/2b-bio-purifiant-kreem-mask-rasusele-ja-probleemsele-nahale\/\",\"name\":\"2B Bio Purifiant Kreem-Mask Rasusele Ja Probleemsele Nahale - Beauty Institute\",\"isPartOf\":{\"@id\":\"https:\/\/beautyinstitute.ee\/#website\"},\"primaryImageOfPage\":{\"@id\":\"https:\/\/beautyinstitute.ee\/toode\/2b-bio-purifiant-kreem-mask-rasusele-ja-probleemsele-nahale\/#primaryimage\"},\"image\":{\"@id\":\"https:\/\/beautyinstitute.ee\/toode\/2b-bio-purifiant-kreem-mask-rasusele-ja-probleemsele-nahale\/#primaryimage\"},\"thumbnailUrl\":\"https:\/\/beautyinstitute.ee\/wp-content\/uploads\/2023\/09\/bio-purifant-50ml.png\",\"datePublished\":\"2023-09-06T12:34:09+00:00\",\"dateModified\":\"2026-04-27T11:47:17+00:00\",\"breadcrumb\":{\"@id\":\"https:\/\/beautyinstitute.ee\/toode\/2b-bio-purifiant-kreem-mask-rasusele-ja-probleemsele-nahale\/#breadcrumb\"},\"inLanguage\":\"ru-RU\",\"potentialAction\":[{\"@type\":\"ReadAction\",\"target\":[\"https:\/\/beautyinstitute.ee\/toode\/2b-bio-purifiant-kreem-mask-rasusele-ja-probleemsele-nahale\/\"]}]},{\"@type\":\"ImageObject\",\"inLanguage\":\"ru-RU\",\"@id\":\"https:\/\/beautyinstitute.ee\/toode\/2b-bio-purifiant-kreem-mask-rasusele-ja-probleemsele-nahale\/#primaryimage\",\"url\":\"https:\/\/beautyinstitute.ee\/wp-content\/uploads\/2023\/09\/bio-purifant-50ml.png\",\"contentUrl\":\"https:\/\/beautyinstitute.ee\/wp-content\/uploads\/2023\/09\/bio-purifant-50ml.png\",\"width\":1280,\"height\":1280},{\"@type\":\"BreadcrumbList\",\"@id\":\"https:\/\/beautyinstitute.ee\/toode\/2b-bio-purifiant-kreem-mask-rasusele-ja-probleemsele-nahale\/#breadcrumb\",\"itemListElement\":[{\"@type\":\"ListItem\",\"position\":1,\"name\":\"Home\",\"item\":\"https:\/\/beautyinstitute.ee\/ru\/\"},{\"@type\":\"ListItem\",\"position\":2,\"name\":\"E-pood\",\"item\":\"https:\/\/beautyinstitute.ee\/e-pood\/\"},{\"@type\":\"ListItem\",\"position\":3,\"name\":\"2B Bio Purifiant Kreem-Mask Rasusele Ja Probleemsele Nahale\"}]},{\"@type\":\"WebSite\",\"@id\":\"https:\/\/beautyinstitute.ee\/#website\",\"url\":\"https:\/\/beautyinstitute.ee\/\",\"name\":\"Beauty Institute\",\"description\":\"CNC Cosmetic ametlik maaletooja ja edasim\u00fc\u00fcja Eestis, Soomes, L\u00e4tis. Aparaadikosmeetika, koolitused, kosmeetikatooted.\",\"potentialAction\":[{\"@type\":\"SearchAction\",\"target\":{\"@type\":\"EntryPoint\",\"urlTemplate\":\"https:\/\/beautyinstitute.ee\/?s={search_term_string}\"},\"query-input\":{\"@type\":\"PropertyValueSpecification\",\"valueRequired\":true,\"valueName\":\"search_term_string\"}}],\"inLanguage\":\"ru-RU\"}]}<\/script>\n<!-- \/ Yoast SEO plugin. -->","yoast_head_json":{"title":"2B Bio Purifiant Kreem-Mask Rasusele Ja Probleemsele Nahale - Beauty Institute","robots":{"index":"index","follow":"follow","max-snippet":"max-snippet:-1","max-image-preview":"max-image-preview:large","max-video-preview":"max-video-preview:-1"},"canonical":"https:\/\/beautyinstitute.ee\/toode\/2b-bio-purifiant-kreem-mask-rasusele-ja-probleemsele-nahale\/","og_locale":"ru_RU","og_type":"article","og_title":"2B Bio Purifiant Kreem-Mask Rasusele Ja Probleemsele Nahale - Beauty Institute","og_description":"Imeliselt \u00f5rnatoimeline ja v\u00e4rskendav kreem-mask rasusele ja aknele kalduvale nahale. Kinkige endale \u00a0m\u00f5nus hetk puhtast rahulikkusest ja ilust, et eemaldada nahast k\u00f5ik toksiinid. Hoolduse ajal: niisutab, et taastada pehmus. Toniseerib, et muuta nahk tugevamaks. Puhastab, et muuta nahk matiks (eriti kuulus T-tsoon: otsmik, nina ja l\u00f5ug). 2B Bio Purifiant mask tasakaalustab rasvast ja\/v\u00f5i aknele kalduvat [&hellip;]","og_url":"https:\/\/beautyinstitute.ee\/toode\/2b-bio-purifiant-kreem-mask-rasusele-ja-probleemsele-nahale\/","og_site_name":"Beauty Institute","article_modified_time":"2026-04-27T11:47:17+00:00","og_image":[{"width":1280,"height":1280,"url":"https:\/\/beautyinstitute.ee\/wp-content\/uploads\/2023\/09\/bio-purifant-50ml.png","type":"image\/png"}],"twitter_card":"summary_large_image","twitter_site":"@Beauty_Eesti","twitter_misc":{"\u041f\u0440\u0438\u043c\u0435\u0440\u043d\u043e\u0435 \u0432\u0440\u0435\u043c\u044f \u0434\u043b\u044f \u0447\u0442\u0435\u043d\u0438\u044f":"1 \u043c\u0438\u043d\u0443\u0442\u0430"},"schema":{"@context":"https:\/\/schema.org","@graph":[{"@type":"WebPage","@id":"https:\/\/beautyinstitute.ee\/toode\/2b-bio-purifiant-kreem-mask-rasusele-ja-probleemsele-nahale\/","url":"https:\/\/beautyinstitute.ee\/toode\/2b-bio-purifiant-kreem-mask-rasusele-ja-probleemsele-nahale\/","name":"2B Bio Purifiant Kreem-Mask Rasusele Ja Probleemsele Nahale - Beauty Institute","isPartOf":{"@id":"https:\/\/beautyinstitute.ee\/#website"},"primaryImageOfPage":{"@id":"https:\/\/beautyinstitute.ee\/toode\/2b-bio-purifiant-kreem-mask-rasusele-ja-probleemsele-nahale\/#primaryimage"},"image":{"@id":"https:\/\/beautyinstitute.ee\/toode\/2b-bio-purifiant-kreem-mask-rasusele-ja-probleemsele-nahale\/#primaryimage"},"thumbnailUrl":"https:\/\/beautyinstitute.ee\/wp-content\/uploads\/2023\/09\/bio-purifant-50ml.png","datePublished":"2023-09-06T12:34:09+00:00","dateModified":"2026-04-27T11:47:17+00:00","breadcrumb":{"@id":"https:\/\/beautyinstitute.ee\/toode\/2b-bio-purifiant-kreem-mask-rasusele-ja-probleemsele-nahale\/#breadcrumb"},"inLanguage":"ru-RU","potentialAction":[{"@type":"ReadAction","target":["https:\/\/beautyinstitute.ee\/toode\/2b-bio-purifiant-kreem-mask-rasusele-ja-probleemsele-nahale\/"]}]},{"@type":"ImageObject","inLanguage":"ru-RU","@id":"https:\/\/beautyinstitute.ee\/toode\/2b-bio-purifiant-kreem-mask-rasusele-ja-probleemsele-nahale\/#primaryimage","url":"https:\/\/beautyinstitute.ee\/wp-content\/uploads\/2023\/09\/bio-purifant-50ml.png","contentUrl":"https:\/\/beautyinstitute.ee\/wp-content\/uploads\/2023\/09\/bio-purifant-50ml.png","width":1280,"height":1280},{"@type":"BreadcrumbList","@id":"https:\/\/beautyinstitute.ee\/toode\/2b-bio-purifiant-kreem-mask-rasusele-ja-probleemsele-nahale\/#breadcrumb","itemListElement":[{"@type":"ListItem","position":1,"name":"Home","item":"https:\/\/beautyinstitute.ee\/ru\/"},{"@type":"ListItem","position":2,"name":"E-pood","item":"https:\/\/beautyinstitute.ee\/e-pood\/"},{"@type":"ListItem","position":3,"name":"2B Bio Purifiant Kreem-Mask Rasusele Ja Probleemsele Nahale"}]},{"@type":"WebSite","@id":"https:\/\/beautyinstitute.ee\/#website","url":"https:\/\/beautyinstitute.ee\/","name":"Beauty Institute","description":"CNC Cosmetic ametlik maaletooja ja edasim\u00fc\u00fcja Eestis, Soomes, L\u00e4tis. Aparaadikosmeetika, koolitused, kosmeetikatooted.","potentialAction":[{"@type":"SearchAction","target":{"@type":"EntryPoint","urlTemplate":"https:\/\/beautyinstitute.ee\/?s={search_term_string}"},"query-input":{"@type":"PropertyValueSpecification","valueRequired":true,"valueName":"search_term_string"}}],"inLanguage":"ru-RU"}]}},"_links":{"self":[{"href":"https:\/\/beautyinstitute.ee\/ru\/wp-json\/wp\/v2\/product\/24944","targetHints":{"allow":["GET"]}}],"collection":[{"href":"https:\/\/beautyinstitute.ee\/ru\/wp-json\/wp\/v2\/product"}],"about":[{"href":"https:\/\/beautyinstitute.ee\/ru\/wp-json\/wp\/v2\/types\/product"}],"wp:featuredmedia":[{"embeddable":true,"href":"https:\/\/beautyinstitute.ee\/ru\/wp-json\/wp\/v2\/media\/24950"}],"wp:attachment":[{"href":"https:\/\/beautyinstitute.ee\/ru\/wp-json\/wp\/v2\/media?parent=24944"}],"wp:term":[{"taxonomy":"product_cat","embeddable":true,"href":"https:\/\/beautyinstitute.ee\/ru\/wp-json\/wp\/v2\/product_cat?post=24944"},{"taxonomy":"product_tag","embeddable":true,"href":"https:\/\/beautyinstitute.ee\/ru\/wp-json\/wp\/v2\/product_tag?post=24944"}],"curies":[{"name":"wp","href":"https:\/\/api.w.org\/{rel}","templated":true}]}}