{"id":24957,"date":"2023-09-06T16:00:54","date_gmt":"2023-09-06T13:00:54","guid":{"rendered":"https:\/\/beautyinstitute.ee\/?post_type=product&#038;p=24957"},"modified":"2026-04-16T11:43:38","modified_gmt":"2026-04-16T08:43:38","slug":"2b-bio-oxygel-energiat-lisavekstrakt","status":"publish","type":"product","link":"https:\/\/beautyinstitute.ee\/ru\/toode\/2b-bio-oxygel-energiat-lisavekstrakt\/","title":{"rendered":"2B Bio Oxygel -Energiat Lisav Ekstrakt"},"content":{"rendered":"<p>Regulaarne kasutamine neutraliseerib vabad radikaalid (paljude vananemism\u00e4rkide peamine p\u00f5hjus), taastab rakke lisatud hapniku abil. See kannab paremini naha sisse ka teisi j\u00e4rgmiste hoolitsuste koostisosi. 2B Bio Oxygel on superaktiivne vananemisvastane niisutav \u00a0kontsentreeritud ekstrakt. Niisutusvahendeid tuleb kasutada p\u00e4rast oks\u00fcgeeli.<\/p>\n<p>Ravi ajal: Oxygel leevendab 2B Bio Peeling&#8217;i p\u00f5hjustatud kipitustunnet, \u00a0varustades nahka hapnikuga ja \u00a0stimuleerides vereringet<\/p>\n<p><strong>Peamised aktiivained:<\/strong><\/p>\n<p>Perfluorodekaliin: aktiivne koostisosa, mis suurendab hapniku taset nahas. Niipea, kui rakkude ainevahetus on paremini hapnikuga varustatud, stimuleerib see kollageeni tootmist. Nahk muutub siledamaks ja pinguldatumaks, n\u00e4ib silmn\u00e4htavalt nooremana.<br \/>\nSepicalm\u00ae: rahustav lipoaminokompleks, mis on rikastatud magneesiumi ja kaaliumiga, mis toimib kaitsekilbina v\u00e4liste kahjustavate elementide (saaste, stress, tubakas, kliimaseadmed, ultraviolettkiirgus&#8230;) vastu.<br \/>\nAtlas\u00ae: suure t\u00f5hususega niisutav aine.<\/p>\n<p><strong>Tulemused:<\/strong><\/p>\n<p>Rohkem hapnikku = rohkem eluj\u00f5udu. Taastades noorusliku s\u00e4ra ja s\u00e4rava naha, aitab oks\u00fcgeel teie n\u00e4ojoontel n\u00e4ida l\u00f5dvestunumana.<\/p>\n<p>K\u00f5ige v\u00e4rskendavam geel, mis j\u00e4tab naha uskumatult pehmeks. Puhas ja terve nahk.<\/p>\n<p><strong>Kuidas kasutada:<\/strong><\/p>\n<p>Hommikuti ja \u00f5htuti, enne 2B Bio Hydravit hoolduskreemi. \u00c4rge unustage kanda oks\u00fcgeeli kaela tagak\u00fcljele, l\u00f5ua alla ja k\u00e4eseljale. Need sageli t\u00e4helepanuta j\u00e4\u00e4nud kohad saavad palju v\u00f5imalusi keskkonnakahjustuste tekkeks.<\/p>\n<p>&nbsp;<\/p>\n","protected":false},"excerpt":{"rendered":"<p>Regulaarne kasutamine neutraliseerib vabad radikaalid (paljude vananemism\u00e4rkide peamine p\u00f5hjus), taastab rakke lisatud hapniku abil. See kannab paremini naha sisse ka teisi j\u00e4rgmiste hoolitsuste koostisosi. 2B Bio Oxygel on superaktiivne vananemisvastane niisutav \u00a0kontsentreeritud ekstrakt. Niisutusvahendeid tuleb kasutada p\u00e4rast oks\u00fcgeeli. Ravi ajal: Oxygel leevendab 2B Bio Peeling&#8217;i p\u00f5hjustatud kipitustunnet, \u00a0varustades nahka hapnikuga ja \u00a0stimuleerides vereringet Peamised aktiivained: [&hellip;]<\/p>\n","protected":false},"featured_media":24959,"template":"","meta":{"_acf_changed":false},"product_cat":[292,249],"product_tag":[],"class_list":["post-24957","product","type-product","status-publish","has-post-thumbnail","hentry","product_cat-2b-bio-beauty","product_cat-seerumid-2"],"acf":[],"yoast_head":"<!-- This site is optimized with the Yoast SEO plugin v25.4 - https:\/\/yoast.com\/wordpress\/plugins\/seo\/ -->\n<title>2B Bio Oxygel -Energiat Lisav Ekstrakt - Beauty Institute<\/title>\n<meta name=\"robots\" content=\"index, follow, max-snippet:-1, max-image-preview:large, max-video-preview:-1\" \/>\n<link rel=\"canonical\" href=\"https:\/\/beautyinstitute.ee\/toode\/2b-bio-oxygel-energiat-lisavekstrakt\/\" \/>\n<meta property=\"og:locale\" content=\"ru_RU\" \/>\n<meta property=\"og:type\" content=\"article\" \/>\n<meta property=\"og:title\" content=\"2B Bio Oxygel -Energiat Lisav Ekstrakt - Beauty Institute\" \/>\n<meta property=\"og:description\" content=\"Regulaarne kasutamine neutraliseerib vabad radikaalid (paljude vananemism\u00e4rkide peamine p\u00f5hjus), taastab rakke lisatud hapniku abil. See kannab paremini naha sisse ka teisi j\u00e4rgmiste hoolitsuste koostisosi. 2B Bio Oxygel on superaktiivne vananemisvastane niisutav \u00a0kontsentreeritud ekstrakt. Niisutusvahendeid tuleb kasutada p\u00e4rast oks\u00fcgeeli. Ravi ajal: Oxygel leevendab 2B Bio Peeling&#8217;i p\u00f5hjustatud kipitustunnet, \u00a0varustades nahka hapnikuga ja \u00a0stimuleerides vereringet Peamised aktiivained: [&hellip;]\" \/>\n<meta property=\"og:url\" content=\"https:\/\/beautyinstitute.ee\/toode\/2b-bio-oxygel-energiat-lisavekstrakt\/\" \/>\n<meta property=\"og:site_name\" content=\"Beauty Institute\" \/>\n<meta property=\"article:modified_time\" content=\"2026-04-16T08:43:38+00:00\" \/>\n<meta property=\"og:image\" content=\"https:\/\/beautyinstitute.ee\/wp-content\/uploads\/2023\/09\/bio-oxygel-50-ml.png\" \/>\n\t<meta property=\"og:image:width\" content=\"1280\" \/>\n\t<meta property=\"og:image:height\" content=\"1280\" \/>\n\t<meta property=\"og:image:type\" content=\"image\/png\" \/>\n<meta name=\"twitter:card\" content=\"summary_large_image\" \/>\n<meta name=\"twitter:site\" content=\"@Beauty_Eesti\" \/>\n<meta name=\"twitter:label1\" content=\"\u041f\u0440\u0438\u043c\u0435\u0440\u043d\u043e\u0435 \u0432\u0440\u0435\u043c\u044f \u0434\u043b\u044f \u0447\u0442\u0435\u043d\u0438\u044f\" \/>\n\t<meta name=\"twitter:data1\" content=\"1 \u043c\u0438\u043d\u0443\u0442\u0430\" \/>\n<script type=\"application\/ld+json\" class=\"yoast-schema-graph\">{\"@context\":\"https:\/\/schema.org\",\"@graph\":[{\"@type\":\"WebPage\",\"@id\":\"https:\/\/beautyinstitute.ee\/toode\/2b-bio-oxygel-energiat-lisavekstrakt\/\",\"url\":\"https:\/\/beautyinstitute.ee\/toode\/2b-bio-oxygel-energiat-lisavekstrakt\/\",\"name\":\"2B Bio Oxygel -Energiat Lisav Ekstrakt - Beauty Institute\",\"isPartOf\":{\"@id\":\"https:\/\/beautyinstitute.ee\/#website\"},\"primaryImageOfPage\":{\"@id\":\"https:\/\/beautyinstitute.ee\/toode\/2b-bio-oxygel-energiat-lisavekstrakt\/#primaryimage\"},\"image\":{\"@id\":\"https:\/\/beautyinstitute.ee\/toode\/2b-bio-oxygel-energiat-lisavekstrakt\/#primaryimage\"},\"thumbnailUrl\":\"https:\/\/beautyinstitute.ee\/wp-content\/uploads\/2023\/09\/bio-oxygel-50-ml.png\",\"datePublished\":\"2023-09-06T13:00:54+00:00\",\"dateModified\":\"2026-04-16T08:43:38+00:00\",\"breadcrumb\":{\"@id\":\"https:\/\/beautyinstitute.ee\/toode\/2b-bio-oxygel-energiat-lisavekstrakt\/#breadcrumb\"},\"inLanguage\":\"ru-RU\",\"potentialAction\":[{\"@type\":\"ReadAction\",\"target\":[\"https:\/\/beautyinstitute.ee\/toode\/2b-bio-oxygel-energiat-lisavekstrakt\/\"]}]},{\"@type\":\"ImageObject\",\"inLanguage\":\"ru-RU\",\"@id\":\"https:\/\/beautyinstitute.ee\/toode\/2b-bio-oxygel-energiat-lisavekstrakt\/#primaryimage\",\"url\":\"https:\/\/beautyinstitute.ee\/wp-content\/uploads\/2023\/09\/bio-oxygel-50-ml.png\",\"contentUrl\":\"https:\/\/beautyinstitute.ee\/wp-content\/uploads\/2023\/09\/bio-oxygel-50-ml.png\",\"width\":1280,\"height\":1280},{\"@type\":\"BreadcrumbList\",\"@id\":\"https:\/\/beautyinstitute.ee\/toode\/2b-bio-oxygel-energiat-lisavekstrakt\/#breadcrumb\",\"itemListElement\":[{\"@type\":\"ListItem\",\"position\":1,\"name\":\"Home\",\"item\":\"https:\/\/beautyinstitute.ee\/ru\/\"},{\"@type\":\"ListItem\",\"position\":2,\"name\":\"E-pood\",\"item\":\"https:\/\/beautyinstitute.ee\/e-pood\/\"},{\"@type\":\"ListItem\",\"position\":3,\"name\":\"2B Bio Oxygel -Energiat Lisav Ekstrakt\"}]},{\"@type\":\"WebSite\",\"@id\":\"https:\/\/beautyinstitute.ee\/#website\",\"url\":\"https:\/\/beautyinstitute.ee\/\",\"name\":\"Beauty Institute\",\"description\":\"CNC Cosmetic ametlik maaletooja ja edasim\u00fc\u00fcja Eestis, Soomes, L\u00e4tis. Aparaadikosmeetika, koolitused, kosmeetikatooted.\",\"potentialAction\":[{\"@type\":\"SearchAction\",\"target\":{\"@type\":\"EntryPoint\",\"urlTemplate\":\"https:\/\/beautyinstitute.ee\/?s={search_term_string}\"},\"query-input\":{\"@type\":\"PropertyValueSpecification\",\"valueRequired\":true,\"valueName\":\"search_term_string\"}}],\"inLanguage\":\"ru-RU\"}]}<\/script>\n<!-- \/ Yoast SEO plugin. -->","yoast_head_json":{"title":"2B Bio Oxygel -Energiat Lisav Ekstrakt - Beauty Institute","robots":{"index":"index","follow":"follow","max-snippet":"max-snippet:-1","max-image-preview":"max-image-preview:large","max-video-preview":"max-video-preview:-1"},"canonical":"https:\/\/beautyinstitute.ee\/toode\/2b-bio-oxygel-energiat-lisavekstrakt\/","og_locale":"ru_RU","og_type":"article","og_title":"2B Bio Oxygel -Energiat Lisav Ekstrakt - Beauty Institute","og_description":"Regulaarne kasutamine neutraliseerib vabad radikaalid (paljude vananemism\u00e4rkide peamine p\u00f5hjus), taastab rakke lisatud hapniku abil. See kannab paremini naha sisse ka teisi j\u00e4rgmiste hoolitsuste koostisosi. 2B Bio Oxygel on superaktiivne vananemisvastane niisutav \u00a0kontsentreeritud ekstrakt. Niisutusvahendeid tuleb kasutada p\u00e4rast oks\u00fcgeeli. Ravi ajal: Oxygel leevendab 2B Bio Peeling&#8217;i p\u00f5hjustatud kipitustunnet, \u00a0varustades nahka hapnikuga ja \u00a0stimuleerides vereringet Peamised aktiivained: [&hellip;]","og_url":"https:\/\/beautyinstitute.ee\/toode\/2b-bio-oxygel-energiat-lisavekstrakt\/","og_site_name":"Beauty Institute","article_modified_time":"2026-04-16T08:43:38+00:00","og_image":[{"width":1280,"height":1280,"url":"https:\/\/beautyinstitute.ee\/wp-content\/uploads\/2023\/09\/bio-oxygel-50-ml.png","type":"image\/png"}],"twitter_card":"summary_large_image","twitter_site":"@Beauty_Eesti","twitter_misc":{"\u041f\u0440\u0438\u043c\u0435\u0440\u043d\u043e\u0435 \u0432\u0440\u0435\u043c\u044f \u0434\u043b\u044f \u0447\u0442\u0435\u043d\u0438\u044f":"1 \u043c\u0438\u043d\u0443\u0442\u0430"},"schema":{"@context":"https:\/\/schema.org","@graph":[{"@type":"WebPage","@id":"https:\/\/beautyinstitute.ee\/toode\/2b-bio-oxygel-energiat-lisavekstrakt\/","url":"https:\/\/beautyinstitute.ee\/toode\/2b-bio-oxygel-energiat-lisavekstrakt\/","name":"2B Bio Oxygel -Energiat Lisav Ekstrakt - Beauty Institute","isPartOf":{"@id":"https:\/\/beautyinstitute.ee\/#website"},"primaryImageOfPage":{"@id":"https:\/\/beautyinstitute.ee\/toode\/2b-bio-oxygel-energiat-lisavekstrakt\/#primaryimage"},"image":{"@id":"https:\/\/beautyinstitute.ee\/toode\/2b-bio-oxygel-energiat-lisavekstrakt\/#primaryimage"},"thumbnailUrl":"https:\/\/beautyinstitute.ee\/wp-content\/uploads\/2023\/09\/bio-oxygel-50-ml.png","datePublished":"2023-09-06T13:00:54+00:00","dateModified":"2026-04-16T08:43:38+00:00","breadcrumb":{"@id":"https:\/\/beautyinstitute.ee\/toode\/2b-bio-oxygel-energiat-lisavekstrakt\/#breadcrumb"},"inLanguage":"ru-RU","potentialAction":[{"@type":"ReadAction","target":["https:\/\/beautyinstitute.ee\/toode\/2b-bio-oxygel-energiat-lisavekstrakt\/"]}]},{"@type":"ImageObject","inLanguage":"ru-RU","@id":"https:\/\/beautyinstitute.ee\/toode\/2b-bio-oxygel-energiat-lisavekstrakt\/#primaryimage","url":"https:\/\/beautyinstitute.ee\/wp-content\/uploads\/2023\/09\/bio-oxygel-50-ml.png","contentUrl":"https:\/\/beautyinstitute.ee\/wp-content\/uploads\/2023\/09\/bio-oxygel-50-ml.png","width":1280,"height":1280},{"@type":"BreadcrumbList","@id":"https:\/\/beautyinstitute.ee\/toode\/2b-bio-oxygel-energiat-lisavekstrakt\/#breadcrumb","itemListElement":[{"@type":"ListItem","position":1,"name":"Home","item":"https:\/\/beautyinstitute.ee\/ru\/"},{"@type":"ListItem","position":2,"name":"E-pood","item":"https:\/\/beautyinstitute.ee\/e-pood\/"},{"@type":"ListItem","position":3,"name":"2B Bio Oxygel -Energiat Lisav Ekstrakt"}]},{"@type":"WebSite","@id":"https:\/\/beautyinstitute.ee\/#website","url":"https:\/\/beautyinstitute.ee\/","name":"Beauty Institute","description":"CNC Cosmetic ametlik maaletooja ja edasim\u00fc\u00fcja Eestis, Soomes, L\u00e4tis. Aparaadikosmeetika, koolitused, kosmeetikatooted.","potentialAction":[{"@type":"SearchAction","target":{"@type":"EntryPoint","urlTemplate":"https:\/\/beautyinstitute.ee\/?s={search_term_string}"},"query-input":{"@type":"PropertyValueSpecification","valueRequired":true,"valueName":"search_term_string"}}],"inLanguage":"ru-RU"}]}},"_links":{"self":[{"href":"https:\/\/beautyinstitute.ee\/ru\/wp-json\/wp\/v2\/product\/24957","targetHints":{"allow":["GET"]}}],"collection":[{"href":"https:\/\/beautyinstitute.ee\/ru\/wp-json\/wp\/v2\/product"}],"about":[{"href":"https:\/\/beautyinstitute.ee\/ru\/wp-json\/wp\/v2\/types\/product"}],"wp:featuredmedia":[{"embeddable":true,"href":"https:\/\/beautyinstitute.ee\/ru\/wp-json\/wp\/v2\/media\/24959"}],"wp:attachment":[{"href":"https:\/\/beautyinstitute.ee\/ru\/wp-json\/wp\/v2\/media?parent=24957"}],"wp:term":[{"taxonomy":"product_cat","embeddable":true,"href":"https:\/\/beautyinstitute.ee\/ru\/wp-json\/wp\/v2\/product_cat?post=24957"},{"taxonomy":"product_tag","embeddable":true,"href":"https:\/\/beautyinstitute.ee\/ru\/wp-json\/wp\/v2\/product_tag?post=24957"}],"curies":[{"name":"wp","href":"https:\/\/api.w.org\/{rel}","templated":true}]}}