{"id":24986,"date":"2023-09-18T11:47:44","date_gmt":"2023-09-18T08:47:44","guid":{"rendered":"https:\/\/beautyinstitute.ee\/?post_type=product&#038;p=24986"},"modified":"2026-04-16T11:43:04","modified_gmt":"2026-04-16T08:43:04","slug":"2b-bio-gommage-orn-koorija","status":"publish","type":"product","link":"https:\/\/beautyinstitute.ee\/ru\/toode\/2b-bio-gommage-orn-koorija\/","title":{"rendered":"2B Bio Gommage \u00d5rn Koorija"},"content":{"rendered":"<p>&nbsp;<\/p>\n<p>\u00d5rn koorija k\u00f5ikidele nahat\u00fc\u00fcpidele.<\/p>\n<p>Kuivale nahale: 2B Bio Gommage eemaldab surnud rakud, mis l\u00e4mmatavad nahka ja takistavad terve naha s\u00e4ravat s\u00e4ra. Samal ajal pakub ka niisutavat toimet.<br \/>\nRasune ja\/v\u00f5i aknele kalduv nahk: 2B Bio Gommage vabastab epidermise komedoonide ja vistrike tekkep\u00f5hjuseks olevatest bakteritest, saavutad puhta ja selge jume.<\/p>\n<p><strong>Peamised aktiivained:<\/strong><\/p>\n<p>Simulgel\u00ae: geel-emulsioon, mis annab nahale t\u00e4iusliku sileda tunde, pehmuse ja v\u00e4rskuse.<br \/>\nAllantoiin: rahustab, niisutab<br \/>\nAbifor 2000\u00ae: koorivad osakesed<br \/>\nAkomed R\u00ae: muudab naha pehmeks ja siledaks<br \/>\nTranscutol\u00ae: multifunktsionaalne kosmeetiline lisaaine, mis v\u00e4hendab teatavate molekulide lagunemise kiirust.<br \/>\nKreeka p\u00e4hklipuu koor: looduslik koorimisvahend, millel on \u00f5rnalt abrasiivne toime.<\/p>\n<p><strong>Tulemused:<\/strong><\/p>\n<p>T\u00e4iuslikult kooritud ja puhastatud nahk saab n\u00fc\u00fcd hingata ja taastada rakkude uuenemise stimuleerimiseks vajaliku energia. Teie jume ei tundu enam tuhm, vaid eluj\u00f5uline ja terve.<\/p>\n<p><strong>Kuidas kasutada:<\/strong><\/p>\n<p>Koorimist tuleks teha aastaringselt! Isegi suvel, kui vastupidiselt levinud arvamusele ei v\u00e4henda see sinu p\u00e4evitust, vaid viimistleb seda, j\u00e4ttes su naha elastseks, niisutatuks ja suvise p\u00e4ikese jaoks valmis. Kasutage alati p\u00e4ikesekaitse kreemi.<br \/>\nN\u00e4gu ja keha: Kanna niisutatud nahale v\u00e4ikeste ringjate liigutustega, keskendudes k\u00f5ige karedamatele piirkondadele. Ideaalis kasutada kord n\u00e4dalas, et tagada epidemise t\u00e4ielik uuenemine.<\/p>\n","protected":false},"excerpt":{"rendered":"<p>&nbsp; \u00d5rn koorija k\u00f5ikidele nahat\u00fc\u00fcpidele. Kuivale nahale: 2B Bio Gommage eemaldab surnud rakud, mis l\u00e4mmatavad nahka ja takistavad terve naha s\u00e4ravat s\u00e4ra. Samal ajal pakub ka niisutavat toimet. Rasune ja\/v\u00f5i aknele kalduv nahk: 2B Bio Gommage vabastab epidermise komedoonide ja vistrike tekkep\u00f5hjuseks olevatest bakteritest, saavutad puhta ja selge jume. Peamised aktiivained: Simulgel\u00ae: geel-emulsioon, mis annab [&hellip;]<\/p>\n","protected":false},"featured_media":25003,"template":"","meta":{"_acf_changed":false},"product_cat":[292,247,15],"product_tag":[],"class_list":["post-24986","product","type-product","status-publish","has-post-thumbnail","hentry","product_cat-2b-bio-beauty","product_cat-koorijad","product_cat-muud-tooted"],"acf":[],"yoast_head":"<!-- This site is optimized with the Yoast SEO plugin v25.4 - https:\/\/yoast.com\/wordpress\/plugins\/seo\/ -->\n<title>2B Bio Gommage \u00d5rn Koorija - Beauty Institute<\/title>\n<meta name=\"robots\" content=\"index, follow, max-snippet:-1, max-image-preview:large, max-video-preview:-1\" \/>\n<link rel=\"canonical\" href=\"https:\/\/beautyinstitute.ee\/toode\/2b-bio-gommage-orn-koorija\/\" \/>\n<meta property=\"og:locale\" content=\"ru_RU\" \/>\n<meta property=\"og:type\" content=\"article\" \/>\n<meta property=\"og:title\" content=\"2B Bio Gommage \u00d5rn Koorija - Beauty Institute\" \/>\n<meta property=\"og:description\" content=\"&nbsp; \u00d5rn koorija k\u00f5ikidele nahat\u00fc\u00fcpidele. Kuivale nahale: 2B Bio Gommage eemaldab surnud rakud, mis l\u00e4mmatavad nahka ja takistavad terve naha s\u00e4ravat s\u00e4ra. Samal ajal pakub ka niisutavat toimet. Rasune ja\/v\u00f5i aknele kalduv nahk: 2B Bio Gommage vabastab epidermise komedoonide ja vistrike tekkep\u00f5hjuseks olevatest bakteritest, saavutad puhta ja selge jume. Peamised aktiivained: Simulgel\u00ae: geel-emulsioon, mis annab [&hellip;]\" \/>\n<meta property=\"og:url\" content=\"https:\/\/beautyinstitute.ee\/toode\/2b-bio-gommage-orn-koorija\/\" \/>\n<meta property=\"og:site_name\" content=\"Beauty Institute\" \/>\n<meta property=\"article:modified_time\" content=\"2026-04-16T08:43:04+00:00\" \/>\n<meta property=\"og:image\" content=\"https:\/\/beautyinstitute.ee\/wp-content\/uploads\/2023\/09\/gommage-200-2.png\" \/>\n\t<meta property=\"og:image:width\" content=\"853\" \/>\n\t<meta property=\"og:image:height\" content=\"1280\" \/>\n\t<meta property=\"og:image:type\" content=\"image\/png\" \/>\n<meta name=\"twitter:card\" content=\"summary_large_image\" \/>\n<meta name=\"twitter:site\" content=\"@Beauty_Eesti\" \/>\n<meta name=\"twitter:label1\" content=\"\u041f\u0440\u0438\u043c\u0435\u0440\u043d\u043e\u0435 \u0432\u0440\u0435\u043c\u044f \u0434\u043b\u044f \u0447\u0442\u0435\u043d\u0438\u044f\" \/>\n\t<meta name=\"twitter:data1\" content=\"1 \u043c\u0438\u043d\u0443\u0442\u0430\" \/>\n<script type=\"application\/ld+json\" class=\"yoast-schema-graph\">{\"@context\":\"https:\/\/schema.org\",\"@graph\":[{\"@type\":\"WebPage\",\"@id\":\"https:\/\/beautyinstitute.ee\/toode\/2b-bio-gommage-orn-koorija\/\",\"url\":\"https:\/\/beautyinstitute.ee\/toode\/2b-bio-gommage-orn-koorija\/\",\"name\":\"2B Bio Gommage \u00d5rn Koorija - Beauty Institute\",\"isPartOf\":{\"@id\":\"https:\/\/beautyinstitute.ee\/#website\"},\"primaryImageOfPage\":{\"@id\":\"https:\/\/beautyinstitute.ee\/toode\/2b-bio-gommage-orn-koorija\/#primaryimage\"},\"image\":{\"@id\":\"https:\/\/beautyinstitute.ee\/toode\/2b-bio-gommage-orn-koorija\/#primaryimage\"},\"thumbnailUrl\":\"https:\/\/beautyinstitute.ee\/wp-content\/uploads\/2023\/09\/gommage-200-2.png\",\"datePublished\":\"2023-09-18T08:47:44+00:00\",\"dateModified\":\"2026-04-16T08:43:04+00:00\",\"breadcrumb\":{\"@id\":\"https:\/\/beautyinstitute.ee\/toode\/2b-bio-gommage-orn-koorija\/#breadcrumb\"},\"inLanguage\":\"ru-RU\",\"potentialAction\":[{\"@type\":\"ReadAction\",\"target\":[\"https:\/\/beautyinstitute.ee\/toode\/2b-bio-gommage-orn-koorija\/\"]}]},{\"@type\":\"ImageObject\",\"inLanguage\":\"ru-RU\",\"@id\":\"https:\/\/beautyinstitute.ee\/toode\/2b-bio-gommage-orn-koorija\/#primaryimage\",\"url\":\"https:\/\/beautyinstitute.ee\/wp-content\/uploads\/2023\/09\/gommage-200-2.png\",\"contentUrl\":\"https:\/\/beautyinstitute.ee\/wp-content\/uploads\/2023\/09\/gommage-200-2.png\",\"width\":853,\"height\":1280},{\"@type\":\"BreadcrumbList\",\"@id\":\"https:\/\/beautyinstitute.ee\/toode\/2b-bio-gommage-orn-koorija\/#breadcrumb\",\"itemListElement\":[{\"@type\":\"ListItem\",\"position\":1,\"name\":\"Home\",\"item\":\"https:\/\/beautyinstitute.ee\/ru\/\"},{\"@type\":\"ListItem\",\"position\":2,\"name\":\"E-pood\",\"item\":\"https:\/\/beautyinstitute.ee\/e-pood\/\"},{\"@type\":\"ListItem\",\"position\":3,\"name\":\"2B Bio Gommage \u00d5rn Koorija\"}]},{\"@type\":\"WebSite\",\"@id\":\"https:\/\/beautyinstitute.ee\/#website\",\"url\":\"https:\/\/beautyinstitute.ee\/\",\"name\":\"Beauty Institute\",\"description\":\"CNC Cosmetic ametlik maaletooja ja edasim\u00fc\u00fcja Eestis, Soomes, L\u00e4tis. Aparaadikosmeetika, koolitused, kosmeetikatooted.\",\"potentialAction\":[{\"@type\":\"SearchAction\",\"target\":{\"@type\":\"EntryPoint\",\"urlTemplate\":\"https:\/\/beautyinstitute.ee\/?s={search_term_string}\"},\"query-input\":{\"@type\":\"PropertyValueSpecification\",\"valueRequired\":true,\"valueName\":\"search_term_string\"}}],\"inLanguage\":\"ru-RU\"}]}<\/script>\n<!-- \/ Yoast SEO plugin. -->","yoast_head_json":{"title":"2B Bio Gommage \u00d5rn Koorija - Beauty Institute","robots":{"index":"index","follow":"follow","max-snippet":"max-snippet:-1","max-image-preview":"max-image-preview:large","max-video-preview":"max-video-preview:-1"},"canonical":"https:\/\/beautyinstitute.ee\/toode\/2b-bio-gommage-orn-koorija\/","og_locale":"ru_RU","og_type":"article","og_title":"2B Bio Gommage \u00d5rn Koorija - Beauty Institute","og_description":"&nbsp; \u00d5rn koorija k\u00f5ikidele nahat\u00fc\u00fcpidele. Kuivale nahale: 2B Bio Gommage eemaldab surnud rakud, mis l\u00e4mmatavad nahka ja takistavad terve naha s\u00e4ravat s\u00e4ra. Samal ajal pakub ka niisutavat toimet. Rasune ja\/v\u00f5i aknele kalduv nahk: 2B Bio Gommage vabastab epidermise komedoonide ja vistrike tekkep\u00f5hjuseks olevatest bakteritest, saavutad puhta ja selge jume. Peamised aktiivained: Simulgel\u00ae: geel-emulsioon, mis annab [&hellip;]","og_url":"https:\/\/beautyinstitute.ee\/toode\/2b-bio-gommage-orn-koorija\/","og_site_name":"Beauty Institute","article_modified_time":"2026-04-16T08:43:04+00:00","og_image":[{"width":853,"height":1280,"url":"https:\/\/beautyinstitute.ee\/wp-content\/uploads\/2023\/09\/gommage-200-2.png","type":"image\/png"}],"twitter_card":"summary_large_image","twitter_site":"@Beauty_Eesti","twitter_misc":{"\u041f\u0440\u0438\u043c\u0435\u0440\u043d\u043e\u0435 \u0432\u0440\u0435\u043c\u044f \u0434\u043b\u044f \u0447\u0442\u0435\u043d\u0438\u044f":"1 \u043c\u0438\u043d\u0443\u0442\u0430"},"schema":{"@context":"https:\/\/schema.org","@graph":[{"@type":"WebPage","@id":"https:\/\/beautyinstitute.ee\/toode\/2b-bio-gommage-orn-koorija\/","url":"https:\/\/beautyinstitute.ee\/toode\/2b-bio-gommage-orn-koorija\/","name":"2B Bio Gommage \u00d5rn Koorija - Beauty Institute","isPartOf":{"@id":"https:\/\/beautyinstitute.ee\/#website"},"primaryImageOfPage":{"@id":"https:\/\/beautyinstitute.ee\/toode\/2b-bio-gommage-orn-koorija\/#primaryimage"},"image":{"@id":"https:\/\/beautyinstitute.ee\/toode\/2b-bio-gommage-orn-koorija\/#primaryimage"},"thumbnailUrl":"https:\/\/beautyinstitute.ee\/wp-content\/uploads\/2023\/09\/gommage-200-2.png","datePublished":"2023-09-18T08:47:44+00:00","dateModified":"2026-04-16T08:43:04+00:00","breadcrumb":{"@id":"https:\/\/beautyinstitute.ee\/toode\/2b-bio-gommage-orn-koorija\/#breadcrumb"},"inLanguage":"ru-RU","potentialAction":[{"@type":"ReadAction","target":["https:\/\/beautyinstitute.ee\/toode\/2b-bio-gommage-orn-koorija\/"]}]},{"@type":"ImageObject","inLanguage":"ru-RU","@id":"https:\/\/beautyinstitute.ee\/toode\/2b-bio-gommage-orn-koorija\/#primaryimage","url":"https:\/\/beautyinstitute.ee\/wp-content\/uploads\/2023\/09\/gommage-200-2.png","contentUrl":"https:\/\/beautyinstitute.ee\/wp-content\/uploads\/2023\/09\/gommage-200-2.png","width":853,"height":1280},{"@type":"BreadcrumbList","@id":"https:\/\/beautyinstitute.ee\/toode\/2b-bio-gommage-orn-koorija\/#breadcrumb","itemListElement":[{"@type":"ListItem","position":1,"name":"Home","item":"https:\/\/beautyinstitute.ee\/ru\/"},{"@type":"ListItem","position":2,"name":"E-pood","item":"https:\/\/beautyinstitute.ee\/e-pood\/"},{"@type":"ListItem","position":3,"name":"2B Bio Gommage \u00d5rn Koorija"}]},{"@type":"WebSite","@id":"https:\/\/beautyinstitute.ee\/#website","url":"https:\/\/beautyinstitute.ee\/","name":"Beauty Institute","description":"CNC Cosmetic ametlik maaletooja ja edasim\u00fc\u00fcja Eestis, Soomes, L\u00e4tis. Aparaadikosmeetika, koolitused, kosmeetikatooted.","potentialAction":[{"@type":"SearchAction","target":{"@type":"EntryPoint","urlTemplate":"https:\/\/beautyinstitute.ee\/?s={search_term_string}"},"query-input":{"@type":"PropertyValueSpecification","valueRequired":true,"valueName":"search_term_string"}}],"inLanguage":"ru-RU"}]}},"_links":{"self":[{"href":"https:\/\/beautyinstitute.ee\/ru\/wp-json\/wp\/v2\/product\/24986","targetHints":{"allow":["GET"]}}],"collection":[{"href":"https:\/\/beautyinstitute.ee\/ru\/wp-json\/wp\/v2\/product"}],"about":[{"href":"https:\/\/beautyinstitute.ee\/ru\/wp-json\/wp\/v2\/types\/product"}],"wp:featuredmedia":[{"embeddable":true,"href":"https:\/\/beautyinstitute.ee\/ru\/wp-json\/wp\/v2\/media\/25003"}],"wp:attachment":[{"href":"https:\/\/beautyinstitute.ee\/ru\/wp-json\/wp\/v2\/media?parent=24986"}],"wp:term":[{"taxonomy":"product_cat","embeddable":true,"href":"https:\/\/beautyinstitute.ee\/ru\/wp-json\/wp\/v2\/product_cat?post=24986"},{"taxonomy":"product_tag","embeddable":true,"href":"https:\/\/beautyinstitute.ee\/ru\/wp-json\/wp\/v2\/product_tag?post=24986"}],"curies":[{"name":"wp","href":"https:\/\/api.w.org\/{rel}","templated":true}]}}