{"id":25008,"date":"2023-09-07T12:57:11","date_gmt":"2023-09-07T09:57:11","guid":{"rendered":"https:\/\/beautyinstitute.ee\/?post_type=product&#038;p=25008"},"modified":"2026-04-16T11:43:38","modified_gmt":"2026-04-16T08:43:38","slug":"2b-bio-serum-o2","status":"publish","type":"product","link":"https:\/\/beautyinstitute.ee\/ru\/toode\/2b-bio-serum-o2\/","title":{"rendered":"2B Bio S\u00e9rum O2"},"content":{"rendered":"<p>K\u00f5rge kontsentratsiooniga ja kvaliteetsetest koostisosadest koosnev 2B Bio Serum koos 2B Bio Cocooniga \u00a0rikastab nahka hapnikuga, laseb nahal hingata ja kaitseb nahka kahjulike keskkonnam\u00f5jude eest. Toimib ka detoksifitseeriva, niisutava hooldusena.<\/p>\n<ul>\n<li><strong>Aitab suurendada O2 osakaalu teie nahas<\/strong><\/li>\n<li>Puhastab rakud toksiinidest, mis neid l\u00e4mmatavad<\/li>\n<li>Aitab suurendada kollageeni tootmist<\/li>\n<li>Optimeerib naha niisutamist<\/li>\n<li>Tugevdab h\u00fcdrolipiidi barj\u00e4\u00e4ri<\/li>\n<li>Aitab kiirendada rakkude vahelist ainevahetust<\/li>\n<\/ul>\n<p><strong>Peamised aktiivained:<\/strong><\/p>\n<p><strong>Perfluorodekaliin: suurendab hapniku sisaldust nahas.<\/strong><br \/>\nPerfluoropol\u00fcmet\u00fc\u00fclisoprop\u00fc\u00fcleeter: optimeerib perfluorodekaliini toimeid.<br \/>\nSorbeth-30: \u00a0intensiivne niisutav<\/p>\n<p><strong>Tulemused:<\/strong><\/p>\n<p>Koos 2B Bio Cocooniga v\u00f5imaldab 2B Bio Serum teie nahal optimaalselt hingata ja paremini end ise reguleerida saastunud keskkonnas. See on ideaalne detoksifitseerija, kuna see puhastab teie nahka s\u00fcsinikdioksiidist ja rikastab seda hapnikuga. Kortsud v\u00e4henevad silmn\u00e4htavalt. Kaitseb nahka kuivamise eest, aeel\u00e4bi saab teie nahk tagasi oma noorusliku s\u00e4ra.<\/p>\n<p><strong>Kuidas \u00a0kasutada:<\/strong><\/p>\n<ul>\n<li>14-p\u00e4evase kuurina<\/li>\n<li>Vastavalt vajadusele, vaheldumisi 2B Bio Oxygeliga. Iga p\u00e4ev, hommikul ja \u00f5htul, puhastatud nahale, enne p\u00e4eva- v\u00f5i \u00f6\u00f6kreemi. Kanda n\u00e4ole ja kaelale.<\/li>\n<li>Peale seerumi pealekandmist ja imendumist muutub nahk koheselt pehmeks.<\/li>\n<\/ul>\n","protected":false},"excerpt":{"rendered":"<p>K\u00f5rge kontsentratsiooniga ja kvaliteetsetest koostisosadest koosnev 2B Bio Serum koos 2B Bio Cocooniga \u00a0rikastab nahka hapnikuga, laseb nahal hingata ja kaitseb nahka kahjulike keskkonnam\u00f5jude eest. Toimib ka detoksifitseeriva, niisutava hooldusena. Aitab suurendada O2 osakaalu teie nahas Puhastab rakud toksiinidest, mis neid l\u00e4mmatavad Aitab suurendada kollageeni tootmist Optimeerib naha niisutamist Tugevdab h\u00fcdrolipiidi barj\u00e4\u00e4ri Aitab kiirendada rakkude [&hellip;]<\/p>\n","protected":false},"featured_media":25015,"template":"","meta":{"_acf_changed":false},"product_cat":[292,249],"product_tag":[],"class_list":["post-25008","product","type-product","status-publish","has-post-thumbnail","hentry","product_cat-2b-bio-beauty","product_cat-seerumid-2"],"acf":[],"yoast_head":"<!-- This site is optimized with the Yoast SEO plugin v25.4 - https:\/\/yoast.com\/wordpress\/plugins\/seo\/ -->\n<title>2B Bio S\u00e9rum O2 - Beauty Institute<\/title>\n<meta name=\"robots\" content=\"index, follow, max-snippet:-1, max-image-preview:large, max-video-preview:-1\" \/>\n<link rel=\"canonical\" href=\"https:\/\/beautyinstitute.ee\/toode\/2b-bio-serum-o2\/\" \/>\n<meta property=\"og:locale\" content=\"ru_RU\" \/>\n<meta property=\"og:type\" content=\"article\" \/>\n<meta property=\"og:title\" content=\"2B Bio S\u00e9rum O2 - Beauty Institute\" \/>\n<meta property=\"og:description\" content=\"K\u00f5rge kontsentratsiooniga ja kvaliteetsetest koostisosadest koosnev 2B Bio Serum koos 2B Bio Cocooniga \u00a0rikastab nahka hapnikuga, laseb nahal hingata ja kaitseb nahka kahjulike keskkonnam\u00f5jude eest. Toimib ka detoksifitseeriva, niisutava hooldusena. Aitab suurendada O2 osakaalu teie nahas Puhastab rakud toksiinidest, mis neid l\u00e4mmatavad Aitab suurendada kollageeni tootmist Optimeerib naha niisutamist Tugevdab h\u00fcdrolipiidi barj\u00e4\u00e4ri Aitab kiirendada rakkude [&hellip;]\" \/>\n<meta property=\"og:url\" content=\"https:\/\/beautyinstitute.ee\/toode\/2b-bio-serum-o2\/\" \/>\n<meta property=\"og:site_name\" content=\"Beauty Institute\" \/>\n<meta property=\"article:modified_time\" content=\"2026-04-16T08:43:38+00:00\" \/>\n<meta property=\"og:image\" content=\"https:\/\/beautyinstitute.ee\/wp-content\/uploads\/2023\/09\/serum-O2-30ml.png\" \/>\n\t<meta property=\"og:image:width\" content=\"1219\" \/>\n\t<meta property=\"og:image:height\" content=\"1280\" \/>\n\t<meta property=\"og:image:type\" content=\"image\/png\" \/>\n<meta name=\"twitter:card\" content=\"summary_large_image\" \/>\n<meta name=\"twitter:site\" content=\"@Beauty_Eesti\" \/>\n<meta name=\"twitter:label1\" content=\"\u041f\u0440\u0438\u043c\u0435\u0440\u043d\u043e\u0435 \u0432\u0440\u0435\u043c\u044f \u0434\u043b\u044f \u0447\u0442\u0435\u043d\u0438\u044f\" \/>\n\t<meta name=\"twitter:data1\" content=\"1 \u043c\u0438\u043d\u0443\u0442\u0430\" \/>\n<script type=\"application\/ld+json\" class=\"yoast-schema-graph\">{\"@context\":\"https:\/\/schema.org\",\"@graph\":[{\"@type\":\"WebPage\",\"@id\":\"https:\/\/beautyinstitute.ee\/toode\/2b-bio-serum-o2\/\",\"url\":\"https:\/\/beautyinstitute.ee\/toode\/2b-bio-serum-o2\/\",\"name\":\"2B Bio S\u00e9rum O2 - Beauty Institute\",\"isPartOf\":{\"@id\":\"https:\/\/beautyinstitute.ee\/#website\"},\"primaryImageOfPage\":{\"@id\":\"https:\/\/beautyinstitute.ee\/toode\/2b-bio-serum-o2\/#primaryimage\"},\"image\":{\"@id\":\"https:\/\/beautyinstitute.ee\/toode\/2b-bio-serum-o2\/#primaryimage\"},\"thumbnailUrl\":\"https:\/\/beautyinstitute.ee\/wp-content\/uploads\/2023\/09\/serum-O2-30ml.png\",\"datePublished\":\"2023-09-07T09:57:11+00:00\",\"dateModified\":\"2026-04-16T08:43:38+00:00\",\"breadcrumb\":{\"@id\":\"https:\/\/beautyinstitute.ee\/toode\/2b-bio-serum-o2\/#breadcrumb\"},\"inLanguage\":\"ru-RU\",\"potentialAction\":[{\"@type\":\"ReadAction\",\"target\":[\"https:\/\/beautyinstitute.ee\/toode\/2b-bio-serum-o2\/\"]}]},{\"@type\":\"ImageObject\",\"inLanguage\":\"ru-RU\",\"@id\":\"https:\/\/beautyinstitute.ee\/toode\/2b-bio-serum-o2\/#primaryimage\",\"url\":\"https:\/\/beautyinstitute.ee\/wp-content\/uploads\/2023\/09\/serum-O2-30ml.png\",\"contentUrl\":\"https:\/\/beautyinstitute.ee\/wp-content\/uploads\/2023\/09\/serum-O2-30ml.png\",\"width\":1219,\"height\":1280},{\"@type\":\"BreadcrumbList\",\"@id\":\"https:\/\/beautyinstitute.ee\/toode\/2b-bio-serum-o2\/#breadcrumb\",\"itemListElement\":[{\"@type\":\"ListItem\",\"position\":1,\"name\":\"Home\",\"item\":\"https:\/\/beautyinstitute.ee\/ru\/\"},{\"@type\":\"ListItem\",\"position\":2,\"name\":\"E-pood\",\"item\":\"https:\/\/beautyinstitute.ee\/e-pood\/\"},{\"@type\":\"ListItem\",\"position\":3,\"name\":\"2B Bio S\u00e9rum O2\"}]},{\"@type\":\"WebSite\",\"@id\":\"https:\/\/beautyinstitute.ee\/#website\",\"url\":\"https:\/\/beautyinstitute.ee\/\",\"name\":\"Beauty Institute\",\"description\":\"CNC Cosmetic ametlik maaletooja ja edasim\u00fc\u00fcja Eestis, Soomes, L\u00e4tis. Aparaadikosmeetika, koolitused, kosmeetikatooted.\",\"potentialAction\":[{\"@type\":\"SearchAction\",\"target\":{\"@type\":\"EntryPoint\",\"urlTemplate\":\"https:\/\/beautyinstitute.ee\/?s={search_term_string}\"},\"query-input\":{\"@type\":\"PropertyValueSpecification\",\"valueRequired\":true,\"valueName\":\"search_term_string\"}}],\"inLanguage\":\"ru-RU\"}]}<\/script>\n<!-- \/ Yoast SEO plugin. -->","yoast_head_json":{"title":"2B Bio S\u00e9rum O2 - Beauty Institute","robots":{"index":"index","follow":"follow","max-snippet":"max-snippet:-1","max-image-preview":"max-image-preview:large","max-video-preview":"max-video-preview:-1"},"canonical":"https:\/\/beautyinstitute.ee\/toode\/2b-bio-serum-o2\/","og_locale":"ru_RU","og_type":"article","og_title":"2B Bio S\u00e9rum O2 - Beauty Institute","og_description":"K\u00f5rge kontsentratsiooniga ja kvaliteetsetest koostisosadest koosnev 2B Bio Serum koos 2B Bio Cocooniga \u00a0rikastab nahka hapnikuga, laseb nahal hingata ja kaitseb nahka kahjulike keskkonnam\u00f5jude eest. Toimib ka detoksifitseeriva, niisutava hooldusena. Aitab suurendada O2 osakaalu teie nahas Puhastab rakud toksiinidest, mis neid l\u00e4mmatavad Aitab suurendada kollageeni tootmist Optimeerib naha niisutamist Tugevdab h\u00fcdrolipiidi barj\u00e4\u00e4ri Aitab kiirendada rakkude [&hellip;]","og_url":"https:\/\/beautyinstitute.ee\/toode\/2b-bio-serum-o2\/","og_site_name":"Beauty Institute","article_modified_time":"2026-04-16T08:43:38+00:00","og_image":[{"width":1219,"height":1280,"url":"https:\/\/beautyinstitute.ee\/wp-content\/uploads\/2023\/09\/serum-O2-30ml.png","type":"image\/png"}],"twitter_card":"summary_large_image","twitter_site":"@Beauty_Eesti","twitter_misc":{"\u041f\u0440\u0438\u043c\u0435\u0440\u043d\u043e\u0435 \u0432\u0440\u0435\u043c\u044f \u0434\u043b\u044f \u0447\u0442\u0435\u043d\u0438\u044f":"1 \u043c\u0438\u043d\u0443\u0442\u0430"},"schema":{"@context":"https:\/\/schema.org","@graph":[{"@type":"WebPage","@id":"https:\/\/beautyinstitute.ee\/toode\/2b-bio-serum-o2\/","url":"https:\/\/beautyinstitute.ee\/toode\/2b-bio-serum-o2\/","name":"2B Bio S\u00e9rum O2 - Beauty Institute","isPartOf":{"@id":"https:\/\/beautyinstitute.ee\/#website"},"primaryImageOfPage":{"@id":"https:\/\/beautyinstitute.ee\/toode\/2b-bio-serum-o2\/#primaryimage"},"image":{"@id":"https:\/\/beautyinstitute.ee\/toode\/2b-bio-serum-o2\/#primaryimage"},"thumbnailUrl":"https:\/\/beautyinstitute.ee\/wp-content\/uploads\/2023\/09\/serum-O2-30ml.png","datePublished":"2023-09-07T09:57:11+00:00","dateModified":"2026-04-16T08:43:38+00:00","breadcrumb":{"@id":"https:\/\/beautyinstitute.ee\/toode\/2b-bio-serum-o2\/#breadcrumb"},"inLanguage":"ru-RU","potentialAction":[{"@type":"ReadAction","target":["https:\/\/beautyinstitute.ee\/toode\/2b-bio-serum-o2\/"]}]},{"@type":"ImageObject","inLanguage":"ru-RU","@id":"https:\/\/beautyinstitute.ee\/toode\/2b-bio-serum-o2\/#primaryimage","url":"https:\/\/beautyinstitute.ee\/wp-content\/uploads\/2023\/09\/serum-O2-30ml.png","contentUrl":"https:\/\/beautyinstitute.ee\/wp-content\/uploads\/2023\/09\/serum-O2-30ml.png","width":1219,"height":1280},{"@type":"BreadcrumbList","@id":"https:\/\/beautyinstitute.ee\/toode\/2b-bio-serum-o2\/#breadcrumb","itemListElement":[{"@type":"ListItem","position":1,"name":"Home","item":"https:\/\/beautyinstitute.ee\/ru\/"},{"@type":"ListItem","position":2,"name":"E-pood","item":"https:\/\/beautyinstitute.ee\/e-pood\/"},{"@type":"ListItem","position":3,"name":"2B Bio S\u00e9rum O2"}]},{"@type":"WebSite","@id":"https:\/\/beautyinstitute.ee\/#website","url":"https:\/\/beautyinstitute.ee\/","name":"Beauty Institute","description":"CNC Cosmetic ametlik maaletooja ja edasim\u00fc\u00fcja Eestis, Soomes, L\u00e4tis. Aparaadikosmeetika, koolitused, kosmeetikatooted.","potentialAction":[{"@type":"SearchAction","target":{"@type":"EntryPoint","urlTemplate":"https:\/\/beautyinstitute.ee\/?s={search_term_string}"},"query-input":{"@type":"PropertyValueSpecification","valueRequired":true,"valueName":"search_term_string"}}],"inLanguage":"ru-RU"}]}},"_links":{"self":[{"href":"https:\/\/beautyinstitute.ee\/ru\/wp-json\/wp\/v2\/product\/25008","targetHints":{"allow":["GET"]}}],"collection":[{"href":"https:\/\/beautyinstitute.ee\/ru\/wp-json\/wp\/v2\/product"}],"about":[{"href":"https:\/\/beautyinstitute.ee\/ru\/wp-json\/wp\/v2\/types\/product"}],"wp:featuredmedia":[{"embeddable":true,"href":"https:\/\/beautyinstitute.ee\/ru\/wp-json\/wp\/v2\/media\/25015"}],"wp:attachment":[{"href":"https:\/\/beautyinstitute.ee\/ru\/wp-json\/wp\/v2\/media?parent=25008"}],"wp:term":[{"taxonomy":"product_cat","embeddable":true,"href":"https:\/\/beautyinstitute.ee\/ru\/wp-json\/wp\/v2\/product_cat?post=25008"},{"taxonomy":"product_tag","embeddable":true,"href":"https:\/\/beautyinstitute.ee\/ru\/wp-json\/wp\/v2\/product_tag?post=25008"}],"curies":[{"name":"wp","href":"https:\/\/api.w.org\/{rel}","templated":true}]}}