{"id":25023,"date":"2023-09-07T15:05:16","date_gmt":"2023-09-07T12:05:16","guid":{"rendered":"https:\/\/beautyinstitute.ee\/?post_type=product&#038;p=25023"},"modified":"2026-04-27T11:20:07","modified_gmt":"2026-04-27T08:20:07","slug":"2b-bio-cocoon-niisutav-kreem","status":"publish","type":"product","link":"https:\/\/beautyinstitute.ee\/ru\/toode\/2b-bio-cocoon-niisutav-kreem\/","title":{"rendered":"2B Bio Cocoon Niisutav Kreem"},"content":{"rendered":"<p>H\u00fcdreerib ja toidab s\u00fcgavuti.<br \/>\nNoorendab rakkudevahelist sideainet.<br \/>\nV\u00f5itleb vabade radikaalide leviku vastu.<br \/>\nTugevdab naha loomulikku kaitsev\u00f5imet.<br \/>\nKorrigeerib nahapinna ebatasasusi valgust hajutavate mikroosakeste abil.<\/p>\n<p><b>Peamised aktiivained:<\/b><\/p>\n<p>Sheav\u00f5i: pehmendav.<br \/>\nAllantoiin: rahustav ja \u00e4rritustevastane.<br \/>\nJaapani mererohi: niisutav.<br \/>\nE-vitamiin: antioks\u00fcdant.<br \/>\nGl\u00fctseriin: niisutav.<br \/>\nSkvalaan: niisutav.<\/p>\n<p><b>Tulemused:<\/b><\/p>\n<p>Ideaalne hooldus kuivale nahale. T\u00e4iuslikult niisutatud ja toidetud nahk on vastupidavam ja elastsem. Kuivusest tingitud karedus annab teed uskumatule pehmusele. Kortsukesed kaovad, \u00a0jume n\u00e4eb s\u00e4rav v\u00e4lja.<\/p>\n<p><b>Kuidas seda kasutada:<\/b><\/p>\n<p>Igal hommikul kanna 2B Bio Cocoon \u00f5rnalt masseerides nahale. Parima tulemuse saavutamiseks kanda eelnevalt n\u00e4ole ja kaelale 2B Bio seerum v\u00f5i 2B Bio Oxygel. \u00a0V\u00f5ite kasutada seda ka maskina. Sel juhul kandke nahale paks kiht kreemi: hoidke 10 minutit \u00a0ja eemaldage \u00fclej\u00e4\u00e4gid (kui neid on!) 2B Bio Douceur toonikuga niisutatud vatipadjaga.<\/p>\n<p>Niisutav kreem kuivale nahale. Imeline &#8220;sulav&#8221; tekstuur koos v\u00e4ga meeldiva lootoslille l\u00f5hnaga.<\/p>\n","protected":false},"excerpt":{"rendered":"<p>H\u00fcdreerib ja toidab s\u00fcgavuti. Noorendab rakkudevahelist sideainet. V\u00f5itleb vabade radikaalide leviku vastu. Tugevdab naha loomulikku kaitsev\u00f5imet. Korrigeerib nahapinna ebatasasusi valgust hajutavate mikroosakeste abil. Peamised aktiivained: Sheav\u00f5i: pehmendav. Allantoiin: rahustav ja \u00e4rritustevastane. Jaapani mererohi: niisutav. E-vitamiin: antioks\u00fcdant. Gl\u00fctseriin: niisutav. Skvalaan: niisutav. Tulemused: Ideaalne hooldus kuivale nahale. T\u00e4iuslikult niisutatud ja toidetud nahk on vastupidavam ja elastsem. Kuivusest [&hellip;]<\/p>\n","protected":false},"featured_media":25029,"template":"","meta":{"_acf_changed":false},"product_cat":[292,250],"product_tag":[],"class_list":["post-25023","product","type-product","status-publish","has-post-thumbnail","hentry","product_cat-2b-bio-beauty","product_cat-naokreemid"],"acf":[],"yoast_head":"<!-- This site is optimized with the Yoast SEO plugin v25.4 - https:\/\/yoast.com\/wordpress\/plugins\/seo\/ -->\n<title>2B Bio Cocoon Niisutav Kreem - Beauty Institute<\/title>\n<meta name=\"robots\" content=\"index, follow, max-snippet:-1, max-image-preview:large, max-video-preview:-1\" \/>\n<link rel=\"canonical\" href=\"https:\/\/beautyinstitute.ee\/toode\/2b-bio-cocoon-niisutav-kreem\/\" \/>\n<meta property=\"og:locale\" content=\"ru_RU\" \/>\n<meta property=\"og:type\" content=\"article\" \/>\n<meta property=\"og:title\" content=\"2B Bio Cocoon Niisutav Kreem - Beauty Institute\" \/>\n<meta property=\"og:description\" content=\"H\u00fcdreerib ja toidab s\u00fcgavuti. Noorendab rakkudevahelist sideainet. V\u00f5itleb vabade radikaalide leviku vastu. Tugevdab naha loomulikku kaitsev\u00f5imet. Korrigeerib nahapinna ebatasasusi valgust hajutavate mikroosakeste abil. Peamised aktiivained: Sheav\u00f5i: pehmendav. Allantoiin: rahustav ja \u00e4rritustevastane. Jaapani mererohi: niisutav. E-vitamiin: antioks\u00fcdant. Gl\u00fctseriin: niisutav. Skvalaan: niisutav. Tulemused: Ideaalne hooldus kuivale nahale. T\u00e4iuslikult niisutatud ja toidetud nahk on vastupidavam ja elastsem. Kuivusest [&hellip;]\" \/>\n<meta property=\"og:url\" content=\"https:\/\/beautyinstitute.ee\/toode\/2b-bio-cocoon-niisutav-kreem\/\" \/>\n<meta property=\"og:site_name\" content=\"Beauty Institute\" \/>\n<meta property=\"article:modified_time\" content=\"2026-04-27T08:20:07+00:00\" \/>\n<meta property=\"og:image\" content=\"https:\/\/beautyinstitute.ee\/wp-content\/uploads\/2023\/09\/cocoon-50ml.png\" \/>\n\t<meta property=\"og:image:width\" content=\"1280\" \/>\n\t<meta property=\"og:image:height\" content=\"1280\" \/>\n\t<meta property=\"og:image:type\" content=\"image\/png\" \/>\n<meta name=\"twitter:card\" content=\"summary_large_image\" \/>\n<meta name=\"twitter:site\" content=\"@Beauty_Eesti\" \/>\n<meta name=\"twitter:label1\" content=\"\u041f\u0440\u0438\u043c\u0435\u0440\u043d\u043e\u0435 \u0432\u0440\u0435\u043c\u044f \u0434\u043b\u044f \u0447\u0442\u0435\u043d\u0438\u044f\" \/>\n\t<meta name=\"twitter:data1\" content=\"1 \u043c\u0438\u043d\u0443\u0442\u0430\" \/>\n<script type=\"application\/ld+json\" class=\"yoast-schema-graph\">{\"@context\":\"https:\/\/schema.org\",\"@graph\":[{\"@type\":\"WebPage\",\"@id\":\"https:\/\/beautyinstitute.ee\/toode\/2b-bio-cocoon-niisutav-kreem\/\",\"url\":\"https:\/\/beautyinstitute.ee\/toode\/2b-bio-cocoon-niisutav-kreem\/\",\"name\":\"2B Bio Cocoon Niisutav Kreem - Beauty Institute\",\"isPartOf\":{\"@id\":\"https:\/\/beautyinstitute.ee\/#website\"},\"primaryImageOfPage\":{\"@id\":\"https:\/\/beautyinstitute.ee\/toode\/2b-bio-cocoon-niisutav-kreem\/#primaryimage\"},\"image\":{\"@id\":\"https:\/\/beautyinstitute.ee\/toode\/2b-bio-cocoon-niisutav-kreem\/#primaryimage\"},\"thumbnailUrl\":\"https:\/\/beautyinstitute.ee\/wp-content\/uploads\/2023\/09\/cocoon-50ml.png\",\"datePublished\":\"2023-09-07T12:05:16+00:00\",\"dateModified\":\"2026-04-27T08:20:07+00:00\",\"breadcrumb\":{\"@id\":\"https:\/\/beautyinstitute.ee\/toode\/2b-bio-cocoon-niisutav-kreem\/#breadcrumb\"},\"inLanguage\":\"ru-RU\",\"potentialAction\":[{\"@type\":\"ReadAction\",\"target\":[\"https:\/\/beautyinstitute.ee\/toode\/2b-bio-cocoon-niisutav-kreem\/\"]}]},{\"@type\":\"ImageObject\",\"inLanguage\":\"ru-RU\",\"@id\":\"https:\/\/beautyinstitute.ee\/toode\/2b-bio-cocoon-niisutav-kreem\/#primaryimage\",\"url\":\"https:\/\/beautyinstitute.ee\/wp-content\/uploads\/2023\/09\/cocoon-50ml.png\",\"contentUrl\":\"https:\/\/beautyinstitute.ee\/wp-content\/uploads\/2023\/09\/cocoon-50ml.png\",\"width\":1280,\"height\":1280},{\"@type\":\"BreadcrumbList\",\"@id\":\"https:\/\/beautyinstitute.ee\/toode\/2b-bio-cocoon-niisutav-kreem\/#breadcrumb\",\"itemListElement\":[{\"@type\":\"ListItem\",\"position\":1,\"name\":\"Home\",\"item\":\"https:\/\/beautyinstitute.ee\/ru\/\"},{\"@type\":\"ListItem\",\"position\":2,\"name\":\"E-pood\",\"item\":\"https:\/\/beautyinstitute.ee\/e-pood\/\"},{\"@type\":\"ListItem\",\"position\":3,\"name\":\"2B Bio Cocoon Niisutav Kreem\"}]},{\"@type\":\"WebSite\",\"@id\":\"https:\/\/beautyinstitute.ee\/#website\",\"url\":\"https:\/\/beautyinstitute.ee\/\",\"name\":\"Beauty Institute\",\"description\":\"CNC Cosmetic ametlik maaletooja ja edasim\u00fc\u00fcja Eestis, Soomes, L\u00e4tis. Aparaadikosmeetika, koolitused, kosmeetikatooted.\",\"potentialAction\":[{\"@type\":\"SearchAction\",\"target\":{\"@type\":\"EntryPoint\",\"urlTemplate\":\"https:\/\/beautyinstitute.ee\/?s={search_term_string}\"},\"query-input\":{\"@type\":\"PropertyValueSpecification\",\"valueRequired\":true,\"valueName\":\"search_term_string\"}}],\"inLanguage\":\"ru-RU\"}]}<\/script>\n<!-- \/ Yoast SEO plugin. -->","yoast_head_json":{"title":"2B Bio Cocoon Niisutav Kreem - Beauty Institute","robots":{"index":"index","follow":"follow","max-snippet":"max-snippet:-1","max-image-preview":"max-image-preview:large","max-video-preview":"max-video-preview:-1"},"canonical":"https:\/\/beautyinstitute.ee\/toode\/2b-bio-cocoon-niisutav-kreem\/","og_locale":"ru_RU","og_type":"article","og_title":"2B Bio Cocoon Niisutav Kreem - Beauty Institute","og_description":"H\u00fcdreerib ja toidab s\u00fcgavuti. Noorendab rakkudevahelist sideainet. V\u00f5itleb vabade radikaalide leviku vastu. Tugevdab naha loomulikku kaitsev\u00f5imet. Korrigeerib nahapinna ebatasasusi valgust hajutavate mikroosakeste abil. Peamised aktiivained: Sheav\u00f5i: pehmendav. Allantoiin: rahustav ja \u00e4rritustevastane. Jaapani mererohi: niisutav. E-vitamiin: antioks\u00fcdant. Gl\u00fctseriin: niisutav. Skvalaan: niisutav. Tulemused: Ideaalne hooldus kuivale nahale. T\u00e4iuslikult niisutatud ja toidetud nahk on vastupidavam ja elastsem. Kuivusest [&hellip;]","og_url":"https:\/\/beautyinstitute.ee\/toode\/2b-bio-cocoon-niisutav-kreem\/","og_site_name":"Beauty Institute","article_modified_time":"2026-04-27T08:20:07+00:00","og_image":[{"width":1280,"height":1280,"url":"https:\/\/beautyinstitute.ee\/wp-content\/uploads\/2023\/09\/cocoon-50ml.png","type":"image\/png"}],"twitter_card":"summary_large_image","twitter_site":"@Beauty_Eesti","twitter_misc":{"\u041f\u0440\u0438\u043c\u0435\u0440\u043d\u043e\u0435 \u0432\u0440\u0435\u043c\u044f \u0434\u043b\u044f \u0447\u0442\u0435\u043d\u0438\u044f":"1 \u043c\u0438\u043d\u0443\u0442\u0430"},"schema":{"@context":"https:\/\/schema.org","@graph":[{"@type":"WebPage","@id":"https:\/\/beautyinstitute.ee\/toode\/2b-bio-cocoon-niisutav-kreem\/","url":"https:\/\/beautyinstitute.ee\/toode\/2b-bio-cocoon-niisutav-kreem\/","name":"2B Bio Cocoon Niisutav Kreem - Beauty Institute","isPartOf":{"@id":"https:\/\/beautyinstitute.ee\/#website"},"primaryImageOfPage":{"@id":"https:\/\/beautyinstitute.ee\/toode\/2b-bio-cocoon-niisutav-kreem\/#primaryimage"},"image":{"@id":"https:\/\/beautyinstitute.ee\/toode\/2b-bio-cocoon-niisutav-kreem\/#primaryimage"},"thumbnailUrl":"https:\/\/beautyinstitute.ee\/wp-content\/uploads\/2023\/09\/cocoon-50ml.png","datePublished":"2023-09-07T12:05:16+00:00","dateModified":"2026-04-27T08:20:07+00:00","breadcrumb":{"@id":"https:\/\/beautyinstitute.ee\/toode\/2b-bio-cocoon-niisutav-kreem\/#breadcrumb"},"inLanguage":"ru-RU","potentialAction":[{"@type":"ReadAction","target":["https:\/\/beautyinstitute.ee\/toode\/2b-bio-cocoon-niisutav-kreem\/"]}]},{"@type":"ImageObject","inLanguage":"ru-RU","@id":"https:\/\/beautyinstitute.ee\/toode\/2b-bio-cocoon-niisutav-kreem\/#primaryimage","url":"https:\/\/beautyinstitute.ee\/wp-content\/uploads\/2023\/09\/cocoon-50ml.png","contentUrl":"https:\/\/beautyinstitute.ee\/wp-content\/uploads\/2023\/09\/cocoon-50ml.png","width":1280,"height":1280},{"@type":"BreadcrumbList","@id":"https:\/\/beautyinstitute.ee\/toode\/2b-bio-cocoon-niisutav-kreem\/#breadcrumb","itemListElement":[{"@type":"ListItem","position":1,"name":"Home","item":"https:\/\/beautyinstitute.ee\/ru\/"},{"@type":"ListItem","position":2,"name":"E-pood","item":"https:\/\/beautyinstitute.ee\/e-pood\/"},{"@type":"ListItem","position":3,"name":"2B Bio Cocoon Niisutav Kreem"}]},{"@type":"WebSite","@id":"https:\/\/beautyinstitute.ee\/#website","url":"https:\/\/beautyinstitute.ee\/","name":"Beauty Institute","description":"CNC Cosmetic ametlik maaletooja ja edasim\u00fc\u00fcja Eestis, Soomes, L\u00e4tis. Aparaadikosmeetika, koolitused, kosmeetikatooted.","potentialAction":[{"@type":"SearchAction","target":{"@type":"EntryPoint","urlTemplate":"https:\/\/beautyinstitute.ee\/?s={search_term_string}"},"query-input":{"@type":"PropertyValueSpecification","valueRequired":true,"valueName":"search_term_string"}}],"inLanguage":"ru-RU"}]}},"_links":{"self":[{"href":"https:\/\/beautyinstitute.ee\/ru\/wp-json\/wp\/v2\/product\/25023","targetHints":{"allow":["GET"]}}],"collection":[{"href":"https:\/\/beautyinstitute.ee\/ru\/wp-json\/wp\/v2\/product"}],"about":[{"href":"https:\/\/beautyinstitute.ee\/ru\/wp-json\/wp\/v2\/types\/product"}],"wp:featuredmedia":[{"embeddable":true,"href":"https:\/\/beautyinstitute.ee\/ru\/wp-json\/wp\/v2\/media\/25029"}],"wp:attachment":[{"href":"https:\/\/beautyinstitute.ee\/ru\/wp-json\/wp\/v2\/media?parent=25023"}],"wp:term":[{"taxonomy":"product_cat","embeddable":true,"href":"https:\/\/beautyinstitute.ee\/ru\/wp-json\/wp\/v2\/product_cat?post=25023"},{"taxonomy":"product_tag","embeddable":true,"href":"https:\/\/beautyinstitute.ee\/ru\/wp-json\/wp\/v2\/product_tag?post=25023"}],"curies":[{"name":"wp","href":"https:\/\/api.w.org\/{rel}","templated":true}]}}