{"id":25040,"date":"2023-09-07T16:21:40","date_gmt":"2023-09-07T13:21:40","guid":{"rendered":"https:\/\/beautyinstitute.ee\/?post_type=product&#038;p=25040"},"modified":"2025-05-16T14:45:13","modified_gmt":"2025-05-16T11:45:13","slug":"2b-bio-repair-taastav-kehakreem","status":"publish","type":"product","link":"https:\/\/beautyinstitute.ee\/ru\/toode\/2b-bio-repair-taastav-kehakreem\/","title":{"rendered":"2B Bio Repair Taastav Kehakreem"},"content":{"rendered":"<p>Taastav kehakreem\u00a0toidab, niisutab ja v\u00e4rskendab nahka. Leevendab kihelustunnet 2B Bio Peelingu j\u00e4rgselt.<\/p>\n<p><b>Peamised aktiivained:<\/b><\/p>\n<p>Gl\u00fctseriin: niisutab ja pehmendab.<br \/>\nMandli\u00f5li(magus mandel): pehmendav, rahustav ja taastav.<br \/>\nMentool: v\u00e4rskendav ja rahustav.<br \/>\nKookosest saadud aminohapped: rahustavad ja kaitsvad.<br \/>\nPol\u00fcsahhariid: tekitab kaitsekihi \u00a0ja niisutav.<br \/>\nAllantoiin: rahustav ja tervendav.<br \/>\nE-vitamiin: antioks\u00fcdant ja kaitsev.<\/p>\n<p><b>Tulemused:<\/b><br \/>\nT\u00e4iuslikult niisutatud, v\u00e4rske ja rahustatud nahk.<\/p>\n<p><b>Kasutamise n\u00f5uanded:<\/b><\/p>\n<p>Kandke kehale kaks korda p\u00e4evas v\u00f5i vastavalt vajadusele ja masseerige hoolikalt.<\/p>\n<p><b>Sisu:<\/b><br \/>\nMitte kleepuv piimjas kehakreem , mis annab kohese v\u00e4rskuse tunde.<\/p>\n","protected":false},"excerpt":{"rendered":"<p>Taastav kehakreem\u00a0toidab, niisutab ja v\u00e4rskendab nahka. Leevendab kihelustunnet 2B Bio Peelingu j\u00e4rgselt. Peamised aktiivained: Gl\u00fctseriin: niisutab ja pehmendab. Mandli\u00f5li(magus mandel): pehmendav, rahustav ja taastav. Mentool: v\u00e4rskendav ja rahustav. Kookosest saadud aminohapped: rahustavad ja kaitsvad. Pol\u00fcsahhariid: tekitab kaitsekihi \u00a0ja niisutav. Allantoiin: rahustav ja tervendav. E-vitamiin: antioks\u00fcdant ja kaitsev. Tulemused: T\u00e4iuslikult niisutatud, v\u00e4rske ja rahustatud nahk. Kasutamise [&hellip;]<\/p>\n","protected":false},"featured_media":25055,"template":"","meta":{"_acf_changed":false},"product_cat":[292,256],"product_tag":[],"class_list":["post-25040","product","type-product","status-publish","has-post-thumbnail","hentry","product_cat-2b-bio-beauty","product_cat-kehahooldustooted"],"acf":[],"yoast_head":"<!-- This site is optimized with the Yoast SEO plugin v25.4 - https:\/\/yoast.com\/wordpress\/plugins\/seo\/ -->\n<title>2B Bio Repair Taastav Kehakreem - Beauty Institute<\/title>\n<meta name=\"robots\" content=\"index, follow, max-snippet:-1, max-image-preview:large, max-video-preview:-1\" \/>\n<link rel=\"canonical\" href=\"https:\/\/beautyinstitute.ee\/toode\/2b-bio-repair-taastav-kehakreem\/\" \/>\n<meta property=\"og:locale\" content=\"ru_RU\" \/>\n<meta property=\"og:type\" content=\"article\" \/>\n<meta property=\"og:title\" content=\"2B Bio Repair Taastav Kehakreem - Beauty Institute\" \/>\n<meta property=\"og:description\" content=\"Taastav kehakreem\u00a0toidab, niisutab ja v\u00e4rskendab nahka. Leevendab kihelustunnet 2B Bio Peelingu j\u00e4rgselt. Peamised aktiivained: Gl\u00fctseriin: niisutab ja pehmendab. Mandli\u00f5li(magus mandel): pehmendav, rahustav ja taastav. Mentool: v\u00e4rskendav ja rahustav. Kookosest saadud aminohapped: rahustavad ja kaitsvad. Pol\u00fcsahhariid: tekitab kaitsekihi \u00a0ja niisutav. Allantoiin: rahustav ja tervendav. E-vitamiin: antioks\u00fcdant ja kaitsev. Tulemused: T\u00e4iuslikult niisutatud, v\u00e4rske ja rahustatud nahk. Kasutamise [&hellip;]\" \/>\n<meta property=\"og:url\" content=\"https:\/\/beautyinstitute.ee\/toode\/2b-bio-repair-taastav-kehakreem\/\" \/>\n<meta property=\"og:site_name\" content=\"Beauty Institute\" \/>\n<meta property=\"article:modified_time\" content=\"2025-05-16T11:45:13+00:00\" \/>\n<meta property=\"og:image\" content=\"https:\/\/beautyinstitute.ee\/wp-content\/uploads\/2023\/09\/bio-repair-200.jpeg\" \/>\n\t<meta property=\"og:image:width\" content=\"853\" \/>\n\t<meta property=\"og:image:height\" content=\"1280\" \/>\n\t<meta property=\"og:image:type\" content=\"image\/jpeg\" \/>\n<meta name=\"twitter:card\" content=\"summary_large_image\" \/>\n<meta name=\"twitter:site\" content=\"@Beauty_Eesti\" \/>\n<meta name=\"twitter:label1\" content=\"\u041f\u0440\u0438\u043c\u0435\u0440\u043d\u043e\u0435 \u0432\u0440\u0435\u043c\u044f \u0434\u043b\u044f \u0447\u0442\u0435\u043d\u0438\u044f\" \/>\n\t<meta name=\"twitter:data1\" content=\"1 \u043c\u0438\u043d\u0443\u0442\u0430\" \/>\n<script type=\"application\/ld+json\" class=\"yoast-schema-graph\">{\"@context\":\"https:\/\/schema.org\",\"@graph\":[{\"@type\":\"WebPage\",\"@id\":\"https:\/\/beautyinstitute.ee\/toode\/2b-bio-repair-taastav-kehakreem\/\",\"url\":\"https:\/\/beautyinstitute.ee\/toode\/2b-bio-repair-taastav-kehakreem\/\",\"name\":\"2B Bio Repair Taastav Kehakreem - Beauty Institute\",\"isPartOf\":{\"@id\":\"https:\/\/beautyinstitute.ee\/#website\"},\"primaryImageOfPage\":{\"@id\":\"https:\/\/beautyinstitute.ee\/toode\/2b-bio-repair-taastav-kehakreem\/#primaryimage\"},\"image\":{\"@id\":\"https:\/\/beautyinstitute.ee\/toode\/2b-bio-repair-taastav-kehakreem\/#primaryimage\"},\"thumbnailUrl\":\"https:\/\/beautyinstitute.ee\/wp-content\/uploads\/2023\/09\/bio-repair-200.jpeg\",\"datePublished\":\"2023-09-07T13:21:40+00:00\",\"dateModified\":\"2025-05-16T11:45:13+00:00\",\"breadcrumb\":{\"@id\":\"https:\/\/beautyinstitute.ee\/toode\/2b-bio-repair-taastav-kehakreem\/#breadcrumb\"},\"inLanguage\":\"ru-RU\",\"potentialAction\":[{\"@type\":\"ReadAction\",\"target\":[\"https:\/\/beautyinstitute.ee\/toode\/2b-bio-repair-taastav-kehakreem\/\"]}]},{\"@type\":\"ImageObject\",\"inLanguage\":\"ru-RU\",\"@id\":\"https:\/\/beautyinstitute.ee\/toode\/2b-bio-repair-taastav-kehakreem\/#primaryimage\",\"url\":\"https:\/\/beautyinstitute.ee\/wp-content\/uploads\/2023\/09\/bio-repair-200.jpeg\",\"contentUrl\":\"https:\/\/beautyinstitute.ee\/wp-content\/uploads\/2023\/09\/bio-repair-200.jpeg\",\"width\":853,\"height\":1280},{\"@type\":\"BreadcrumbList\",\"@id\":\"https:\/\/beautyinstitute.ee\/toode\/2b-bio-repair-taastav-kehakreem\/#breadcrumb\",\"itemListElement\":[{\"@type\":\"ListItem\",\"position\":1,\"name\":\"Home\",\"item\":\"https:\/\/beautyinstitute.ee\/ru\/\"},{\"@type\":\"ListItem\",\"position\":2,\"name\":\"E-pood\",\"item\":\"https:\/\/beautyinstitute.ee\/e-pood\/\"},{\"@type\":\"ListItem\",\"position\":3,\"name\":\"2B Bio Repair Taastav Kehakreem\"}]},{\"@type\":\"WebSite\",\"@id\":\"https:\/\/beautyinstitute.ee\/#website\",\"url\":\"https:\/\/beautyinstitute.ee\/\",\"name\":\"Beauty Institute\",\"description\":\"CNC Cosmetic ametlik maaletooja ja edasim\u00fc\u00fcja Eestis, Soomes, L\u00e4tis. Aparaadikosmeetika, koolitused, kosmeetikatooted.\",\"potentialAction\":[{\"@type\":\"SearchAction\",\"target\":{\"@type\":\"EntryPoint\",\"urlTemplate\":\"https:\/\/beautyinstitute.ee\/?s={search_term_string}\"},\"query-input\":{\"@type\":\"PropertyValueSpecification\",\"valueRequired\":true,\"valueName\":\"search_term_string\"}}],\"inLanguage\":\"ru-RU\"}]}<\/script>\n<!-- \/ Yoast SEO plugin. -->","yoast_head_json":{"title":"2B Bio Repair Taastav Kehakreem - Beauty Institute","robots":{"index":"index","follow":"follow","max-snippet":"max-snippet:-1","max-image-preview":"max-image-preview:large","max-video-preview":"max-video-preview:-1"},"canonical":"https:\/\/beautyinstitute.ee\/toode\/2b-bio-repair-taastav-kehakreem\/","og_locale":"ru_RU","og_type":"article","og_title":"2B Bio Repair Taastav Kehakreem - Beauty Institute","og_description":"Taastav kehakreem\u00a0toidab, niisutab ja v\u00e4rskendab nahka. Leevendab kihelustunnet 2B Bio Peelingu j\u00e4rgselt. Peamised aktiivained: Gl\u00fctseriin: niisutab ja pehmendab. Mandli\u00f5li(magus mandel): pehmendav, rahustav ja taastav. Mentool: v\u00e4rskendav ja rahustav. Kookosest saadud aminohapped: rahustavad ja kaitsvad. Pol\u00fcsahhariid: tekitab kaitsekihi \u00a0ja niisutav. Allantoiin: rahustav ja tervendav. E-vitamiin: antioks\u00fcdant ja kaitsev. Tulemused: T\u00e4iuslikult niisutatud, v\u00e4rske ja rahustatud nahk. Kasutamise [&hellip;]","og_url":"https:\/\/beautyinstitute.ee\/toode\/2b-bio-repair-taastav-kehakreem\/","og_site_name":"Beauty Institute","article_modified_time":"2025-05-16T11:45:13+00:00","og_image":[{"width":853,"height":1280,"url":"https:\/\/beautyinstitute.ee\/wp-content\/uploads\/2023\/09\/bio-repair-200.jpeg","type":"image\/jpeg"}],"twitter_card":"summary_large_image","twitter_site":"@Beauty_Eesti","twitter_misc":{"\u041f\u0440\u0438\u043c\u0435\u0440\u043d\u043e\u0435 \u0432\u0440\u0435\u043c\u044f \u0434\u043b\u044f \u0447\u0442\u0435\u043d\u0438\u044f":"1 \u043c\u0438\u043d\u0443\u0442\u0430"},"schema":{"@context":"https:\/\/schema.org","@graph":[{"@type":"WebPage","@id":"https:\/\/beautyinstitute.ee\/toode\/2b-bio-repair-taastav-kehakreem\/","url":"https:\/\/beautyinstitute.ee\/toode\/2b-bio-repair-taastav-kehakreem\/","name":"2B Bio Repair Taastav Kehakreem - Beauty Institute","isPartOf":{"@id":"https:\/\/beautyinstitute.ee\/#website"},"primaryImageOfPage":{"@id":"https:\/\/beautyinstitute.ee\/toode\/2b-bio-repair-taastav-kehakreem\/#primaryimage"},"image":{"@id":"https:\/\/beautyinstitute.ee\/toode\/2b-bio-repair-taastav-kehakreem\/#primaryimage"},"thumbnailUrl":"https:\/\/beautyinstitute.ee\/wp-content\/uploads\/2023\/09\/bio-repair-200.jpeg","datePublished":"2023-09-07T13:21:40+00:00","dateModified":"2025-05-16T11:45:13+00:00","breadcrumb":{"@id":"https:\/\/beautyinstitute.ee\/toode\/2b-bio-repair-taastav-kehakreem\/#breadcrumb"},"inLanguage":"ru-RU","potentialAction":[{"@type":"ReadAction","target":["https:\/\/beautyinstitute.ee\/toode\/2b-bio-repair-taastav-kehakreem\/"]}]},{"@type":"ImageObject","inLanguage":"ru-RU","@id":"https:\/\/beautyinstitute.ee\/toode\/2b-bio-repair-taastav-kehakreem\/#primaryimage","url":"https:\/\/beautyinstitute.ee\/wp-content\/uploads\/2023\/09\/bio-repair-200.jpeg","contentUrl":"https:\/\/beautyinstitute.ee\/wp-content\/uploads\/2023\/09\/bio-repair-200.jpeg","width":853,"height":1280},{"@type":"BreadcrumbList","@id":"https:\/\/beautyinstitute.ee\/toode\/2b-bio-repair-taastav-kehakreem\/#breadcrumb","itemListElement":[{"@type":"ListItem","position":1,"name":"Home","item":"https:\/\/beautyinstitute.ee\/ru\/"},{"@type":"ListItem","position":2,"name":"E-pood","item":"https:\/\/beautyinstitute.ee\/e-pood\/"},{"@type":"ListItem","position":3,"name":"2B Bio Repair Taastav Kehakreem"}]},{"@type":"WebSite","@id":"https:\/\/beautyinstitute.ee\/#website","url":"https:\/\/beautyinstitute.ee\/","name":"Beauty Institute","description":"CNC Cosmetic ametlik maaletooja ja edasim\u00fc\u00fcja Eestis, Soomes, L\u00e4tis. Aparaadikosmeetika, koolitused, kosmeetikatooted.","potentialAction":[{"@type":"SearchAction","target":{"@type":"EntryPoint","urlTemplate":"https:\/\/beautyinstitute.ee\/?s={search_term_string}"},"query-input":{"@type":"PropertyValueSpecification","valueRequired":true,"valueName":"search_term_string"}}],"inLanguage":"ru-RU"}]}},"_links":{"self":[{"href":"https:\/\/beautyinstitute.ee\/ru\/wp-json\/wp\/v2\/product\/25040","targetHints":{"allow":["GET"]}}],"collection":[{"href":"https:\/\/beautyinstitute.ee\/ru\/wp-json\/wp\/v2\/product"}],"about":[{"href":"https:\/\/beautyinstitute.ee\/ru\/wp-json\/wp\/v2\/types\/product"}],"wp:featuredmedia":[{"embeddable":true,"href":"https:\/\/beautyinstitute.ee\/ru\/wp-json\/wp\/v2\/media\/25055"}],"wp:attachment":[{"href":"https:\/\/beautyinstitute.ee\/ru\/wp-json\/wp\/v2\/media?parent=25040"}],"wp:term":[{"taxonomy":"product_cat","embeddable":true,"href":"https:\/\/beautyinstitute.ee\/ru\/wp-json\/wp\/v2\/product_cat?post=25040"},{"taxonomy":"product_tag","embeddable":true,"href":"https:\/\/beautyinstitute.ee\/ru\/wp-json\/wp\/v2\/product_tag?post=25040"}],"curies":[{"name":"wp","href":"https:\/\/api.w.org\/{rel}","templated":true}]}}