{"id":25072,"date":"2023-09-11T14:43:50","date_gmt":"2023-09-11T11:43:50","guid":{"rendered":"https:\/\/beautyinstitute.ee\/?post_type=product&#038;p=25072"},"modified":"2026-04-27T14:47:17","modified_gmt":"2026-04-27T11:47:17","slug":"2b-bio-lift-vananemisvastane-eliksiir-taimsete-tuvirakkudega","status":"publish","type":"product","link":"https:\/\/beautyinstitute.ee\/ru\/toode\/2b-bio-lift-vananemisvastane-eliksiir-taimsete-tuvirakkudega\/","title":{"rendered":"2B Bio Lift &#8211; Vananemisvastane Eliksiir Taimsete T\u00fcvirakkudega"},"content":{"rendered":"<p id=\"tw-target-text\" class=\"tw-data-text tw-text-large tw-ta\" dir=\"ltr\" data-placeholder=\"Translation\"><span class=\"Y2IQFc\" lang=\"et\">\u00a02B Bio Lift eliksiiri m\u00f5ju nahale:<\/span><\/p>\n<ul>\n<li class=\"tw-data-text tw-text-large tw-ta\" dir=\"ltr\" data-placeholder=\"Translation\"><span class=\"Y2IQFc\" lang=\"et\">\u00a0Niisutatud ja pehme kogu p\u00e4eva v\u00e4ltel. <\/span><\/li>\n<li class=\"tw-data-text tw-text-large tw-ta\" dir=\"ltr\" data-placeholder=\"Translation\"><span class=\"Y2IQFc\" lang=\"et\">\u00a0Tensori efekt, \u00a0kiire ja m\u00f5jus tugevatele kortsudele.\u00a0<\/span><\/li>\n<li class=\"tw-data-text tw-text-large tw-ta\" dir=\"ltr\" data-placeholder=\"Translation\"><span class=\"Y2IQFc\" lang=\"et\">K<\/span>ortsud ja peened jooned v\u00e4henevad silmn\u00e4htavalt.<\/li>\n<li class=\"tw-data-text tw-text-large tw-ta\" dir=\"ltr\" data-placeholder=\"Translation\"><span class=\"Y2IQFc\" lang=\"et\">\u00a0S\u00e4rav efekt, s\u00e4rav jume, \u00a0v\u00e4rske ja nooruslik s\u00e4ra <\/span><\/li>\n<li class=\"tw-data-text tw-text-large tw-ta\" dir=\"ltr\" data-placeholder=\"Translation\"><span class=\"Y2IQFc\" lang=\"et\">Rahustav<\/span><\/li>\n<li dir=\"ltr\" data-placeholder=\"Translation\">Nahk on s\u00fcgavalt toidetud t\u00e4nu h\u00fcaluroonhappe\u00a0h\u00fcdropulpeerivale toimele.<\/li>\n<\/ul>\n<p class=\"tw-data-text tw-text-large tw-ta\" dir=\"ltr\" data-placeholder=\"Translation\"><span class=\"Y2IQFc\" lang=\"et\">Toimeaineterikas seerum vajab aega epidermise kihtide l\u00e4bimiseks ning toimeaega epidermise kihtide l\u00e4bimiseks ja tegutsemiseks. Pange t\u00e4hele, et p\u00e4rast pealekandmist j\u00e4\u00e4b nahale veel v\u00e4ike kleepuv m\u00f5ju, kuid see kaob m\u00f5ne minutiga. Seda seerumit saab kasutada mis tahes nahaprobleemide korral. <\/span><\/p>\n<p class=\"tw-data-text tw-text-large tw-ta\" dir=\"ltr\" data-placeholder=\"Translation\"><strong><span class=\"Y2IQFc\" lang=\"et\">Peamised aktiivained:<\/span><\/strong><\/p>\n<p class=\"tw-data-text tw-text-large tw-ta\" dir=\"ltr\" data-placeholder=\"Translation\">H\u00fcaluroonhape: niisutav, vananemisvastane, tihendav.<br \/>\nKollageen: vananemisvastane, taastav, niisutav.<br \/>\nSinine lootos: pehmendav, taastav, antioks\u00fcdatiivne, niisutav.<br \/>\nMetsik sigur: silendav, noorendav.<\/p>\n","protected":false},"excerpt":{"rendered":"<p>\u00a02B Bio Lift eliksiiri m\u00f5ju nahale: \u00a0Niisutatud ja pehme kogu p\u00e4eva v\u00e4ltel. \u00a0Tensori efekt, \u00a0kiire ja m\u00f5jus tugevatele kortsudele.\u00a0 Kortsud ja peened jooned v\u00e4henevad silmn\u00e4htavalt. \u00a0S\u00e4rav efekt, s\u00e4rav jume, \u00a0v\u00e4rske ja nooruslik s\u00e4ra Rahustav Nahk on s\u00fcgavalt toidetud t\u00e4nu h\u00fcaluroonhappe\u00a0h\u00fcdropulpeerivale toimele. Toimeaineterikas seerum vajab aega epidermise kihtide l\u00e4bimiseks ning toimeaega epidermise kihtide l\u00e4bimiseks ja tegutsemiseks. [&hellip;]<\/p>\n","protected":false},"featured_media":25087,"template":"","meta":{"_acf_changed":false},"product_cat":[292,249,15],"product_tag":[],"class_list":["post-25072","product","type-product","status-publish","has-post-thumbnail","hentry","product_cat-2b-bio-beauty","product_cat-seerumid-2","product_cat-muud-tooted"],"acf":[],"yoast_head":"<!-- This site is optimized with the Yoast SEO plugin v25.4 - https:\/\/yoast.com\/wordpress\/plugins\/seo\/ -->\n<title>2B Bio Lift - Vananemisvastane Eliksiir Taimsete T\u00fcvirakkudega - Beauty Institute<\/title>\n<meta name=\"robots\" content=\"index, follow, max-snippet:-1, max-image-preview:large, max-video-preview:-1\" \/>\n<link rel=\"canonical\" href=\"https:\/\/beautyinstitute.ee\/toode\/2b-bio-lift-vananemisvastane-eliksiir-taimsete-tuvirakkudega\/\" \/>\n<meta property=\"og:locale\" content=\"ru_RU\" \/>\n<meta property=\"og:type\" content=\"article\" \/>\n<meta property=\"og:title\" content=\"2B Bio Lift - Vananemisvastane Eliksiir Taimsete T\u00fcvirakkudega - Beauty Institute\" \/>\n<meta property=\"og:description\" content=\"\u00a02B Bio Lift eliksiiri m\u00f5ju nahale: \u00a0Niisutatud ja pehme kogu p\u00e4eva v\u00e4ltel. \u00a0Tensori efekt, \u00a0kiire ja m\u00f5jus tugevatele kortsudele.\u00a0 Kortsud ja peened jooned v\u00e4henevad silmn\u00e4htavalt. \u00a0S\u00e4rav efekt, s\u00e4rav jume, \u00a0v\u00e4rske ja nooruslik s\u00e4ra Rahustav Nahk on s\u00fcgavalt toidetud t\u00e4nu h\u00fcaluroonhappe\u00a0h\u00fcdropulpeerivale toimele. Toimeaineterikas seerum vajab aega epidermise kihtide l\u00e4bimiseks ning toimeaega epidermise kihtide l\u00e4bimiseks ja tegutsemiseks. [&hellip;]\" \/>\n<meta property=\"og:url\" content=\"https:\/\/beautyinstitute.ee\/toode\/2b-bio-lift-vananemisvastane-eliksiir-taimsete-tuvirakkudega\/\" \/>\n<meta property=\"og:site_name\" content=\"Beauty Institute\" \/>\n<meta property=\"article:modified_time\" content=\"2026-04-27T11:47:17+00:00\" \/>\n<meta property=\"og:image\" content=\"https:\/\/beautyinstitute.ee\/wp-content\/uploads\/2023\/09\/bio-lift-30-1.jpeg\" \/>\n\t<meta property=\"og:image:width\" content=\"1280\" \/>\n\t<meta property=\"og:image:height\" content=\"1280\" \/>\n\t<meta property=\"og:image:type\" content=\"image\/jpeg\" \/>\n<meta name=\"twitter:card\" content=\"summary_large_image\" \/>\n<meta name=\"twitter:site\" content=\"@Beauty_Eesti\" \/>\n<meta name=\"twitter:label1\" content=\"\u041f\u0440\u0438\u043c\u0435\u0440\u043d\u043e\u0435 \u0432\u0440\u0435\u043c\u044f \u0434\u043b\u044f \u0447\u0442\u0435\u043d\u0438\u044f\" \/>\n\t<meta name=\"twitter:data1\" content=\"1 \u043c\u0438\u043d\u0443\u0442\u0430\" \/>\n<script type=\"application\/ld+json\" class=\"yoast-schema-graph\">{\"@context\":\"https:\/\/schema.org\",\"@graph\":[{\"@type\":\"WebPage\",\"@id\":\"https:\/\/beautyinstitute.ee\/toode\/2b-bio-lift-vananemisvastane-eliksiir-taimsete-tuvirakkudega\/\",\"url\":\"https:\/\/beautyinstitute.ee\/toode\/2b-bio-lift-vananemisvastane-eliksiir-taimsete-tuvirakkudega\/\",\"name\":\"2B Bio Lift - Vananemisvastane Eliksiir Taimsete T\u00fcvirakkudega - Beauty Institute\",\"isPartOf\":{\"@id\":\"https:\/\/beautyinstitute.ee\/#website\"},\"primaryImageOfPage\":{\"@id\":\"https:\/\/beautyinstitute.ee\/toode\/2b-bio-lift-vananemisvastane-eliksiir-taimsete-tuvirakkudega\/#primaryimage\"},\"image\":{\"@id\":\"https:\/\/beautyinstitute.ee\/toode\/2b-bio-lift-vananemisvastane-eliksiir-taimsete-tuvirakkudega\/#primaryimage\"},\"thumbnailUrl\":\"https:\/\/beautyinstitute.ee\/wp-content\/uploads\/2023\/09\/bio-lift-30-1.jpeg\",\"datePublished\":\"2023-09-11T11:43:50+00:00\",\"dateModified\":\"2026-04-27T11:47:17+00:00\",\"breadcrumb\":{\"@id\":\"https:\/\/beautyinstitute.ee\/toode\/2b-bio-lift-vananemisvastane-eliksiir-taimsete-tuvirakkudega\/#breadcrumb\"},\"inLanguage\":\"ru-RU\",\"potentialAction\":[{\"@type\":\"ReadAction\",\"target\":[\"https:\/\/beautyinstitute.ee\/toode\/2b-bio-lift-vananemisvastane-eliksiir-taimsete-tuvirakkudega\/\"]}]},{\"@type\":\"ImageObject\",\"inLanguage\":\"ru-RU\",\"@id\":\"https:\/\/beautyinstitute.ee\/toode\/2b-bio-lift-vananemisvastane-eliksiir-taimsete-tuvirakkudega\/#primaryimage\",\"url\":\"https:\/\/beautyinstitute.ee\/wp-content\/uploads\/2023\/09\/bio-lift-30-1.jpeg\",\"contentUrl\":\"https:\/\/beautyinstitute.ee\/wp-content\/uploads\/2023\/09\/bio-lift-30-1.jpeg\",\"width\":1280,\"height\":1280},{\"@type\":\"BreadcrumbList\",\"@id\":\"https:\/\/beautyinstitute.ee\/toode\/2b-bio-lift-vananemisvastane-eliksiir-taimsete-tuvirakkudega\/#breadcrumb\",\"itemListElement\":[{\"@type\":\"ListItem\",\"position\":1,\"name\":\"Home\",\"item\":\"https:\/\/beautyinstitute.ee\/ru\/\"},{\"@type\":\"ListItem\",\"position\":2,\"name\":\"E-pood\",\"item\":\"https:\/\/beautyinstitute.ee\/e-pood\/\"},{\"@type\":\"ListItem\",\"position\":3,\"name\":\"2B Bio Lift &#8211; Vananemisvastane Eliksiir Taimsete T\u00fcvirakkudega\"}]},{\"@type\":\"WebSite\",\"@id\":\"https:\/\/beautyinstitute.ee\/#website\",\"url\":\"https:\/\/beautyinstitute.ee\/\",\"name\":\"Beauty Institute\",\"description\":\"CNC Cosmetic ametlik maaletooja ja edasim\u00fc\u00fcja Eestis, Soomes, L\u00e4tis. Aparaadikosmeetika, koolitused, kosmeetikatooted.\",\"potentialAction\":[{\"@type\":\"SearchAction\",\"target\":{\"@type\":\"EntryPoint\",\"urlTemplate\":\"https:\/\/beautyinstitute.ee\/?s={search_term_string}\"},\"query-input\":{\"@type\":\"PropertyValueSpecification\",\"valueRequired\":true,\"valueName\":\"search_term_string\"}}],\"inLanguage\":\"ru-RU\"}]}<\/script>\n<!-- \/ Yoast SEO plugin. -->","yoast_head_json":{"title":"2B Bio Lift - Vananemisvastane Eliksiir Taimsete T\u00fcvirakkudega - Beauty Institute","robots":{"index":"index","follow":"follow","max-snippet":"max-snippet:-1","max-image-preview":"max-image-preview:large","max-video-preview":"max-video-preview:-1"},"canonical":"https:\/\/beautyinstitute.ee\/toode\/2b-bio-lift-vananemisvastane-eliksiir-taimsete-tuvirakkudega\/","og_locale":"ru_RU","og_type":"article","og_title":"2B Bio Lift - Vananemisvastane Eliksiir Taimsete T\u00fcvirakkudega - Beauty Institute","og_description":"\u00a02B Bio Lift eliksiiri m\u00f5ju nahale: \u00a0Niisutatud ja pehme kogu p\u00e4eva v\u00e4ltel. \u00a0Tensori efekt, \u00a0kiire ja m\u00f5jus tugevatele kortsudele.\u00a0 Kortsud ja peened jooned v\u00e4henevad silmn\u00e4htavalt. \u00a0S\u00e4rav efekt, s\u00e4rav jume, \u00a0v\u00e4rske ja nooruslik s\u00e4ra Rahustav Nahk on s\u00fcgavalt toidetud t\u00e4nu h\u00fcaluroonhappe\u00a0h\u00fcdropulpeerivale toimele. Toimeaineterikas seerum vajab aega epidermise kihtide l\u00e4bimiseks ning toimeaega epidermise kihtide l\u00e4bimiseks ja tegutsemiseks. [&hellip;]","og_url":"https:\/\/beautyinstitute.ee\/toode\/2b-bio-lift-vananemisvastane-eliksiir-taimsete-tuvirakkudega\/","og_site_name":"Beauty Institute","article_modified_time":"2026-04-27T11:47:17+00:00","og_image":[{"width":1280,"height":1280,"url":"https:\/\/beautyinstitute.ee\/wp-content\/uploads\/2023\/09\/bio-lift-30-1.jpeg","type":"image\/jpeg"}],"twitter_card":"summary_large_image","twitter_site":"@Beauty_Eesti","twitter_misc":{"\u041f\u0440\u0438\u043c\u0435\u0440\u043d\u043e\u0435 \u0432\u0440\u0435\u043c\u044f \u0434\u043b\u044f \u0447\u0442\u0435\u043d\u0438\u044f":"1 \u043c\u0438\u043d\u0443\u0442\u0430"},"schema":{"@context":"https:\/\/schema.org","@graph":[{"@type":"WebPage","@id":"https:\/\/beautyinstitute.ee\/toode\/2b-bio-lift-vananemisvastane-eliksiir-taimsete-tuvirakkudega\/","url":"https:\/\/beautyinstitute.ee\/toode\/2b-bio-lift-vananemisvastane-eliksiir-taimsete-tuvirakkudega\/","name":"2B Bio Lift - Vananemisvastane Eliksiir Taimsete T\u00fcvirakkudega - Beauty Institute","isPartOf":{"@id":"https:\/\/beautyinstitute.ee\/#website"},"primaryImageOfPage":{"@id":"https:\/\/beautyinstitute.ee\/toode\/2b-bio-lift-vananemisvastane-eliksiir-taimsete-tuvirakkudega\/#primaryimage"},"image":{"@id":"https:\/\/beautyinstitute.ee\/toode\/2b-bio-lift-vananemisvastane-eliksiir-taimsete-tuvirakkudega\/#primaryimage"},"thumbnailUrl":"https:\/\/beautyinstitute.ee\/wp-content\/uploads\/2023\/09\/bio-lift-30-1.jpeg","datePublished":"2023-09-11T11:43:50+00:00","dateModified":"2026-04-27T11:47:17+00:00","breadcrumb":{"@id":"https:\/\/beautyinstitute.ee\/toode\/2b-bio-lift-vananemisvastane-eliksiir-taimsete-tuvirakkudega\/#breadcrumb"},"inLanguage":"ru-RU","potentialAction":[{"@type":"ReadAction","target":["https:\/\/beautyinstitute.ee\/toode\/2b-bio-lift-vananemisvastane-eliksiir-taimsete-tuvirakkudega\/"]}]},{"@type":"ImageObject","inLanguage":"ru-RU","@id":"https:\/\/beautyinstitute.ee\/toode\/2b-bio-lift-vananemisvastane-eliksiir-taimsete-tuvirakkudega\/#primaryimage","url":"https:\/\/beautyinstitute.ee\/wp-content\/uploads\/2023\/09\/bio-lift-30-1.jpeg","contentUrl":"https:\/\/beautyinstitute.ee\/wp-content\/uploads\/2023\/09\/bio-lift-30-1.jpeg","width":1280,"height":1280},{"@type":"BreadcrumbList","@id":"https:\/\/beautyinstitute.ee\/toode\/2b-bio-lift-vananemisvastane-eliksiir-taimsete-tuvirakkudega\/#breadcrumb","itemListElement":[{"@type":"ListItem","position":1,"name":"Home","item":"https:\/\/beautyinstitute.ee\/ru\/"},{"@type":"ListItem","position":2,"name":"E-pood","item":"https:\/\/beautyinstitute.ee\/e-pood\/"},{"@type":"ListItem","position":3,"name":"2B Bio Lift &#8211; Vananemisvastane Eliksiir Taimsete T\u00fcvirakkudega"}]},{"@type":"WebSite","@id":"https:\/\/beautyinstitute.ee\/#website","url":"https:\/\/beautyinstitute.ee\/","name":"Beauty Institute","description":"CNC Cosmetic ametlik maaletooja ja edasim\u00fc\u00fcja Eestis, Soomes, L\u00e4tis. Aparaadikosmeetika, koolitused, kosmeetikatooted.","potentialAction":[{"@type":"SearchAction","target":{"@type":"EntryPoint","urlTemplate":"https:\/\/beautyinstitute.ee\/?s={search_term_string}"},"query-input":{"@type":"PropertyValueSpecification","valueRequired":true,"valueName":"search_term_string"}}],"inLanguage":"ru-RU"}]}},"_links":{"self":[{"href":"https:\/\/beautyinstitute.ee\/ru\/wp-json\/wp\/v2\/product\/25072","targetHints":{"allow":["GET"]}}],"collection":[{"href":"https:\/\/beautyinstitute.ee\/ru\/wp-json\/wp\/v2\/product"}],"about":[{"href":"https:\/\/beautyinstitute.ee\/ru\/wp-json\/wp\/v2\/types\/product"}],"wp:featuredmedia":[{"embeddable":true,"href":"https:\/\/beautyinstitute.ee\/ru\/wp-json\/wp\/v2\/media\/25087"}],"wp:attachment":[{"href":"https:\/\/beautyinstitute.ee\/ru\/wp-json\/wp\/v2\/media?parent=25072"}],"wp:term":[{"taxonomy":"product_cat","embeddable":true,"href":"https:\/\/beautyinstitute.ee\/ru\/wp-json\/wp\/v2\/product_cat?post=25072"},{"taxonomy":"product_tag","embeddable":true,"href":"https:\/\/beautyinstitute.ee\/ru\/wp-json\/wp\/v2\/product_tag?post=25072"}],"curies":[{"name":"wp","href":"https:\/\/api.w.org\/{rel}","templated":true}]}}