{"id":25090,"date":"2023-09-12T12:36:34","date_gmt":"2023-09-12T09:36:34","guid":{"rendered":"https:\/\/beautyinstitute.ee\/?post_type=product&#038;p=25090"},"modified":"2026-04-16T11:43:38","modified_gmt":"2026-04-16T08:43:38","slug":"2b-bio-hydrawhite-niisutav-kreem-pigmendilaikudele","status":"publish","type":"product","link":"https:\/\/beautyinstitute.ee\/ru\/toode\/2b-bio-hydrawhite-niisutav-kreem-pigmendilaikudele\/","title":{"rendered":"2B Bio Hydrawhite &#8211; Niisutav Kreem Pigmendilaikudele"},"content":{"rendered":"<p id=\"tw-target-text\" class=\"tw-data-text tw-text-large tw-ta\" dir=\"ltr\" data-placeholder=\"Translation\"><span class=\"Y2IQFc\" lang=\"et\">\u00a0Alfa-MSH (ehk melanotropiin) kontrollib t\u00fcrosinaasi aktiivsust, melaniinide (eumelaniinide ja feomelaniinide) s\u00fcnteesi, samuti melanosoomide \u00fclekannet. Alfa-MSH antagonistina on 2B Bio HydraWhite&#8217;i helendavas koostisosas, seega t\u00f5husaim toimeviis v\u00f5rreldes tavaliselt kasutatavate ainetega. 2B Bio HydraWhite&#8217;is sisalduv peamine toimeaine undets\u00fcleno\u00fc\u00fclfen\u00fc\u00fclalaniin on puhas ja ainulaadne helendav aine, mis toetab naha terviklikkust ja toimib enne \u00a0melanogeneesi inhibiitori rolli. See toimib melanogeneesi eel k\u00f5igis melanotropiini poolt indutseeritud pigmendikaskaadi etappides.<\/span><\/p>\n<p class=\"tw-data-text tw-text-large tw-ta\" dir=\"ltr\" data-placeholder=\"Translation\"><strong><span class=\"Y2IQFc\" lang=\"et\">Peamised aktiivained:<\/span><\/strong><\/p>\n<p dir=\"ltr\" data-placeholder=\"Translation\">E-vitamiin: antioks\u00fcdant.<br \/>\nMaisiekstrakt: niisutav, matistav, mikroobivastane aine.<br \/>\nAllantoiin: rahustav ja \u00e4rritustevastane.<br \/>\nUndets\u00fc\u00fclfen\u00fc\u00fclalaniin: helendav, rahustav.<br \/>\nBiosahhariid: niisutav.<br \/>\nGl\u00fctseriin: niisutav.<br \/>\nVesiroos: helendav, rahustav.<br \/>\nMustikas, sidrun, viinamari, tomat: niisutav, vananemisvastane, puhastav ja nahatooni parandav.<\/p>\n<p id=\"tw-target-text\" class=\"tw-data-text tw-text-large tw-ta\" dir=\"ltr\" data-placeholder=\"Translation\"><span class=\"Y2IQFc\" lang=\"et\">Sulava ja kreemja tekstuuriga kreem. Kuna see ei j\u00e4ta \u00f5li j\u00e4lgi, aitab 2B Bio HydraWhite meigil p\u00fcsida veatuna.<\/span><\/p>\n<p class=\"tw-data-text tw-text-large tw-ta\" dir=\"ltr\" data-placeholder=\"Translation\"><span class=\"Y2IQFc\" lang=\"et\"><b>Tulemused:<\/b><\/span><\/p>\n<p class=\"tw-data-text tw-text-large tw-ta\" dir=\"ltr\" data-placeholder=\"Translation\"><span class=\"Y2IQFc\" lang=\"et\">Niisutab ja v\u00e4hendab naha h\u00fcperpigmenteeritud laike, mis on tingitud sagedasest p\u00e4ikese k\u00e4es viibimisest. Kreem toimib melaniini s\u00fcnteesil, \u00a0tedret\u00e4hnide, \u00a0vananemislaikude puhul, raseduse ajal tekkinud pigmentatsiooni puhul, jne.<\/span><\/p>\n<p class=\"tw-data-text tw-text-large tw-ta\" dir=\"ltr\" data-placeholder=\"Translation\"><span class=\"Y2IQFc\" lang=\"et\"><b>Kuidas kasutada:<\/b><\/span><\/p>\n<p class=\"tw-data-text tw-text-large tw-ta\" dir=\"ltr\" data-placeholder=\"Translation\"><span class=\"Y2IQFc\" lang=\"et\">Kolmekuulise kuurina: hommikul ja \u00f5htul, korralikult puhastatud n\u00e4ole ja kaelale. Soovitatav kasutata ka k\u00e4eseljale. <\/span><\/p>\n<p id=\"tw-target-text\" class=\"tw-data-text tw-text-large tw-ta\" dir=\"ltr\" data-placeholder=\"Translation\">\n","protected":false},"excerpt":{"rendered":"<p>\u00a0Alfa-MSH (ehk melanotropiin) kontrollib t\u00fcrosinaasi aktiivsust, melaniinide (eumelaniinide ja feomelaniinide) s\u00fcnteesi, samuti melanosoomide \u00fclekannet. Alfa-MSH antagonistina on 2B Bio HydraWhite&#8217;i helendavas koostisosas, seega t\u00f5husaim toimeviis v\u00f5rreldes tavaliselt kasutatavate ainetega. 2B Bio HydraWhite&#8217;is sisalduv peamine toimeaine undets\u00fcleno\u00fc\u00fclfen\u00fc\u00fclalaniin on puhas ja ainulaadne helendav aine, mis toetab naha terviklikkust ja toimib enne \u00a0melanogeneesi inhibiitori rolli. See toimib melanogeneesi [&hellip;]<\/p>\n","protected":false},"featured_media":25119,"template":"","meta":{"_acf_changed":false},"product_cat":[292,250,15],"product_tag":[],"class_list":["post-25090","product","type-product","status-publish","has-post-thumbnail","hentry","product_cat-2b-bio-beauty","product_cat-naokreemid","product_cat-muud-tooted"],"acf":[],"yoast_head":"<!-- This site is optimized with the Yoast SEO plugin v25.4 - https:\/\/yoast.com\/wordpress\/plugins\/seo\/ -->\n<title>2B Bio Hydrawhite - Niisutav Kreem Pigmendilaikudele - Beauty Institute<\/title>\n<meta name=\"robots\" content=\"index, follow, max-snippet:-1, max-image-preview:large, max-video-preview:-1\" \/>\n<link rel=\"canonical\" href=\"https:\/\/beautyinstitute.ee\/toode\/2b-bio-hydrawhite-niisutav-kreem-pigmendilaikudele\/\" \/>\n<meta property=\"og:locale\" content=\"ru_RU\" \/>\n<meta property=\"og:type\" content=\"article\" \/>\n<meta property=\"og:title\" content=\"2B Bio Hydrawhite - Niisutav Kreem Pigmendilaikudele - Beauty Institute\" \/>\n<meta property=\"og:description\" content=\"\u00a0Alfa-MSH (ehk melanotropiin) kontrollib t\u00fcrosinaasi aktiivsust, melaniinide (eumelaniinide ja feomelaniinide) s\u00fcnteesi, samuti melanosoomide \u00fclekannet. Alfa-MSH antagonistina on 2B Bio HydraWhite&#8217;i helendavas koostisosas, seega t\u00f5husaim toimeviis v\u00f5rreldes tavaliselt kasutatavate ainetega. 2B Bio HydraWhite&#8217;is sisalduv peamine toimeaine undets\u00fcleno\u00fc\u00fclfen\u00fc\u00fclalaniin on puhas ja ainulaadne helendav aine, mis toetab naha terviklikkust ja toimib enne \u00a0melanogeneesi inhibiitori rolli. See toimib melanogeneesi [&hellip;]\" \/>\n<meta property=\"og:url\" content=\"https:\/\/beautyinstitute.ee\/toode\/2b-bio-hydrawhite-niisutav-kreem-pigmendilaikudele\/\" \/>\n<meta property=\"og:site_name\" content=\"Beauty Institute\" \/>\n<meta property=\"article:modified_time\" content=\"2026-04-16T08:43:38+00:00\" \/>\n<meta property=\"og:image\" content=\"https:\/\/beautyinstitute.ee\/wp-content\/uploads\/2023\/09\/2B-Bio-HydraWhite-50-2.jpeg\" \/>\n\t<meta property=\"og:image:width\" content=\"853\" \/>\n\t<meta property=\"og:image:height\" content=\"1280\" \/>\n\t<meta property=\"og:image:type\" content=\"image\/jpeg\" \/>\n<meta name=\"twitter:card\" content=\"summary_large_image\" \/>\n<meta name=\"twitter:site\" content=\"@Beauty_Eesti\" \/>\n<meta name=\"twitter:label1\" content=\"\u041f\u0440\u0438\u043c\u0435\u0440\u043d\u043e\u0435 \u0432\u0440\u0435\u043c\u044f \u0434\u043b\u044f \u0447\u0442\u0435\u043d\u0438\u044f\" \/>\n\t<meta name=\"twitter:data1\" content=\"1 \u043c\u0438\u043d\u0443\u0442\u0430\" \/>\n<script type=\"application\/ld+json\" class=\"yoast-schema-graph\">{\"@context\":\"https:\/\/schema.org\",\"@graph\":[{\"@type\":\"WebPage\",\"@id\":\"https:\/\/beautyinstitute.ee\/toode\/2b-bio-hydrawhite-niisutav-kreem-pigmendilaikudele\/\",\"url\":\"https:\/\/beautyinstitute.ee\/toode\/2b-bio-hydrawhite-niisutav-kreem-pigmendilaikudele\/\",\"name\":\"2B Bio Hydrawhite - Niisutav Kreem Pigmendilaikudele - Beauty Institute\",\"isPartOf\":{\"@id\":\"https:\/\/beautyinstitute.ee\/#website\"},\"primaryImageOfPage\":{\"@id\":\"https:\/\/beautyinstitute.ee\/toode\/2b-bio-hydrawhite-niisutav-kreem-pigmendilaikudele\/#primaryimage\"},\"image\":{\"@id\":\"https:\/\/beautyinstitute.ee\/toode\/2b-bio-hydrawhite-niisutav-kreem-pigmendilaikudele\/#primaryimage\"},\"thumbnailUrl\":\"https:\/\/beautyinstitute.ee\/wp-content\/uploads\/2023\/09\/2B-Bio-HydraWhite-50-2.jpeg\",\"datePublished\":\"2023-09-12T09:36:34+00:00\",\"dateModified\":\"2026-04-16T08:43:38+00:00\",\"breadcrumb\":{\"@id\":\"https:\/\/beautyinstitute.ee\/toode\/2b-bio-hydrawhite-niisutav-kreem-pigmendilaikudele\/#breadcrumb\"},\"inLanguage\":\"ru-RU\",\"potentialAction\":[{\"@type\":\"ReadAction\",\"target\":[\"https:\/\/beautyinstitute.ee\/toode\/2b-bio-hydrawhite-niisutav-kreem-pigmendilaikudele\/\"]}]},{\"@type\":\"ImageObject\",\"inLanguage\":\"ru-RU\",\"@id\":\"https:\/\/beautyinstitute.ee\/toode\/2b-bio-hydrawhite-niisutav-kreem-pigmendilaikudele\/#primaryimage\",\"url\":\"https:\/\/beautyinstitute.ee\/wp-content\/uploads\/2023\/09\/2B-Bio-HydraWhite-50-2.jpeg\",\"contentUrl\":\"https:\/\/beautyinstitute.ee\/wp-content\/uploads\/2023\/09\/2B-Bio-HydraWhite-50-2.jpeg\",\"width\":853,\"height\":1280},{\"@type\":\"BreadcrumbList\",\"@id\":\"https:\/\/beautyinstitute.ee\/toode\/2b-bio-hydrawhite-niisutav-kreem-pigmendilaikudele\/#breadcrumb\",\"itemListElement\":[{\"@type\":\"ListItem\",\"position\":1,\"name\":\"Home\",\"item\":\"https:\/\/beautyinstitute.ee\/ru\/\"},{\"@type\":\"ListItem\",\"position\":2,\"name\":\"E-pood\",\"item\":\"https:\/\/beautyinstitute.ee\/e-pood\/\"},{\"@type\":\"ListItem\",\"position\":3,\"name\":\"2B Bio Hydrawhite &#8211; Niisutav Kreem Pigmendilaikudele\"}]},{\"@type\":\"WebSite\",\"@id\":\"https:\/\/beautyinstitute.ee\/#website\",\"url\":\"https:\/\/beautyinstitute.ee\/\",\"name\":\"Beauty Institute\",\"description\":\"CNC Cosmetic ametlik maaletooja ja edasim\u00fc\u00fcja Eestis, Soomes, L\u00e4tis. Aparaadikosmeetika, koolitused, kosmeetikatooted.\",\"potentialAction\":[{\"@type\":\"SearchAction\",\"target\":{\"@type\":\"EntryPoint\",\"urlTemplate\":\"https:\/\/beautyinstitute.ee\/?s={search_term_string}\"},\"query-input\":{\"@type\":\"PropertyValueSpecification\",\"valueRequired\":true,\"valueName\":\"search_term_string\"}}],\"inLanguage\":\"ru-RU\"}]}<\/script>\n<!-- \/ Yoast SEO plugin. -->","yoast_head_json":{"title":"2B Bio Hydrawhite - Niisutav Kreem Pigmendilaikudele - Beauty Institute","robots":{"index":"index","follow":"follow","max-snippet":"max-snippet:-1","max-image-preview":"max-image-preview:large","max-video-preview":"max-video-preview:-1"},"canonical":"https:\/\/beautyinstitute.ee\/toode\/2b-bio-hydrawhite-niisutav-kreem-pigmendilaikudele\/","og_locale":"ru_RU","og_type":"article","og_title":"2B Bio Hydrawhite - Niisutav Kreem Pigmendilaikudele - Beauty Institute","og_description":"\u00a0Alfa-MSH (ehk melanotropiin) kontrollib t\u00fcrosinaasi aktiivsust, melaniinide (eumelaniinide ja feomelaniinide) s\u00fcnteesi, samuti melanosoomide \u00fclekannet. Alfa-MSH antagonistina on 2B Bio HydraWhite&#8217;i helendavas koostisosas, seega t\u00f5husaim toimeviis v\u00f5rreldes tavaliselt kasutatavate ainetega. 2B Bio HydraWhite&#8217;is sisalduv peamine toimeaine undets\u00fcleno\u00fc\u00fclfen\u00fc\u00fclalaniin on puhas ja ainulaadne helendav aine, mis toetab naha terviklikkust ja toimib enne \u00a0melanogeneesi inhibiitori rolli. See toimib melanogeneesi [&hellip;]","og_url":"https:\/\/beautyinstitute.ee\/toode\/2b-bio-hydrawhite-niisutav-kreem-pigmendilaikudele\/","og_site_name":"Beauty Institute","article_modified_time":"2026-04-16T08:43:38+00:00","og_image":[{"width":853,"height":1280,"url":"https:\/\/beautyinstitute.ee\/wp-content\/uploads\/2023\/09\/2B-Bio-HydraWhite-50-2.jpeg","type":"image\/jpeg"}],"twitter_card":"summary_large_image","twitter_site":"@Beauty_Eesti","twitter_misc":{"\u041f\u0440\u0438\u043c\u0435\u0440\u043d\u043e\u0435 \u0432\u0440\u0435\u043c\u044f \u0434\u043b\u044f \u0447\u0442\u0435\u043d\u0438\u044f":"1 \u043c\u0438\u043d\u0443\u0442\u0430"},"schema":{"@context":"https:\/\/schema.org","@graph":[{"@type":"WebPage","@id":"https:\/\/beautyinstitute.ee\/toode\/2b-bio-hydrawhite-niisutav-kreem-pigmendilaikudele\/","url":"https:\/\/beautyinstitute.ee\/toode\/2b-bio-hydrawhite-niisutav-kreem-pigmendilaikudele\/","name":"2B Bio Hydrawhite - Niisutav Kreem Pigmendilaikudele - Beauty Institute","isPartOf":{"@id":"https:\/\/beautyinstitute.ee\/#website"},"primaryImageOfPage":{"@id":"https:\/\/beautyinstitute.ee\/toode\/2b-bio-hydrawhite-niisutav-kreem-pigmendilaikudele\/#primaryimage"},"image":{"@id":"https:\/\/beautyinstitute.ee\/toode\/2b-bio-hydrawhite-niisutav-kreem-pigmendilaikudele\/#primaryimage"},"thumbnailUrl":"https:\/\/beautyinstitute.ee\/wp-content\/uploads\/2023\/09\/2B-Bio-HydraWhite-50-2.jpeg","datePublished":"2023-09-12T09:36:34+00:00","dateModified":"2026-04-16T08:43:38+00:00","breadcrumb":{"@id":"https:\/\/beautyinstitute.ee\/toode\/2b-bio-hydrawhite-niisutav-kreem-pigmendilaikudele\/#breadcrumb"},"inLanguage":"ru-RU","potentialAction":[{"@type":"ReadAction","target":["https:\/\/beautyinstitute.ee\/toode\/2b-bio-hydrawhite-niisutav-kreem-pigmendilaikudele\/"]}]},{"@type":"ImageObject","inLanguage":"ru-RU","@id":"https:\/\/beautyinstitute.ee\/toode\/2b-bio-hydrawhite-niisutav-kreem-pigmendilaikudele\/#primaryimage","url":"https:\/\/beautyinstitute.ee\/wp-content\/uploads\/2023\/09\/2B-Bio-HydraWhite-50-2.jpeg","contentUrl":"https:\/\/beautyinstitute.ee\/wp-content\/uploads\/2023\/09\/2B-Bio-HydraWhite-50-2.jpeg","width":853,"height":1280},{"@type":"BreadcrumbList","@id":"https:\/\/beautyinstitute.ee\/toode\/2b-bio-hydrawhite-niisutav-kreem-pigmendilaikudele\/#breadcrumb","itemListElement":[{"@type":"ListItem","position":1,"name":"Home","item":"https:\/\/beautyinstitute.ee\/ru\/"},{"@type":"ListItem","position":2,"name":"E-pood","item":"https:\/\/beautyinstitute.ee\/e-pood\/"},{"@type":"ListItem","position":3,"name":"2B Bio Hydrawhite &#8211; Niisutav Kreem Pigmendilaikudele"}]},{"@type":"WebSite","@id":"https:\/\/beautyinstitute.ee\/#website","url":"https:\/\/beautyinstitute.ee\/","name":"Beauty Institute","description":"CNC Cosmetic ametlik maaletooja ja edasim\u00fc\u00fcja Eestis, Soomes, L\u00e4tis. Aparaadikosmeetika, koolitused, kosmeetikatooted.","potentialAction":[{"@type":"SearchAction","target":{"@type":"EntryPoint","urlTemplate":"https:\/\/beautyinstitute.ee\/?s={search_term_string}"},"query-input":{"@type":"PropertyValueSpecification","valueRequired":true,"valueName":"search_term_string"}}],"inLanguage":"ru-RU"}]}},"_links":{"self":[{"href":"https:\/\/beautyinstitute.ee\/ru\/wp-json\/wp\/v2\/product\/25090","targetHints":{"allow":["GET"]}}],"collection":[{"href":"https:\/\/beautyinstitute.ee\/ru\/wp-json\/wp\/v2\/product"}],"about":[{"href":"https:\/\/beautyinstitute.ee\/ru\/wp-json\/wp\/v2\/types\/product"}],"wp:featuredmedia":[{"embeddable":true,"href":"https:\/\/beautyinstitute.ee\/ru\/wp-json\/wp\/v2\/media\/25119"}],"wp:attachment":[{"href":"https:\/\/beautyinstitute.ee\/ru\/wp-json\/wp\/v2\/media?parent=25090"}],"wp:term":[{"taxonomy":"product_cat","embeddable":true,"href":"https:\/\/beautyinstitute.ee\/ru\/wp-json\/wp\/v2\/product_cat?post=25090"},{"taxonomy":"product_tag","embeddable":true,"href":"https:\/\/beautyinstitute.ee\/ru\/wp-json\/wp\/v2\/product_tag?post=25090"}],"curies":[{"name":"wp","href":"https:\/\/api.w.org\/{rel}","templated":true}]}}