{"id":25103,"date":"2023-09-14T10:58:52","date_gmt":"2023-09-14T07:58:52","guid":{"rendered":"https:\/\/beautyinstitute.ee\/?post_type=product&#038;p=25103"},"modified":"2026-04-27T10:48:47","modified_gmt":"2026-04-27T07:48:47","slug":"2b-bio-creme-mains-taastav-katekreem-f-vitamiiniga-40ml","status":"publish","type":"product","link":"https:\/\/beautyinstitute.ee\/ru\/toode\/2b-bio-creme-mains-taastav-katekreem-f-vitamiiniga-40ml\/","title":{"rendered":"2B Bio Cr\u00e8me Mains Taastav K\u00e4tekreem F-Vitamiiniga 40Ml"},"content":{"rendered":"<p>H\u00e4sti imenduv ja mitte rasvaseks j\u00e4ttev kreem kaitseb k\u00e4si igap\u00e4evaste \u00e4rrituste eest, j\u00e4tab k\u00e4ed siledaks ja pehmeks.<\/p>\n<p><b>Peamised aktiivained:<\/b><\/p>\n<ul>\n<li>Karbamiid: niisutav.<\/li>\n<li>Magusmandli \u00f5li: rahustav, hooldav ja taastav.<\/li>\n<li>\u00a0E-vitamiin, antioks\u00fcdant ja kaitsev.<\/li>\n<\/ul>\n<p><b>Tulemus:<\/b><\/p>\n<p>Kaitseb k\u00e4si ja j\u00e4tab k\u00e4ed t\u00e4iesti siledaks ja pehmeks.<\/p>\n<p><b>Soovitatav kasutusviis:<\/b><\/p>\n<p>K\u00e4tekreemi kasutamine on oluline ilutoode igal aastaajal.<br \/>\nKasutage k\u00e4tekreemi iga p\u00e4ev, kuid \u00e4rge unustage seda ka p\u00e4rast k\u00e4te pesemist.<\/p>\n<p>&nbsp;<\/p>\n","protected":false},"excerpt":{"rendered":"<p>H\u00e4sti imenduv ja mitte rasvaseks j\u00e4ttev kreem kaitseb k\u00e4si igap\u00e4evaste \u00e4rrituste eest, j\u00e4tab k\u00e4ed siledaks ja pehmeks. Peamised aktiivained: Karbamiid: niisutav. Magusmandli \u00f5li: rahustav, hooldav ja taastav. \u00a0E-vitamiin, antioks\u00fcdant ja kaitsev. Tulemus: Kaitseb k\u00e4si ja j\u00e4tab k\u00e4ed t\u00e4iesti siledaks ja pehmeks. Soovitatav kasutusviis: K\u00e4tekreemi kasutamine on oluline ilutoode igal aastaajal. Kasutage k\u00e4tekreemi iga p\u00e4ev, kuid [&hellip;]<\/p>\n","protected":false},"featured_media":25195,"template":"","meta":{"_acf_changed":false},"product_cat":[292,254],"product_tag":[],"class_list":["post-25103","product","type-product","status-publish","has-post-thumbnail","hentry","product_cat-2b-bio-beauty","product_cat-katehooldustooted"],"acf":[],"yoast_head":"<!-- This site is optimized with the Yoast SEO plugin v25.4 - https:\/\/yoast.com\/wordpress\/plugins\/seo\/ -->\n<title>2B Bio Cr\u00e8me Mains Taastav K\u00e4tekreem F-Vitamiiniga 40Ml - Beauty Institute<\/title>\n<meta name=\"robots\" content=\"index, follow, max-snippet:-1, max-image-preview:large, max-video-preview:-1\" \/>\n<link rel=\"canonical\" href=\"https:\/\/beautyinstitute.ee\/toode\/2b-bio-creme-mains-taastav-katekreem-f-vitamiiniga-40ml\/\" \/>\n<meta property=\"og:locale\" content=\"ru_RU\" \/>\n<meta property=\"og:type\" content=\"article\" \/>\n<meta property=\"og:title\" content=\"2B Bio Cr\u00e8me Mains Taastav K\u00e4tekreem F-Vitamiiniga 40Ml - Beauty Institute\" \/>\n<meta property=\"og:description\" content=\"H\u00e4sti imenduv ja mitte rasvaseks j\u00e4ttev kreem kaitseb k\u00e4si igap\u00e4evaste \u00e4rrituste eest, j\u00e4tab k\u00e4ed siledaks ja pehmeks. Peamised aktiivained: Karbamiid: niisutav. Magusmandli \u00f5li: rahustav, hooldav ja taastav. \u00a0E-vitamiin, antioks\u00fcdant ja kaitsev. Tulemus: Kaitseb k\u00e4si ja j\u00e4tab k\u00e4ed t\u00e4iesti siledaks ja pehmeks. Soovitatav kasutusviis: K\u00e4tekreemi kasutamine on oluline ilutoode igal aastaajal. Kasutage k\u00e4tekreemi iga p\u00e4ev, kuid [&hellip;]\" \/>\n<meta property=\"og:url\" content=\"https:\/\/beautyinstitute.ee\/toode\/2b-bio-creme-mains-taastav-katekreem-f-vitamiiniga-40ml\/\" \/>\n<meta property=\"og:site_name\" content=\"Beauty Institute\" \/>\n<meta property=\"article:modified_time\" content=\"2026-04-27T07:48:47+00:00\" \/>\n<meta property=\"og:image\" content=\"https:\/\/beautyinstitute.ee\/wp-content\/uploads\/2023\/09\/2B-bio-katekreem-1.jpeg\" \/>\n\t<meta property=\"og:image:width\" content=\"405\" \/>\n\t<meta property=\"og:image:height\" content=\"387\" \/>\n\t<meta property=\"og:image:type\" content=\"image\/jpeg\" \/>\n<meta name=\"twitter:card\" content=\"summary_large_image\" \/>\n<meta name=\"twitter:site\" content=\"@Beauty_Eesti\" \/>\n<meta name=\"twitter:label1\" content=\"\u041f\u0440\u0438\u043c\u0435\u0440\u043d\u043e\u0435 \u0432\u0440\u0435\u043c\u044f \u0434\u043b\u044f \u0447\u0442\u0435\u043d\u0438\u044f\" \/>\n\t<meta name=\"twitter:data1\" content=\"1 \u043c\u0438\u043d\u0443\u0442\u0430\" \/>\n<script type=\"application\/ld+json\" class=\"yoast-schema-graph\">{\"@context\":\"https:\/\/schema.org\",\"@graph\":[{\"@type\":\"WebPage\",\"@id\":\"https:\/\/beautyinstitute.ee\/toode\/2b-bio-creme-mains-taastav-katekreem-f-vitamiiniga-40ml\/\",\"url\":\"https:\/\/beautyinstitute.ee\/toode\/2b-bio-creme-mains-taastav-katekreem-f-vitamiiniga-40ml\/\",\"name\":\"2B Bio Cr\u00e8me Mains Taastav K\u00e4tekreem F-Vitamiiniga 40Ml - Beauty Institute\",\"isPartOf\":{\"@id\":\"https:\/\/beautyinstitute.ee\/#website\"},\"primaryImageOfPage\":{\"@id\":\"https:\/\/beautyinstitute.ee\/toode\/2b-bio-creme-mains-taastav-katekreem-f-vitamiiniga-40ml\/#primaryimage\"},\"image\":{\"@id\":\"https:\/\/beautyinstitute.ee\/toode\/2b-bio-creme-mains-taastav-katekreem-f-vitamiiniga-40ml\/#primaryimage\"},\"thumbnailUrl\":\"https:\/\/beautyinstitute.ee\/wp-content\/uploads\/2023\/09\/2B-bio-katekreem-1.jpeg\",\"datePublished\":\"2023-09-14T07:58:52+00:00\",\"dateModified\":\"2026-04-27T07:48:47+00:00\",\"breadcrumb\":{\"@id\":\"https:\/\/beautyinstitute.ee\/toode\/2b-bio-creme-mains-taastav-katekreem-f-vitamiiniga-40ml\/#breadcrumb\"},\"inLanguage\":\"ru-RU\",\"potentialAction\":[{\"@type\":\"ReadAction\",\"target\":[\"https:\/\/beautyinstitute.ee\/toode\/2b-bio-creme-mains-taastav-katekreem-f-vitamiiniga-40ml\/\"]}]},{\"@type\":\"ImageObject\",\"inLanguage\":\"ru-RU\",\"@id\":\"https:\/\/beautyinstitute.ee\/toode\/2b-bio-creme-mains-taastav-katekreem-f-vitamiiniga-40ml\/#primaryimage\",\"url\":\"https:\/\/beautyinstitute.ee\/wp-content\/uploads\/2023\/09\/2B-bio-katekreem-1.jpeg\",\"contentUrl\":\"https:\/\/beautyinstitute.ee\/wp-content\/uploads\/2023\/09\/2B-bio-katekreem-1.jpeg\",\"width\":405,\"height\":387},{\"@type\":\"BreadcrumbList\",\"@id\":\"https:\/\/beautyinstitute.ee\/toode\/2b-bio-creme-mains-taastav-katekreem-f-vitamiiniga-40ml\/#breadcrumb\",\"itemListElement\":[{\"@type\":\"ListItem\",\"position\":1,\"name\":\"Home\",\"item\":\"https:\/\/beautyinstitute.ee\/ru\/\"},{\"@type\":\"ListItem\",\"position\":2,\"name\":\"E-pood\",\"item\":\"https:\/\/beautyinstitute.ee\/e-pood\/\"},{\"@type\":\"ListItem\",\"position\":3,\"name\":\"2B Bio Cr\u00e8me Mains Taastav K\u00e4tekreem F-Vitamiiniga 40Ml\"}]},{\"@type\":\"WebSite\",\"@id\":\"https:\/\/beautyinstitute.ee\/#website\",\"url\":\"https:\/\/beautyinstitute.ee\/\",\"name\":\"Beauty Institute\",\"description\":\"CNC Cosmetic ametlik maaletooja ja edasim\u00fc\u00fcja Eestis, Soomes, L\u00e4tis. Aparaadikosmeetika, koolitused, kosmeetikatooted.\",\"potentialAction\":[{\"@type\":\"SearchAction\",\"target\":{\"@type\":\"EntryPoint\",\"urlTemplate\":\"https:\/\/beautyinstitute.ee\/?s={search_term_string}\"},\"query-input\":{\"@type\":\"PropertyValueSpecification\",\"valueRequired\":true,\"valueName\":\"search_term_string\"}}],\"inLanguage\":\"ru-RU\"}]}<\/script>\n<!-- \/ Yoast SEO plugin. -->","yoast_head_json":{"title":"2B Bio Cr\u00e8me Mains Taastav K\u00e4tekreem F-Vitamiiniga 40Ml - Beauty Institute","robots":{"index":"index","follow":"follow","max-snippet":"max-snippet:-1","max-image-preview":"max-image-preview:large","max-video-preview":"max-video-preview:-1"},"canonical":"https:\/\/beautyinstitute.ee\/toode\/2b-bio-creme-mains-taastav-katekreem-f-vitamiiniga-40ml\/","og_locale":"ru_RU","og_type":"article","og_title":"2B Bio Cr\u00e8me Mains Taastav K\u00e4tekreem F-Vitamiiniga 40Ml - Beauty Institute","og_description":"H\u00e4sti imenduv ja mitte rasvaseks j\u00e4ttev kreem kaitseb k\u00e4si igap\u00e4evaste \u00e4rrituste eest, j\u00e4tab k\u00e4ed siledaks ja pehmeks. Peamised aktiivained: Karbamiid: niisutav. Magusmandli \u00f5li: rahustav, hooldav ja taastav. \u00a0E-vitamiin, antioks\u00fcdant ja kaitsev. Tulemus: Kaitseb k\u00e4si ja j\u00e4tab k\u00e4ed t\u00e4iesti siledaks ja pehmeks. Soovitatav kasutusviis: K\u00e4tekreemi kasutamine on oluline ilutoode igal aastaajal. Kasutage k\u00e4tekreemi iga p\u00e4ev, kuid [&hellip;]","og_url":"https:\/\/beautyinstitute.ee\/toode\/2b-bio-creme-mains-taastav-katekreem-f-vitamiiniga-40ml\/","og_site_name":"Beauty Institute","article_modified_time":"2026-04-27T07:48:47+00:00","og_image":[{"width":405,"height":387,"url":"https:\/\/beautyinstitute.ee\/wp-content\/uploads\/2023\/09\/2B-bio-katekreem-1.jpeg","type":"image\/jpeg"}],"twitter_card":"summary_large_image","twitter_site":"@Beauty_Eesti","twitter_misc":{"\u041f\u0440\u0438\u043c\u0435\u0440\u043d\u043e\u0435 \u0432\u0440\u0435\u043c\u044f \u0434\u043b\u044f \u0447\u0442\u0435\u043d\u0438\u044f":"1 \u043c\u0438\u043d\u0443\u0442\u0430"},"schema":{"@context":"https:\/\/schema.org","@graph":[{"@type":"WebPage","@id":"https:\/\/beautyinstitute.ee\/toode\/2b-bio-creme-mains-taastav-katekreem-f-vitamiiniga-40ml\/","url":"https:\/\/beautyinstitute.ee\/toode\/2b-bio-creme-mains-taastav-katekreem-f-vitamiiniga-40ml\/","name":"2B Bio Cr\u00e8me Mains Taastav K\u00e4tekreem F-Vitamiiniga 40Ml - Beauty Institute","isPartOf":{"@id":"https:\/\/beautyinstitute.ee\/#website"},"primaryImageOfPage":{"@id":"https:\/\/beautyinstitute.ee\/toode\/2b-bio-creme-mains-taastav-katekreem-f-vitamiiniga-40ml\/#primaryimage"},"image":{"@id":"https:\/\/beautyinstitute.ee\/toode\/2b-bio-creme-mains-taastav-katekreem-f-vitamiiniga-40ml\/#primaryimage"},"thumbnailUrl":"https:\/\/beautyinstitute.ee\/wp-content\/uploads\/2023\/09\/2B-bio-katekreem-1.jpeg","datePublished":"2023-09-14T07:58:52+00:00","dateModified":"2026-04-27T07:48:47+00:00","breadcrumb":{"@id":"https:\/\/beautyinstitute.ee\/toode\/2b-bio-creme-mains-taastav-katekreem-f-vitamiiniga-40ml\/#breadcrumb"},"inLanguage":"ru-RU","potentialAction":[{"@type":"ReadAction","target":["https:\/\/beautyinstitute.ee\/toode\/2b-bio-creme-mains-taastav-katekreem-f-vitamiiniga-40ml\/"]}]},{"@type":"ImageObject","inLanguage":"ru-RU","@id":"https:\/\/beautyinstitute.ee\/toode\/2b-bio-creme-mains-taastav-katekreem-f-vitamiiniga-40ml\/#primaryimage","url":"https:\/\/beautyinstitute.ee\/wp-content\/uploads\/2023\/09\/2B-bio-katekreem-1.jpeg","contentUrl":"https:\/\/beautyinstitute.ee\/wp-content\/uploads\/2023\/09\/2B-bio-katekreem-1.jpeg","width":405,"height":387},{"@type":"BreadcrumbList","@id":"https:\/\/beautyinstitute.ee\/toode\/2b-bio-creme-mains-taastav-katekreem-f-vitamiiniga-40ml\/#breadcrumb","itemListElement":[{"@type":"ListItem","position":1,"name":"Home","item":"https:\/\/beautyinstitute.ee\/ru\/"},{"@type":"ListItem","position":2,"name":"E-pood","item":"https:\/\/beautyinstitute.ee\/e-pood\/"},{"@type":"ListItem","position":3,"name":"2B Bio Cr\u00e8me Mains Taastav K\u00e4tekreem F-Vitamiiniga 40Ml"}]},{"@type":"WebSite","@id":"https:\/\/beautyinstitute.ee\/#website","url":"https:\/\/beautyinstitute.ee\/","name":"Beauty Institute","description":"CNC Cosmetic ametlik maaletooja ja edasim\u00fc\u00fcja Eestis, Soomes, L\u00e4tis. Aparaadikosmeetika, koolitused, kosmeetikatooted.","potentialAction":[{"@type":"SearchAction","target":{"@type":"EntryPoint","urlTemplate":"https:\/\/beautyinstitute.ee\/?s={search_term_string}"},"query-input":{"@type":"PropertyValueSpecification","valueRequired":true,"valueName":"search_term_string"}}],"inLanguage":"ru-RU"}]}},"_links":{"self":[{"href":"https:\/\/beautyinstitute.ee\/ru\/wp-json\/wp\/v2\/product\/25103","targetHints":{"allow":["GET"]}}],"collection":[{"href":"https:\/\/beautyinstitute.ee\/ru\/wp-json\/wp\/v2\/product"}],"about":[{"href":"https:\/\/beautyinstitute.ee\/ru\/wp-json\/wp\/v2\/types\/product"}],"wp:featuredmedia":[{"embeddable":true,"href":"https:\/\/beautyinstitute.ee\/ru\/wp-json\/wp\/v2\/media\/25195"}],"wp:attachment":[{"href":"https:\/\/beautyinstitute.ee\/ru\/wp-json\/wp\/v2\/media?parent=25103"}],"wp:term":[{"taxonomy":"product_cat","embeddable":true,"href":"https:\/\/beautyinstitute.ee\/ru\/wp-json\/wp\/v2\/product_cat?post=25103"},{"taxonomy":"product_tag","embeddable":true,"href":"https:\/\/beautyinstitute.ee\/ru\/wp-json\/wp\/v2\/product_tag?post=25103"}],"curies":[{"name":"wp","href":"https:\/\/api.w.org\/{rel}","templated":true}]}}