{"id":2513,"date":"2019-01-21T13:43:26","date_gmt":"2019-01-21T11:43:26","guid":{"rendered":"https:\/\/beautyinstitute.ee\/?post_type=product&#038;p=2513"},"modified":"2026-04-02T14:33:38","modified_gmt":"2026-04-02T11:33:38","slug":"vita-power-a","status":"publish","type":"product","link":"https:\/\/beautyinstitute.ee\/ru\/toode\/vita-power-a\/","title":{"rendered":"Vita Power A 30 Ml"},"content":{"rendered":"<p><strong>Seerum retinoolhappega.<\/strong><\/p>\n<p>Tugev vananemisvastane vitamiinide kokteil, mis sisaldab puhast kontsentreeritud retinoolhapet. Seerum aitab taastada nahka ja annab nahale noorusliku v\u00e4ljan\u00e4gemise. Kasutada \u00f5htuti enne \u00f6\u00f6kreemi. Soovitatav kuurina.<\/p>\n<p><strong>Eelised:<\/strong><\/p>\n<ul>\n<li>ehitab sidekudet ja taastab nahka<\/li>\n<li>\u00fchtlase, n\u00e4htavalt noorenenud jume saamiseks<\/li>\n<\/ul>\n<p><strong>Sobilik:<\/strong> regenereerimist vajav ja pigmendilaikudele kalduv nahk.<\/p>\n<p><strong>Toimeained<\/strong>: puhas kontsentreeritud retinoolhape.<\/p>\n","protected":false},"excerpt":{"rendered":"<p>Seerum retinoolhappega. Tugev vananemisvastane vitamiinide kokteil, mis sisaldab puhast kontsentreeritud retinoolhapet. Seerum aitab taastada nahka ja annab nahale noorusliku v\u00e4ljan\u00e4gemise. Kasutada \u00f5htuti enne \u00f6\u00f6kreemi. Soovitatav kuurina. Eelised: ehitab sidekudet ja taastab nahka \u00fchtlase, n\u00e4htavalt noorenenud jume saamiseks Sobilik: regenereerimist vajav ja pigmendilaikudele kalduv nahk. Toimeained: puhas kontsentreeritud retinoolhape.<\/p>\n","protected":false},"featured_media":11914,"template":"","meta":{"_acf_changed":false},"product_cat":[249,114,120],"product_tag":[],"class_list":["post-2513","product","type-product","status-publish","has-post-thumbnail","hentry","product_cat-seerumid-2","product_cat-tootesarjad","product_cat-vita-power"],"acf":[],"yoast_head":"<!-- This site is optimized with the Yoast SEO plugin v25.4 - https:\/\/yoast.com\/wordpress\/plugins\/seo\/ -->\n<title>Vita Power A 30 Ml - Beauty Institute<\/title>\n<meta name=\"robots\" content=\"index, follow, max-snippet:-1, max-image-preview:large, max-video-preview:-1\" \/>\n<link rel=\"canonical\" href=\"https:\/\/beautyinstitute.ee\/toode\/vita-power-a\/\" \/>\n<meta property=\"og:locale\" content=\"ru_RU\" \/>\n<meta property=\"og:type\" content=\"article\" \/>\n<meta property=\"og:title\" content=\"Vita Power A 30 Ml - Beauty Institute\" \/>\n<meta property=\"og:description\" content=\"Seerum retinoolhappega. Tugev vananemisvastane vitamiinide kokteil, mis sisaldab puhast kontsentreeritud retinoolhapet. Seerum aitab taastada nahka ja annab nahale noorusliku v\u00e4ljan\u00e4gemise. Kasutada \u00f5htuti enne \u00f6\u00f6kreemi. Soovitatav kuurina. Eelised: ehitab sidekudet ja taastab nahka \u00fchtlase, n\u00e4htavalt noorenenud jume saamiseks Sobilik: regenereerimist vajav ja pigmendilaikudele kalduv nahk. Toimeained: puhas kontsentreeritud retinoolhape.\" \/>\n<meta property=\"og:url\" content=\"https:\/\/beautyinstitute.ee\/toode\/vita-power-a\/\" \/>\n<meta property=\"og:site_name\" content=\"Beauty Institute\" \/>\n<meta property=\"article:modified_time\" content=\"2026-04-02T11:33:38+00:00\" \/>\n<meta property=\"og:image\" content=\"https:\/\/beautyinstitute.ee\/wp-content\/uploads\/2019\/01\/Vita-power-A.jpg\" \/>\n\t<meta property=\"og:image:width\" content=\"750\" \/>\n\t<meta property=\"og:image:height\" content=\"711\" \/>\n\t<meta property=\"og:image:type\" content=\"image\/jpeg\" \/>\n<meta name=\"twitter:card\" content=\"summary_large_image\" \/>\n<meta name=\"twitter:site\" content=\"@Beauty_Eesti\" \/>\n<meta name=\"twitter:label1\" content=\"\u041f\u0440\u0438\u043c\u0435\u0440\u043d\u043e\u0435 \u0432\u0440\u0435\u043c\u044f \u0434\u043b\u044f \u0447\u0442\u0435\u043d\u0438\u044f\" \/>\n\t<meta name=\"twitter:data1\" content=\"1 \u043c\u0438\u043d\u0443\u0442\u0430\" \/>\n<script type=\"application\/ld+json\" class=\"yoast-schema-graph\">{\"@context\":\"https:\/\/schema.org\",\"@graph\":[{\"@type\":\"WebPage\",\"@id\":\"https:\/\/beautyinstitute.ee\/toode\/vita-power-a\/\",\"url\":\"https:\/\/beautyinstitute.ee\/toode\/vita-power-a\/\",\"name\":\"Vita Power A 30 Ml - Beauty Institute\",\"isPartOf\":{\"@id\":\"https:\/\/beautyinstitute.ee\/#website\"},\"primaryImageOfPage\":{\"@id\":\"https:\/\/beautyinstitute.ee\/toode\/vita-power-a\/#primaryimage\"},\"image\":{\"@id\":\"https:\/\/beautyinstitute.ee\/toode\/vita-power-a\/#primaryimage\"},\"thumbnailUrl\":\"https:\/\/beautyinstitute.ee\/wp-content\/uploads\/2019\/01\/Vita-power-A.jpg\",\"datePublished\":\"2019-01-21T11:43:26+00:00\",\"dateModified\":\"2026-04-02T11:33:38+00:00\",\"breadcrumb\":{\"@id\":\"https:\/\/beautyinstitute.ee\/toode\/vita-power-a\/#breadcrumb\"},\"inLanguage\":\"ru-RU\",\"potentialAction\":[{\"@type\":\"ReadAction\",\"target\":[\"https:\/\/beautyinstitute.ee\/toode\/vita-power-a\/\"]}]},{\"@type\":\"ImageObject\",\"inLanguage\":\"ru-RU\",\"@id\":\"https:\/\/beautyinstitute.ee\/toode\/vita-power-a\/#primaryimage\",\"url\":\"https:\/\/beautyinstitute.ee\/wp-content\/uploads\/2019\/01\/Vita-power-A.jpg\",\"contentUrl\":\"https:\/\/beautyinstitute.ee\/wp-content\/uploads\/2019\/01\/Vita-power-A.jpg\",\"width\":750,\"height\":711},{\"@type\":\"BreadcrumbList\",\"@id\":\"https:\/\/beautyinstitute.ee\/toode\/vita-power-a\/#breadcrumb\",\"itemListElement\":[{\"@type\":\"ListItem\",\"position\":1,\"name\":\"Home\",\"item\":\"https:\/\/beautyinstitute.ee\/ru\/\"},{\"@type\":\"ListItem\",\"position\":2,\"name\":\"E-pood\",\"item\":\"https:\/\/beautyinstitute.ee\/e-pood\/\"},{\"@type\":\"ListItem\",\"position\":3,\"name\":\"Vita Power A 30 Ml\"}]},{\"@type\":\"WebSite\",\"@id\":\"https:\/\/beautyinstitute.ee\/#website\",\"url\":\"https:\/\/beautyinstitute.ee\/\",\"name\":\"Beauty Institute\",\"description\":\"CNC Cosmetic ametlik maaletooja ja edasim\u00fc\u00fcja Eestis, Soomes, L\u00e4tis. Aparaadikosmeetika, koolitused, kosmeetikatooted.\",\"potentialAction\":[{\"@type\":\"SearchAction\",\"target\":{\"@type\":\"EntryPoint\",\"urlTemplate\":\"https:\/\/beautyinstitute.ee\/?s={search_term_string}\"},\"query-input\":{\"@type\":\"PropertyValueSpecification\",\"valueRequired\":true,\"valueName\":\"search_term_string\"}}],\"inLanguage\":\"ru-RU\"}]}<\/script>\n<!-- \/ Yoast SEO plugin. -->","yoast_head_json":{"title":"Vita Power A 30 Ml - Beauty Institute","robots":{"index":"index","follow":"follow","max-snippet":"max-snippet:-1","max-image-preview":"max-image-preview:large","max-video-preview":"max-video-preview:-1"},"canonical":"https:\/\/beautyinstitute.ee\/toode\/vita-power-a\/","og_locale":"ru_RU","og_type":"article","og_title":"Vita Power A 30 Ml - Beauty Institute","og_description":"Seerum retinoolhappega. Tugev vananemisvastane vitamiinide kokteil, mis sisaldab puhast kontsentreeritud retinoolhapet. Seerum aitab taastada nahka ja annab nahale noorusliku v\u00e4ljan\u00e4gemise. Kasutada \u00f5htuti enne \u00f6\u00f6kreemi. Soovitatav kuurina. Eelised: ehitab sidekudet ja taastab nahka \u00fchtlase, n\u00e4htavalt noorenenud jume saamiseks Sobilik: regenereerimist vajav ja pigmendilaikudele kalduv nahk. Toimeained: puhas kontsentreeritud retinoolhape.","og_url":"https:\/\/beautyinstitute.ee\/toode\/vita-power-a\/","og_site_name":"Beauty Institute","article_modified_time":"2026-04-02T11:33:38+00:00","og_image":[{"width":750,"height":711,"url":"https:\/\/beautyinstitute.ee\/wp-content\/uploads\/2019\/01\/Vita-power-A.jpg","type":"image\/jpeg"}],"twitter_card":"summary_large_image","twitter_site":"@Beauty_Eesti","twitter_misc":{"\u041f\u0440\u0438\u043c\u0435\u0440\u043d\u043e\u0435 \u0432\u0440\u0435\u043c\u044f \u0434\u043b\u044f \u0447\u0442\u0435\u043d\u0438\u044f":"1 \u043c\u0438\u043d\u0443\u0442\u0430"},"schema":{"@context":"https:\/\/schema.org","@graph":[{"@type":"WebPage","@id":"https:\/\/beautyinstitute.ee\/toode\/vita-power-a\/","url":"https:\/\/beautyinstitute.ee\/toode\/vita-power-a\/","name":"Vita Power A 30 Ml - Beauty Institute","isPartOf":{"@id":"https:\/\/beautyinstitute.ee\/#website"},"primaryImageOfPage":{"@id":"https:\/\/beautyinstitute.ee\/toode\/vita-power-a\/#primaryimage"},"image":{"@id":"https:\/\/beautyinstitute.ee\/toode\/vita-power-a\/#primaryimage"},"thumbnailUrl":"https:\/\/beautyinstitute.ee\/wp-content\/uploads\/2019\/01\/Vita-power-A.jpg","datePublished":"2019-01-21T11:43:26+00:00","dateModified":"2026-04-02T11:33:38+00:00","breadcrumb":{"@id":"https:\/\/beautyinstitute.ee\/toode\/vita-power-a\/#breadcrumb"},"inLanguage":"ru-RU","potentialAction":[{"@type":"ReadAction","target":["https:\/\/beautyinstitute.ee\/toode\/vita-power-a\/"]}]},{"@type":"ImageObject","inLanguage":"ru-RU","@id":"https:\/\/beautyinstitute.ee\/toode\/vita-power-a\/#primaryimage","url":"https:\/\/beautyinstitute.ee\/wp-content\/uploads\/2019\/01\/Vita-power-A.jpg","contentUrl":"https:\/\/beautyinstitute.ee\/wp-content\/uploads\/2019\/01\/Vita-power-A.jpg","width":750,"height":711},{"@type":"BreadcrumbList","@id":"https:\/\/beautyinstitute.ee\/toode\/vita-power-a\/#breadcrumb","itemListElement":[{"@type":"ListItem","position":1,"name":"Home","item":"https:\/\/beautyinstitute.ee\/ru\/"},{"@type":"ListItem","position":2,"name":"E-pood","item":"https:\/\/beautyinstitute.ee\/e-pood\/"},{"@type":"ListItem","position":3,"name":"Vita Power A 30 Ml"}]},{"@type":"WebSite","@id":"https:\/\/beautyinstitute.ee\/#website","url":"https:\/\/beautyinstitute.ee\/","name":"Beauty Institute","description":"CNC Cosmetic ametlik maaletooja ja edasim\u00fc\u00fcja Eestis, Soomes, L\u00e4tis. Aparaadikosmeetika, koolitused, kosmeetikatooted.","potentialAction":[{"@type":"SearchAction","target":{"@type":"EntryPoint","urlTemplate":"https:\/\/beautyinstitute.ee\/?s={search_term_string}"},"query-input":{"@type":"PropertyValueSpecification","valueRequired":true,"valueName":"search_term_string"}}],"inLanguage":"ru-RU"}]}},"_links":{"self":[{"href":"https:\/\/beautyinstitute.ee\/ru\/wp-json\/wp\/v2\/product\/2513","targetHints":{"allow":["GET"]}}],"collection":[{"href":"https:\/\/beautyinstitute.ee\/ru\/wp-json\/wp\/v2\/product"}],"about":[{"href":"https:\/\/beautyinstitute.ee\/ru\/wp-json\/wp\/v2\/types\/product"}],"wp:featuredmedia":[{"embeddable":true,"href":"https:\/\/beautyinstitute.ee\/ru\/wp-json\/wp\/v2\/media\/11914"}],"wp:attachment":[{"href":"https:\/\/beautyinstitute.ee\/ru\/wp-json\/wp\/v2\/media?parent=2513"}],"wp:term":[{"taxonomy":"product_cat","embeddable":true,"href":"https:\/\/beautyinstitute.ee\/ru\/wp-json\/wp\/v2\/product_cat?post=2513"},{"taxonomy":"product_tag","embeddable":true,"href":"https:\/\/beautyinstitute.ee\/ru\/wp-json\/wp\/v2\/product_tag?post=2513"}],"curies":[{"name":"wp","href":"https:\/\/api.w.org\/{rel}","templated":true}]}}