{"id":25154,"date":"2023-09-14T11:29:52","date_gmt":"2023-09-14T08:29:52","guid":{"rendered":"https:\/\/beautyinstitute.ee\/?post_type=product&#038;p=25154"},"modified":"2026-04-28T13:46:30","modified_gmt":"2026-04-28T10:46:30","slug":"2b-bio-peeling-5g","status":"publish","type":"product","link":"https:\/\/beautyinstitute.ee\/ru\/toode\/2b-bio-peeling-5g\/","title":{"rendered":"2B Bio Peeling 5G 1 Tk"},"content":{"rendered":"<p>Erinevalt teistest koorimishooldustest, mis toimivad pindmiselt, k\u00e4ivitab 2B Bio Peeling<br \/>\nkoorimisprotsessi seestpoolt.<\/p>\n<p>Meie kehal on v\u00f5ime t\u00f5rjuda v\u00e4lja iga v\u00f5\u00f5rkeha. Bio Peelingu v\u00f5imsad ja 100% looduslikud<br \/>\nained tootes meelitavad teie nahka t\u00f5rjuma surnud rakke, mis seda l\u00e4mmatavad.<\/p>\n<p><b>Peamised aktiivained:<\/b><\/p>\n<ul>\n<li>Badiaga spongilla fluviatilis: tugevalt mineraliseeritud magevee k\u00e4sn, millel on looduslikud<br \/>\nmikron\u00f5elad, mis kutsuvad esile epidermise kontrollitava reaktsiooni. Tugevdav toime.<\/li>\n<li>\u00a0Havnejordit lava: \u00a0vulkaanilised \u00a0mikrokristallid. Mehhaaniline toime.<\/li>\n<li>\u00a0Maranta arundinacea: maranta juureseemned, pehmendav ja toitev looduslik juuret\u00e4rklis, siduja.<\/li>\n<li>\u00a0Gummi akaatsia: akaatsia kummi, akaatsia mahlast saadud tihendaja sidumis- ja pinguldava toimega. Siduv ja pinguldav toime<\/li>\n<li>Silika: kristalliline kvarts (SI02), looduslik teravate servadega mineraal (r\u00e4nidioksiid), millest erilisel \u00a0lihvimisel saadud peenikesed r\u00e4nigraanulid pakuvad mehaanilist toimet.<\/li>\n<li>\u00a0Calendulae officinalis: kuivatatud ja purustatud saialill rahustava \u00a0toimega.<\/li>\n<li>\u00a0Equisetum arvense: taimne ekstrakt, purustatud hobukastani varred, mis sisaldavad rohkelt v\u00e4\u00e4rismetalle. Toniseeriv ja ahendav toime.<\/li>\n<\/ul>\n<p><b>Kellele see kasulik on?<\/b><\/p>\n<ul>\n<li>\u00a030-aastased ja vanemad inimesed, et ennetada naha vananemist ja s\u00e4ilitada s\u00e4ravat<br \/>\njume. Sobiv k\u00f5ikidele nahat\u00fc\u00fcpidele.<\/li>\n<li>K\u00fcps, vanenev nahk, kuna see parandab aja jooksul tekkinud probleeme.<\/li>\n<li>\u00a0Mehed ja naised, kellel on rasune v\u00f5i aknele kalduv nahk.<\/li>\n<\/ul>\n<p><span class=\"Y2IQFc\" lang=\"et\"><b>Kuidas teha?<\/b><\/span><\/p>\n<p><span class=\"Y2IQFc\" lang=\"et\"> 4-6-n\u00e4dalane raviplaan \u00fcks seanss n\u00e4dalas, ideaalis kaks seeriat aastas. <\/span><\/p>\n<p><b>Tulemused:<\/b><\/p>\n<p><span class=\"Y2IQFc\" lang=\"et\">\u00a0Nahk puhastatakse s\u00fcgavuti, rakkude ainevahetus taasaktiveerub ning kortsud ja peened jooned on tugevdatud seestpoolt. Laienenud poorid on ahenenud, pigmendij\u00e4ljed oluliselt v\u00e4henenud.\u00a0<\/span><\/p>\n<p><span class=\"Y2IQFc\" lang=\"et\"><b>T\u00e4helepanekuks kosmeetikutele!<\/b><\/span><\/p>\n<p><span class=\"Y2IQFc\" lang=\"et\">Hoiatage oma klienti, et kahe v\u00f5i kolme p\u00e4eva jooksul v\u00f5ib nahk kooruda, olla \u00e4rritunud, p\u00f5letikus. K\u00f5ik tekkinud n\u00e4idustused kaovad 48 tunni jooksul.<\/span><\/p>\n<p><span class=\"Y2IQFc\" lang=\"et\"><b>NB! <\/b>2B Bio Peeling on m\u00f5eldud ainult professionaalseks kasutuseks, peale \u00a0koolituse l\u00e4bimist.<\/span><\/p>\n","protected":false},"excerpt":{"rendered":"<p>Erinevalt teistest koorimishooldustest, mis toimivad pindmiselt, k\u00e4ivitab 2B Bio Peeling koorimisprotsessi seestpoolt. Meie kehal on v\u00f5ime t\u00f5rjuda v\u00e4lja iga v\u00f5\u00f5rkeha. Bio Peelingu v\u00f5imsad ja 100% looduslikud ained tootes meelitavad teie nahka t\u00f5rjuma surnud rakke, mis seda l\u00e4mmatavad. Peamised aktiivained: Badiaga spongilla fluviatilis: tugevalt mineraliseeritud magevee k\u00e4sn, millel on looduslikud mikron\u00f5elad, mis kutsuvad esile epidermise kontrollitava [&hellip;]<\/p>\n","protected":false},"featured_media":25157,"template":"","meta":{"_acf_changed":false},"product_cat":[292,247],"product_tag":[],"class_list":["post-25154","product","type-product","status-publish","has-post-thumbnail","hentry","product_cat-2b-bio-beauty","product_cat-koorijad"],"acf":[],"yoast_head":"<!-- This site is optimized with the Yoast SEO plugin v25.4 - https:\/\/yoast.com\/wordpress\/plugins\/seo\/ -->\n<title>2B Bio Peeling 5G 1 Tk - Beauty Institute<\/title>\n<meta name=\"robots\" content=\"index, follow, max-snippet:-1, max-image-preview:large, max-video-preview:-1\" \/>\n<link rel=\"canonical\" href=\"https:\/\/beautyinstitute.ee\/toode\/2b-bio-peeling-5g\/\" \/>\n<meta property=\"og:locale\" content=\"ru_RU\" \/>\n<meta property=\"og:type\" content=\"article\" \/>\n<meta property=\"og:title\" content=\"2B Bio Peeling 5G 1 Tk - Beauty Institute\" \/>\n<meta property=\"og:description\" content=\"Erinevalt teistest koorimishooldustest, mis toimivad pindmiselt, k\u00e4ivitab 2B Bio Peeling koorimisprotsessi seestpoolt. Meie kehal on v\u00f5ime t\u00f5rjuda v\u00e4lja iga v\u00f5\u00f5rkeha. Bio Peelingu v\u00f5imsad ja 100% looduslikud ained tootes meelitavad teie nahka t\u00f5rjuma surnud rakke, mis seda l\u00e4mmatavad. Peamised aktiivained: Badiaga spongilla fluviatilis: tugevalt mineraliseeritud magevee k\u00e4sn, millel on looduslikud mikron\u00f5elad, mis kutsuvad esile epidermise kontrollitava [&hellip;]\" \/>\n<meta property=\"og:url\" content=\"https:\/\/beautyinstitute.ee\/toode\/2b-bio-peeling-5g\/\" \/>\n<meta property=\"og:site_name\" content=\"Beauty Institute\" \/>\n<meta property=\"article:modified_time\" content=\"2026-04-28T10:46:30+00:00\" \/>\n<meta property=\"og:image\" content=\"https:\/\/beautyinstitute.ee\/wp-content\/uploads\/2023\/09\/bio-peeling.jpeg\" \/>\n\t<meta property=\"og:image:width\" content=\"1280\" \/>\n\t<meta property=\"og:image:height\" content=\"1280\" \/>\n\t<meta property=\"og:image:type\" content=\"image\/jpeg\" \/>\n<meta name=\"twitter:card\" content=\"summary_large_image\" \/>\n<meta name=\"twitter:site\" content=\"@Beauty_Eesti\" \/>\n<meta name=\"twitter:label1\" content=\"\u041f\u0440\u0438\u043c\u0435\u0440\u043d\u043e\u0435 \u0432\u0440\u0435\u043c\u044f \u0434\u043b\u044f \u0447\u0442\u0435\u043d\u0438\u044f\" \/>\n\t<meta name=\"twitter:data1\" content=\"2 \u043c\u0438\u043d\u0443\u0442\u044b\" \/>\n<script type=\"application\/ld+json\" class=\"yoast-schema-graph\">{\"@context\":\"https:\/\/schema.org\",\"@graph\":[{\"@type\":\"WebPage\",\"@id\":\"https:\/\/beautyinstitute.ee\/toode\/2b-bio-peeling-5g\/\",\"url\":\"https:\/\/beautyinstitute.ee\/toode\/2b-bio-peeling-5g\/\",\"name\":\"2B Bio Peeling 5G 1 Tk - Beauty Institute\",\"isPartOf\":{\"@id\":\"https:\/\/beautyinstitute.ee\/#website\"},\"primaryImageOfPage\":{\"@id\":\"https:\/\/beautyinstitute.ee\/toode\/2b-bio-peeling-5g\/#primaryimage\"},\"image\":{\"@id\":\"https:\/\/beautyinstitute.ee\/toode\/2b-bio-peeling-5g\/#primaryimage\"},\"thumbnailUrl\":\"https:\/\/beautyinstitute.ee\/wp-content\/uploads\/2023\/09\/bio-peeling.jpeg\",\"datePublished\":\"2023-09-14T08:29:52+00:00\",\"dateModified\":\"2026-04-28T10:46:30+00:00\",\"breadcrumb\":{\"@id\":\"https:\/\/beautyinstitute.ee\/toode\/2b-bio-peeling-5g\/#breadcrumb\"},\"inLanguage\":\"ru-RU\",\"potentialAction\":[{\"@type\":\"ReadAction\",\"target\":[\"https:\/\/beautyinstitute.ee\/toode\/2b-bio-peeling-5g\/\"]}]},{\"@type\":\"ImageObject\",\"inLanguage\":\"ru-RU\",\"@id\":\"https:\/\/beautyinstitute.ee\/toode\/2b-bio-peeling-5g\/#primaryimage\",\"url\":\"https:\/\/beautyinstitute.ee\/wp-content\/uploads\/2023\/09\/bio-peeling.jpeg\",\"contentUrl\":\"https:\/\/beautyinstitute.ee\/wp-content\/uploads\/2023\/09\/bio-peeling.jpeg\",\"width\":1280,\"height\":1280},{\"@type\":\"BreadcrumbList\",\"@id\":\"https:\/\/beautyinstitute.ee\/toode\/2b-bio-peeling-5g\/#breadcrumb\",\"itemListElement\":[{\"@type\":\"ListItem\",\"position\":1,\"name\":\"Home\",\"item\":\"https:\/\/beautyinstitute.ee\/ru\/\"},{\"@type\":\"ListItem\",\"position\":2,\"name\":\"E-pood\",\"item\":\"https:\/\/beautyinstitute.ee\/e-pood\/\"},{\"@type\":\"ListItem\",\"position\":3,\"name\":\"2B Bio Peeling 5G 1 Tk\"}]},{\"@type\":\"WebSite\",\"@id\":\"https:\/\/beautyinstitute.ee\/#website\",\"url\":\"https:\/\/beautyinstitute.ee\/\",\"name\":\"Beauty Institute\",\"description\":\"CNC Cosmetic ametlik maaletooja ja edasim\u00fc\u00fcja Eestis, Soomes, L\u00e4tis. Aparaadikosmeetika, koolitused, kosmeetikatooted.\",\"potentialAction\":[{\"@type\":\"SearchAction\",\"target\":{\"@type\":\"EntryPoint\",\"urlTemplate\":\"https:\/\/beautyinstitute.ee\/?s={search_term_string}\"},\"query-input\":{\"@type\":\"PropertyValueSpecification\",\"valueRequired\":true,\"valueName\":\"search_term_string\"}}],\"inLanguage\":\"ru-RU\"}]}<\/script>\n<!-- \/ Yoast SEO plugin. -->","yoast_head_json":{"title":"2B Bio Peeling 5G 1 Tk - Beauty Institute","robots":{"index":"index","follow":"follow","max-snippet":"max-snippet:-1","max-image-preview":"max-image-preview:large","max-video-preview":"max-video-preview:-1"},"canonical":"https:\/\/beautyinstitute.ee\/toode\/2b-bio-peeling-5g\/","og_locale":"ru_RU","og_type":"article","og_title":"2B Bio Peeling 5G 1 Tk - Beauty Institute","og_description":"Erinevalt teistest koorimishooldustest, mis toimivad pindmiselt, k\u00e4ivitab 2B Bio Peeling koorimisprotsessi seestpoolt. Meie kehal on v\u00f5ime t\u00f5rjuda v\u00e4lja iga v\u00f5\u00f5rkeha. Bio Peelingu v\u00f5imsad ja 100% looduslikud ained tootes meelitavad teie nahka t\u00f5rjuma surnud rakke, mis seda l\u00e4mmatavad. Peamised aktiivained: Badiaga spongilla fluviatilis: tugevalt mineraliseeritud magevee k\u00e4sn, millel on looduslikud mikron\u00f5elad, mis kutsuvad esile epidermise kontrollitava [&hellip;]","og_url":"https:\/\/beautyinstitute.ee\/toode\/2b-bio-peeling-5g\/","og_site_name":"Beauty Institute","article_modified_time":"2026-04-28T10:46:30+00:00","og_image":[{"width":1280,"height":1280,"url":"https:\/\/beautyinstitute.ee\/wp-content\/uploads\/2023\/09\/bio-peeling.jpeg","type":"image\/jpeg"}],"twitter_card":"summary_large_image","twitter_site":"@Beauty_Eesti","twitter_misc":{"\u041f\u0440\u0438\u043c\u0435\u0440\u043d\u043e\u0435 \u0432\u0440\u0435\u043c\u044f \u0434\u043b\u044f \u0447\u0442\u0435\u043d\u0438\u044f":"2 \u043c\u0438\u043d\u0443\u0442\u044b"},"schema":{"@context":"https:\/\/schema.org","@graph":[{"@type":"WebPage","@id":"https:\/\/beautyinstitute.ee\/toode\/2b-bio-peeling-5g\/","url":"https:\/\/beautyinstitute.ee\/toode\/2b-bio-peeling-5g\/","name":"2B Bio Peeling 5G 1 Tk - Beauty Institute","isPartOf":{"@id":"https:\/\/beautyinstitute.ee\/#website"},"primaryImageOfPage":{"@id":"https:\/\/beautyinstitute.ee\/toode\/2b-bio-peeling-5g\/#primaryimage"},"image":{"@id":"https:\/\/beautyinstitute.ee\/toode\/2b-bio-peeling-5g\/#primaryimage"},"thumbnailUrl":"https:\/\/beautyinstitute.ee\/wp-content\/uploads\/2023\/09\/bio-peeling.jpeg","datePublished":"2023-09-14T08:29:52+00:00","dateModified":"2026-04-28T10:46:30+00:00","breadcrumb":{"@id":"https:\/\/beautyinstitute.ee\/toode\/2b-bio-peeling-5g\/#breadcrumb"},"inLanguage":"ru-RU","potentialAction":[{"@type":"ReadAction","target":["https:\/\/beautyinstitute.ee\/toode\/2b-bio-peeling-5g\/"]}]},{"@type":"ImageObject","inLanguage":"ru-RU","@id":"https:\/\/beautyinstitute.ee\/toode\/2b-bio-peeling-5g\/#primaryimage","url":"https:\/\/beautyinstitute.ee\/wp-content\/uploads\/2023\/09\/bio-peeling.jpeg","contentUrl":"https:\/\/beautyinstitute.ee\/wp-content\/uploads\/2023\/09\/bio-peeling.jpeg","width":1280,"height":1280},{"@type":"BreadcrumbList","@id":"https:\/\/beautyinstitute.ee\/toode\/2b-bio-peeling-5g\/#breadcrumb","itemListElement":[{"@type":"ListItem","position":1,"name":"Home","item":"https:\/\/beautyinstitute.ee\/ru\/"},{"@type":"ListItem","position":2,"name":"E-pood","item":"https:\/\/beautyinstitute.ee\/e-pood\/"},{"@type":"ListItem","position":3,"name":"2B Bio Peeling 5G 1 Tk"}]},{"@type":"WebSite","@id":"https:\/\/beautyinstitute.ee\/#website","url":"https:\/\/beautyinstitute.ee\/","name":"Beauty Institute","description":"CNC Cosmetic ametlik maaletooja ja edasim\u00fc\u00fcja Eestis, Soomes, L\u00e4tis. Aparaadikosmeetika, koolitused, kosmeetikatooted.","potentialAction":[{"@type":"SearchAction","target":{"@type":"EntryPoint","urlTemplate":"https:\/\/beautyinstitute.ee\/?s={search_term_string}"},"query-input":{"@type":"PropertyValueSpecification","valueRequired":true,"valueName":"search_term_string"}}],"inLanguage":"ru-RU"}]}},"_links":{"self":[{"href":"https:\/\/beautyinstitute.ee\/ru\/wp-json\/wp\/v2\/product\/25154","targetHints":{"allow":["GET"]}}],"collection":[{"href":"https:\/\/beautyinstitute.ee\/ru\/wp-json\/wp\/v2\/product"}],"about":[{"href":"https:\/\/beautyinstitute.ee\/ru\/wp-json\/wp\/v2\/types\/product"}],"wp:featuredmedia":[{"embeddable":true,"href":"https:\/\/beautyinstitute.ee\/ru\/wp-json\/wp\/v2\/media\/25157"}],"wp:attachment":[{"href":"https:\/\/beautyinstitute.ee\/ru\/wp-json\/wp\/v2\/media?parent=25154"}],"wp:term":[{"taxonomy":"product_cat","embeddable":true,"href":"https:\/\/beautyinstitute.ee\/ru\/wp-json\/wp\/v2\/product_cat?post=25154"},{"taxonomy":"product_tag","embeddable":true,"href":"https:\/\/beautyinstitute.ee\/ru\/wp-json\/wp\/v2\/product_tag?post=25154"}],"curies":[{"name":"wp","href":"https:\/\/api.w.org\/{rel}","templated":true}]}}