{"id":25160,"date":"2023-09-13T14:12:51","date_gmt":"2023-09-13T11:12:51","guid":{"rendered":"https:\/\/beautyinstitute.ee\/?post_type=product&#038;p=25160"},"modified":"2026-04-27T11:20:07","modified_gmt":"2026-04-27T08:20:07","slug":"2b-bio-defense-spf-30-paikesekaitse-spf-30-kreem","status":"publish","type":"product","link":"https:\/\/beautyinstitute.ee\/ru\/toode\/2b-bio-defense-spf-30-paikesekaitse-spf-30-kreem\/","title":{"rendered":"2B Bio D\u00e9fense P\u00e4ikesekaitse Spf 30 Kreem 40Ml"},"content":{"rendered":"<ul>\n<li>\u00a02B Bio D\u00e9fense, t\u00e4nu SPF 30-le kaitseb nahka t\u00f5husalt ultraviolettkiirguse kahjuliku m\u00f5ju eest.<\/li>\n<li>Leevendab 2B Bio Peelingust p\u00f5hjustatud punetust.<\/li>\n<\/ul>\n<p><strong>Peamised aktiivained:<\/strong><\/p>\n<p>Sheav\u00f5i: looduslik filter, millel on toitev toime.<br \/>\nProp\u00fcleengl\u00fckool: pehmendav.<br \/>\nBioflavonoid: vabade radikaalide vastu.<br \/>\nTitaandioksiid: p\u00e4ikesekaitse.<br \/>\nA-, C- ja E-vitamiinid: taastavad, restruktureerivad ja antioks\u00fcdandid.<br \/>\nLuuderohi: taimne ekstrakt, millel on tervendavad ja stimuleerivad omadused.<br \/>\nAllantoiin: rahustab ja leevendab.<br \/>\nTsitrusviljade essents: A, B1, B2, B3, PP ja C-vitamiini rikas aine.<\/p>\n<p><strong>Kuidas \u00a0kasutada:<\/strong><\/p>\n<p>2B Bio D\u00e9fense&#8217;i tuleb kindlasti kasutada 2B Bio Peelingile j\u00e4rgnevatel p\u00e4evadel, kuna nahk on siis eriti tundlik ultraviolettkiirguse suhtes.<\/p>\n<p>Suurep\u00e4rane katvus t\u00e4iuslikult loomuliku l\u00f5pptulemuse saavutamiseks.<\/p>\n","protected":false},"excerpt":{"rendered":"<p>\u00a02B Bio D\u00e9fense, t\u00e4nu SPF 30-le kaitseb nahka t\u00f5husalt ultraviolettkiirguse kahjuliku m\u00f5ju eest. Leevendab 2B Bio Peelingust p\u00f5hjustatud punetust. Peamised aktiivained: Sheav\u00f5i: looduslik filter, millel on toitev toime. Prop\u00fcleengl\u00fckool: pehmendav. Bioflavonoid: vabade radikaalide vastu. Titaandioksiid: p\u00e4ikesekaitse. A-, C- ja E-vitamiinid: taastavad, restruktureerivad ja antioks\u00fcdandid. Luuderohi: taimne ekstrakt, millel on tervendavad ja stimuleerivad omadused. Allantoiin: rahustab [&hellip;]<\/p>\n","protected":false},"featured_media":25169,"template":"","meta":{"_acf_changed":false},"product_cat":[292,250,252,15],"product_tag":[],"class_list":["post-25160","product","type-product","status-publish","has-post-thumbnail","hentry","product_cat-2b-bio-beauty","product_cat-naokreemid","product_cat-uv-kaitse","product_cat-muud-tooted"],"acf":[],"yoast_head":"<!-- This site is optimized with the Yoast SEO plugin v25.4 - https:\/\/yoast.com\/wordpress\/plugins\/seo\/ -->\n<title>2B Bio D\u00e9fense P\u00e4ikesekaitse Spf 30 Kreem 40Ml - Beauty Institute<\/title>\n<meta name=\"robots\" content=\"index, follow, max-snippet:-1, max-image-preview:large, max-video-preview:-1\" \/>\n<link rel=\"canonical\" href=\"https:\/\/beautyinstitute.ee\/toode\/2b-bio-defense-spf-30-paikesekaitse-spf-30-kreem\/\" \/>\n<meta property=\"og:locale\" content=\"ru_RU\" \/>\n<meta property=\"og:type\" content=\"article\" \/>\n<meta property=\"og:title\" content=\"2B Bio D\u00e9fense P\u00e4ikesekaitse Spf 30 Kreem 40Ml - Beauty Institute\" \/>\n<meta property=\"og:description\" content=\"\u00a02B Bio D\u00e9fense, t\u00e4nu SPF 30-le kaitseb nahka t\u00f5husalt ultraviolettkiirguse kahjuliku m\u00f5ju eest. Leevendab 2B Bio Peelingust p\u00f5hjustatud punetust. Peamised aktiivained: Sheav\u00f5i: looduslik filter, millel on toitev toime. Prop\u00fcleengl\u00fckool: pehmendav. Bioflavonoid: vabade radikaalide vastu. Titaandioksiid: p\u00e4ikesekaitse. A-, C- ja E-vitamiinid: taastavad, restruktureerivad ja antioks\u00fcdandid. Luuderohi: taimne ekstrakt, millel on tervendavad ja stimuleerivad omadused. Allantoiin: rahustab [&hellip;]\" \/>\n<meta property=\"og:url\" content=\"https:\/\/beautyinstitute.ee\/toode\/2b-bio-defense-spf-30-paikesekaitse-spf-30-kreem\/\" \/>\n<meta property=\"og:site_name\" content=\"Beauty Institute\" \/>\n<meta property=\"article:modified_time\" content=\"2026-04-27T08:20:07+00:00\" \/>\n<meta property=\"og:image\" content=\"https:\/\/beautyinstitute.ee\/wp-content\/uploads\/2023\/09\/bio-defense-spf30-40ml.jpeg\" \/>\n\t<meta property=\"og:image:width\" content=\"640\" \/>\n\t<meta property=\"og:image:height\" content=\"640\" \/>\n\t<meta property=\"og:image:type\" content=\"image\/jpeg\" \/>\n<meta name=\"twitter:card\" content=\"summary_large_image\" \/>\n<meta name=\"twitter:site\" content=\"@Beauty_Eesti\" \/>\n<meta name=\"twitter:label1\" content=\"\u041f\u0440\u0438\u043c\u0435\u0440\u043d\u043e\u0435 \u0432\u0440\u0435\u043c\u044f \u0434\u043b\u044f \u0447\u0442\u0435\u043d\u0438\u044f\" \/>\n\t<meta name=\"twitter:data1\" content=\"1 \u043c\u0438\u043d\u0443\u0442\u0430\" \/>\n<script type=\"application\/ld+json\" class=\"yoast-schema-graph\">{\"@context\":\"https:\/\/schema.org\",\"@graph\":[{\"@type\":\"WebPage\",\"@id\":\"https:\/\/beautyinstitute.ee\/toode\/2b-bio-defense-spf-30-paikesekaitse-spf-30-kreem\/\",\"url\":\"https:\/\/beautyinstitute.ee\/toode\/2b-bio-defense-spf-30-paikesekaitse-spf-30-kreem\/\",\"name\":\"2B Bio D\u00e9fense P\u00e4ikesekaitse Spf 30 Kreem 40Ml - Beauty Institute\",\"isPartOf\":{\"@id\":\"https:\/\/beautyinstitute.ee\/#website\"},\"primaryImageOfPage\":{\"@id\":\"https:\/\/beautyinstitute.ee\/toode\/2b-bio-defense-spf-30-paikesekaitse-spf-30-kreem\/#primaryimage\"},\"image\":{\"@id\":\"https:\/\/beautyinstitute.ee\/toode\/2b-bio-defense-spf-30-paikesekaitse-spf-30-kreem\/#primaryimage\"},\"thumbnailUrl\":\"https:\/\/beautyinstitute.ee\/wp-content\/uploads\/2023\/09\/bio-defense-spf30-40ml.jpeg\",\"datePublished\":\"2023-09-13T11:12:51+00:00\",\"dateModified\":\"2026-04-27T08:20:07+00:00\",\"breadcrumb\":{\"@id\":\"https:\/\/beautyinstitute.ee\/toode\/2b-bio-defense-spf-30-paikesekaitse-spf-30-kreem\/#breadcrumb\"},\"inLanguage\":\"ru-RU\",\"potentialAction\":[{\"@type\":\"ReadAction\",\"target\":[\"https:\/\/beautyinstitute.ee\/toode\/2b-bio-defense-spf-30-paikesekaitse-spf-30-kreem\/\"]}]},{\"@type\":\"ImageObject\",\"inLanguage\":\"ru-RU\",\"@id\":\"https:\/\/beautyinstitute.ee\/toode\/2b-bio-defense-spf-30-paikesekaitse-spf-30-kreem\/#primaryimage\",\"url\":\"https:\/\/beautyinstitute.ee\/wp-content\/uploads\/2023\/09\/bio-defense-spf30-40ml.jpeg\",\"contentUrl\":\"https:\/\/beautyinstitute.ee\/wp-content\/uploads\/2023\/09\/bio-defense-spf30-40ml.jpeg\",\"width\":640,\"height\":640},{\"@type\":\"BreadcrumbList\",\"@id\":\"https:\/\/beautyinstitute.ee\/toode\/2b-bio-defense-spf-30-paikesekaitse-spf-30-kreem\/#breadcrumb\",\"itemListElement\":[{\"@type\":\"ListItem\",\"position\":1,\"name\":\"Home\",\"item\":\"https:\/\/beautyinstitute.ee\/ru\/\"},{\"@type\":\"ListItem\",\"position\":2,\"name\":\"E-pood\",\"item\":\"https:\/\/beautyinstitute.ee\/e-pood\/\"},{\"@type\":\"ListItem\",\"position\":3,\"name\":\"2B Bio D\u00e9fense P\u00e4ikesekaitse Spf 30 Kreem 40Ml\"}]},{\"@type\":\"WebSite\",\"@id\":\"https:\/\/beautyinstitute.ee\/#website\",\"url\":\"https:\/\/beautyinstitute.ee\/\",\"name\":\"Beauty Institute\",\"description\":\"CNC Cosmetic ametlik maaletooja ja edasim\u00fc\u00fcja Eestis, Soomes, L\u00e4tis. Aparaadikosmeetika, koolitused, kosmeetikatooted.\",\"potentialAction\":[{\"@type\":\"SearchAction\",\"target\":{\"@type\":\"EntryPoint\",\"urlTemplate\":\"https:\/\/beautyinstitute.ee\/?s={search_term_string}\"},\"query-input\":{\"@type\":\"PropertyValueSpecification\",\"valueRequired\":true,\"valueName\":\"search_term_string\"}}],\"inLanguage\":\"ru-RU\"}]}<\/script>\n<!-- \/ Yoast SEO plugin. -->","yoast_head_json":{"title":"2B Bio D\u00e9fense P\u00e4ikesekaitse Spf 30 Kreem 40Ml - Beauty Institute","robots":{"index":"index","follow":"follow","max-snippet":"max-snippet:-1","max-image-preview":"max-image-preview:large","max-video-preview":"max-video-preview:-1"},"canonical":"https:\/\/beautyinstitute.ee\/toode\/2b-bio-defense-spf-30-paikesekaitse-spf-30-kreem\/","og_locale":"ru_RU","og_type":"article","og_title":"2B Bio D\u00e9fense P\u00e4ikesekaitse Spf 30 Kreem 40Ml - Beauty Institute","og_description":"\u00a02B Bio D\u00e9fense, t\u00e4nu SPF 30-le kaitseb nahka t\u00f5husalt ultraviolettkiirguse kahjuliku m\u00f5ju eest. Leevendab 2B Bio Peelingust p\u00f5hjustatud punetust. Peamised aktiivained: Sheav\u00f5i: looduslik filter, millel on toitev toime. Prop\u00fcleengl\u00fckool: pehmendav. Bioflavonoid: vabade radikaalide vastu. Titaandioksiid: p\u00e4ikesekaitse. A-, C- ja E-vitamiinid: taastavad, restruktureerivad ja antioks\u00fcdandid. Luuderohi: taimne ekstrakt, millel on tervendavad ja stimuleerivad omadused. Allantoiin: rahustab [&hellip;]","og_url":"https:\/\/beautyinstitute.ee\/toode\/2b-bio-defense-spf-30-paikesekaitse-spf-30-kreem\/","og_site_name":"Beauty Institute","article_modified_time":"2026-04-27T08:20:07+00:00","og_image":[{"width":640,"height":640,"url":"https:\/\/beautyinstitute.ee\/wp-content\/uploads\/2023\/09\/bio-defense-spf30-40ml.jpeg","type":"image\/jpeg"}],"twitter_card":"summary_large_image","twitter_site":"@Beauty_Eesti","twitter_misc":{"\u041f\u0440\u0438\u043c\u0435\u0440\u043d\u043e\u0435 \u0432\u0440\u0435\u043c\u044f \u0434\u043b\u044f \u0447\u0442\u0435\u043d\u0438\u044f":"1 \u043c\u0438\u043d\u0443\u0442\u0430"},"schema":{"@context":"https:\/\/schema.org","@graph":[{"@type":"WebPage","@id":"https:\/\/beautyinstitute.ee\/toode\/2b-bio-defense-spf-30-paikesekaitse-spf-30-kreem\/","url":"https:\/\/beautyinstitute.ee\/toode\/2b-bio-defense-spf-30-paikesekaitse-spf-30-kreem\/","name":"2B Bio D\u00e9fense P\u00e4ikesekaitse Spf 30 Kreem 40Ml - Beauty Institute","isPartOf":{"@id":"https:\/\/beautyinstitute.ee\/#website"},"primaryImageOfPage":{"@id":"https:\/\/beautyinstitute.ee\/toode\/2b-bio-defense-spf-30-paikesekaitse-spf-30-kreem\/#primaryimage"},"image":{"@id":"https:\/\/beautyinstitute.ee\/toode\/2b-bio-defense-spf-30-paikesekaitse-spf-30-kreem\/#primaryimage"},"thumbnailUrl":"https:\/\/beautyinstitute.ee\/wp-content\/uploads\/2023\/09\/bio-defense-spf30-40ml.jpeg","datePublished":"2023-09-13T11:12:51+00:00","dateModified":"2026-04-27T08:20:07+00:00","breadcrumb":{"@id":"https:\/\/beautyinstitute.ee\/toode\/2b-bio-defense-spf-30-paikesekaitse-spf-30-kreem\/#breadcrumb"},"inLanguage":"ru-RU","potentialAction":[{"@type":"ReadAction","target":["https:\/\/beautyinstitute.ee\/toode\/2b-bio-defense-spf-30-paikesekaitse-spf-30-kreem\/"]}]},{"@type":"ImageObject","inLanguage":"ru-RU","@id":"https:\/\/beautyinstitute.ee\/toode\/2b-bio-defense-spf-30-paikesekaitse-spf-30-kreem\/#primaryimage","url":"https:\/\/beautyinstitute.ee\/wp-content\/uploads\/2023\/09\/bio-defense-spf30-40ml.jpeg","contentUrl":"https:\/\/beautyinstitute.ee\/wp-content\/uploads\/2023\/09\/bio-defense-spf30-40ml.jpeg","width":640,"height":640},{"@type":"BreadcrumbList","@id":"https:\/\/beautyinstitute.ee\/toode\/2b-bio-defense-spf-30-paikesekaitse-spf-30-kreem\/#breadcrumb","itemListElement":[{"@type":"ListItem","position":1,"name":"Home","item":"https:\/\/beautyinstitute.ee\/ru\/"},{"@type":"ListItem","position":2,"name":"E-pood","item":"https:\/\/beautyinstitute.ee\/e-pood\/"},{"@type":"ListItem","position":3,"name":"2B Bio D\u00e9fense P\u00e4ikesekaitse Spf 30 Kreem 40Ml"}]},{"@type":"WebSite","@id":"https:\/\/beautyinstitute.ee\/#website","url":"https:\/\/beautyinstitute.ee\/","name":"Beauty Institute","description":"CNC Cosmetic ametlik maaletooja ja edasim\u00fc\u00fcja Eestis, Soomes, L\u00e4tis. Aparaadikosmeetika, koolitused, kosmeetikatooted.","potentialAction":[{"@type":"SearchAction","target":{"@type":"EntryPoint","urlTemplate":"https:\/\/beautyinstitute.ee\/?s={search_term_string}"},"query-input":{"@type":"PropertyValueSpecification","valueRequired":true,"valueName":"search_term_string"}}],"inLanguage":"ru-RU"}]}},"_links":{"self":[{"href":"https:\/\/beautyinstitute.ee\/ru\/wp-json\/wp\/v2\/product\/25160","targetHints":{"allow":["GET"]}}],"collection":[{"href":"https:\/\/beautyinstitute.ee\/ru\/wp-json\/wp\/v2\/product"}],"about":[{"href":"https:\/\/beautyinstitute.ee\/ru\/wp-json\/wp\/v2\/types\/product"}],"wp:featuredmedia":[{"embeddable":true,"href":"https:\/\/beautyinstitute.ee\/ru\/wp-json\/wp\/v2\/media\/25169"}],"wp:attachment":[{"href":"https:\/\/beautyinstitute.ee\/ru\/wp-json\/wp\/v2\/media?parent=25160"}],"wp:term":[{"taxonomy":"product_cat","embeddable":true,"href":"https:\/\/beautyinstitute.ee\/ru\/wp-json\/wp\/v2\/product_cat?post=25160"},{"taxonomy":"product_tag","embeddable":true,"href":"https:\/\/beautyinstitute.ee\/ru\/wp-json\/wp\/v2\/product_tag?post=25160"}],"curies":[{"name":"wp","href":"https:\/\/api.w.org\/{rel}","templated":true}]}}