{"id":25199,"date":"2023-09-14T12:03:24","date_gmt":"2023-09-14T09:03:24","guid":{"rendered":"https:\/\/beautyinstitute.ee\/?post_type=product&#038;p=25199"},"modified":"2026-02-16T10:08:20","modified_gmt":"2026-02-16T08:08:20","slug":"bio-peeling-preparation-f1-biokoorimise-preparaat-400ml","status":"publish","type":"product","link":"https:\/\/beautyinstitute.ee\/ru\/toode\/bio-peeling-preparation-f1-biokoorimise-preparaat-400ml\/","title":{"rendered":"Bio Peeling Preparation F1- Biokoorimise Preparaat 400Ml"},"content":{"rendered":"<p id=\"tw-target-text\" class=\"tw-data-text tw-text-large tw-ta\" dir=\"ltr\" data-placeholder=\"T\u00f5lge\"><strong><span class=\"Y2IQFc\" lang=\"et\">Kasutamine:<\/span><\/strong><\/p>\n<p class=\"tw-data-text tw-text-large tw-ta\" dir=\"ltr\" data-placeholder=\"T\u00f5lge\"><span class=\"Y2IQFc\" lang=\"et\">Bio Peeling Preparation F1 segada 2B Bio Peeliga koorimise pealekandmiseks.<\/span><\/p>\n<p dir=\"ltr\" data-placeholder=\"T\u00f5lge\">Ainult professionaalseks kasutuseks.<\/p>\n<p dir=\"ltr\" data-placeholder=\"T\u00f5lge\">Sobilik k\u00f5ikidele nahat\u00fc\u00fcpidele.<\/p>\n","protected":false},"excerpt":{"rendered":"<p>Kasutamine: Bio Peeling Preparation F1 segada 2B Bio Peeliga koorimise pealekandmiseks. Ainult professionaalseks kasutuseks. Sobilik k\u00f5ikidele nahat\u00fc\u00fcpidele.<\/p>\n","protected":false},"featured_media":25201,"template":"","meta":{"_acf_changed":false},"product_cat":[292,247],"product_tag":[],"class_list":["post-25199","product","type-product","status-publish","has-post-thumbnail","hentry","product_cat-2b-bio-beauty","product_cat-koorijad"],"acf":[],"yoast_head":"<!-- This site is optimized with the Yoast SEO plugin v25.4 - https:\/\/yoast.com\/wordpress\/plugins\/seo\/ -->\n<title>Bio Peeling Preparation F1- Biokoorimise Preparaat 400Ml - Beauty Institute<\/title>\n<meta name=\"robots\" content=\"index, follow, max-snippet:-1, max-image-preview:large, max-video-preview:-1\" \/>\n<link rel=\"canonical\" href=\"https:\/\/beautyinstitute.ee\/toode\/bio-peeling-preparation-f1-biokoorimise-preparaat-400ml\/\" \/>\n<meta property=\"og:locale\" content=\"ru_RU\" \/>\n<meta property=\"og:type\" content=\"article\" \/>\n<meta property=\"og:title\" content=\"Bio Peeling Preparation F1- Biokoorimise Preparaat 400Ml - Beauty Institute\" \/>\n<meta property=\"og:description\" content=\"Kasutamine: Bio Peeling Preparation F1 segada 2B Bio Peeliga koorimise pealekandmiseks. Ainult professionaalseks kasutuseks. Sobilik k\u00f5ikidele nahat\u00fc\u00fcpidele.\" \/>\n<meta property=\"og:url\" content=\"https:\/\/beautyinstitute.ee\/toode\/bio-peeling-preparation-f1-biokoorimise-preparaat-400ml\/\" \/>\n<meta property=\"og:site_name\" content=\"Beauty Institute\" \/>\n<meta property=\"article:modified_time\" content=\"2026-02-16T08:08:20+00:00\" \/>\n<meta property=\"og:image\" content=\"https:\/\/beautyinstitute.ee\/wp-content\/uploads\/2023\/09\/2B-bio-peeling-preparatsioon.jpeg\" \/>\n\t<meta property=\"og:image:width\" content=\"962\" \/>\n\t<meta property=\"og:image:height\" content=\"1280\" \/>\n\t<meta property=\"og:image:type\" content=\"image\/jpeg\" \/>\n<meta name=\"twitter:card\" content=\"summary_large_image\" \/>\n<meta name=\"twitter:site\" content=\"@Beauty_Eesti\" \/>\n<meta name=\"twitter:label1\" content=\"\u041f\u0440\u0438\u043c\u0435\u0440\u043d\u043e\u0435 \u0432\u0440\u0435\u043c\u044f \u0434\u043b\u044f \u0447\u0442\u0435\u043d\u0438\u044f\" \/>\n\t<meta name=\"twitter:data1\" content=\"1 \u043c\u0438\u043d\u0443\u0442\u0430\" \/>\n<script type=\"application\/ld+json\" class=\"yoast-schema-graph\">{\"@context\":\"https:\/\/schema.org\",\"@graph\":[{\"@type\":\"WebPage\",\"@id\":\"https:\/\/beautyinstitute.ee\/toode\/bio-peeling-preparation-f1-biokoorimise-preparaat-400ml\/\",\"url\":\"https:\/\/beautyinstitute.ee\/toode\/bio-peeling-preparation-f1-biokoorimise-preparaat-400ml\/\",\"name\":\"Bio Peeling Preparation F1- Biokoorimise Preparaat 400Ml - Beauty Institute\",\"isPartOf\":{\"@id\":\"https:\/\/beautyinstitute.ee\/#website\"},\"primaryImageOfPage\":{\"@id\":\"https:\/\/beautyinstitute.ee\/toode\/bio-peeling-preparation-f1-biokoorimise-preparaat-400ml\/#primaryimage\"},\"image\":{\"@id\":\"https:\/\/beautyinstitute.ee\/toode\/bio-peeling-preparation-f1-biokoorimise-preparaat-400ml\/#primaryimage\"},\"thumbnailUrl\":\"https:\/\/beautyinstitute.ee\/wp-content\/uploads\/2023\/09\/2B-bio-peeling-preparatsioon.jpeg\",\"datePublished\":\"2023-09-14T09:03:24+00:00\",\"dateModified\":\"2026-02-16T08:08:20+00:00\",\"breadcrumb\":{\"@id\":\"https:\/\/beautyinstitute.ee\/toode\/bio-peeling-preparation-f1-biokoorimise-preparaat-400ml\/#breadcrumb\"},\"inLanguage\":\"ru-RU\",\"potentialAction\":[{\"@type\":\"ReadAction\",\"target\":[\"https:\/\/beautyinstitute.ee\/toode\/bio-peeling-preparation-f1-biokoorimise-preparaat-400ml\/\"]}]},{\"@type\":\"ImageObject\",\"inLanguage\":\"ru-RU\",\"@id\":\"https:\/\/beautyinstitute.ee\/toode\/bio-peeling-preparation-f1-biokoorimise-preparaat-400ml\/#primaryimage\",\"url\":\"https:\/\/beautyinstitute.ee\/wp-content\/uploads\/2023\/09\/2B-bio-peeling-preparatsioon.jpeg\",\"contentUrl\":\"https:\/\/beautyinstitute.ee\/wp-content\/uploads\/2023\/09\/2B-bio-peeling-preparatsioon.jpeg\",\"width\":962,\"height\":1280},{\"@type\":\"BreadcrumbList\",\"@id\":\"https:\/\/beautyinstitute.ee\/toode\/bio-peeling-preparation-f1-biokoorimise-preparaat-400ml\/#breadcrumb\",\"itemListElement\":[{\"@type\":\"ListItem\",\"position\":1,\"name\":\"Home\",\"item\":\"https:\/\/beautyinstitute.ee\/ru\/\"},{\"@type\":\"ListItem\",\"position\":2,\"name\":\"E-pood\",\"item\":\"https:\/\/beautyinstitute.ee\/e-pood\/\"},{\"@type\":\"ListItem\",\"position\":3,\"name\":\"Bio Peeling Preparation F1- Biokoorimise Preparaat 400Ml\"}]},{\"@type\":\"WebSite\",\"@id\":\"https:\/\/beautyinstitute.ee\/#website\",\"url\":\"https:\/\/beautyinstitute.ee\/\",\"name\":\"Beauty Institute\",\"description\":\"CNC Cosmetic ametlik maaletooja ja edasim\u00fc\u00fcja Eestis, Soomes, L\u00e4tis. Aparaadikosmeetika, koolitused, kosmeetikatooted.\",\"potentialAction\":[{\"@type\":\"SearchAction\",\"target\":{\"@type\":\"EntryPoint\",\"urlTemplate\":\"https:\/\/beautyinstitute.ee\/?s={search_term_string}\"},\"query-input\":{\"@type\":\"PropertyValueSpecification\",\"valueRequired\":true,\"valueName\":\"search_term_string\"}}],\"inLanguage\":\"ru-RU\"}]}<\/script>\n<!-- \/ Yoast SEO plugin. -->","yoast_head_json":{"title":"Bio Peeling Preparation F1- Biokoorimise Preparaat 400Ml - Beauty Institute","robots":{"index":"index","follow":"follow","max-snippet":"max-snippet:-1","max-image-preview":"max-image-preview:large","max-video-preview":"max-video-preview:-1"},"canonical":"https:\/\/beautyinstitute.ee\/toode\/bio-peeling-preparation-f1-biokoorimise-preparaat-400ml\/","og_locale":"ru_RU","og_type":"article","og_title":"Bio Peeling Preparation F1- Biokoorimise Preparaat 400Ml - Beauty Institute","og_description":"Kasutamine: Bio Peeling Preparation F1 segada 2B Bio Peeliga koorimise pealekandmiseks. Ainult professionaalseks kasutuseks. Sobilik k\u00f5ikidele nahat\u00fc\u00fcpidele.","og_url":"https:\/\/beautyinstitute.ee\/toode\/bio-peeling-preparation-f1-biokoorimise-preparaat-400ml\/","og_site_name":"Beauty Institute","article_modified_time":"2026-02-16T08:08:20+00:00","og_image":[{"width":962,"height":1280,"url":"https:\/\/beautyinstitute.ee\/wp-content\/uploads\/2023\/09\/2B-bio-peeling-preparatsioon.jpeg","type":"image\/jpeg"}],"twitter_card":"summary_large_image","twitter_site":"@Beauty_Eesti","twitter_misc":{"\u041f\u0440\u0438\u043c\u0435\u0440\u043d\u043e\u0435 \u0432\u0440\u0435\u043c\u044f \u0434\u043b\u044f \u0447\u0442\u0435\u043d\u0438\u044f":"1 \u043c\u0438\u043d\u0443\u0442\u0430"},"schema":{"@context":"https:\/\/schema.org","@graph":[{"@type":"WebPage","@id":"https:\/\/beautyinstitute.ee\/toode\/bio-peeling-preparation-f1-biokoorimise-preparaat-400ml\/","url":"https:\/\/beautyinstitute.ee\/toode\/bio-peeling-preparation-f1-biokoorimise-preparaat-400ml\/","name":"Bio Peeling Preparation F1- Biokoorimise Preparaat 400Ml - Beauty Institute","isPartOf":{"@id":"https:\/\/beautyinstitute.ee\/#website"},"primaryImageOfPage":{"@id":"https:\/\/beautyinstitute.ee\/toode\/bio-peeling-preparation-f1-biokoorimise-preparaat-400ml\/#primaryimage"},"image":{"@id":"https:\/\/beautyinstitute.ee\/toode\/bio-peeling-preparation-f1-biokoorimise-preparaat-400ml\/#primaryimage"},"thumbnailUrl":"https:\/\/beautyinstitute.ee\/wp-content\/uploads\/2023\/09\/2B-bio-peeling-preparatsioon.jpeg","datePublished":"2023-09-14T09:03:24+00:00","dateModified":"2026-02-16T08:08:20+00:00","breadcrumb":{"@id":"https:\/\/beautyinstitute.ee\/toode\/bio-peeling-preparation-f1-biokoorimise-preparaat-400ml\/#breadcrumb"},"inLanguage":"ru-RU","potentialAction":[{"@type":"ReadAction","target":["https:\/\/beautyinstitute.ee\/toode\/bio-peeling-preparation-f1-biokoorimise-preparaat-400ml\/"]}]},{"@type":"ImageObject","inLanguage":"ru-RU","@id":"https:\/\/beautyinstitute.ee\/toode\/bio-peeling-preparation-f1-biokoorimise-preparaat-400ml\/#primaryimage","url":"https:\/\/beautyinstitute.ee\/wp-content\/uploads\/2023\/09\/2B-bio-peeling-preparatsioon.jpeg","contentUrl":"https:\/\/beautyinstitute.ee\/wp-content\/uploads\/2023\/09\/2B-bio-peeling-preparatsioon.jpeg","width":962,"height":1280},{"@type":"BreadcrumbList","@id":"https:\/\/beautyinstitute.ee\/toode\/bio-peeling-preparation-f1-biokoorimise-preparaat-400ml\/#breadcrumb","itemListElement":[{"@type":"ListItem","position":1,"name":"Home","item":"https:\/\/beautyinstitute.ee\/ru\/"},{"@type":"ListItem","position":2,"name":"E-pood","item":"https:\/\/beautyinstitute.ee\/e-pood\/"},{"@type":"ListItem","position":3,"name":"Bio Peeling Preparation F1- Biokoorimise Preparaat 400Ml"}]},{"@type":"WebSite","@id":"https:\/\/beautyinstitute.ee\/#website","url":"https:\/\/beautyinstitute.ee\/","name":"Beauty Institute","description":"CNC Cosmetic ametlik maaletooja ja edasim\u00fc\u00fcja Eestis, Soomes, L\u00e4tis. Aparaadikosmeetika, koolitused, kosmeetikatooted.","potentialAction":[{"@type":"SearchAction","target":{"@type":"EntryPoint","urlTemplate":"https:\/\/beautyinstitute.ee\/?s={search_term_string}"},"query-input":{"@type":"PropertyValueSpecification","valueRequired":true,"valueName":"search_term_string"}}],"inLanguage":"ru-RU"}]}},"_links":{"self":[{"href":"https:\/\/beautyinstitute.ee\/ru\/wp-json\/wp\/v2\/product\/25199","targetHints":{"allow":["GET"]}}],"collection":[{"href":"https:\/\/beautyinstitute.ee\/ru\/wp-json\/wp\/v2\/product"}],"about":[{"href":"https:\/\/beautyinstitute.ee\/ru\/wp-json\/wp\/v2\/types\/product"}],"wp:featuredmedia":[{"embeddable":true,"href":"https:\/\/beautyinstitute.ee\/ru\/wp-json\/wp\/v2\/media\/25201"}],"wp:attachment":[{"href":"https:\/\/beautyinstitute.ee\/ru\/wp-json\/wp\/v2\/media?parent=25199"}],"wp:term":[{"taxonomy":"product_cat","embeddable":true,"href":"https:\/\/beautyinstitute.ee\/ru\/wp-json\/wp\/v2\/product_cat?post=25199"},{"taxonomy":"product_tag","embeddable":true,"href":"https:\/\/beautyinstitute.ee\/ru\/wp-json\/wp\/v2\/product_tag?post=25199"}],"curies":[{"name":"wp","href":"https:\/\/api.w.org\/{rel}","templated":true}]}}