{"id":25205,"date":"2023-09-14T12:19:16","date_gmt":"2023-09-14T09:19:16","guid":{"rendered":"https:\/\/beautyinstitute.ee\/?post_type=product&#038;p=25205"},"modified":"2026-01-05T13:39:19","modified_gmt":"2026-01-05T11:39:19","slug":"2b-bio-peeling-preparation-f2-biokoorimise-preparaat-f2","status":"publish","type":"product","link":"https:\/\/beautyinstitute.ee\/ru\/toode\/2b-bio-peeling-preparation-f2-biokoorimise-preparaat-f2\/","title":{"rendered":"2B Bio Peeling Preparation F2 &#8211; Biokoorimise Preparaat F2"},"content":{"rendered":"<p id=\"tw-target-text\" class=\"tw-data-text tw-text-large tw-ta\" dir=\"ltr\" data-placeholder=\"T\u00f5lge\"><strong><span class=\"Y2IQFc\" lang=\"et\">Kasutamine:<\/span><\/strong><\/p>\n<p class=\"tw-data-text tw-text-large tw-ta\" dir=\"ltr\" data-placeholder=\"T\u00f5lge\"><span class=\"Y2IQFc\" lang=\"et\">Bio Peeling Preparation F2 segada 2B Bio Peeliga koorimise pealekandmiseks.<\/span><\/p>\n<p dir=\"ltr\" data-placeholder=\"T\u00f5lge\">Ainult professionaalseks kasutuseks.<\/p>\n<p dir=\"ltr\" data-placeholder=\"T\u00f5lge\">Sobilik h\u00fcperpigmentatsiooni puhul.<\/p>\n","protected":false},"excerpt":{"rendered":"<p>Kasutamine: Bio Peeling Preparation F2 segada 2B Bio Peeliga koorimise pealekandmiseks. Ainult professionaalseks kasutuseks. Sobilik h\u00fcperpigmentatsiooni puhul.<\/p>\n","protected":false},"featured_media":25206,"template":"","meta":{"_acf_changed":false},"product_cat":[292,247],"product_tag":[],"class_list":["post-25205","product","type-product","status-publish","has-post-thumbnail","hentry","product_cat-2b-bio-beauty","product_cat-koorijad"],"acf":[],"yoast_head":"<!-- This site is optimized with the Yoast SEO plugin v25.4 - https:\/\/yoast.com\/wordpress\/plugins\/seo\/ -->\n<title>2B Bio Peeling Preparation F2 - Biokoorimise Preparaat F2 - Beauty Institute<\/title>\n<meta name=\"robots\" content=\"index, follow, max-snippet:-1, max-image-preview:large, max-video-preview:-1\" \/>\n<link rel=\"canonical\" href=\"https:\/\/beautyinstitute.ee\/toode\/2b-bio-peeling-preparation-f2-biokoorimise-preparaat-f2\/\" \/>\n<meta property=\"og:locale\" content=\"ru_RU\" \/>\n<meta property=\"og:type\" content=\"article\" \/>\n<meta property=\"og:title\" content=\"2B Bio Peeling Preparation F2 - Biokoorimise Preparaat F2 - Beauty Institute\" \/>\n<meta property=\"og:description\" content=\"Kasutamine: Bio Peeling Preparation F2 segada 2B Bio Peeliga koorimise pealekandmiseks. Ainult professionaalseks kasutuseks. Sobilik h\u00fcperpigmentatsiooni puhul.\" \/>\n<meta property=\"og:url\" content=\"https:\/\/beautyinstitute.ee\/toode\/2b-bio-peeling-preparation-f2-biokoorimise-preparaat-f2\/\" \/>\n<meta property=\"og:site_name\" content=\"Beauty Institute\" \/>\n<meta property=\"article:modified_time\" content=\"2026-01-05T11:39:19+00:00\" \/>\n<meta property=\"og:image\" content=\"https:\/\/beautyinstitute.ee\/wp-content\/uploads\/2023\/09\/F2-Peeling.png\" \/>\n\t<meta property=\"og:image:width\" content=\"519\" \/>\n\t<meta property=\"og:image:height\" content=\"800\" \/>\n\t<meta property=\"og:image:type\" content=\"image\/png\" \/>\n<meta name=\"twitter:card\" content=\"summary_large_image\" \/>\n<meta name=\"twitter:site\" content=\"@Beauty_Eesti\" \/>\n<meta name=\"twitter:label1\" content=\"\u041f\u0440\u0438\u043c\u0435\u0440\u043d\u043e\u0435 \u0432\u0440\u0435\u043c\u044f \u0434\u043b\u044f \u0447\u0442\u0435\u043d\u0438\u044f\" \/>\n\t<meta name=\"twitter:data1\" content=\"1 \u043c\u0438\u043d\u0443\u0442\u0430\" \/>\n<script type=\"application\/ld+json\" class=\"yoast-schema-graph\">{\"@context\":\"https:\/\/schema.org\",\"@graph\":[{\"@type\":\"WebPage\",\"@id\":\"https:\/\/beautyinstitute.ee\/toode\/2b-bio-peeling-preparation-f2-biokoorimise-preparaat-f2\/\",\"url\":\"https:\/\/beautyinstitute.ee\/toode\/2b-bio-peeling-preparation-f2-biokoorimise-preparaat-f2\/\",\"name\":\"2B Bio Peeling Preparation F2 - Biokoorimise Preparaat F2 - Beauty Institute\",\"isPartOf\":{\"@id\":\"https:\/\/beautyinstitute.ee\/#website\"},\"primaryImageOfPage\":{\"@id\":\"https:\/\/beautyinstitute.ee\/toode\/2b-bio-peeling-preparation-f2-biokoorimise-preparaat-f2\/#primaryimage\"},\"image\":{\"@id\":\"https:\/\/beautyinstitute.ee\/toode\/2b-bio-peeling-preparation-f2-biokoorimise-preparaat-f2\/#primaryimage\"},\"thumbnailUrl\":\"https:\/\/beautyinstitute.ee\/wp-content\/uploads\/2023\/09\/F2-Peeling.png\",\"datePublished\":\"2023-09-14T09:19:16+00:00\",\"dateModified\":\"2026-01-05T11:39:19+00:00\",\"breadcrumb\":{\"@id\":\"https:\/\/beautyinstitute.ee\/toode\/2b-bio-peeling-preparation-f2-biokoorimise-preparaat-f2\/#breadcrumb\"},\"inLanguage\":\"ru-RU\",\"potentialAction\":[{\"@type\":\"ReadAction\",\"target\":[\"https:\/\/beautyinstitute.ee\/toode\/2b-bio-peeling-preparation-f2-biokoorimise-preparaat-f2\/\"]}]},{\"@type\":\"ImageObject\",\"inLanguage\":\"ru-RU\",\"@id\":\"https:\/\/beautyinstitute.ee\/toode\/2b-bio-peeling-preparation-f2-biokoorimise-preparaat-f2\/#primaryimage\",\"url\":\"https:\/\/beautyinstitute.ee\/wp-content\/uploads\/2023\/09\/F2-Peeling.png\",\"contentUrl\":\"https:\/\/beautyinstitute.ee\/wp-content\/uploads\/2023\/09\/F2-Peeling.png\",\"width\":519,\"height\":800},{\"@type\":\"BreadcrumbList\",\"@id\":\"https:\/\/beautyinstitute.ee\/toode\/2b-bio-peeling-preparation-f2-biokoorimise-preparaat-f2\/#breadcrumb\",\"itemListElement\":[{\"@type\":\"ListItem\",\"position\":1,\"name\":\"Home\",\"item\":\"https:\/\/beautyinstitute.ee\/ru\/\"},{\"@type\":\"ListItem\",\"position\":2,\"name\":\"E-pood\",\"item\":\"https:\/\/beautyinstitute.ee\/e-pood\/\"},{\"@type\":\"ListItem\",\"position\":3,\"name\":\"2B Bio Peeling Preparation F2 &#8211; Biokoorimise Preparaat F2\"}]},{\"@type\":\"WebSite\",\"@id\":\"https:\/\/beautyinstitute.ee\/#website\",\"url\":\"https:\/\/beautyinstitute.ee\/\",\"name\":\"Beauty Institute\",\"description\":\"CNC Cosmetic ametlik maaletooja ja edasim\u00fc\u00fcja Eestis, Soomes, L\u00e4tis. Aparaadikosmeetika, koolitused, kosmeetikatooted.\",\"potentialAction\":[{\"@type\":\"SearchAction\",\"target\":{\"@type\":\"EntryPoint\",\"urlTemplate\":\"https:\/\/beautyinstitute.ee\/?s={search_term_string}\"},\"query-input\":{\"@type\":\"PropertyValueSpecification\",\"valueRequired\":true,\"valueName\":\"search_term_string\"}}],\"inLanguage\":\"ru-RU\"}]}<\/script>\n<!-- \/ Yoast SEO plugin. -->","yoast_head_json":{"title":"2B Bio Peeling Preparation F2 - Biokoorimise Preparaat F2 - Beauty Institute","robots":{"index":"index","follow":"follow","max-snippet":"max-snippet:-1","max-image-preview":"max-image-preview:large","max-video-preview":"max-video-preview:-1"},"canonical":"https:\/\/beautyinstitute.ee\/toode\/2b-bio-peeling-preparation-f2-biokoorimise-preparaat-f2\/","og_locale":"ru_RU","og_type":"article","og_title":"2B Bio Peeling Preparation F2 - Biokoorimise Preparaat F2 - Beauty Institute","og_description":"Kasutamine: Bio Peeling Preparation F2 segada 2B Bio Peeliga koorimise pealekandmiseks. Ainult professionaalseks kasutuseks. Sobilik h\u00fcperpigmentatsiooni puhul.","og_url":"https:\/\/beautyinstitute.ee\/toode\/2b-bio-peeling-preparation-f2-biokoorimise-preparaat-f2\/","og_site_name":"Beauty Institute","article_modified_time":"2026-01-05T11:39:19+00:00","og_image":[{"width":519,"height":800,"url":"https:\/\/beautyinstitute.ee\/wp-content\/uploads\/2023\/09\/F2-Peeling.png","type":"image\/png"}],"twitter_card":"summary_large_image","twitter_site":"@Beauty_Eesti","twitter_misc":{"\u041f\u0440\u0438\u043c\u0435\u0440\u043d\u043e\u0435 \u0432\u0440\u0435\u043c\u044f \u0434\u043b\u044f \u0447\u0442\u0435\u043d\u0438\u044f":"1 \u043c\u0438\u043d\u0443\u0442\u0430"},"schema":{"@context":"https:\/\/schema.org","@graph":[{"@type":"WebPage","@id":"https:\/\/beautyinstitute.ee\/toode\/2b-bio-peeling-preparation-f2-biokoorimise-preparaat-f2\/","url":"https:\/\/beautyinstitute.ee\/toode\/2b-bio-peeling-preparation-f2-biokoorimise-preparaat-f2\/","name":"2B Bio Peeling Preparation F2 - Biokoorimise Preparaat F2 - Beauty Institute","isPartOf":{"@id":"https:\/\/beautyinstitute.ee\/#website"},"primaryImageOfPage":{"@id":"https:\/\/beautyinstitute.ee\/toode\/2b-bio-peeling-preparation-f2-biokoorimise-preparaat-f2\/#primaryimage"},"image":{"@id":"https:\/\/beautyinstitute.ee\/toode\/2b-bio-peeling-preparation-f2-biokoorimise-preparaat-f2\/#primaryimage"},"thumbnailUrl":"https:\/\/beautyinstitute.ee\/wp-content\/uploads\/2023\/09\/F2-Peeling.png","datePublished":"2023-09-14T09:19:16+00:00","dateModified":"2026-01-05T11:39:19+00:00","breadcrumb":{"@id":"https:\/\/beautyinstitute.ee\/toode\/2b-bio-peeling-preparation-f2-biokoorimise-preparaat-f2\/#breadcrumb"},"inLanguage":"ru-RU","potentialAction":[{"@type":"ReadAction","target":["https:\/\/beautyinstitute.ee\/toode\/2b-bio-peeling-preparation-f2-biokoorimise-preparaat-f2\/"]}]},{"@type":"ImageObject","inLanguage":"ru-RU","@id":"https:\/\/beautyinstitute.ee\/toode\/2b-bio-peeling-preparation-f2-biokoorimise-preparaat-f2\/#primaryimage","url":"https:\/\/beautyinstitute.ee\/wp-content\/uploads\/2023\/09\/F2-Peeling.png","contentUrl":"https:\/\/beautyinstitute.ee\/wp-content\/uploads\/2023\/09\/F2-Peeling.png","width":519,"height":800},{"@type":"BreadcrumbList","@id":"https:\/\/beautyinstitute.ee\/toode\/2b-bio-peeling-preparation-f2-biokoorimise-preparaat-f2\/#breadcrumb","itemListElement":[{"@type":"ListItem","position":1,"name":"Home","item":"https:\/\/beautyinstitute.ee\/ru\/"},{"@type":"ListItem","position":2,"name":"E-pood","item":"https:\/\/beautyinstitute.ee\/e-pood\/"},{"@type":"ListItem","position":3,"name":"2B Bio Peeling Preparation F2 &#8211; Biokoorimise Preparaat F2"}]},{"@type":"WebSite","@id":"https:\/\/beautyinstitute.ee\/#website","url":"https:\/\/beautyinstitute.ee\/","name":"Beauty Institute","description":"CNC Cosmetic ametlik maaletooja ja edasim\u00fc\u00fcja Eestis, Soomes, L\u00e4tis. Aparaadikosmeetika, koolitused, kosmeetikatooted.","potentialAction":[{"@type":"SearchAction","target":{"@type":"EntryPoint","urlTemplate":"https:\/\/beautyinstitute.ee\/?s={search_term_string}"},"query-input":{"@type":"PropertyValueSpecification","valueRequired":true,"valueName":"search_term_string"}}],"inLanguage":"ru-RU"}]}},"_links":{"self":[{"href":"https:\/\/beautyinstitute.ee\/ru\/wp-json\/wp\/v2\/product\/25205","targetHints":{"allow":["GET"]}}],"collection":[{"href":"https:\/\/beautyinstitute.ee\/ru\/wp-json\/wp\/v2\/product"}],"about":[{"href":"https:\/\/beautyinstitute.ee\/ru\/wp-json\/wp\/v2\/types\/product"}],"wp:featuredmedia":[{"embeddable":true,"href":"https:\/\/beautyinstitute.ee\/ru\/wp-json\/wp\/v2\/media\/25206"}],"wp:attachment":[{"href":"https:\/\/beautyinstitute.ee\/ru\/wp-json\/wp\/v2\/media?parent=25205"}],"wp:term":[{"taxonomy":"product_cat","embeddable":true,"href":"https:\/\/beautyinstitute.ee\/ru\/wp-json\/wp\/v2\/product_cat?post=25205"},{"taxonomy":"product_tag","embeddable":true,"href":"https:\/\/beautyinstitute.ee\/ru\/wp-json\/wp\/v2\/product_tag?post=25205"}],"curies":[{"name":"wp","href":"https:\/\/api.w.org\/{rel}","templated":true}]}}