{"id":2542,"date":"2019-01-21T12:22:47","date_gmt":"2019-01-21T12:22:47","guid":{"rendered":"https:\/\/beautyinstitute.ee\/?post_type=product&#038;p=2542"},"modified":"2026-04-28T17:42:56","modified_gmt":"2026-04-28T14:42:56","slug":"dihyal-structure-creme","status":"publish","type":"product","link":"https:\/\/beautyinstitute.ee\/ru\/toode\/dihyal-structure-creme\/","title":{"rendered":"Dihyal Structure Creme"},"content":{"rendered":"<p><strong>Rikkalik 24-h kreem n\u00f5udlikule ja k\u00fcpsele nahale.<\/strong><\/p>\n<p>Parandab naha vastupanu-, kaitse- ja regenereerimise v\u00f5imet. DiHyal aktiivainete kompleks pehmendab kortse silmn\u00e4htavalt ja parandab h\u00fcdratsiooni nahas. Pentavitiin tugevdab naha loomulikku barj\u00e4\u00e4ri ja kaitseb nahka kuivuse eest. Vitamiinid C ja E kaitsevad nahka enneaegse vananemise eest. V\u00e4\u00e4rtuslik makadaamia \u00f5li ja sheav\u00f5i pakuvad nahale intensiivset ravi ja annavad nahale trimmis ja plumped-up (t\u00f5stetud) v\u00e4limuse. Sobib alates 45. eluaastast.<\/p>\n<p><strong>Eelised:\u00a0<\/strong><\/p>\n<ul>\n<li>suurendab naha enda niiskustaset<\/li>\n<li>tugevdab naha vastupidavust v\u00e4lism\u00f5judele<\/li>\n<li>stabiliseerib naha kaitsebarj\u00e4\u00e4ri<\/li>\n<li>nahk on 28 p\u00e4eva jooksul t\u00e4idlane ja siledam<\/li>\n<\/ul>\n<p><strong>Sobilik:<\/strong> k\u00fcpsele nahale, mis on lipiidide- ja niiskusevaene ning vajab taastamist.<\/p>\n<p><strong>Toimeained:<\/strong> h\u00fcaluroonhape (l\u00fchiahelalised ja pika ahelaga), makadaamiap\u00e4hkli \u00f5li, biotehnoloogilised\u00a0 oligosahhariidid, sheav\u00f5i, vitamiine A, C ja E.<\/p>\n","protected":false},"excerpt":{"rendered":"<p>Rikkalik 24-h kreem n\u00f5udlikule ja k\u00fcpsele nahale. Parandab naha vastupanu-, kaitse- ja regenereerimise v\u00f5imet. DiHyal aktiivainete kompleks pehmendab kortse silmn\u00e4htavalt ja parandab h\u00fcdratsiooni nahas. Pentavitiin tugevdab naha loomulikku barj\u00e4\u00e4ri ja kaitseb nahka kuivuse eest. Vitamiinid C ja E kaitsevad nahka enneaegse vananemise eest. V\u00e4\u00e4rtuslik makadaamia \u00f5li ja sheav\u00f5i pakuvad nahale intensiivset ravi ja annavad nahale [&hellip;]<\/p>\n","protected":false},"featured_media":11763,"template":"","meta":{"_acf_changed":false},"product_cat":[250,114,126],"product_tag":[],"class_list":["post-2542","product","type-product","status-publish","has-post-thumbnail","hentry","product_cat-naokreemid","product_cat-tootesarjad","product_cat-classic-plus"],"acf":[],"yoast_head":"<!-- This site is optimized with the Yoast SEO plugin v25.4 - https:\/\/yoast.com\/wordpress\/plugins\/seo\/ -->\n<title>Dihyal Structure Creme - Beauty Institute<\/title>\n<meta name=\"robots\" content=\"index, follow, max-snippet:-1, max-image-preview:large, max-video-preview:-1\" \/>\n<link rel=\"canonical\" href=\"https:\/\/beautyinstitute.ee\/toode\/dihyal-structure-creme\/\" \/>\n<meta property=\"og:locale\" content=\"ru_RU\" \/>\n<meta property=\"og:type\" content=\"article\" \/>\n<meta property=\"og:title\" content=\"Dihyal Structure Creme - Beauty Institute\" \/>\n<meta property=\"og:description\" content=\"Rikkalik 24-h kreem n\u00f5udlikule ja k\u00fcpsele nahale. Parandab naha vastupanu-, kaitse- ja regenereerimise v\u00f5imet. DiHyal aktiivainete kompleks pehmendab kortse silmn\u00e4htavalt ja parandab h\u00fcdratsiooni nahas. Pentavitiin tugevdab naha loomulikku barj\u00e4\u00e4ri ja kaitseb nahka kuivuse eest. Vitamiinid C ja E kaitsevad nahka enneaegse vananemise eest. V\u00e4\u00e4rtuslik makadaamia \u00f5li ja sheav\u00f5i pakuvad nahale intensiivset ravi ja annavad nahale [&hellip;]\" \/>\n<meta property=\"og:url\" content=\"https:\/\/beautyinstitute.ee\/toode\/dihyal-structure-creme\/\" \/>\n<meta property=\"og:site_name\" content=\"Beauty Institute\" \/>\n<meta property=\"article:modified_time\" content=\"2026-04-28T14:42:56+00:00\" \/>\n<meta property=\"og:image\" content=\"https:\/\/beautyinstitute.ee\/wp-content\/uploads\/2019\/01\/dihyal-strukture.jpg\" \/>\n\t<meta property=\"og:image:width\" content=\"750\" \/>\n\t<meta property=\"og:image:height\" content=\"711\" \/>\n\t<meta property=\"og:image:type\" content=\"image\/jpeg\" \/>\n<meta name=\"twitter:card\" content=\"summary_large_image\" \/>\n<meta name=\"twitter:site\" content=\"@Beauty_Eesti\" \/>\n<meta name=\"twitter:label1\" content=\"\u041f\u0440\u0438\u043c\u0435\u0440\u043d\u043e\u0435 \u0432\u0440\u0435\u043c\u044f \u0434\u043b\u044f \u0447\u0442\u0435\u043d\u0438\u044f\" \/>\n\t<meta name=\"twitter:data1\" content=\"1 \u043c\u0438\u043d\u0443\u0442\u0430\" \/>\n<script type=\"application\/ld+json\" class=\"yoast-schema-graph\">{\"@context\":\"https:\/\/schema.org\",\"@graph\":[{\"@type\":\"WebPage\",\"@id\":\"https:\/\/beautyinstitute.ee\/toode\/dihyal-structure-creme\/\",\"url\":\"https:\/\/beautyinstitute.ee\/toode\/dihyal-structure-creme\/\",\"name\":\"Dihyal Structure Creme - Beauty Institute\",\"isPartOf\":{\"@id\":\"https:\/\/beautyinstitute.ee\/#website\"},\"primaryImageOfPage\":{\"@id\":\"https:\/\/beautyinstitute.ee\/toode\/dihyal-structure-creme\/#primaryimage\"},\"image\":{\"@id\":\"https:\/\/beautyinstitute.ee\/toode\/dihyal-structure-creme\/#primaryimage\"},\"thumbnailUrl\":\"https:\/\/beautyinstitute.ee\/wp-content\/uploads\/2019\/01\/dihyal-strukture.jpg\",\"datePublished\":\"2019-01-21T12:22:47+00:00\",\"dateModified\":\"2026-04-28T14:42:56+00:00\",\"breadcrumb\":{\"@id\":\"https:\/\/beautyinstitute.ee\/toode\/dihyal-structure-creme\/#breadcrumb\"},\"inLanguage\":\"ru-RU\",\"potentialAction\":[{\"@type\":\"ReadAction\",\"target\":[\"https:\/\/beautyinstitute.ee\/toode\/dihyal-structure-creme\/\"]}]},{\"@type\":\"ImageObject\",\"inLanguage\":\"ru-RU\",\"@id\":\"https:\/\/beautyinstitute.ee\/toode\/dihyal-structure-creme\/#primaryimage\",\"url\":\"https:\/\/beautyinstitute.ee\/wp-content\/uploads\/2019\/01\/dihyal-strukture.jpg\",\"contentUrl\":\"https:\/\/beautyinstitute.ee\/wp-content\/uploads\/2019\/01\/dihyal-strukture.jpg\",\"width\":750,\"height\":711},{\"@type\":\"BreadcrumbList\",\"@id\":\"https:\/\/beautyinstitute.ee\/toode\/dihyal-structure-creme\/#breadcrumb\",\"itemListElement\":[{\"@type\":\"ListItem\",\"position\":1,\"name\":\"Home\",\"item\":\"https:\/\/beautyinstitute.ee\/ru\/\"},{\"@type\":\"ListItem\",\"position\":2,\"name\":\"E-pood\",\"item\":\"https:\/\/beautyinstitute.ee\/e-pood\/\"},{\"@type\":\"ListItem\",\"position\":3,\"name\":\"Dihyal Structure Creme\"}]},{\"@type\":\"WebSite\",\"@id\":\"https:\/\/beautyinstitute.ee\/#website\",\"url\":\"https:\/\/beautyinstitute.ee\/\",\"name\":\"Beauty Institute\",\"description\":\"CNC Cosmetic ametlik maaletooja ja edasim\u00fc\u00fcja Eestis, Soomes, L\u00e4tis. Aparaadikosmeetika, koolitused, kosmeetikatooted.\",\"potentialAction\":[{\"@type\":\"SearchAction\",\"target\":{\"@type\":\"EntryPoint\",\"urlTemplate\":\"https:\/\/beautyinstitute.ee\/?s={search_term_string}\"},\"query-input\":{\"@type\":\"PropertyValueSpecification\",\"valueRequired\":true,\"valueName\":\"search_term_string\"}}],\"inLanguage\":\"ru-RU\"}]}<\/script>\n<!-- \/ Yoast SEO plugin. -->","yoast_head_json":{"title":"Dihyal Structure Creme - Beauty Institute","robots":{"index":"index","follow":"follow","max-snippet":"max-snippet:-1","max-image-preview":"max-image-preview:large","max-video-preview":"max-video-preview:-1"},"canonical":"https:\/\/beautyinstitute.ee\/toode\/dihyal-structure-creme\/","og_locale":"ru_RU","og_type":"article","og_title":"Dihyal Structure Creme - Beauty Institute","og_description":"Rikkalik 24-h kreem n\u00f5udlikule ja k\u00fcpsele nahale. Parandab naha vastupanu-, kaitse- ja regenereerimise v\u00f5imet. DiHyal aktiivainete kompleks pehmendab kortse silmn\u00e4htavalt ja parandab h\u00fcdratsiooni nahas. Pentavitiin tugevdab naha loomulikku barj\u00e4\u00e4ri ja kaitseb nahka kuivuse eest. Vitamiinid C ja E kaitsevad nahka enneaegse vananemise eest. V\u00e4\u00e4rtuslik makadaamia \u00f5li ja sheav\u00f5i pakuvad nahale intensiivset ravi ja annavad nahale [&hellip;]","og_url":"https:\/\/beautyinstitute.ee\/toode\/dihyal-structure-creme\/","og_site_name":"Beauty Institute","article_modified_time":"2026-04-28T14:42:56+00:00","og_image":[{"width":750,"height":711,"url":"https:\/\/beautyinstitute.ee\/wp-content\/uploads\/2019\/01\/dihyal-strukture.jpg","type":"image\/jpeg"}],"twitter_card":"summary_large_image","twitter_site":"@Beauty_Eesti","twitter_misc":{"\u041f\u0440\u0438\u043c\u0435\u0440\u043d\u043e\u0435 \u0432\u0440\u0435\u043c\u044f \u0434\u043b\u044f \u0447\u0442\u0435\u043d\u0438\u044f":"1 \u043c\u0438\u043d\u0443\u0442\u0430"},"schema":{"@context":"https:\/\/schema.org","@graph":[{"@type":"WebPage","@id":"https:\/\/beautyinstitute.ee\/toode\/dihyal-structure-creme\/","url":"https:\/\/beautyinstitute.ee\/toode\/dihyal-structure-creme\/","name":"Dihyal Structure Creme - Beauty Institute","isPartOf":{"@id":"https:\/\/beautyinstitute.ee\/#website"},"primaryImageOfPage":{"@id":"https:\/\/beautyinstitute.ee\/toode\/dihyal-structure-creme\/#primaryimage"},"image":{"@id":"https:\/\/beautyinstitute.ee\/toode\/dihyal-structure-creme\/#primaryimage"},"thumbnailUrl":"https:\/\/beautyinstitute.ee\/wp-content\/uploads\/2019\/01\/dihyal-strukture.jpg","datePublished":"2019-01-21T12:22:47+00:00","dateModified":"2026-04-28T14:42:56+00:00","breadcrumb":{"@id":"https:\/\/beautyinstitute.ee\/toode\/dihyal-structure-creme\/#breadcrumb"},"inLanguage":"ru-RU","potentialAction":[{"@type":"ReadAction","target":["https:\/\/beautyinstitute.ee\/toode\/dihyal-structure-creme\/"]}]},{"@type":"ImageObject","inLanguage":"ru-RU","@id":"https:\/\/beautyinstitute.ee\/toode\/dihyal-structure-creme\/#primaryimage","url":"https:\/\/beautyinstitute.ee\/wp-content\/uploads\/2019\/01\/dihyal-strukture.jpg","contentUrl":"https:\/\/beautyinstitute.ee\/wp-content\/uploads\/2019\/01\/dihyal-strukture.jpg","width":750,"height":711},{"@type":"BreadcrumbList","@id":"https:\/\/beautyinstitute.ee\/toode\/dihyal-structure-creme\/#breadcrumb","itemListElement":[{"@type":"ListItem","position":1,"name":"Home","item":"https:\/\/beautyinstitute.ee\/ru\/"},{"@type":"ListItem","position":2,"name":"E-pood","item":"https:\/\/beautyinstitute.ee\/e-pood\/"},{"@type":"ListItem","position":3,"name":"Dihyal Structure Creme"}]},{"@type":"WebSite","@id":"https:\/\/beautyinstitute.ee\/#website","url":"https:\/\/beautyinstitute.ee\/","name":"Beauty Institute","description":"CNC Cosmetic ametlik maaletooja ja edasim\u00fc\u00fcja Eestis, Soomes, L\u00e4tis. Aparaadikosmeetika, koolitused, kosmeetikatooted.","potentialAction":[{"@type":"SearchAction","target":{"@type":"EntryPoint","urlTemplate":"https:\/\/beautyinstitute.ee\/?s={search_term_string}"},"query-input":{"@type":"PropertyValueSpecification","valueRequired":true,"valueName":"search_term_string"}}],"inLanguage":"ru-RU"}]}},"_links":{"self":[{"href":"https:\/\/beautyinstitute.ee\/ru\/wp-json\/wp\/v2\/product\/2542","targetHints":{"allow":["GET"]}}],"collection":[{"href":"https:\/\/beautyinstitute.ee\/ru\/wp-json\/wp\/v2\/product"}],"about":[{"href":"https:\/\/beautyinstitute.ee\/ru\/wp-json\/wp\/v2\/types\/product"}],"wp:featuredmedia":[{"embeddable":true,"href":"https:\/\/beautyinstitute.ee\/ru\/wp-json\/wp\/v2\/media\/11763"}],"wp:attachment":[{"href":"https:\/\/beautyinstitute.ee\/ru\/wp-json\/wp\/v2\/media?parent=2542"}],"wp:term":[{"taxonomy":"product_cat","embeddable":true,"href":"https:\/\/beautyinstitute.ee\/ru\/wp-json\/wp\/v2\/product_cat?post=2542"},{"taxonomy":"product_tag","embeddable":true,"href":"https:\/\/beautyinstitute.ee\/ru\/wp-json\/wp\/v2\/product_tag?post=2542"}],"curies":[{"name":"wp","href":"https:\/\/api.w.org\/{rel}","templated":true}]}}