{"id":2549,"date":"2019-01-21T12:25:15","date_gmt":"2019-01-21T12:25:15","guid":{"rendered":"https:\/\/beautyinstitute.ee\/?post_type=product&#038;p=2549"},"modified":"2026-04-16T13:35:26","modified_gmt":"2026-04-16T10:35:26","slug":"dihyal-sensitive-fluid","status":"publish","type":"product","link":"https:\/\/beautyinstitute.ee\/ru\/toode\/dihyal-sensitive-fluid\/","title":{"rendered":"Dihyal Sensitive Fluid"},"content":{"rendered":"<p><strong>Efektiivne fluid naha rahustamiseks.<\/strong><\/p>\n<p>Lipiide sisaldav emulsioon, mis ravib naha punetust ja tugevdab kapillaare. Unikaalne Dihyal aktiivainete kompleks pehmendab kortse ja parandab naha h\u00fcdratsiooni. Pentavitiin tugevdab naha loomulikku barj\u00e4\u00e4ri ja kaitseb nahka kuivuse eest. Phantenool ja E vitamiin annavad nahale vajaliku niiskuse ja meeldivalt pehme tunde. Sobilik alates 25. eluaastast.<\/p>\n<p><strong>Eelised:\u00a0<\/strong><\/p>\n<ul>\n<li>suurendab naha kaitsefunktsiooni<\/li>\n<li>tugevdab kapillaare<\/li>\n<li>rahustab punetavat nahka<\/li>\n<\/ul>\n<p><strong>Sobilik:<\/strong> nahale, mis on \u00f5rn, tundlik, punetav, p\u00f5letikuline, \u00e4rrituv ning kuperoosne.<\/p>\n<p><strong>Toimeained:<\/strong> h\u00fcaluroonhape (l\u00fchiahelalised ja pika ahelaga), biotehnoloogilised oligosahhariidid, makadaamiap\u00e4hkli\u00f5li, Biophytex, E-vitamiini, provitamiin B5, saialille ekstrakt, p\u00e4rmiekstrakt.<\/p>\n","protected":false},"excerpt":{"rendered":"<p>Efektiivne fluid naha rahustamiseks. Lipiide sisaldav emulsioon, mis ravib naha punetust ja tugevdab kapillaare. Unikaalne Dihyal aktiivainete kompleks pehmendab kortse ja parandab naha h\u00fcdratsiooni. Pentavitiin tugevdab naha loomulikku barj\u00e4\u00e4ri ja kaitseb nahka kuivuse eest. Phantenool ja E vitamiin annavad nahale vajaliku niiskuse ja meeldivalt pehme tunde. Sobilik alates 25. eluaastast. Eelised:\u00a0 suurendab naha kaitsefunktsiooni tugevdab [&hellip;]<\/p>\n","protected":false},"featured_media":11758,"template":"","meta":{"_acf_changed":false},"product_cat":[114,126],"product_tag":[],"class_list":["post-2549","product","type-product","status-publish","has-post-thumbnail","hentry","product_cat-tootesarjad","product_cat-classic-plus"],"acf":[],"yoast_head":"<!-- This site is optimized with the Yoast SEO plugin v25.4 - https:\/\/yoast.com\/wordpress\/plugins\/seo\/ -->\n<title>Dihyal Sensitive Fluid - Beauty Institute<\/title>\n<meta name=\"robots\" content=\"index, follow, max-snippet:-1, max-image-preview:large, max-video-preview:-1\" \/>\n<link rel=\"canonical\" href=\"https:\/\/beautyinstitute.ee\/toode\/dihyal-sensitive-fluid\/\" \/>\n<meta property=\"og:locale\" content=\"ru_RU\" \/>\n<meta property=\"og:type\" content=\"article\" \/>\n<meta property=\"og:title\" content=\"Dihyal Sensitive Fluid - Beauty Institute\" \/>\n<meta property=\"og:description\" content=\"Efektiivne fluid naha rahustamiseks. Lipiide sisaldav emulsioon, mis ravib naha punetust ja tugevdab kapillaare. Unikaalne Dihyal aktiivainete kompleks pehmendab kortse ja parandab naha h\u00fcdratsiooni. Pentavitiin tugevdab naha loomulikku barj\u00e4\u00e4ri ja kaitseb nahka kuivuse eest. Phantenool ja E vitamiin annavad nahale vajaliku niiskuse ja meeldivalt pehme tunde. Sobilik alates 25. eluaastast. Eelised:\u00a0 suurendab naha kaitsefunktsiooni tugevdab [&hellip;]\" \/>\n<meta property=\"og:url\" content=\"https:\/\/beautyinstitute.ee\/toode\/dihyal-sensitive-fluid\/\" \/>\n<meta property=\"og:site_name\" content=\"Beauty Institute\" \/>\n<meta property=\"article:modified_time\" content=\"2026-04-16T10:35:26+00:00\" \/>\n<meta property=\"og:image\" content=\"https:\/\/beautyinstitute.ee\/wp-content\/uploads\/2019\/01\/dihyal-sensidive-fluid.jpg\" \/>\n\t<meta property=\"og:image:width\" content=\"750\" \/>\n\t<meta property=\"og:image:height\" content=\"711\" \/>\n\t<meta property=\"og:image:type\" content=\"image\/jpeg\" \/>\n<meta name=\"twitter:card\" content=\"summary_large_image\" \/>\n<meta name=\"twitter:site\" content=\"@Beauty_Eesti\" \/>\n<script type=\"application\/ld+json\" class=\"yoast-schema-graph\">{\"@context\":\"https:\/\/schema.org\",\"@graph\":[{\"@type\":\"WebPage\",\"@id\":\"https:\/\/beautyinstitute.ee\/toode\/dihyal-sensitive-fluid\/\",\"url\":\"https:\/\/beautyinstitute.ee\/toode\/dihyal-sensitive-fluid\/\",\"name\":\"Dihyal Sensitive Fluid - Beauty Institute\",\"isPartOf\":{\"@id\":\"https:\/\/beautyinstitute.ee\/#website\"},\"primaryImageOfPage\":{\"@id\":\"https:\/\/beautyinstitute.ee\/toode\/dihyal-sensitive-fluid\/#primaryimage\"},\"image\":{\"@id\":\"https:\/\/beautyinstitute.ee\/toode\/dihyal-sensitive-fluid\/#primaryimage\"},\"thumbnailUrl\":\"https:\/\/beautyinstitute.ee\/wp-content\/uploads\/2019\/01\/dihyal-sensidive-fluid.jpg\",\"datePublished\":\"2019-01-21T12:25:15+00:00\",\"dateModified\":\"2026-04-16T10:35:26+00:00\",\"breadcrumb\":{\"@id\":\"https:\/\/beautyinstitute.ee\/toode\/dihyal-sensitive-fluid\/#breadcrumb\"},\"inLanguage\":\"ru-RU\",\"potentialAction\":[{\"@type\":\"ReadAction\",\"target\":[\"https:\/\/beautyinstitute.ee\/toode\/dihyal-sensitive-fluid\/\"]}]},{\"@type\":\"ImageObject\",\"inLanguage\":\"ru-RU\",\"@id\":\"https:\/\/beautyinstitute.ee\/toode\/dihyal-sensitive-fluid\/#primaryimage\",\"url\":\"https:\/\/beautyinstitute.ee\/wp-content\/uploads\/2019\/01\/dihyal-sensidive-fluid.jpg\",\"contentUrl\":\"https:\/\/beautyinstitute.ee\/wp-content\/uploads\/2019\/01\/dihyal-sensidive-fluid.jpg\",\"width\":750,\"height\":711},{\"@type\":\"BreadcrumbList\",\"@id\":\"https:\/\/beautyinstitute.ee\/toode\/dihyal-sensitive-fluid\/#breadcrumb\",\"itemListElement\":[{\"@type\":\"ListItem\",\"position\":1,\"name\":\"Home\",\"item\":\"https:\/\/beautyinstitute.ee\/ru\/\"},{\"@type\":\"ListItem\",\"position\":2,\"name\":\"E-pood\",\"item\":\"https:\/\/beautyinstitute.ee\/e-pood\/\"},{\"@type\":\"ListItem\",\"position\":3,\"name\":\"Dihyal Sensitive Fluid\"}]},{\"@type\":\"WebSite\",\"@id\":\"https:\/\/beautyinstitute.ee\/#website\",\"url\":\"https:\/\/beautyinstitute.ee\/\",\"name\":\"Beauty Institute\",\"description\":\"CNC Cosmetic ametlik maaletooja ja edasim\u00fc\u00fcja Eestis, Soomes, L\u00e4tis. Aparaadikosmeetika, koolitused, kosmeetikatooted.\",\"potentialAction\":[{\"@type\":\"SearchAction\",\"target\":{\"@type\":\"EntryPoint\",\"urlTemplate\":\"https:\/\/beautyinstitute.ee\/?s={search_term_string}\"},\"query-input\":{\"@type\":\"PropertyValueSpecification\",\"valueRequired\":true,\"valueName\":\"search_term_string\"}}],\"inLanguage\":\"ru-RU\"}]}<\/script>\n<!-- \/ Yoast SEO plugin. -->","yoast_head_json":{"title":"Dihyal Sensitive Fluid - Beauty Institute","robots":{"index":"index","follow":"follow","max-snippet":"max-snippet:-1","max-image-preview":"max-image-preview:large","max-video-preview":"max-video-preview:-1"},"canonical":"https:\/\/beautyinstitute.ee\/toode\/dihyal-sensitive-fluid\/","og_locale":"ru_RU","og_type":"article","og_title":"Dihyal Sensitive Fluid - Beauty Institute","og_description":"Efektiivne fluid naha rahustamiseks. Lipiide sisaldav emulsioon, mis ravib naha punetust ja tugevdab kapillaare. Unikaalne Dihyal aktiivainete kompleks pehmendab kortse ja parandab naha h\u00fcdratsiooni. Pentavitiin tugevdab naha loomulikku barj\u00e4\u00e4ri ja kaitseb nahka kuivuse eest. Phantenool ja E vitamiin annavad nahale vajaliku niiskuse ja meeldivalt pehme tunde. Sobilik alates 25. eluaastast. Eelised:\u00a0 suurendab naha kaitsefunktsiooni tugevdab [&hellip;]","og_url":"https:\/\/beautyinstitute.ee\/toode\/dihyal-sensitive-fluid\/","og_site_name":"Beauty Institute","article_modified_time":"2026-04-16T10:35:26+00:00","og_image":[{"width":750,"height":711,"url":"https:\/\/beautyinstitute.ee\/wp-content\/uploads\/2019\/01\/dihyal-sensidive-fluid.jpg","type":"image\/jpeg"}],"twitter_card":"summary_large_image","twitter_site":"@Beauty_Eesti","schema":{"@context":"https:\/\/schema.org","@graph":[{"@type":"WebPage","@id":"https:\/\/beautyinstitute.ee\/toode\/dihyal-sensitive-fluid\/","url":"https:\/\/beautyinstitute.ee\/toode\/dihyal-sensitive-fluid\/","name":"Dihyal Sensitive Fluid - Beauty Institute","isPartOf":{"@id":"https:\/\/beautyinstitute.ee\/#website"},"primaryImageOfPage":{"@id":"https:\/\/beautyinstitute.ee\/toode\/dihyal-sensitive-fluid\/#primaryimage"},"image":{"@id":"https:\/\/beautyinstitute.ee\/toode\/dihyal-sensitive-fluid\/#primaryimage"},"thumbnailUrl":"https:\/\/beautyinstitute.ee\/wp-content\/uploads\/2019\/01\/dihyal-sensidive-fluid.jpg","datePublished":"2019-01-21T12:25:15+00:00","dateModified":"2026-04-16T10:35:26+00:00","breadcrumb":{"@id":"https:\/\/beautyinstitute.ee\/toode\/dihyal-sensitive-fluid\/#breadcrumb"},"inLanguage":"ru-RU","potentialAction":[{"@type":"ReadAction","target":["https:\/\/beautyinstitute.ee\/toode\/dihyal-sensitive-fluid\/"]}]},{"@type":"ImageObject","inLanguage":"ru-RU","@id":"https:\/\/beautyinstitute.ee\/toode\/dihyal-sensitive-fluid\/#primaryimage","url":"https:\/\/beautyinstitute.ee\/wp-content\/uploads\/2019\/01\/dihyal-sensidive-fluid.jpg","contentUrl":"https:\/\/beautyinstitute.ee\/wp-content\/uploads\/2019\/01\/dihyal-sensidive-fluid.jpg","width":750,"height":711},{"@type":"BreadcrumbList","@id":"https:\/\/beautyinstitute.ee\/toode\/dihyal-sensitive-fluid\/#breadcrumb","itemListElement":[{"@type":"ListItem","position":1,"name":"Home","item":"https:\/\/beautyinstitute.ee\/ru\/"},{"@type":"ListItem","position":2,"name":"E-pood","item":"https:\/\/beautyinstitute.ee\/e-pood\/"},{"@type":"ListItem","position":3,"name":"Dihyal Sensitive Fluid"}]},{"@type":"WebSite","@id":"https:\/\/beautyinstitute.ee\/#website","url":"https:\/\/beautyinstitute.ee\/","name":"Beauty Institute","description":"CNC Cosmetic ametlik maaletooja ja edasim\u00fc\u00fcja Eestis, Soomes, L\u00e4tis. Aparaadikosmeetika, koolitused, kosmeetikatooted.","potentialAction":[{"@type":"SearchAction","target":{"@type":"EntryPoint","urlTemplate":"https:\/\/beautyinstitute.ee\/?s={search_term_string}"},"query-input":{"@type":"PropertyValueSpecification","valueRequired":true,"valueName":"search_term_string"}}],"inLanguage":"ru-RU"}]}},"_links":{"self":[{"href":"https:\/\/beautyinstitute.ee\/ru\/wp-json\/wp\/v2\/product\/2549","targetHints":{"allow":["GET"]}}],"collection":[{"href":"https:\/\/beautyinstitute.ee\/ru\/wp-json\/wp\/v2\/product"}],"about":[{"href":"https:\/\/beautyinstitute.ee\/ru\/wp-json\/wp\/v2\/types\/product"}],"wp:featuredmedia":[{"embeddable":true,"href":"https:\/\/beautyinstitute.ee\/ru\/wp-json\/wp\/v2\/media\/11758"}],"wp:attachment":[{"href":"https:\/\/beautyinstitute.ee\/ru\/wp-json\/wp\/v2\/media?parent=2549"}],"wp:term":[{"taxonomy":"product_cat","embeddable":true,"href":"https:\/\/beautyinstitute.ee\/ru\/wp-json\/wp\/v2\/product_cat?post=2549"},{"taxonomy":"product_tag","embeddable":true,"href":"https:\/\/beautyinstitute.ee\/ru\/wp-json\/wp\/v2\/product_tag?post=2549"}],"curies":[{"name":"wp","href":"https:\/\/api.w.org\/{rel}","templated":true}]}}