{"id":25547,"date":"2023-10-10T14:16:39","date_gmt":"2023-10-10T11:16:39","guid":{"rendered":"https:\/\/beautyinstitute.ee\/?post_type=product&#038;p=25547"},"modified":"2026-04-23T14:50:47","modified_gmt":"2026-04-23T11:50:47","slug":"talvekreem-30ml","status":"publish","type":"product","link":"https:\/\/beautyinstitute.ee\/ru\/toode\/talvekreem-30ml\/","title":{"rendered":"Talvekreem 30Ml"},"content":{"rendered":"<div class=\"page\" title=\"Page 52\">\n<div class=\"section\">\n<div class=\"layoutArea\">\n<div class=\"column\">\n<p>Talvekreem kogu perele!<\/p>\n<p>K\u00fclm ja samuti siseruumide k\u00fctte \u00f5hk on nahale raske aeg. Nahk muutub kuivemaks, tundlikumaks ja on pinges, sest k\u00fclm \u00f5hk samuti soojendatud \u00f5hk kuivatavad nahka. Rasu tootmine ei ole enam nii aktiivne, kui temperatuur langeb all 9 \u00b0 C. Naha kaitse barj\u00e4\u00e4r saab kahjustatud ( lipiidide t\u00f6\u00f6 kvaliteet langeb ) ja see p\u00f5hjustab sageli naha punetuse, p\u00f5letustunde ja s\u00fcgeluse.\u00a0\u00a0Igap\u00e4evased nahahooldustooted ei ole sageli piisavad sellistel juhtudel. See rikas talve kreem, mis on spetsiaalselt v\u00e4lja t\u00f6\u00f6tatud k\u00fclmaks aastaajaks, sisaldab v\u00e4ga t\u00f5husaid vitamiine ja toitvaid \u00f5lisid, et kaitsta nahka k\u00fclma, karge ilma ja kuiva- ,kuuma \u00f5hu eest. Lisaks omab pehmendavat ja l\u00f5\u00f5gastavat toimet, ja aitab s\u00e4ilitada naha niiskus- tasakaalu.<\/p>\n<\/div>\n<\/div>\n<\/div>\n<\/div>\n<p>Vitamiinide rohke ja toitev kreem. \u00d5lid kaitsevad nahka k\u00fclma\u00a0karmide ilmastikutingimuste ja kuiva k\u00fctte \u00f5hu eest.<br \/>\nLisaks hoiab kreem nahas niiskustasakaalu, l\u00f5\u00f5gastab nahka ja\u00a0j\u00e4tab naha pehmeks ja siledaks.Sobilik kuivale ja tundlikule<br \/>\nnahale, lastele ja talispordi armastajatele.<\/p>\n","protected":false},"excerpt":{"rendered":"<p>Talvekreem kogu perele! K\u00fclm ja samuti siseruumide k\u00fctte \u00f5hk on nahale raske aeg. Nahk muutub kuivemaks, tundlikumaks ja on pinges, sest k\u00fclm \u00f5hk samuti soojendatud \u00f5hk kuivatavad nahka. Rasu tootmine ei ole enam nii aktiivne, kui temperatuur langeb all 9 \u00b0 C. Naha kaitse barj\u00e4\u00e4r saab kahjustatud ( lipiidide t\u00f6\u00f6 kvaliteet langeb ) ja see [&hellip;]<\/p>\n","protected":false},"featured_media":4407,"template":"","meta":{"_acf_changed":false},"product_cat":[250,144,15],"product_tag":[],"class_list":["post-25547","product","type-product","status-publish","has-post-thumbnail","hentry","product_cat-naokreemid","product_cat-eritooted","product_cat-muud-tooted"],"acf":[],"yoast_head":"<!-- This site is optimized with the Yoast SEO plugin v25.4 - https:\/\/yoast.com\/wordpress\/plugins\/seo\/ -->\n<title>Talvekreem 30Ml - Beauty Institute<\/title>\n<meta name=\"robots\" content=\"index, follow, max-snippet:-1, max-image-preview:large, max-video-preview:-1\" \/>\n<link rel=\"canonical\" href=\"https:\/\/beautyinstitute.ee\/toode\/talvekreem-30ml\/\" \/>\n<meta property=\"og:locale\" content=\"ru_RU\" \/>\n<meta property=\"og:type\" content=\"article\" \/>\n<meta property=\"og:title\" content=\"Talvekreem 30Ml - Beauty Institute\" \/>\n<meta property=\"og:description\" content=\"Talvekreem kogu perele! K\u00fclm ja samuti siseruumide k\u00fctte \u00f5hk on nahale raske aeg. Nahk muutub kuivemaks, tundlikumaks ja on pinges, sest k\u00fclm \u00f5hk samuti soojendatud \u00f5hk kuivatavad nahka. Rasu tootmine ei ole enam nii aktiivne, kui temperatuur langeb all 9 \u00b0 C. Naha kaitse barj\u00e4\u00e4r saab kahjustatud ( lipiidide t\u00f6\u00f6 kvaliteet langeb ) ja see [&hellip;]\" \/>\n<meta property=\"og:url\" content=\"https:\/\/beautyinstitute.ee\/toode\/talvekreem-30ml\/\" \/>\n<meta property=\"og:site_name\" content=\"Beauty Institute\" \/>\n<meta property=\"article:modified_time\" content=\"2026-04-23T11:50:47+00:00\" \/>\n<meta property=\"og:image\" content=\"https:\/\/beautyinstitute.ee\/wp-content\/uploads\/2019\/08\/wintercreme.jpg\" \/>\n\t<meta property=\"og:image:width\" content=\"280\" \/>\n\t<meta property=\"og:image:height\" content=\"265\" \/>\n\t<meta property=\"og:image:type\" content=\"image\/jpeg\" \/>\n<meta name=\"twitter:card\" content=\"summary_large_image\" \/>\n<meta name=\"twitter:site\" content=\"@Beauty_Eesti\" \/>\n<meta name=\"twitter:label1\" content=\"\u041f\u0440\u0438\u043c\u0435\u0440\u043d\u043e\u0435 \u0432\u0440\u0435\u043c\u044f \u0434\u043b\u044f \u0447\u0442\u0435\u043d\u0438\u044f\" \/>\n\t<meta name=\"twitter:data1\" content=\"1 \u043c\u0438\u043d\u0443\u0442\u0430\" \/>\n<script type=\"application\/ld+json\" class=\"yoast-schema-graph\">{\"@context\":\"https:\/\/schema.org\",\"@graph\":[{\"@type\":\"WebPage\",\"@id\":\"https:\/\/beautyinstitute.ee\/toode\/talvekreem-30ml\/\",\"url\":\"https:\/\/beautyinstitute.ee\/toode\/talvekreem-30ml\/\",\"name\":\"Talvekreem 30Ml - Beauty Institute\",\"isPartOf\":{\"@id\":\"https:\/\/beautyinstitute.ee\/#website\"},\"primaryImageOfPage\":{\"@id\":\"https:\/\/beautyinstitute.ee\/toode\/talvekreem-30ml\/#primaryimage\"},\"image\":{\"@id\":\"https:\/\/beautyinstitute.ee\/toode\/talvekreem-30ml\/#primaryimage\"},\"thumbnailUrl\":\"https:\/\/beautyinstitute.ee\/wp-content\/uploads\/2019\/08\/wintercreme.jpg\",\"datePublished\":\"2023-10-10T11:16:39+00:00\",\"dateModified\":\"2026-04-23T11:50:47+00:00\",\"breadcrumb\":{\"@id\":\"https:\/\/beautyinstitute.ee\/toode\/talvekreem-30ml\/#breadcrumb\"},\"inLanguage\":\"ru-RU\",\"potentialAction\":[{\"@type\":\"ReadAction\",\"target\":[\"https:\/\/beautyinstitute.ee\/toode\/talvekreem-30ml\/\"]}]},{\"@type\":\"ImageObject\",\"inLanguage\":\"ru-RU\",\"@id\":\"https:\/\/beautyinstitute.ee\/toode\/talvekreem-30ml\/#primaryimage\",\"url\":\"https:\/\/beautyinstitute.ee\/wp-content\/uploads\/2019\/08\/wintercreme.jpg\",\"contentUrl\":\"https:\/\/beautyinstitute.ee\/wp-content\/uploads\/2019\/08\/wintercreme.jpg\",\"width\":280,\"height\":265},{\"@type\":\"BreadcrumbList\",\"@id\":\"https:\/\/beautyinstitute.ee\/toode\/talvekreem-30ml\/#breadcrumb\",\"itemListElement\":[{\"@type\":\"ListItem\",\"position\":1,\"name\":\"Home\",\"item\":\"https:\/\/beautyinstitute.ee\/ru\/\"},{\"@type\":\"ListItem\",\"position\":2,\"name\":\"E-pood\",\"item\":\"https:\/\/beautyinstitute.ee\/e-pood\/\"},{\"@type\":\"ListItem\",\"position\":3,\"name\":\"Talvekreem 30Ml\"}]},{\"@type\":\"WebSite\",\"@id\":\"https:\/\/beautyinstitute.ee\/#website\",\"url\":\"https:\/\/beautyinstitute.ee\/\",\"name\":\"Beauty Institute\",\"description\":\"CNC Cosmetic ametlik maaletooja ja edasim\u00fc\u00fcja Eestis, Soomes, L\u00e4tis. Aparaadikosmeetika, koolitused, kosmeetikatooted.\",\"potentialAction\":[{\"@type\":\"SearchAction\",\"target\":{\"@type\":\"EntryPoint\",\"urlTemplate\":\"https:\/\/beautyinstitute.ee\/?s={search_term_string}\"},\"query-input\":{\"@type\":\"PropertyValueSpecification\",\"valueRequired\":true,\"valueName\":\"search_term_string\"}}],\"inLanguage\":\"ru-RU\"}]}<\/script>\n<!-- \/ Yoast SEO plugin. -->","yoast_head_json":{"title":"Talvekreem 30Ml - Beauty Institute","robots":{"index":"index","follow":"follow","max-snippet":"max-snippet:-1","max-image-preview":"max-image-preview:large","max-video-preview":"max-video-preview:-1"},"canonical":"https:\/\/beautyinstitute.ee\/toode\/talvekreem-30ml\/","og_locale":"ru_RU","og_type":"article","og_title":"Talvekreem 30Ml - Beauty Institute","og_description":"Talvekreem kogu perele! K\u00fclm ja samuti siseruumide k\u00fctte \u00f5hk on nahale raske aeg. Nahk muutub kuivemaks, tundlikumaks ja on pinges, sest k\u00fclm \u00f5hk samuti soojendatud \u00f5hk kuivatavad nahka. Rasu tootmine ei ole enam nii aktiivne, kui temperatuur langeb all 9 \u00b0 C. Naha kaitse barj\u00e4\u00e4r saab kahjustatud ( lipiidide t\u00f6\u00f6 kvaliteet langeb ) ja see [&hellip;]","og_url":"https:\/\/beautyinstitute.ee\/toode\/talvekreem-30ml\/","og_site_name":"Beauty Institute","article_modified_time":"2026-04-23T11:50:47+00:00","og_image":[{"width":280,"height":265,"url":"https:\/\/beautyinstitute.ee\/wp-content\/uploads\/2019\/08\/wintercreme.jpg","type":"image\/jpeg"}],"twitter_card":"summary_large_image","twitter_site":"@Beauty_Eesti","twitter_misc":{"\u041f\u0440\u0438\u043c\u0435\u0440\u043d\u043e\u0435 \u0432\u0440\u0435\u043c\u044f \u0434\u043b\u044f \u0447\u0442\u0435\u043d\u0438\u044f":"1 \u043c\u0438\u043d\u0443\u0442\u0430"},"schema":{"@context":"https:\/\/schema.org","@graph":[{"@type":"WebPage","@id":"https:\/\/beautyinstitute.ee\/toode\/talvekreem-30ml\/","url":"https:\/\/beautyinstitute.ee\/toode\/talvekreem-30ml\/","name":"Talvekreem 30Ml - Beauty Institute","isPartOf":{"@id":"https:\/\/beautyinstitute.ee\/#website"},"primaryImageOfPage":{"@id":"https:\/\/beautyinstitute.ee\/toode\/talvekreem-30ml\/#primaryimage"},"image":{"@id":"https:\/\/beautyinstitute.ee\/toode\/talvekreem-30ml\/#primaryimage"},"thumbnailUrl":"https:\/\/beautyinstitute.ee\/wp-content\/uploads\/2019\/08\/wintercreme.jpg","datePublished":"2023-10-10T11:16:39+00:00","dateModified":"2026-04-23T11:50:47+00:00","breadcrumb":{"@id":"https:\/\/beautyinstitute.ee\/toode\/talvekreem-30ml\/#breadcrumb"},"inLanguage":"ru-RU","potentialAction":[{"@type":"ReadAction","target":["https:\/\/beautyinstitute.ee\/toode\/talvekreem-30ml\/"]}]},{"@type":"ImageObject","inLanguage":"ru-RU","@id":"https:\/\/beautyinstitute.ee\/toode\/talvekreem-30ml\/#primaryimage","url":"https:\/\/beautyinstitute.ee\/wp-content\/uploads\/2019\/08\/wintercreme.jpg","contentUrl":"https:\/\/beautyinstitute.ee\/wp-content\/uploads\/2019\/08\/wintercreme.jpg","width":280,"height":265},{"@type":"BreadcrumbList","@id":"https:\/\/beautyinstitute.ee\/toode\/talvekreem-30ml\/#breadcrumb","itemListElement":[{"@type":"ListItem","position":1,"name":"Home","item":"https:\/\/beautyinstitute.ee\/ru\/"},{"@type":"ListItem","position":2,"name":"E-pood","item":"https:\/\/beautyinstitute.ee\/e-pood\/"},{"@type":"ListItem","position":3,"name":"Talvekreem 30Ml"}]},{"@type":"WebSite","@id":"https:\/\/beautyinstitute.ee\/#website","url":"https:\/\/beautyinstitute.ee\/","name":"Beauty Institute","description":"CNC Cosmetic ametlik maaletooja ja edasim\u00fc\u00fcja Eestis, Soomes, L\u00e4tis. Aparaadikosmeetika, koolitused, kosmeetikatooted.","potentialAction":[{"@type":"SearchAction","target":{"@type":"EntryPoint","urlTemplate":"https:\/\/beautyinstitute.ee\/?s={search_term_string}"},"query-input":{"@type":"PropertyValueSpecification","valueRequired":true,"valueName":"search_term_string"}}],"inLanguage":"ru-RU"}]}},"_links":{"self":[{"href":"https:\/\/beautyinstitute.ee\/ru\/wp-json\/wp\/v2\/product\/25547","targetHints":{"allow":["GET"]}}],"collection":[{"href":"https:\/\/beautyinstitute.ee\/ru\/wp-json\/wp\/v2\/product"}],"about":[{"href":"https:\/\/beautyinstitute.ee\/ru\/wp-json\/wp\/v2\/types\/product"}],"wp:featuredmedia":[{"embeddable":true,"href":"https:\/\/beautyinstitute.ee\/ru\/wp-json\/wp\/v2\/media\/4407"}],"wp:attachment":[{"href":"https:\/\/beautyinstitute.ee\/ru\/wp-json\/wp\/v2\/media?parent=25547"}],"wp:term":[{"taxonomy":"product_cat","embeddable":true,"href":"https:\/\/beautyinstitute.ee\/ru\/wp-json\/wp\/v2\/product_cat?post=25547"},{"taxonomy":"product_tag","embeddable":true,"href":"https:\/\/beautyinstitute.ee\/ru\/wp-json\/wp\/v2\/product_tag?post=25547"}],"curies":[{"name":"wp","href":"https:\/\/api.w.org\/{rel}","templated":true}]}}