{"id":2556,"date":"2019-01-21T12:28:12","date_gmt":"2019-01-21T12:28:12","guid":{"rendered":"https:\/\/beautyinstitute.ee\/?post_type=product&#038;p=2556"},"modified":"2026-04-26T10:33:01","modified_gmt":"2026-04-26T07:33:01","slug":"dihyal-eye-correction-serum","status":"publish","type":"product","link":"https:\/\/beautyinstitute.ee\/ru\/toode\/dihyal-eye-correction-serum\/","title":{"rendered":"Dihyal Eye Correction Serum"},"content":{"rendered":"<p><strong>Efektiivne kofeiiniga silmahoolduse seerum.<\/strong><\/p>\n<p>Silmakreem aitab eemaldada akumuleerunud koevedeliku ning parandab vere- ning l\u00fcmfiringet. V\u00e4hendab koheselt silmaaluseid turseid, muudab naha nooruslikuks ja s\u00e4ravaks, siledaks. DiHyal kompleks pehmendab kortse silmapiirkonnas ja parandab naha h\u00fcdratsiooni taset. Vetika ekstrakt pinguldab silmapiirkonna nahka ja annab meeldiva, v\u00e4rske tunde. Sobilik 25 eluaastast alates. Tasandab turses silmaaluseid, silub kortse ning kaotab tumedad silmaalused.<\/p>\n<p><strong>Eelised:<\/strong><\/p>\n<ul>\n<li>kasutatakse \u00fcksi v\u00f5i t\u00e4iendava seerumina<\/li>\n<li>kortsudeta s\u00e4rava silma\u00fcmbruse jaoks<\/li>\n<\/ul>\n<p><strong>Sobilik:<\/strong> k\u00f5ikidele nahat\u00fc\u00fcpidele.<\/p>\n<p><strong>Toimeained:<\/strong> lilla puna vetika ektrakt, l\u00fchikese ahelaga ja pika ahelaga h\u00fcaluroonhape, kofeiini.<\/p>\n","protected":false},"excerpt":{"rendered":"<p>Efektiivne kofeiiniga silmahoolduse seerum. Silmakreem aitab eemaldada akumuleerunud koevedeliku ning parandab vere- ning l\u00fcmfiringet. V\u00e4hendab koheselt silmaaluseid turseid, muudab naha nooruslikuks ja s\u00e4ravaks, siledaks. DiHyal kompleks pehmendab kortse silmapiirkonnas ja parandab naha h\u00fcdratsiooni taset. Vetika ekstrakt pinguldab silmapiirkonna nahka ja annab meeldiva, v\u00e4rske tunde. Sobilik 25 eluaastast alates. Tasandab turses silmaaluseid, silub kortse ning kaotab [&hellip;]<\/p>\n","protected":false},"featured_media":11755,"template":"","meta":{"_acf_changed":false},"product_cat":[249,251,114,126],"product_tag":[],"class_list":["post-2556","product","type-product","status-publish","has-post-thumbnail","hentry","product_cat-seerumid-2","product_cat-silmakreemid","product_cat-tootesarjad","product_cat-classic-plus"],"acf":[],"yoast_head":"<!-- This site is optimized with the Yoast SEO plugin v25.4 - https:\/\/yoast.com\/wordpress\/plugins\/seo\/ -->\n<title>Dihyal Eye Correction Serum - Beauty Institute<\/title>\n<meta name=\"robots\" content=\"index, follow, max-snippet:-1, max-image-preview:large, max-video-preview:-1\" \/>\n<link rel=\"canonical\" href=\"https:\/\/beautyinstitute.ee\/toode\/dihyal-eye-correction-serum\/\" \/>\n<meta property=\"og:locale\" content=\"ru_RU\" \/>\n<meta property=\"og:type\" content=\"article\" \/>\n<meta property=\"og:title\" content=\"Dihyal Eye Correction Serum - Beauty Institute\" \/>\n<meta property=\"og:description\" content=\"Efektiivne kofeiiniga silmahoolduse seerum. Silmakreem aitab eemaldada akumuleerunud koevedeliku ning parandab vere- ning l\u00fcmfiringet. V\u00e4hendab koheselt silmaaluseid turseid, muudab naha nooruslikuks ja s\u00e4ravaks, siledaks. DiHyal kompleks pehmendab kortse silmapiirkonnas ja parandab naha h\u00fcdratsiooni taset. Vetika ekstrakt pinguldab silmapiirkonna nahka ja annab meeldiva, v\u00e4rske tunde. Sobilik 25 eluaastast alates. Tasandab turses silmaaluseid, silub kortse ning kaotab [&hellip;]\" \/>\n<meta property=\"og:url\" content=\"https:\/\/beautyinstitute.ee\/toode\/dihyal-eye-correction-serum\/\" \/>\n<meta property=\"og:site_name\" content=\"Beauty Institute\" \/>\n<meta property=\"article:modified_time\" content=\"2026-04-26T07:33:01+00:00\" \/>\n<meta property=\"og:image\" content=\"https:\/\/beautyinstitute.ee\/wp-content\/uploads\/2019\/01\/dihyal-eye-correc.jpg\" \/>\n\t<meta property=\"og:image:width\" content=\"750\" \/>\n\t<meta property=\"og:image:height\" content=\"711\" \/>\n\t<meta property=\"og:image:type\" content=\"image\/jpeg\" \/>\n<meta name=\"twitter:card\" content=\"summary_large_image\" \/>\n<meta name=\"twitter:site\" content=\"@Beauty_Eesti\" \/>\n<script type=\"application\/ld+json\" class=\"yoast-schema-graph\">{\"@context\":\"https:\/\/schema.org\",\"@graph\":[{\"@type\":\"WebPage\",\"@id\":\"https:\/\/beautyinstitute.ee\/toode\/dihyal-eye-correction-serum\/\",\"url\":\"https:\/\/beautyinstitute.ee\/toode\/dihyal-eye-correction-serum\/\",\"name\":\"Dihyal Eye Correction Serum - Beauty Institute\",\"isPartOf\":{\"@id\":\"https:\/\/beautyinstitute.ee\/#website\"},\"primaryImageOfPage\":{\"@id\":\"https:\/\/beautyinstitute.ee\/toode\/dihyal-eye-correction-serum\/#primaryimage\"},\"image\":{\"@id\":\"https:\/\/beautyinstitute.ee\/toode\/dihyal-eye-correction-serum\/#primaryimage\"},\"thumbnailUrl\":\"https:\/\/beautyinstitute.ee\/wp-content\/uploads\/2019\/01\/dihyal-eye-correc.jpg\",\"datePublished\":\"2019-01-21T12:28:12+00:00\",\"dateModified\":\"2026-04-26T07:33:01+00:00\",\"breadcrumb\":{\"@id\":\"https:\/\/beautyinstitute.ee\/toode\/dihyal-eye-correction-serum\/#breadcrumb\"},\"inLanguage\":\"ru-RU\",\"potentialAction\":[{\"@type\":\"ReadAction\",\"target\":[\"https:\/\/beautyinstitute.ee\/toode\/dihyal-eye-correction-serum\/\"]}]},{\"@type\":\"ImageObject\",\"inLanguage\":\"ru-RU\",\"@id\":\"https:\/\/beautyinstitute.ee\/toode\/dihyal-eye-correction-serum\/#primaryimage\",\"url\":\"https:\/\/beautyinstitute.ee\/wp-content\/uploads\/2019\/01\/dihyal-eye-correc.jpg\",\"contentUrl\":\"https:\/\/beautyinstitute.ee\/wp-content\/uploads\/2019\/01\/dihyal-eye-correc.jpg\",\"width\":750,\"height\":711},{\"@type\":\"BreadcrumbList\",\"@id\":\"https:\/\/beautyinstitute.ee\/toode\/dihyal-eye-correction-serum\/#breadcrumb\",\"itemListElement\":[{\"@type\":\"ListItem\",\"position\":1,\"name\":\"Home\",\"item\":\"https:\/\/beautyinstitute.ee\/ru\/\"},{\"@type\":\"ListItem\",\"position\":2,\"name\":\"E-pood\",\"item\":\"https:\/\/beautyinstitute.ee\/e-pood\/\"},{\"@type\":\"ListItem\",\"position\":3,\"name\":\"Dihyal Eye Correction Serum\"}]},{\"@type\":\"WebSite\",\"@id\":\"https:\/\/beautyinstitute.ee\/#website\",\"url\":\"https:\/\/beautyinstitute.ee\/\",\"name\":\"Beauty Institute\",\"description\":\"CNC Cosmetic ametlik maaletooja ja edasim\u00fc\u00fcja Eestis, Soomes, L\u00e4tis. Aparaadikosmeetika, koolitused, kosmeetikatooted.\",\"potentialAction\":[{\"@type\":\"SearchAction\",\"target\":{\"@type\":\"EntryPoint\",\"urlTemplate\":\"https:\/\/beautyinstitute.ee\/?s={search_term_string}\"},\"query-input\":{\"@type\":\"PropertyValueSpecification\",\"valueRequired\":true,\"valueName\":\"search_term_string\"}}],\"inLanguage\":\"ru-RU\"}]}<\/script>\n<!-- \/ Yoast SEO plugin. -->","yoast_head_json":{"title":"Dihyal Eye Correction Serum - Beauty Institute","robots":{"index":"index","follow":"follow","max-snippet":"max-snippet:-1","max-image-preview":"max-image-preview:large","max-video-preview":"max-video-preview:-1"},"canonical":"https:\/\/beautyinstitute.ee\/toode\/dihyal-eye-correction-serum\/","og_locale":"ru_RU","og_type":"article","og_title":"Dihyal Eye Correction Serum - Beauty Institute","og_description":"Efektiivne kofeiiniga silmahoolduse seerum. Silmakreem aitab eemaldada akumuleerunud koevedeliku ning parandab vere- ning l\u00fcmfiringet. V\u00e4hendab koheselt silmaaluseid turseid, muudab naha nooruslikuks ja s\u00e4ravaks, siledaks. DiHyal kompleks pehmendab kortse silmapiirkonnas ja parandab naha h\u00fcdratsiooni taset. Vetika ekstrakt pinguldab silmapiirkonna nahka ja annab meeldiva, v\u00e4rske tunde. Sobilik 25 eluaastast alates. Tasandab turses silmaaluseid, silub kortse ning kaotab [&hellip;]","og_url":"https:\/\/beautyinstitute.ee\/toode\/dihyal-eye-correction-serum\/","og_site_name":"Beauty Institute","article_modified_time":"2026-04-26T07:33:01+00:00","og_image":[{"width":750,"height":711,"url":"https:\/\/beautyinstitute.ee\/wp-content\/uploads\/2019\/01\/dihyal-eye-correc.jpg","type":"image\/jpeg"}],"twitter_card":"summary_large_image","twitter_site":"@Beauty_Eesti","schema":{"@context":"https:\/\/schema.org","@graph":[{"@type":"WebPage","@id":"https:\/\/beautyinstitute.ee\/toode\/dihyal-eye-correction-serum\/","url":"https:\/\/beautyinstitute.ee\/toode\/dihyal-eye-correction-serum\/","name":"Dihyal Eye Correction Serum - Beauty Institute","isPartOf":{"@id":"https:\/\/beautyinstitute.ee\/#website"},"primaryImageOfPage":{"@id":"https:\/\/beautyinstitute.ee\/toode\/dihyal-eye-correction-serum\/#primaryimage"},"image":{"@id":"https:\/\/beautyinstitute.ee\/toode\/dihyal-eye-correction-serum\/#primaryimage"},"thumbnailUrl":"https:\/\/beautyinstitute.ee\/wp-content\/uploads\/2019\/01\/dihyal-eye-correc.jpg","datePublished":"2019-01-21T12:28:12+00:00","dateModified":"2026-04-26T07:33:01+00:00","breadcrumb":{"@id":"https:\/\/beautyinstitute.ee\/toode\/dihyal-eye-correction-serum\/#breadcrumb"},"inLanguage":"ru-RU","potentialAction":[{"@type":"ReadAction","target":["https:\/\/beautyinstitute.ee\/toode\/dihyal-eye-correction-serum\/"]}]},{"@type":"ImageObject","inLanguage":"ru-RU","@id":"https:\/\/beautyinstitute.ee\/toode\/dihyal-eye-correction-serum\/#primaryimage","url":"https:\/\/beautyinstitute.ee\/wp-content\/uploads\/2019\/01\/dihyal-eye-correc.jpg","contentUrl":"https:\/\/beautyinstitute.ee\/wp-content\/uploads\/2019\/01\/dihyal-eye-correc.jpg","width":750,"height":711},{"@type":"BreadcrumbList","@id":"https:\/\/beautyinstitute.ee\/toode\/dihyal-eye-correction-serum\/#breadcrumb","itemListElement":[{"@type":"ListItem","position":1,"name":"Home","item":"https:\/\/beautyinstitute.ee\/ru\/"},{"@type":"ListItem","position":2,"name":"E-pood","item":"https:\/\/beautyinstitute.ee\/e-pood\/"},{"@type":"ListItem","position":3,"name":"Dihyal Eye Correction Serum"}]},{"@type":"WebSite","@id":"https:\/\/beautyinstitute.ee\/#website","url":"https:\/\/beautyinstitute.ee\/","name":"Beauty Institute","description":"CNC Cosmetic ametlik maaletooja ja edasim\u00fc\u00fcja Eestis, Soomes, L\u00e4tis. Aparaadikosmeetika, koolitused, kosmeetikatooted.","potentialAction":[{"@type":"SearchAction","target":{"@type":"EntryPoint","urlTemplate":"https:\/\/beautyinstitute.ee\/?s={search_term_string}"},"query-input":{"@type":"PropertyValueSpecification","valueRequired":true,"valueName":"search_term_string"}}],"inLanguage":"ru-RU"}]}},"_links":{"self":[{"href":"https:\/\/beautyinstitute.ee\/ru\/wp-json\/wp\/v2\/product\/2556","targetHints":{"allow":["GET"]}}],"collection":[{"href":"https:\/\/beautyinstitute.ee\/ru\/wp-json\/wp\/v2\/product"}],"about":[{"href":"https:\/\/beautyinstitute.ee\/ru\/wp-json\/wp\/v2\/types\/product"}],"wp:featuredmedia":[{"embeddable":true,"href":"https:\/\/beautyinstitute.ee\/ru\/wp-json\/wp\/v2\/media\/11755"}],"wp:attachment":[{"href":"https:\/\/beautyinstitute.ee\/ru\/wp-json\/wp\/v2\/media?parent=2556"}],"wp:term":[{"taxonomy":"product_cat","embeddable":true,"href":"https:\/\/beautyinstitute.ee\/ru\/wp-json\/wp\/v2\/product_cat?post=2556"},{"taxonomy":"product_tag","embeddable":true,"href":"https:\/\/beautyinstitute.ee\/ru\/wp-json\/wp\/v2\/product_tag?post=2556"}],"curies":[{"name":"wp","href":"https:\/\/api.w.org\/{rel}","templated":true}]}}