{"id":25569,"date":"2023-10-11T14:18:09","date_gmt":"2023-10-11T11:18:09","guid":{"rendered":"https:\/\/beautyinstitute.ee\/?post_type=product&#038;p=25569"},"modified":"2026-04-16T11:43:38","modified_gmt":"2026-04-16T08:43:38","slug":"effect-hyal8-serum-15-ml","status":"publish","type":"product","link":"https:\/\/beautyinstitute.ee\/ru\/toode\/effect-hyal8-serum-15-ml\/","title":{"rendered":"Effect Hyal8 Serum"},"content":{"rendered":"<p>Luksuslik seerum 8-molekulaarse h\u00fcaluroonhappega ja kuldsete osakestega, mis pehmendab nahka seestpoolt ja v\u00e4hendab n\u00e4htavalt kortse. Merekollageen tugevdab naha struktuuri ja muudab naha elastsemaks. Nahk muutub sildekas ning saavutab v\u00e4rske noorusliku jume.<\/p>\n<p><strong>Efekt Hyal8 vegan\/dermatseutiline<\/strong><\/p>\n<p><strong>Luksuslik multimolekulaarne kulla pulbriga h\u00fcaluroonseerum<\/strong><br \/>\n<strong>Kirjeldus:<\/strong><br \/>\nLuksuslik multimolekulaarne kulla pulbriga h\u00fcaluroonseerum pinguldab nahka sisepinnalt v\u00e4ljapoole<br \/>\nja v\u00e4hendab silmn\u00e4htavalt kortse. Rohevetikatest Ulva Lactuca kollageeniv\u00f5imendi tugevdab naha<br \/>\nstruktuuri, suurendab elastsust ja tihedust. Nahk n\u00e4eb v\u00e4lja siledam ja nooruslikum.<br \/>\n<strong>Kasutamine:<\/strong><br \/>\nP\u00e4rast naha t\u00e4ielikku puhastamist kandke seerum n\u00e4ole, kaelale ja dekolteepiirkonnale ning vajutage<br \/>\n\u00f5rnalt nahka, kuni see on t\u00e4ielikult imendunud. Teises etapis v\u00f5ib v\u00e4ikese koguse seerumit uuesti \u00f5rnalt<br \/>\npatsutada s\u00fcgavamatesse kortsudesse. Seej\u00e4rel kasutage tavalist hoolduskreemi.<br \/>\n<strong>Peamised toimeained:<\/strong><br \/>\nKlassikaline k\u00f5rge, keskmise ja madala molekulmassiga h\u00fcaluroonhape, atset\u00fc\u00fclitud h\u00fcaluroonhape,<br \/>\nliposomaaldelt kapseldatud h\u00fcaluroonhape, oligomeerne h\u00fcaluroonhape, ristseotud h\u00fcaluroonhape,<br \/>\natset\u00fc\u00fcl-D-gl\u00fckosamiin h\u00fcaluroonhape (elut\u00e4htis bakter), Ulva Lactuca, puhas kuld<\/p>\n<p><strong>Suuremolekulaarne h\u00fcaluroonhape<\/strong> 1200-1899 kDa, toimib naha pindnnal, andes sileduse ja niisutuse<br \/>\n<strong>Keskmolekulaarne h\u00fcaluroonhape<\/strong> 200- 400 kDa, tugevdab naha kaitsebarj\u00e4\u00e4ri andes nahale elastust<br \/>\n<strong>Madalmolekulaarne h\u00fcaluroonhape<\/strong> 10-50 kD- nahka imenduv HH, niiskusdepoo, n\u00e4htav kortsude t\u00f5smine<br \/>\n<strong>Ristseotud h\u00fcaluroonhape<\/strong>&#8211; toimib nagu k\u00e4sn, imedes endasse niiskust. Tugev niisutaja, kortsude t\u00e4itja. Suurendab<br \/>\nnaha niiskust 68% juba 30 miniti jooksul.<br \/>\n<strong>Liposomaalselt kapsuleeritud h\u00fcaluroonhape<\/strong>&#8211; erakordne niiskuse p\u00fc\u00fcdja pikema aja jooksul. Tugevdab<br \/>\nkaitsebarj\u00e4\u00e4ri, suurendab elastsust, s\u00e4ilitab niiskust.<br \/>\n<strong>Oligomeeriline h\u00fcaluroonhape<\/strong>&#8211; sisaldab lisaks h\u00fcaluroonhappele ka ens\u00fc\u00fcme. Toetab ens\u00fc\u00fcmide t\u00f6\u00f6d, samas katkestades kahjulike ens\u00fc\u00fcmide m\u00f5ju. Aitab kaasa toimeainete imendumisele.<br \/>\n<strong>Atset\u00fclaat h\u00fcaluroonhape<\/strong>&#8211; uuema generatsiooni h\u00fcaluroonhape, mis on \u00fclimalt aktiivne- tagab naha pikaajalise niisutuse, taandab kortse ja joonekesi.<br \/>\n<strong>Acetyl D<\/strong>&#8211; glycosamin h\u00fcaluroonhape- aitab kaasa naha loomuomase h\u00fcaluroonhape tootmisele.<br \/>\n<strong>Botaaniline h\u00fcaluroonhape (elus seen)<\/strong>&#8211; taimne bakteriaalne h\u00fcaluroonhape on saadud seenest fungus Tramella Fuciformis-p\u00e4rsib vabade radikaalide kahjustusi. S\u00fcnergiline h\u00fcaluroonhape vorm koos teiste h\u00fcaluroonhappe vormidega. \u00dclimalt tugev antioks\u00fcdant.<\/p>\n<p>&nbsp;<\/p>\n","protected":false},"excerpt":{"rendered":"<p>Luksuslik seerum 8-molekulaarse h\u00fcaluroonhappega ja kuldsete osakestega, mis pehmendab nahka seestpoolt ja v\u00e4hendab n\u00e4htavalt kortse. Merekollageen tugevdab naha struktuuri ja muudab naha elastsemaks. Nahk muutub sildekas ning saavutab v\u00e4rske noorusliku jume. Efekt Hyal8 vegan\/dermatseutiline Luksuslik multimolekulaarne kulla pulbriga h\u00fcaluroonseerum Kirjeldus: Luksuslik multimolekulaarne kulla pulbriga h\u00fcaluroonseerum pinguldab nahka sisepinnalt v\u00e4ljapoole ja v\u00e4hendab silmn\u00e4htavalt kortse. Rohevetikatest Ulva [&hellip;]<\/p>\n","protected":false},"featured_media":25700,"template":"","meta":{"_acf_changed":false},"product_cat":[249,118],"product_tag":[],"class_list":["post-25569","product","type-product","status-publish","has-post-thumbnail","hentry","product_cat-seerumid-2","product_cat-aesthetic-world"],"acf":[],"yoast_head":"<!-- This site is optimized with the Yoast SEO plugin v25.4 - https:\/\/yoast.com\/wordpress\/plugins\/seo\/ -->\n<title>Effect Hyal8 Serum - Beauty Institute<\/title>\n<meta name=\"robots\" content=\"index, follow, max-snippet:-1, max-image-preview:large, max-video-preview:-1\" \/>\n<link rel=\"canonical\" href=\"https:\/\/beautyinstitute.ee\/toode\/effect-hyal8-serum-15-ml\/\" \/>\n<meta property=\"og:locale\" content=\"ru_RU\" \/>\n<meta property=\"og:type\" content=\"article\" \/>\n<meta property=\"og:title\" content=\"Effect Hyal8 Serum - Beauty Institute\" \/>\n<meta property=\"og:description\" content=\"Luksuslik seerum 8-molekulaarse h\u00fcaluroonhappega ja kuldsete osakestega, mis pehmendab nahka seestpoolt ja v\u00e4hendab n\u00e4htavalt kortse. Merekollageen tugevdab naha struktuuri ja muudab naha elastsemaks. Nahk muutub sildekas ning saavutab v\u00e4rske noorusliku jume. Efekt Hyal8 vegan\/dermatseutiline Luksuslik multimolekulaarne kulla pulbriga h\u00fcaluroonseerum Kirjeldus: Luksuslik multimolekulaarne kulla pulbriga h\u00fcaluroonseerum pinguldab nahka sisepinnalt v\u00e4ljapoole ja v\u00e4hendab silmn\u00e4htavalt kortse. Rohevetikatest Ulva [&hellip;]\" \/>\n<meta property=\"og:url\" content=\"https:\/\/beautyinstitute.ee\/toode\/effect-hyal8-serum-15-ml\/\" \/>\n<meta property=\"og:site_name\" content=\"Beauty Institute\" \/>\n<meta property=\"article:modified_time\" content=\"2026-04-16T08:43:38+00:00\" \/>\n<meta property=\"og:image\" content=\"https:\/\/beautyinstitute.ee\/wp-content\/uploads\/2023\/10\/101499_aesthw_Effekt-Hyal8Serum-Ebene.jpg\" \/>\n\t<meta property=\"og:image:width\" content=\"2000\" \/>\n\t<meta property=\"og:image:height\" content=\"2000\" \/>\n\t<meta property=\"og:image:type\" content=\"image\/jpeg\" \/>\n<meta name=\"twitter:card\" content=\"summary_large_image\" \/>\n<meta name=\"twitter:site\" content=\"@Beauty_Eesti\" \/>\n<meta name=\"twitter:label1\" content=\"\u041f\u0440\u0438\u043c\u0435\u0440\u043d\u043e\u0435 \u0432\u0440\u0435\u043c\u044f \u0434\u043b\u044f \u0447\u0442\u0435\u043d\u0438\u044f\" \/>\n\t<meta name=\"twitter:data1\" content=\"2 \u043c\u0438\u043d\u0443\u0442\u044b\" \/>\n<script type=\"application\/ld+json\" class=\"yoast-schema-graph\">{\"@context\":\"https:\/\/schema.org\",\"@graph\":[{\"@type\":\"WebPage\",\"@id\":\"https:\/\/beautyinstitute.ee\/toode\/effect-hyal8-serum-15-ml\/\",\"url\":\"https:\/\/beautyinstitute.ee\/toode\/effect-hyal8-serum-15-ml\/\",\"name\":\"Effect Hyal8 Serum - Beauty Institute\",\"isPartOf\":{\"@id\":\"https:\/\/beautyinstitute.ee\/#website\"},\"primaryImageOfPage\":{\"@id\":\"https:\/\/beautyinstitute.ee\/toode\/effect-hyal8-serum-15-ml\/#primaryimage\"},\"image\":{\"@id\":\"https:\/\/beautyinstitute.ee\/toode\/effect-hyal8-serum-15-ml\/#primaryimage\"},\"thumbnailUrl\":\"https:\/\/beautyinstitute.ee\/wp-content\/uploads\/2023\/10\/101499_aesthw_Effekt-Hyal8Serum-Ebene.jpg\",\"datePublished\":\"2023-10-11T11:18:09+00:00\",\"dateModified\":\"2026-04-16T08:43:38+00:00\",\"breadcrumb\":{\"@id\":\"https:\/\/beautyinstitute.ee\/toode\/effect-hyal8-serum-15-ml\/#breadcrumb\"},\"inLanguage\":\"ru-RU\",\"potentialAction\":[{\"@type\":\"ReadAction\",\"target\":[\"https:\/\/beautyinstitute.ee\/toode\/effect-hyal8-serum-15-ml\/\"]}]},{\"@type\":\"ImageObject\",\"inLanguage\":\"ru-RU\",\"@id\":\"https:\/\/beautyinstitute.ee\/toode\/effect-hyal8-serum-15-ml\/#primaryimage\",\"url\":\"https:\/\/beautyinstitute.ee\/wp-content\/uploads\/2023\/10\/101499_aesthw_Effekt-Hyal8Serum-Ebene.jpg\",\"contentUrl\":\"https:\/\/beautyinstitute.ee\/wp-content\/uploads\/2023\/10\/101499_aesthw_Effekt-Hyal8Serum-Ebene.jpg\",\"width\":2000,\"height\":2000},{\"@type\":\"BreadcrumbList\",\"@id\":\"https:\/\/beautyinstitute.ee\/toode\/effect-hyal8-serum-15-ml\/#breadcrumb\",\"itemListElement\":[{\"@type\":\"ListItem\",\"position\":1,\"name\":\"Home\",\"item\":\"https:\/\/beautyinstitute.ee\/ru\/\"},{\"@type\":\"ListItem\",\"position\":2,\"name\":\"E-pood\",\"item\":\"https:\/\/beautyinstitute.ee\/e-pood\/\"},{\"@type\":\"ListItem\",\"position\":3,\"name\":\"Effect Hyal8 Serum\"}]},{\"@type\":\"WebSite\",\"@id\":\"https:\/\/beautyinstitute.ee\/#website\",\"url\":\"https:\/\/beautyinstitute.ee\/\",\"name\":\"Beauty Institute\",\"description\":\"CNC Cosmetic ametlik maaletooja ja edasim\u00fc\u00fcja Eestis, Soomes, L\u00e4tis. Aparaadikosmeetika, koolitused, kosmeetikatooted.\",\"potentialAction\":[{\"@type\":\"SearchAction\",\"target\":{\"@type\":\"EntryPoint\",\"urlTemplate\":\"https:\/\/beautyinstitute.ee\/?s={search_term_string}\"},\"query-input\":{\"@type\":\"PropertyValueSpecification\",\"valueRequired\":true,\"valueName\":\"search_term_string\"}}],\"inLanguage\":\"ru-RU\"}]}<\/script>\n<!-- \/ Yoast SEO plugin. -->","yoast_head_json":{"title":"Effect Hyal8 Serum - Beauty Institute","robots":{"index":"index","follow":"follow","max-snippet":"max-snippet:-1","max-image-preview":"max-image-preview:large","max-video-preview":"max-video-preview:-1"},"canonical":"https:\/\/beautyinstitute.ee\/toode\/effect-hyal8-serum-15-ml\/","og_locale":"ru_RU","og_type":"article","og_title":"Effect Hyal8 Serum - Beauty Institute","og_description":"Luksuslik seerum 8-molekulaarse h\u00fcaluroonhappega ja kuldsete osakestega, mis pehmendab nahka seestpoolt ja v\u00e4hendab n\u00e4htavalt kortse. Merekollageen tugevdab naha struktuuri ja muudab naha elastsemaks. Nahk muutub sildekas ning saavutab v\u00e4rske noorusliku jume. Efekt Hyal8 vegan\/dermatseutiline Luksuslik multimolekulaarne kulla pulbriga h\u00fcaluroonseerum Kirjeldus: Luksuslik multimolekulaarne kulla pulbriga h\u00fcaluroonseerum pinguldab nahka sisepinnalt v\u00e4ljapoole ja v\u00e4hendab silmn\u00e4htavalt kortse. Rohevetikatest Ulva [&hellip;]","og_url":"https:\/\/beautyinstitute.ee\/toode\/effect-hyal8-serum-15-ml\/","og_site_name":"Beauty Institute","article_modified_time":"2026-04-16T08:43:38+00:00","og_image":[{"width":2000,"height":2000,"url":"https:\/\/beautyinstitute.ee\/wp-content\/uploads\/2023\/10\/101499_aesthw_Effekt-Hyal8Serum-Ebene.jpg","type":"image\/jpeg"}],"twitter_card":"summary_large_image","twitter_site":"@Beauty_Eesti","twitter_misc":{"\u041f\u0440\u0438\u043c\u0435\u0440\u043d\u043e\u0435 \u0432\u0440\u0435\u043c\u044f \u0434\u043b\u044f \u0447\u0442\u0435\u043d\u0438\u044f":"2 \u043c\u0438\u043d\u0443\u0442\u044b"},"schema":{"@context":"https:\/\/schema.org","@graph":[{"@type":"WebPage","@id":"https:\/\/beautyinstitute.ee\/toode\/effect-hyal8-serum-15-ml\/","url":"https:\/\/beautyinstitute.ee\/toode\/effect-hyal8-serum-15-ml\/","name":"Effect Hyal8 Serum - Beauty Institute","isPartOf":{"@id":"https:\/\/beautyinstitute.ee\/#website"},"primaryImageOfPage":{"@id":"https:\/\/beautyinstitute.ee\/toode\/effect-hyal8-serum-15-ml\/#primaryimage"},"image":{"@id":"https:\/\/beautyinstitute.ee\/toode\/effect-hyal8-serum-15-ml\/#primaryimage"},"thumbnailUrl":"https:\/\/beautyinstitute.ee\/wp-content\/uploads\/2023\/10\/101499_aesthw_Effekt-Hyal8Serum-Ebene.jpg","datePublished":"2023-10-11T11:18:09+00:00","dateModified":"2026-04-16T08:43:38+00:00","breadcrumb":{"@id":"https:\/\/beautyinstitute.ee\/toode\/effect-hyal8-serum-15-ml\/#breadcrumb"},"inLanguage":"ru-RU","potentialAction":[{"@type":"ReadAction","target":["https:\/\/beautyinstitute.ee\/toode\/effect-hyal8-serum-15-ml\/"]}]},{"@type":"ImageObject","inLanguage":"ru-RU","@id":"https:\/\/beautyinstitute.ee\/toode\/effect-hyal8-serum-15-ml\/#primaryimage","url":"https:\/\/beautyinstitute.ee\/wp-content\/uploads\/2023\/10\/101499_aesthw_Effekt-Hyal8Serum-Ebene.jpg","contentUrl":"https:\/\/beautyinstitute.ee\/wp-content\/uploads\/2023\/10\/101499_aesthw_Effekt-Hyal8Serum-Ebene.jpg","width":2000,"height":2000},{"@type":"BreadcrumbList","@id":"https:\/\/beautyinstitute.ee\/toode\/effect-hyal8-serum-15-ml\/#breadcrumb","itemListElement":[{"@type":"ListItem","position":1,"name":"Home","item":"https:\/\/beautyinstitute.ee\/ru\/"},{"@type":"ListItem","position":2,"name":"E-pood","item":"https:\/\/beautyinstitute.ee\/e-pood\/"},{"@type":"ListItem","position":3,"name":"Effect Hyal8 Serum"}]},{"@type":"WebSite","@id":"https:\/\/beautyinstitute.ee\/#website","url":"https:\/\/beautyinstitute.ee\/","name":"Beauty Institute","description":"CNC Cosmetic ametlik maaletooja ja edasim\u00fc\u00fcja Eestis, Soomes, L\u00e4tis. Aparaadikosmeetika, koolitused, kosmeetikatooted.","potentialAction":[{"@type":"SearchAction","target":{"@type":"EntryPoint","urlTemplate":"https:\/\/beautyinstitute.ee\/?s={search_term_string}"},"query-input":{"@type":"PropertyValueSpecification","valueRequired":true,"valueName":"search_term_string"}}],"inLanguage":"ru-RU"}]}},"_links":{"self":[{"href":"https:\/\/beautyinstitute.ee\/ru\/wp-json\/wp\/v2\/product\/25569","targetHints":{"allow":["GET"]}}],"collection":[{"href":"https:\/\/beautyinstitute.ee\/ru\/wp-json\/wp\/v2\/product"}],"about":[{"href":"https:\/\/beautyinstitute.ee\/ru\/wp-json\/wp\/v2\/types\/product"}],"wp:featuredmedia":[{"embeddable":true,"href":"https:\/\/beautyinstitute.ee\/ru\/wp-json\/wp\/v2\/media\/25700"}],"wp:attachment":[{"href":"https:\/\/beautyinstitute.ee\/ru\/wp-json\/wp\/v2\/media?parent=25569"}],"wp:term":[{"taxonomy":"product_cat","embeddable":true,"href":"https:\/\/beautyinstitute.ee\/ru\/wp-json\/wp\/v2\/product_cat?post=25569"},{"taxonomy":"product_tag","embeddable":true,"href":"https:\/\/beautyinstitute.ee\/ru\/wp-json\/wp\/v2\/product_tag?post=25569"}],"curies":[{"name":"wp","href":"https:\/\/api.w.org\/{rel}","templated":true}]}}