{"id":25732,"date":"2023-10-17T10:41:57","date_gmt":"2023-10-17T07:41:57","guid":{"rendered":"https:\/\/beautyinstitute.ee\/?post_type=product&#038;p=25732"},"modified":"2026-04-16T10:54:49","modified_gmt":"2026-04-16T07:54:49","slug":"silendav-apelsini-fliismask-kakao-ja-apelsiniekstraktiga-ning-hualuroonhappega","status":"publish","type":"product","link":"https:\/\/beautyinstitute.ee\/ru\/toode\/silendav-apelsini-fliismask-kakao-ja-apelsiniekstraktiga-ning-hualuroonhappega\/","title":{"rendered":"Silendav Apelsini Fliismask Kakao- Ja Apelsiniekstraktiga Ning H\u00fcaluroonhappega"},"content":{"rendered":"<p><span data-sheets-value=\"{&quot;1&quot;:2,&quot;2&quot;:&quot;Fliismask apelsini ja h\u00fcaluroonhappega pakub intensiivset niisutavat hooldust. Naha siledust taastav fliismask, koosnedes apelsiniekstraktist, kakaost ning h\u00fcaluroonhappest kingib kasutajale lisaks v\u00e4rskendavale niiskusele ka meeldiva aroomi. T\u00e4nu selle t\u00e4pselt sobivale kujule katab mask n\u00e4o ideaalselt ja tagab koheselt n\u00e4o k\u00f5ikides piirkondades m\u00f5nusalt l\u00f5\u00f5gastava hoolduse. N\u00e4onahk tundub v\u00e4rske ja muljetavaldavalt sile. \\r\\nKasutamine: Puhasta ja kuivata n\u00e4onahk nagu tavaliselt. Seej\u00e4rel aseta fliismask peale ja silu see sirgeks. P\u00e4rast 10-minutilist kokkupuudet eemalda mask ja masseeri j\u00e4\u00e4gid nahka. Kui teed ravikuuri, kanna maski iga p\u00e4ev 5 p\u00e4eva jooksul, et tagada optimaalsed hooldustulemused.&quot;}\" data-sheets-userformat=\"{&quot;2&quot;:13057,&quot;3&quot;:{&quot;1&quot;:0},&quot;11&quot;:4,&quot;12&quot;:0,&quot;15&quot;:&quot;Arial&quot;,&quot;16&quot;:10}\">Fliismask apelsini ja h\u00fcaluroonhappega pakub intensiivset niisutavat hooldust. Naha siledust taastav fliismask, koosnedes apelsiniekstraktist, kakaost ning h\u00fcaluroonhappest kingib kasutajale lisaks v\u00e4rskendavale niiskusele ka meeldiva aroomi. T\u00e4nu selle t\u00e4pselt sobivale kujule katab mask n\u00e4o ideaalselt ja tagab koheselt n\u00e4o k\u00f5ikides piirkondades m\u00f5nusalt l\u00f5\u00f5gastava hoolduse. N\u00e4onahk tundub v\u00e4rske ja muljetavaldavalt sile.<br \/>\nKasutamine: Puhasta ja kuivata n\u00e4onahk nagu tavaliselt. Seej\u00e4rel aseta fliismask peale ja silu see sirgeks. P\u00e4rast 10-minutilist kokkupuudet eemalda mask ja masseeri j\u00e4\u00e4gid nahka. Kui teed ravikuuri, kanna maski iga p\u00e4ev 5 p\u00e4eva jooksul, et tagada optimaalsed hooldustulemused.<\/span><\/p>\n<p>&nbsp;<\/p>\n<p>&nbsp;<\/p>\n","protected":false},"excerpt":{"rendered":"<p>Fliismask apelsini ja h\u00fcaluroonhappega pakub intensiivset niisutavat hooldust. Naha siledust taastav fliismask, koosnedes apelsiniekstraktist, kakaost ning h\u00fcaluroonhappest kingib kasutajale lisaks v\u00e4rskendavale niiskusele ka meeldiva aroomi. T\u00e4nu selle t\u00e4pselt sobivale kujule katab mask n\u00e4o ideaalselt ja tagab koheselt n\u00e4o k\u00f5ikides piirkondades m\u00f5nusalt l\u00f5\u00f5gastava hoolduse. N\u00e4onahk tundub v\u00e4rske ja muljetavaldavalt sile. Kasutamine: Puhasta ja kuivata n\u00e4onahk nagu [&hellip;]<\/p>\n","protected":false},"featured_media":25733,"template":"","meta":{"_acf_changed":false},"product_cat":[291,284],"product_tag":[],"class_list":["post-25732","product","type-product","status-publish","has-post-thumbnail","hentry","product_cat-baehr-cosmetic","product_cat-lehtmaskid"],"acf":[],"yoast_head":"<!-- This site is optimized with the Yoast SEO plugin v25.4 - https:\/\/yoast.com\/wordpress\/plugins\/seo\/ -->\n<title>Silendav Apelsini Fliismask Kakao- Ja Apelsiniekstraktiga Ning H\u00fcaluroonhappega - Beauty Institute<\/title>\n<meta name=\"robots\" content=\"index, follow, max-snippet:-1, max-image-preview:large, max-video-preview:-1\" \/>\n<link rel=\"canonical\" href=\"https:\/\/beautyinstitute.ee\/toode\/silendav-apelsini-fliismask-kakao-ja-apelsiniekstraktiga-ning-hualuroonhappega\/\" \/>\n<meta property=\"og:locale\" content=\"ru_RU\" \/>\n<meta property=\"og:type\" content=\"article\" \/>\n<meta property=\"og:title\" content=\"Silendav Apelsini Fliismask Kakao- Ja Apelsiniekstraktiga Ning H\u00fcaluroonhappega - Beauty Institute\" \/>\n<meta property=\"og:description\" content=\"Fliismask apelsini ja h\u00fcaluroonhappega pakub intensiivset niisutavat hooldust. Naha siledust taastav fliismask, koosnedes apelsiniekstraktist, kakaost ning h\u00fcaluroonhappest kingib kasutajale lisaks v\u00e4rskendavale niiskusele ka meeldiva aroomi. T\u00e4nu selle t\u00e4pselt sobivale kujule katab mask n\u00e4o ideaalselt ja tagab koheselt n\u00e4o k\u00f5ikides piirkondades m\u00f5nusalt l\u00f5\u00f5gastava hoolduse. N\u00e4onahk tundub v\u00e4rske ja muljetavaldavalt sile. Kasutamine: Puhasta ja kuivata n\u00e4onahk nagu [&hellip;]\" \/>\n<meta property=\"og:url\" content=\"https:\/\/beautyinstitute.ee\/toode\/silendav-apelsini-fliismask-kakao-ja-apelsiniekstraktiga-ning-hualuroonhappega\/\" \/>\n<meta property=\"og:site_name\" content=\"Beauty Institute\" \/>\n<meta property=\"article:modified_time\" content=\"2026-04-16T07:54:49+00:00\" \/>\n<meta property=\"og:image\" content=\"https:\/\/beautyinstitute.ee\/wp-content\/uploads\/2023\/10\/vliesmaske-orange_25248_1280x1280.png\" \/>\n\t<meta property=\"og:image:width\" content=\"1280\" \/>\n\t<meta property=\"og:image:height\" content=\"1280\" \/>\n\t<meta property=\"og:image:type\" content=\"image\/png\" \/>\n<meta name=\"twitter:card\" content=\"summary_large_image\" \/>\n<meta name=\"twitter:site\" content=\"@Beauty_Eesti\" \/>\n<meta name=\"twitter:label1\" content=\"\u041f\u0440\u0438\u043c\u0435\u0440\u043d\u043e\u0435 \u0432\u0440\u0435\u043c\u044f \u0434\u043b\u044f \u0447\u0442\u0435\u043d\u0438\u044f\" \/>\n\t<meta name=\"twitter:data1\" content=\"1 \u043c\u0438\u043d\u0443\u0442\u0430\" \/>\n<script type=\"application\/ld+json\" class=\"yoast-schema-graph\">{\"@context\":\"https:\/\/schema.org\",\"@graph\":[{\"@type\":\"WebPage\",\"@id\":\"https:\/\/beautyinstitute.ee\/toode\/silendav-apelsini-fliismask-kakao-ja-apelsiniekstraktiga-ning-hualuroonhappega\/\",\"url\":\"https:\/\/beautyinstitute.ee\/toode\/silendav-apelsini-fliismask-kakao-ja-apelsiniekstraktiga-ning-hualuroonhappega\/\",\"name\":\"Silendav Apelsini Fliismask Kakao- Ja Apelsiniekstraktiga Ning H\u00fcaluroonhappega - Beauty Institute\",\"isPartOf\":{\"@id\":\"https:\/\/beautyinstitute.ee\/#website\"},\"primaryImageOfPage\":{\"@id\":\"https:\/\/beautyinstitute.ee\/toode\/silendav-apelsini-fliismask-kakao-ja-apelsiniekstraktiga-ning-hualuroonhappega\/#primaryimage\"},\"image\":{\"@id\":\"https:\/\/beautyinstitute.ee\/toode\/silendav-apelsini-fliismask-kakao-ja-apelsiniekstraktiga-ning-hualuroonhappega\/#primaryimage\"},\"thumbnailUrl\":\"https:\/\/beautyinstitute.ee\/wp-content\/uploads\/2023\/10\/vliesmaske-orange_25248_1280x1280.png\",\"datePublished\":\"2023-10-17T07:41:57+00:00\",\"dateModified\":\"2026-04-16T07:54:49+00:00\",\"breadcrumb\":{\"@id\":\"https:\/\/beautyinstitute.ee\/toode\/silendav-apelsini-fliismask-kakao-ja-apelsiniekstraktiga-ning-hualuroonhappega\/#breadcrumb\"},\"inLanguage\":\"ru-RU\",\"potentialAction\":[{\"@type\":\"ReadAction\",\"target\":[\"https:\/\/beautyinstitute.ee\/toode\/silendav-apelsini-fliismask-kakao-ja-apelsiniekstraktiga-ning-hualuroonhappega\/\"]}]},{\"@type\":\"ImageObject\",\"inLanguage\":\"ru-RU\",\"@id\":\"https:\/\/beautyinstitute.ee\/toode\/silendav-apelsini-fliismask-kakao-ja-apelsiniekstraktiga-ning-hualuroonhappega\/#primaryimage\",\"url\":\"https:\/\/beautyinstitute.ee\/wp-content\/uploads\/2023\/10\/vliesmaske-orange_25248_1280x1280.png\",\"contentUrl\":\"https:\/\/beautyinstitute.ee\/wp-content\/uploads\/2023\/10\/vliesmaske-orange_25248_1280x1280.png\",\"width\":1280,\"height\":1280},{\"@type\":\"BreadcrumbList\",\"@id\":\"https:\/\/beautyinstitute.ee\/toode\/silendav-apelsini-fliismask-kakao-ja-apelsiniekstraktiga-ning-hualuroonhappega\/#breadcrumb\",\"itemListElement\":[{\"@type\":\"ListItem\",\"position\":1,\"name\":\"Home\",\"item\":\"https:\/\/beautyinstitute.ee\/ru\/\"},{\"@type\":\"ListItem\",\"position\":2,\"name\":\"E-pood\",\"item\":\"https:\/\/beautyinstitute.ee\/e-pood\/\"},{\"@type\":\"ListItem\",\"position\":3,\"name\":\"Silendav Apelsini Fliismask Kakao- Ja Apelsiniekstraktiga Ning H\u00fcaluroonhappega\"}]},{\"@type\":\"WebSite\",\"@id\":\"https:\/\/beautyinstitute.ee\/#website\",\"url\":\"https:\/\/beautyinstitute.ee\/\",\"name\":\"Beauty Institute\",\"description\":\"CNC Cosmetic ametlik maaletooja ja edasim\u00fc\u00fcja Eestis, Soomes, L\u00e4tis. Aparaadikosmeetika, koolitused, kosmeetikatooted.\",\"potentialAction\":[{\"@type\":\"SearchAction\",\"target\":{\"@type\":\"EntryPoint\",\"urlTemplate\":\"https:\/\/beautyinstitute.ee\/?s={search_term_string}\"},\"query-input\":{\"@type\":\"PropertyValueSpecification\",\"valueRequired\":true,\"valueName\":\"search_term_string\"}}],\"inLanguage\":\"ru-RU\"}]}<\/script>\n<!-- \/ Yoast SEO plugin. -->","yoast_head_json":{"title":"Silendav Apelsini Fliismask Kakao- Ja Apelsiniekstraktiga Ning H\u00fcaluroonhappega - Beauty Institute","robots":{"index":"index","follow":"follow","max-snippet":"max-snippet:-1","max-image-preview":"max-image-preview:large","max-video-preview":"max-video-preview:-1"},"canonical":"https:\/\/beautyinstitute.ee\/toode\/silendav-apelsini-fliismask-kakao-ja-apelsiniekstraktiga-ning-hualuroonhappega\/","og_locale":"ru_RU","og_type":"article","og_title":"Silendav Apelsini Fliismask Kakao- Ja Apelsiniekstraktiga Ning H\u00fcaluroonhappega - Beauty Institute","og_description":"Fliismask apelsini ja h\u00fcaluroonhappega pakub intensiivset niisutavat hooldust. Naha siledust taastav fliismask, koosnedes apelsiniekstraktist, kakaost ning h\u00fcaluroonhappest kingib kasutajale lisaks v\u00e4rskendavale niiskusele ka meeldiva aroomi. T\u00e4nu selle t\u00e4pselt sobivale kujule katab mask n\u00e4o ideaalselt ja tagab koheselt n\u00e4o k\u00f5ikides piirkondades m\u00f5nusalt l\u00f5\u00f5gastava hoolduse. N\u00e4onahk tundub v\u00e4rske ja muljetavaldavalt sile. Kasutamine: Puhasta ja kuivata n\u00e4onahk nagu [&hellip;]","og_url":"https:\/\/beautyinstitute.ee\/toode\/silendav-apelsini-fliismask-kakao-ja-apelsiniekstraktiga-ning-hualuroonhappega\/","og_site_name":"Beauty Institute","article_modified_time":"2026-04-16T07:54:49+00:00","og_image":[{"width":1280,"height":1280,"url":"https:\/\/beautyinstitute.ee\/wp-content\/uploads\/2023\/10\/vliesmaske-orange_25248_1280x1280.png","type":"image\/png"}],"twitter_card":"summary_large_image","twitter_site":"@Beauty_Eesti","twitter_misc":{"\u041f\u0440\u0438\u043c\u0435\u0440\u043d\u043e\u0435 \u0432\u0440\u0435\u043c\u044f \u0434\u043b\u044f \u0447\u0442\u0435\u043d\u0438\u044f":"1 \u043c\u0438\u043d\u0443\u0442\u0430"},"schema":{"@context":"https:\/\/schema.org","@graph":[{"@type":"WebPage","@id":"https:\/\/beautyinstitute.ee\/toode\/silendav-apelsini-fliismask-kakao-ja-apelsiniekstraktiga-ning-hualuroonhappega\/","url":"https:\/\/beautyinstitute.ee\/toode\/silendav-apelsini-fliismask-kakao-ja-apelsiniekstraktiga-ning-hualuroonhappega\/","name":"Silendav Apelsini Fliismask Kakao- Ja Apelsiniekstraktiga Ning H\u00fcaluroonhappega - Beauty Institute","isPartOf":{"@id":"https:\/\/beautyinstitute.ee\/#website"},"primaryImageOfPage":{"@id":"https:\/\/beautyinstitute.ee\/toode\/silendav-apelsini-fliismask-kakao-ja-apelsiniekstraktiga-ning-hualuroonhappega\/#primaryimage"},"image":{"@id":"https:\/\/beautyinstitute.ee\/toode\/silendav-apelsini-fliismask-kakao-ja-apelsiniekstraktiga-ning-hualuroonhappega\/#primaryimage"},"thumbnailUrl":"https:\/\/beautyinstitute.ee\/wp-content\/uploads\/2023\/10\/vliesmaske-orange_25248_1280x1280.png","datePublished":"2023-10-17T07:41:57+00:00","dateModified":"2026-04-16T07:54:49+00:00","breadcrumb":{"@id":"https:\/\/beautyinstitute.ee\/toode\/silendav-apelsini-fliismask-kakao-ja-apelsiniekstraktiga-ning-hualuroonhappega\/#breadcrumb"},"inLanguage":"ru-RU","potentialAction":[{"@type":"ReadAction","target":["https:\/\/beautyinstitute.ee\/toode\/silendav-apelsini-fliismask-kakao-ja-apelsiniekstraktiga-ning-hualuroonhappega\/"]}]},{"@type":"ImageObject","inLanguage":"ru-RU","@id":"https:\/\/beautyinstitute.ee\/toode\/silendav-apelsini-fliismask-kakao-ja-apelsiniekstraktiga-ning-hualuroonhappega\/#primaryimage","url":"https:\/\/beautyinstitute.ee\/wp-content\/uploads\/2023\/10\/vliesmaske-orange_25248_1280x1280.png","contentUrl":"https:\/\/beautyinstitute.ee\/wp-content\/uploads\/2023\/10\/vliesmaske-orange_25248_1280x1280.png","width":1280,"height":1280},{"@type":"BreadcrumbList","@id":"https:\/\/beautyinstitute.ee\/toode\/silendav-apelsini-fliismask-kakao-ja-apelsiniekstraktiga-ning-hualuroonhappega\/#breadcrumb","itemListElement":[{"@type":"ListItem","position":1,"name":"Home","item":"https:\/\/beautyinstitute.ee\/ru\/"},{"@type":"ListItem","position":2,"name":"E-pood","item":"https:\/\/beautyinstitute.ee\/e-pood\/"},{"@type":"ListItem","position":3,"name":"Silendav Apelsini Fliismask Kakao- Ja Apelsiniekstraktiga Ning H\u00fcaluroonhappega"}]},{"@type":"WebSite","@id":"https:\/\/beautyinstitute.ee\/#website","url":"https:\/\/beautyinstitute.ee\/","name":"Beauty Institute","description":"CNC Cosmetic ametlik maaletooja ja edasim\u00fc\u00fcja Eestis, Soomes, L\u00e4tis. Aparaadikosmeetika, koolitused, kosmeetikatooted.","potentialAction":[{"@type":"SearchAction","target":{"@type":"EntryPoint","urlTemplate":"https:\/\/beautyinstitute.ee\/?s={search_term_string}"},"query-input":{"@type":"PropertyValueSpecification","valueRequired":true,"valueName":"search_term_string"}}],"inLanguage":"ru-RU"}]}},"_links":{"self":[{"href":"https:\/\/beautyinstitute.ee\/ru\/wp-json\/wp\/v2\/product\/25732","targetHints":{"allow":["GET"]}}],"collection":[{"href":"https:\/\/beautyinstitute.ee\/ru\/wp-json\/wp\/v2\/product"}],"about":[{"href":"https:\/\/beautyinstitute.ee\/ru\/wp-json\/wp\/v2\/types\/product"}],"wp:featuredmedia":[{"embeddable":true,"href":"https:\/\/beautyinstitute.ee\/ru\/wp-json\/wp\/v2\/media\/25733"}],"wp:attachment":[{"href":"https:\/\/beautyinstitute.ee\/ru\/wp-json\/wp\/v2\/media?parent=25732"}],"wp:term":[{"taxonomy":"product_cat","embeddable":true,"href":"https:\/\/beautyinstitute.ee\/ru\/wp-json\/wp\/v2\/product_cat?post=25732"},{"taxonomy":"product_tag","embeddable":true,"href":"https:\/\/beautyinstitute.ee\/ru\/wp-json\/wp\/v2\/product_tag?post=25732"}],"curies":[{"name":"wp","href":"https:\/\/api.w.org\/{rel}","templated":true}]}}