{"id":2610,"date":"2019-01-22T14:26:16","date_gmt":"2019-01-22T12:26:16","guid":{"rendered":"https:\/\/beautyinstitute.ee\/?post_type=product&#038;p=2610"},"modified":"2026-04-21T18:44:10","modified_gmt":"2026-04-21T15:44:10","slug":"aha-naokreem","status":"publish","type":"product","link":"https:\/\/beautyinstitute.ee\/ru\/toode\/aha-naokreem\/","title":{"rendered":"Aha Face Creme 50Ml"},"content":{"rendered":"<p><strong>Multiaktiivne puuviljahapetega n\u00e4okreem.<\/strong><\/p>\n<p>Tagab sileda ja pinguldatud n\u00e4onaha, ahendab poore ja naha jume muutub klaariks. Uurea niisutab nahka s\u00fcgavuti. Sobib k\u00f5ikidele nahat\u00fc\u00fcpidele va. tundlik ja kuperoosne nahk.\u00a0 Kuuri ajal kasutada p\u00e4ikesekaitset.<\/p>\n<p><strong>Eelised:<\/strong><\/p>\n<ul>\n<li>tagab intensiivse niiskuse<\/li>\n<li>viib naha kaitsebarj\u00e4\u00e4ri uuesti tasakaalu<\/li>\n<\/ul>\n<p><strong>Sobilik:<\/strong> k\u00f5ikidele nahat\u00fc\u00fcpidele, va. tundlikule nahale.<\/p>\n<p><strong>Toimeained:<\/strong> gl\u00fckoolhape, uurea, E-vitamiin.<\/p>\n","protected":false},"excerpt":{"rendered":"<p>Multiaktiivne puuviljahapetega n\u00e4okreem. Tagab sileda ja pinguldatud n\u00e4onaha, ahendab poore ja naha jume muutub klaariks. Uurea niisutab nahka s\u00fcgavuti. Sobib k\u00f5ikidele nahat\u00fc\u00fcpidele va. tundlik ja kuperoosne nahk.\u00a0 Kuuri ajal kasutada p\u00e4ikesekaitset. Eelised: tagab intensiivse niiskuse viib naha kaitsebarj\u00e4\u00e4ri uuesti tasakaalu Sobilik: k\u00f5ikidele nahat\u00fc\u00fcpidele, va. tundlikule nahale. Toimeained: gl\u00fckoolhape, uurea, E-vitamiin.<\/p>\n","protected":false},"featured_media":2611,"template":"","meta":{"_acf_changed":false},"product_cat":[250,114,124],"product_tag":[],"class_list":["post-2610","product","type-product","status-publish","has-post-thumbnail","hentry","product_cat-naokreemid","product_cat-tootesarjad","product_cat-puuviljahapped-tooted-puuviljahapetega"],"acf":[],"yoast_head":"<!-- This site is optimized with the Yoast SEO plugin v25.4 - https:\/\/yoast.com\/wordpress\/plugins\/seo\/ -->\n<title>Aha Face Creme 50Ml - Beauty Institute<\/title>\n<meta name=\"robots\" content=\"index, follow, max-snippet:-1, max-image-preview:large, max-video-preview:-1\" \/>\n<link rel=\"canonical\" href=\"https:\/\/beautyinstitute.ee\/toode\/aha-naokreem\/\" \/>\n<meta property=\"og:locale\" content=\"ru_RU\" \/>\n<meta property=\"og:type\" content=\"article\" \/>\n<meta property=\"og:title\" content=\"Aha Face Creme 50Ml - Beauty Institute\" \/>\n<meta property=\"og:description\" content=\"Multiaktiivne puuviljahapetega n\u00e4okreem. Tagab sileda ja pinguldatud n\u00e4onaha, ahendab poore ja naha jume muutub klaariks. Uurea niisutab nahka s\u00fcgavuti. Sobib k\u00f5ikidele nahat\u00fc\u00fcpidele va. tundlik ja kuperoosne nahk.\u00a0 Kuuri ajal kasutada p\u00e4ikesekaitset. Eelised: tagab intensiivse niiskuse viib naha kaitsebarj\u00e4\u00e4ri uuesti tasakaalu Sobilik: k\u00f5ikidele nahat\u00fc\u00fcpidele, va. tundlikule nahale. Toimeained: gl\u00fckoolhape, uurea, E-vitamiin.\" \/>\n<meta property=\"og:url\" content=\"https:\/\/beautyinstitute.ee\/toode\/aha-naokreem\/\" \/>\n<meta property=\"og:site_name\" content=\"Beauty Institute\" \/>\n<meta property=\"article:modified_time\" content=\"2026-04-21T15:44:10+00:00\" \/>\n<meta property=\"og:image\" content=\"https:\/\/beautyinstitute.ee\/wp-content\/uploads\/2019\/01\/aha-n\u00e4gu.jpg\" \/>\n\t<meta property=\"og:image:width\" content=\"1000\" \/>\n\t<meta property=\"og:image:height\" content=\"948\" \/>\n\t<meta property=\"og:image:type\" content=\"image\/jpeg\" \/>\n<meta name=\"twitter:card\" content=\"summary_large_image\" \/>\n<meta name=\"twitter:site\" content=\"@Beauty_Eesti\" \/>\n<script type=\"application\/ld+json\" class=\"yoast-schema-graph\">{\"@context\":\"https:\/\/schema.org\",\"@graph\":[{\"@type\":\"WebPage\",\"@id\":\"https:\/\/beautyinstitute.ee\/toode\/aha-naokreem\/\",\"url\":\"https:\/\/beautyinstitute.ee\/toode\/aha-naokreem\/\",\"name\":\"Aha Face Creme 50Ml - Beauty Institute\",\"isPartOf\":{\"@id\":\"https:\/\/beautyinstitute.ee\/#website\"},\"primaryImageOfPage\":{\"@id\":\"https:\/\/beautyinstitute.ee\/toode\/aha-naokreem\/#primaryimage\"},\"image\":{\"@id\":\"https:\/\/beautyinstitute.ee\/toode\/aha-naokreem\/#primaryimage\"},\"thumbnailUrl\":\"https:\/\/beautyinstitute.ee\/wp-content\/uploads\/2019\/01\/aha-n\u00e4gu.jpg\",\"datePublished\":\"2019-01-22T12:26:16+00:00\",\"dateModified\":\"2026-04-21T15:44:10+00:00\",\"breadcrumb\":{\"@id\":\"https:\/\/beautyinstitute.ee\/toode\/aha-naokreem\/#breadcrumb\"},\"inLanguage\":\"ru-RU\",\"potentialAction\":[{\"@type\":\"ReadAction\",\"target\":[\"https:\/\/beautyinstitute.ee\/toode\/aha-naokreem\/\"]}]},{\"@type\":\"ImageObject\",\"inLanguage\":\"ru-RU\",\"@id\":\"https:\/\/beautyinstitute.ee\/toode\/aha-naokreem\/#primaryimage\",\"url\":\"https:\/\/beautyinstitute.ee\/wp-content\/uploads\/2019\/01\/aha-n\u00e4gu.jpg\",\"contentUrl\":\"https:\/\/beautyinstitute.ee\/wp-content\/uploads\/2019\/01\/aha-n\u00e4gu.jpg\",\"width\":1000,\"height\":948},{\"@type\":\"BreadcrumbList\",\"@id\":\"https:\/\/beautyinstitute.ee\/toode\/aha-naokreem\/#breadcrumb\",\"itemListElement\":[{\"@type\":\"ListItem\",\"position\":1,\"name\":\"Home\",\"item\":\"https:\/\/beautyinstitute.ee\/ru\/\"},{\"@type\":\"ListItem\",\"position\":2,\"name\":\"E-pood\",\"item\":\"https:\/\/beautyinstitute.ee\/e-pood\/\"},{\"@type\":\"ListItem\",\"position\":3,\"name\":\"Aha Face Creme 50Ml\"}]},{\"@type\":\"WebSite\",\"@id\":\"https:\/\/beautyinstitute.ee\/#website\",\"url\":\"https:\/\/beautyinstitute.ee\/\",\"name\":\"Beauty Institute\",\"description\":\"CNC Cosmetic ametlik maaletooja ja edasim\u00fc\u00fcja Eestis, Soomes, L\u00e4tis. Aparaadikosmeetika, koolitused, kosmeetikatooted.\",\"potentialAction\":[{\"@type\":\"SearchAction\",\"target\":{\"@type\":\"EntryPoint\",\"urlTemplate\":\"https:\/\/beautyinstitute.ee\/?s={search_term_string}\"},\"query-input\":{\"@type\":\"PropertyValueSpecification\",\"valueRequired\":true,\"valueName\":\"search_term_string\"}}],\"inLanguage\":\"ru-RU\"}]}<\/script>\n<!-- \/ Yoast SEO plugin. -->","yoast_head_json":{"title":"Aha Face Creme 50Ml - Beauty Institute","robots":{"index":"index","follow":"follow","max-snippet":"max-snippet:-1","max-image-preview":"max-image-preview:large","max-video-preview":"max-video-preview:-1"},"canonical":"https:\/\/beautyinstitute.ee\/toode\/aha-naokreem\/","og_locale":"ru_RU","og_type":"article","og_title":"Aha Face Creme 50Ml - Beauty Institute","og_description":"Multiaktiivne puuviljahapetega n\u00e4okreem. Tagab sileda ja pinguldatud n\u00e4onaha, ahendab poore ja naha jume muutub klaariks. Uurea niisutab nahka s\u00fcgavuti. Sobib k\u00f5ikidele nahat\u00fc\u00fcpidele va. tundlik ja kuperoosne nahk.\u00a0 Kuuri ajal kasutada p\u00e4ikesekaitset. Eelised: tagab intensiivse niiskuse viib naha kaitsebarj\u00e4\u00e4ri uuesti tasakaalu Sobilik: k\u00f5ikidele nahat\u00fc\u00fcpidele, va. tundlikule nahale. Toimeained: gl\u00fckoolhape, uurea, E-vitamiin.","og_url":"https:\/\/beautyinstitute.ee\/toode\/aha-naokreem\/","og_site_name":"Beauty Institute","article_modified_time":"2026-04-21T15:44:10+00:00","og_image":[{"width":1000,"height":948,"url":"https:\/\/beautyinstitute.ee\/wp-content\/uploads\/2019\/01\/aha-n\u00e4gu.jpg","type":"image\/jpeg"}],"twitter_card":"summary_large_image","twitter_site":"@Beauty_Eesti","schema":{"@context":"https:\/\/schema.org","@graph":[{"@type":"WebPage","@id":"https:\/\/beautyinstitute.ee\/toode\/aha-naokreem\/","url":"https:\/\/beautyinstitute.ee\/toode\/aha-naokreem\/","name":"Aha Face Creme 50Ml - Beauty Institute","isPartOf":{"@id":"https:\/\/beautyinstitute.ee\/#website"},"primaryImageOfPage":{"@id":"https:\/\/beautyinstitute.ee\/toode\/aha-naokreem\/#primaryimage"},"image":{"@id":"https:\/\/beautyinstitute.ee\/toode\/aha-naokreem\/#primaryimage"},"thumbnailUrl":"https:\/\/beautyinstitute.ee\/wp-content\/uploads\/2019\/01\/aha-n\u00e4gu.jpg","datePublished":"2019-01-22T12:26:16+00:00","dateModified":"2026-04-21T15:44:10+00:00","breadcrumb":{"@id":"https:\/\/beautyinstitute.ee\/toode\/aha-naokreem\/#breadcrumb"},"inLanguage":"ru-RU","potentialAction":[{"@type":"ReadAction","target":["https:\/\/beautyinstitute.ee\/toode\/aha-naokreem\/"]}]},{"@type":"ImageObject","inLanguage":"ru-RU","@id":"https:\/\/beautyinstitute.ee\/toode\/aha-naokreem\/#primaryimage","url":"https:\/\/beautyinstitute.ee\/wp-content\/uploads\/2019\/01\/aha-n\u00e4gu.jpg","contentUrl":"https:\/\/beautyinstitute.ee\/wp-content\/uploads\/2019\/01\/aha-n\u00e4gu.jpg","width":1000,"height":948},{"@type":"BreadcrumbList","@id":"https:\/\/beautyinstitute.ee\/toode\/aha-naokreem\/#breadcrumb","itemListElement":[{"@type":"ListItem","position":1,"name":"Home","item":"https:\/\/beautyinstitute.ee\/ru\/"},{"@type":"ListItem","position":2,"name":"E-pood","item":"https:\/\/beautyinstitute.ee\/e-pood\/"},{"@type":"ListItem","position":3,"name":"Aha Face Creme 50Ml"}]},{"@type":"WebSite","@id":"https:\/\/beautyinstitute.ee\/#website","url":"https:\/\/beautyinstitute.ee\/","name":"Beauty Institute","description":"CNC Cosmetic ametlik maaletooja ja edasim\u00fc\u00fcja Eestis, Soomes, L\u00e4tis. Aparaadikosmeetika, koolitused, kosmeetikatooted.","potentialAction":[{"@type":"SearchAction","target":{"@type":"EntryPoint","urlTemplate":"https:\/\/beautyinstitute.ee\/?s={search_term_string}"},"query-input":{"@type":"PropertyValueSpecification","valueRequired":true,"valueName":"search_term_string"}}],"inLanguage":"ru-RU"}]}},"_links":{"self":[{"href":"https:\/\/beautyinstitute.ee\/ru\/wp-json\/wp\/v2\/product\/2610","targetHints":{"allow":["GET"]}}],"collection":[{"href":"https:\/\/beautyinstitute.ee\/ru\/wp-json\/wp\/v2\/product"}],"about":[{"href":"https:\/\/beautyinstitute.ee\/ru\/wp-json\/wp\/v2\/types\/product"}],"wp:featuredmedia":[{"embeddable":true,"href":"https:\/\/beautyinstitute.ee\/ru\/wp-json\/wp\/v2\/media\/2611"}],"wp:attachment":[{"href":"https:\/\/beautyinstitute.ee\/ru\/wp-json\/wp\/v2\/media?parent=2610"}],"wp:term":[{"taxonomy":"product_cat","embeddable":true,"href":"https:\/\/beautyinstitute.ee\/ru\/wp-json\/wp\/v2\/product_cat?post=2610"},{"taxonomy":"product_tag","embeddable":true,"href":"https:\/\/beautyinstitute.ee\/ru\/wp-json\/wp\/v2\/product_tag?post=2610"}],"curies":[{"name":"wp","href":"https:\/\/api.w.org\/{rel}","templated":true}]}}