{"id":2613,"date":"2019-01-22T12:38:53","date_gmt":"2019-01-22T12:38:53","guid":{"rendered":"https:\/\/beautyinstitute.ee\/?post_type=product&#038;p=2613"},"modified":"2026-04-19T21:54:30","modified_gmt":"2026-04-19T18:54:30","slug":"aha-gel-200ml","status":"publish","type":"product","link":"https:\/\/beautyinstitute.ee\/ru\/toode\/aha-gel-200ml\/","title":{"rendered":"Aha Neutraliseerija 200Ml"},"content":{"rendered":"<p><strong>AHA hapete neutraliseerimis geel.<\/strong><\/p>\n<p>Suurep\u00e4rane professionaalne t\u00f6\u00f6vahend hapetega t\u00f6\u00f6tamisel. Transparentne geel pol\u00fcsahhariididega neutraliseerib \u00f5rnalt ja t\u00f5husalt nahale kantud happe kihi.\u00a0 Kasutada ainult p\u00e4rast gl\u00fckoderm hooldust (Glycoderm N ja Glycoderm G). Taastab naha pH \u00f5rnalt ja t\u00f5husalt.<\/p>\n<p><strong>Eelised:<\/strong><\/p>\n<ul>\n<li>pH v\u00e4\u00e4rtus 8.0<\/li>\n<li>ei sisalda \u00fchtegi keelatud ainet<\/li>\n<\/ul>\n<p><strong>Toimeained:<\/strong> naatriumvesinikkarbonaat (4%), panthenool, allantoniin, pufferained.<\/p>\n","protected":false},"excerpt":{"rendered":"<p>AHA hapete neutraliseerimis geel. Suurep\u00e4rane professionaalne t\u00f6\u00f6vahend hapetega t\u00f6\u00f6tamisel. Transparentne geel pol\u00fcsahhariididega neutraliseerib \u00f5rnalt ja t\u00f5husalt nahale kantud happe kihi.\u00a0 Kasutada ainult p\u00e4rast gl\u00fckoderm hooldust (Glycoderm N ja Glycoderm G). Taastab naha pH \u00f5rnalt ja t\u00f5husalt. Eelised: pH v\u00e4\u00e4rtus 8.0 ei sisalda \u00fchtegi keelatud ainet Toimeained: naatriumvesinikkarbonaat (4%), panthenool, allantoniin, pufferained.<\/p>\n","protected":false},"featured_media":2618,"template":"","meta":{"_acf_changed":false},"product_cat":[114,124],"product_tag":[],"class_list":["post-2613","product","type-product","status-publish","has-post-thumbnail","hentry","product_cat-tootesarjad","product_cat-puuviljahapped-tooted-puuviljahapetega"],"acf":[],"yoast_head":"<!-- This site is optimized with the Yoast SEO plugin v25.4 - https:\/\/yoast.com\/wordpress\/plugins\/seo\/ -->\n<title>Aha Neutraliseerija 200Ml - Beauty Institute<\/title>\n<meta name=\"robots\" content=\"index, follow, max-snippet:-1, max-image-preview:large, max-video-preview:-1\" \/>\n<link rel=\"canonical\" href=\"https:\/\/beautyinstitute.ee\/toode\/aha-gel-200ml\/\" \/>\n<meta property=\"og:locale\" content=\"ru_RU\" \/>\n<meta property=\"og:type\" content=\"article\" \/>\n<meta property=\"og:title\" content=\"Aha Neutraliseerija 200Ml - Beauty Institute\" \/>\n<meta property=\"og:description\" content=\"AHA hapete neutraliseerimis geel. Suurep\u00e4rane professionaalne t\u00f6\u00f6vahend hapetega t\u00f6\u00f6tamisel. Transparentne geel pol\u00fcsahhariididega neutraliseerib \u00f5rnalt ja t\u00f5husalt nahale kantud happe kihi.\u00a0 Kasutada ainult p\u00e4rast gl\u00fckoderm hooldust (Glycoderm N ja Glycoderm G). Taastab naha pH \u00f5rnalt ja t\u00f5husalt. Eelised: pH v\u00e4\u00e4rtus 8.0 ei sisalda \u00fchtegi keelatud ainet Toimeained: naatriumvesinikkarbonaat (4%), panthenool, allantoniin, pufferained.\" \/>\n<meta property=\"og:url\" content=\"https:\/\/beautyinstitute.ee\/toode\/aha-gel-200ml\/\" \/>\n<meta property=\"og:site_name\" content=\"Beauty Institute\" \/>\n<meta property=\"article:modified_time\" content=\"2026-04-19T18:54:30+00:00\" \/>\n<meta property=\"og:image\" content=\"https:\/\/beautyinstitute.ee\/wp-content\/uploads\/2019\/01\/neu-2.jpg\" \/>\n\t<meta property=\"og:image:width\" content=\"750\" \/>\n\t<meta property=\"og:image:height\" content=\"711\" \/>\n\t<meta property=\"og:image:type\" content=\"image\/jpeg\" \/>\n<meta name=\"twitter:card\" content=\"summary_large_image\" \/>\n<meta name=\"twitter:site\" content=\"@Beauty_Eesti\" \/>\n<script type=\"application\/ld+json\" class=\"yoast-schema-graph\">{\"@context\":\"https:\/\/schema.org\",\"@graph\":[{\"@type\":\"WebPage\",\"@id\":\"https:\/\/beautyinstitute.ee\/toode\/aha-gel-200ml\/\",\"url\":\"https:\/\/beautyinstitute.ee\/toode\/aha-gel-200ml\/\",\"name\":\"Aha Neutraliseerija 200Ml - Beauty Institute\",\"isPartOf\":{\"@id\":\"https:\/\/beautyinstitute.ee\/#website\"},\"primaryImageOfPage\":{\"@id\":\"https:\/\/beautyinstitute.ee\/toode\/aha-gel-200ml\/#primaryimage\"},\"image\":{\"@id\":\"https:\/\/beautyinstitute.ee\/toode\/aha-gel-200ml\/#primaryimage\"},\"thumbnailUrl\":\"https:\/\/beautyinstitute.ee\/wp-content\/uploads\/2019\/01\/neu-2.jpg\",\"datePublished\":\"2019-01-22T12:38:53+00:00\",\"dateModified\":\"2026-04-19T18:54:30+00:00\",\"breadcrumb\":{\"@id\":\"https:\/\/beautyinstitute.ee\/toode\/aha-gel-200ml\/#breadcrumb\"},\"inLanguage\":\"ru-RU\",\"potentialAction\":[{\"@type\":\"ReadAction\",\"target\":[\"https:\/\/beautyinstitute.ee\/toode\/aha-gel-200ml\/\"]}]},{\"@type\":\"ImageObject\",\"inLanguage\":\"ru-RU\",\"@id\":\"https:\/\/beautyinstitute.ee\/toode\/aha-gel-200ml\/#primaryimage\",\"url\":\"https:\/\/beautyinstitute.ee\/wp-content\/uploads\/2019\/01\/neu-2.jpg\",\"contentUrl\":\"https:\/\/beautyinstitute.ee\/wp-content\/uploads\/2019\/01\/neu-2.jpg\",\"width\":750,\"height\":711},{\"@type\":\"BreadcrumbList\",\"@id\":\"https:\/\/beautyinstitute.ee\/toode\/aha-gel-200ml\/#breadcrumb\",\"itemListElement\":[{\"@type\":\"ListItem\",\"position\":1,\"name\":\"Home\",\"item\":\"https:\/\/beautyinstitute.ee\/ru\/\"},{\"@type\":\"ListItem\",\"position\":2,\"name\":\"E-pood\",\"item\":\"https:\/\/beautyinstitute.ee\/e-pood\/\"},{\"@type\":\"ListItem\",\"position\":3,\"name\":\"Aha Neutraliseerija 200Ml\"}]},{\"@type\":\"WebSite\",\"@id\":\"https:\/\/beautyinstitute.ee\/#website\",\"url\":\"https:\/\/beautyinstitute.ee\/\",\"name\":\"Beauty Institute\",\"description\":\"CNC Cosmetic ametlik maaletooja ja edasim\u00fc\u00fcja Eestis, Soomes, L\u00e4tis. Aparaadikosmeetika, koolitused, kosmeetikatooted.\",\"potentialAction\":[{\"@type\":\"SearchAction\",\"target\":{\"@type\":\"EntryPoint\",\"urlTemplate\":\"https:\/\/beautyinstitute.ee\/?s={search_term_string}\"},\"query-input\":{\"@type\":\"PropertyValueSpecification\",\"valueRequired\":true,\"valueName\":\"search_term_string\"}}],\"inLanguage\":\"ru-RU\"}]}<\/script>\n<!-- \/ Yoast SEO plugin. -->","yoast_head_json":{"title":"Aha Neutraliseerija 200Ml - Beauty Institute","robots":{"index":"index","follow":"follow","max-snippet":"max-snippet:-1","max-image-preview":"max-image-preview:large","max-video-preview":"max-video-preview:-1"},"canonical":"https:\/\/beautyinstitute.ee\/toode\/aha-gel-200ml\/","og_locale":"ru_RU","og_type":"article","og_title":"Aha Neutraliseerija 200Ml - Beauty Institute","og_description":"AHA hapete neutraliseerimis geel. Suurep\u00e4rane professionaalne t\u00f6\u00f6vahend hapetega t\u00f6\u00f6tamisel. Transparentne geel pol\u00fcsahhariididega neutraliseerib \u00f5rnalt ja t\u00f5husalt nahale kantud happe kihi.\u00a0 Kasutada ainult p\u00e4rast gl\u00fckoderm hooldust (Glycoderm N ja Glycoderm G). Taastab naha pH \u00f5rnalt ja t\u00f5husalt. Eelised: pH v\u00e4\u00e4rtus 8.0 ei sisalda \u00fchtegi keelatud ainet Toimeained: naatriumvesinikkarbonaat (4%), panthenool, allantoniin, pufferained.","og_url":"https:\/\/beautyinstitute.ee\/toode\/aha-gel-200ml\/","og_site_name":"Beauty Institute","article_modified_time":"2026-04-19T18:54:30+00:00","og_image":[{"width":750,"height":711,"url":"https:\/\/beautyinstitute.ee\/wp-content\/uploads\/2019\/01\/neu-2.jpg","type":"image\/jpeg"}],"twitter_card":"summary_large_image","twitter_site":"@Beauty_Eesti","schema":{"@context":"https:\/\/schema.org","@graph":[{"@type":"WebPage","@id":"https:\/\/beautyinstitute.ee\/toode\/aha-gel-200ml\/","url":"https:\/\/beautyinstitute.ee\/toode\/aha-gel-200ml\/","name":"Aha Neutraliseerija 200Ml - Beauty Institute","isPartOf":{"@id":"https:\/\/beautyinstitute.ee\/#website"},"primaryImageOfPage":{"@id":"https:\/\/beautyinstitute.ee\/toode\/aha-gel-200ml\/#primaryimage"},"image":{"@id":"https:\/\/beautyinstitute.ee\/toode\/aha-gel-200ml\/#primaryimage"},"thumbnailUrl":"https:\/\/beautyinstitute.ee\/wp-content\/uploads\/2019\/01\/neu-2.jpg","datePublished":"2019-01-22T12:38:53+00:00","dateModified":"2026-04-19T18:54:30+00:00","breadcrumb":{"@id":"https:\/\/beautyinstitute.ee\/toode\/aha-gel-200ml\/#breadcrumb"},"inLanguage":"ru-RU","potentialAction":[{"@type":"ReadAction","target":["https:\/\/beautyinstitute.ee\/toode\/aha-gel-200ml\/"]}]},{"@type":"ImageObject","inLanguage":"ru-RU","@id":"https:\/\/beautyinstitute.ee\/toode\/aha-gel-200ml\/#primaryimage","url":"https:\/\/beautyinstitute.ee\/wp-content\/uploads\/2019\/01\/neu-2.jpg","contentUrl":"https:\/\/beautyinstitute.ee\/wp-content\/uploads\/2019\/01\/neu-2.jpg","width":750,"height":711},{"@type":"BreadcrumbList","@id":"https:\/\/beautyinstitute.ee\/toode\/aha-gel-200ml\/#breadcrumb","itemListElement":[{"@type":"ListItem","position":1,"name":"Home","item":"https:\/\/beautyinstitute.ee\/ru\/"},{"@type":"ListItem","position":2,"name":"E-pood","item":"https:\/\/beautyinstitute.ee\/e-pood\/"},{"@type":"ListItem","position":3,"name":"Aha Neutraliseerija 200Ml"}]},{"@type":"WebSite","@id":"https:\/\/beautyinstitute.ee\/#website","url":"https:\/\/beautyinstitute.ee\/","name":"Beauty Institute","description":"CNC Cosmetic ametlik maaletooja ja edasim\u00fc\u00fcja Eestis, Soomes, L\u00e4tis. Aparaadikosmeetika, koolitused, kosmeetikatooted.","potentialAction":[{"@type":"SearchAction","target":{"@type":"EntryPoint","urlTemplate":"https:\/\/beautyinstitute.ee\/?s={search_term_string}"},"query-input":{"@type":"PropertyValueSpecification","valueRequired":true,"valueName":"search_term_string"}}],"inLanguage":"ru-RU"}]}},"_links":{"self":[{"href":"https:\/\/beautyinstitute.ee\/ru\/wp-json\/wp\/v2\/product\/2613","targetHints":{"allow":["GET"]}}],"collection":[{"href":"https:\/\/beautyinstitute.ee\/ru\/wp-json\/wp\/v2\/product"}],"about":[{"href":"https:\/\/beautyinstitute.ee\/ru\/wp-json\/wp\/v2\/types\/product"}],"wp:featuredmedia":[{"embeddable":true,"href":"https:\/\/beautyinstitute.ee\/ru\/wp-json\/wp\/v2\/media\/2618"}],"wp:attachment":[{"href":"https:\/\/beautyinstitute.ee\/ru\/wp-json\/wp\/v2\/media?parent=2613"}],"wp:term":[{"taxonomy":"product_cat","embeddable":true,"href":"https:\/\/beautyinstitute.ee\/ru\/wp-json\/wp\/v2\/product_cat?post=2613"},{"taxonomy":"product_tag","embeddable":true,"href":"https:\/\/beautyinstitute.ee\/ru\/wp-json\/wp\/v2\/product_tag?post=2613"}],"curies":[{"name":"wp","href":"https:\/\/api.w.org\/{rel}","templated":true}]}}