{"id":26213,"date":"2023-11-15T13:38:44","date_gmt":"2023-11-15T11:38:44","guid":{"rendered":"https:\/\/beautyinstitute.ee\/?post_type=product&#038;p=26213"},"modified":"2026-03-24T11:01:54","modified_gmt":"2026-03-24T09:01:54","slug":"lip-booster-kiss-luksuslik-huuleseerum","status":"publish","type":"product","link":"https:\/\/beautyinstitute.ee\/ru\/toode\/lip-booster-kiss-luksuslik-huuleseerum\/","title":{"rendered":"Lip Booster Kiss Luksuslik Huuleseerum"},"content":{"rendered":"<p><strong>Veelgi t\u00e4idlasemad, lummavamad ja niisutatud huuled.<\/strong><\/p>\n<p>Lip Booster KISS &#8211; \u00f5rn huulehooldus glamuursete huulte jaoks!<br \/>\nLuksuslik BAEHR BEAUTY CONCEPT Lip Booster uuendusliku peptiidiga annab koheselt huultele t\u00e4idlasema v\u00e4limuse. Virsikup\u00e4hkli\u00f5li sulab \u00f5rnalt huultele ning pakub samal ajal kaitset ja intensiivset hooldust. Kohest efekti on tunda \u00f5rna kipitustunde kaudu, mis kaob m\u00f5ne minuti p\u00e4rast. Huuled tunduvad paremini piiritletud, tugevamad ja niisutatumad. \u00d5rn l\u00e4ige muudab need \u00fchtlaseks, t\u00e4idlaseks ja kauniks.<br \/>\nKasutamine: Kandke huultele vastavalt vajadusele.<\/p>\n<pre id=\"tw-target-text\" class=\"tw-data-text tw-text-large XcVN5d tw-ta\" data-placeholder=\"T\u00f5lge\"><\/pre>\n","protected":false},"excerpt":{"rendered":"<p>Veelgi t\u00e4idlasemad, lummavamad ja niisutatud huuled. Lip Booster KISS &#8211; \u00f5rn huulehooldus glamuursete huulte jaoks! Luksuslik BAEHR BEAUTY CONCEPT Lip Booster uuendusliku peptiidiga annab koheselt huultele t\u00e4idlasema v\u00e4limuse. Virsikup\u00e4hkli\u00f5li sulab \u00f5rnalt huultele ning pakub samal ajal kaitset ja intensiivset hooldust. Kohest efekti on tunda \u00f5rna kipitustunde kaudu, mis kaob m\u00f5ne minuti p\u00e4rast. Huuled tunduvad paremini [&hellip;]<\/p>\n","protected":false},"featured_media":26215,"template":"","meta":{"_acf_changed":false},"product_cat":[291,253,144,15],"product_tag":[],"class_list":["post-26213","product","type-product","status-publish","has-post-thumbnail","hentry","product_cat-baehr-cosmetic","product_cat-jumestustooted","product_cat-eritooted","product_cat-muud-tooted"],"acf":[],"yoast_head":"<!-- This site is optimized with the Yoast SEO plugin v25.4 - https:\/\/yoast.com\/wordpress\/plugins\/seo\/ -->\n<title>Lip Booster Kiss Luksuslik Huuleseerum - Beauty Institute<\/title>\n<meta name=\"robots\" content=\"index, follow, max-snippet:-1, max-image-preview:large, max-video-preview:-1\" \/>\n<link rel=\"canonical\" href=\"https:\/\/beautyinstitute.ee\/toode\/lip-booster-kiss-luksuslik-huuleseerum\/\" \/>\n<meta property=\"og:locale\" content=\"ru_RU\" \/>\n<meta property=\"og:type\" content=\"article\" \/>\n<meta property=\"og:title\" content=\"Lip Booster Kiss Luksuslik Huuleseerum - Beauty Institute\" \/>\n<meta property=\"og:description\" content=\"Veelgi t\u00e4idlasemad, lummavamad ja niisutatud huuled. Lip Booster KISS &#8211; \u00f5rn huulehooldus glamuursete huulte jaoks! Luksuslik BAEHR BEAUTY CONCEPT Lip Booster uuendusliku peptiidiga annab koheselt huultele t\u00e4idlasema v\u00e4limuse. Virsikup\u00e4hkli\u00f5li sulab \u00f5rnalt huultele ning pakub samal ajal kaitset ja intensiivset hooldust. Kohest efekti on tunda \u00f5rna kipitustunde kaudu, mis kaob m\u00f5ne minuti p\u00e4rast. Huuled tunduvad paremini [&hellip;]\" \/>\n<meta property=\"og:url\" content=\"https:\/\/beautyinstitute.ee\/toode\/lip-booster-kiss-luksuslik-huuleseerum\/\" \/>\n<meta property=\"og:site_name\" content=\"Beauty Institute\" \/>\n<meta property=\"article:modified_time\" content=\"2026-03-24T09:01:54+00:00\" \/>\n<meta property=\"og:image\" content=\"https:\/\/beautyinstitute.ee\/wp-content\/uploads\/2023\/11\/lip-booster-kiss_25078_3.png\" \/>\n\t<meta property=\"og:image:width\" content=\"2500\" \/>\n\t<meta property=\"og:image:height\" content=\"2500\" \/>\n\t<meta property=\"og:image:type\" content=\"image\/png\" \/>\n<meta name=\"twitter:card\" content=\"summary_large_image\" \/>\n<meta name=\"twitter:site\" content=\"@Beauty_Eesti\" \/>\n<meta name=\"twitter:label1\" content=\"\u041f\u0440\u0438\u043c\u0435\u0440\u043d\u043e\u0435 \u0432\u0440\u0435\u043c\u044f \u0434\u043b\u044f \u0447\u0442\u0435\u043d\u0438\u044f\" \/>\n\t<meta name=\"twitter:data1\" content=\"1 \u043c\u0438\u043d\u0443\u0442\u0430\" \/>\n<script type=\"application\/ld+json\" class=\"yoast-schema-graph\">{\"@context\":\"https:\/\/schema.org\",\"@graph\":[{\"@type\":\"WebPage\",\"@id\":\"https:\/\/beautyinstitute.ee\/toode\/lip-booster-kiss-luksuslik-huuleseerum\/\",\"url\":\"https:\/\/beautyinstitute.ee\/toode\/lip-booster-kiss-luksuslik-huuleseerum\/\",\"name\":\"Lip Booster Kiss Luksuslik Huuleseerum - Beauty Institute\",\"isPartOf\":{\"@id\":\"https:\/\/beautyinstitute.ee\/#website\"},\"primaryImageOfPage\":{\"@id\":\"https:\/\/beautyinstitute.ee\/toode\/lip-booster-kiss-luksuslik-huuleseerum\/#primaryimage\"},\"image\":{\"@id\":\"https:\/\/beautyinstitute.ee\/toode\/lip-booster-kiss-luksuslik-huuleseerum\/#primaryimage\"},\"thumbnailUrl\":\"https:\/\/beautyinstitute.ee\/wp-content\/uploads\/2023\/11\/lip-booster-kiss_25078_3.png\",\"datePublished\":\"2023-11-15T11:38:44+00:00\",\"dateModified\":\"2026-03-24T09:01:54+00:00\",\"breadcrumb\":{\"@id\":\"https:\/\/beautyinstitute.ee\/toode\/lip-booster-kiss-luksuslik-huuleseerum\/#breadcrumb\"},\"inLanguage\":\"ru-RU\",\"potentialAction\":[{\"@type\":\"ReadAction\",\"target\":[\"https:\/\/beautyinstitute.ee\/toode\/lip-booster-kiss-luksuslik-huuleseerum\/\"]}]},{\"@type\":\"ImageObject\",\"inLanguage\":\"ru-RU\",\"@id\":\"https:\/\/beautyinstitute.ee\/toode\/lip-booster-kiss-luksuslik-huuleseerum\/#primaryimage\",\"url\":\"https:\/\/beautyinstitute.ee\/wp-content\/uploads\/2023\/11\/lip-booster-kiss_25078_3.png\",\"contentUrl\":\"https:\/\/beautyinstitute.ee\/wp-content\/uploads\/2023\/11\/lip-booster-kiss_25078_3.png\",\"width\":2500,\"height\":2500},{\"@type\":\"BreadcrumbList\",\"@id\":\"https:\/\/beautyinstitute.ee\/toode\/lip-booster-kiss-luksuslik-huuleseerum\/#breadcrumb\",\"itemListElement\":[{\"@type\":\"ListItem\",\"position\":1,\"name\":\"Home\",\"item\":\"https:\/\/beautyinstitute.ee\/ru\/\"},{\"@type\":\"ListItem\",\"position\":2,\"name\":\"E-pood\",\"item\":\"https:\/\/beautyinstitute.ee\/e-pood\/\"},{\"@type\":\"ListItem\",\"position\":3,\"name\":\"Lip Booster Kiss Luksuslik Huuleseerum\"}]},{\"@type\":\"WebSite\",\"@id\":\"https:\/\/beautyinstitute.ee\/#website\",\"url\":\"https:\/\/beautyinstitute.ee\/\",\"name\":\"Beauty Institute\",\"description\":\"CNC Cosmetic ametlik maaletooja ja edasim\u00fc\u00fcja Eestis, Soomes, L\u00e4tis. Aparaadikosmeetika, koolitused, kosmeetikatooted.\",\"potentialAction\":[{\"@type\":\"SearchAction\",\"target\":{\"@type\":\"EntryPoint\",\"urlTemplate\":\"https:\/\/beautyinstitute.ee\/?s={search_term_string}\"},\"query-input\":{\"@type\":\"PropertyValueSpecification\",\"valueRequired\":true,\"valueName\":\"search_term_string\"}}],\"inLanguage\":\"ru-RU\"}]}<\/script>\n<!-- \/ Yoast SEO plugin. -->","yoast_head_json":{"title":"Lip Booster Kiss Luksuslik Huuleseerum - Beauty Institute","robots":{"index":"index","follow":"follow","max-snippet":"max-snippet:-1","max-image-preview":"max-image-preview:large","max-video-preview":"max-video-preview:-1"},"canonical":"https:\/\/beautyinstitute.ee\/toode\/lip-booster-kiss-luksuslik-huuleseerum\/","og_locale":"ru_RU","og_type":"article","og_title":"Lip Booster Kiss Luksuslik Huuleseerum - Beauty Institute","og_description":"Veelgi t\u00e4idlasemad, lummavamad ja niisutatud huuled. Lip Booster KISS &#8211; \u00f5rn huulehooldus glamuursete huulte jaoks! Luksuslik BAEHR BEAUTY CONCEPT Lip Booster uuendusliku peptiidiga annab koheselt huultele t\u00e4idlasema v\u00e4limuse. Virsikup\u00e4hkli\u00f5li sulab \u00f5rnalt huultele ning pakub samal ajal kaitset ja intensiivset hooldust. Kohest efekti on tunda \u00f5rna kipitustunde kaudu, mis kaob m\u00f5ne minuti p\u00e4rast. Huuled tunduvad paremini [&hellip;]","og_url":"https:\/\/beautyinstitute.ee\/toode\/lip-booster-kiss-luksuslik-huuleseerum\/","og_site_name":"Beauty Institute","article_modified_time":"2026-03-24T09:01:54+00:00","og_image":[{"width":2500,"height":2500,"url":"https:\/\/beautyinstitute.ee\/wp-content\/uploads\/2023\/11\/lip-booster-kiss_25078_3.png","type":"image\/png"}],"twitter_card":"summary_large_image","twitter_site":"@Beauty_Eesti","twitter_misc":{"\u041f\u0440\u0438\u043c\u0435\u0440\u043d\u043e\u0435 \u0432\u0440\u0435\u043c\u044f \u0434\u043b\u044f \u0447\u0442\u0435\u043d\u0438\u044f":"1 \u043c\u0438\u043d\u0443\u0442\u0430"},"schema":{"@context":"https:\/\/schema.org","@graph":[{"@type":"WebPage","@id":"https:\/\/beautyinstitute.ee\/toode\/lip-booster-kiss-luksuslik-huuleseerum\/","url":"https:\/\/beautyinstitute.ee\/toode\/lip-booster-kiss-luksuslik-huuleseerum\/","name":"Lip Booster Kiss Luksuslik Huuleseerum - Beauty Institute","isPartOf":{"@id":"https:\/\/beautyinstitute.ee\/#website"},"primaryImageOfPage":{"@id":"https:\/\/beautyinstitute.ee\/toode\/lip-booster-kiss-luksuslik-huuleseerum\/#primaryimage"},"image":{"@id":"https:\/\/beautyinstitute.ee\/toode\/lip-booster-kiss-luksuslik-huuleseerum\/#primaryimage"},"thumbnailUrl":"https:\/\/beautyinstitute.ee\/wp-content\/uploads\/2023\/11\/lip-booster-kiss_25078_3.png","datePublished":"2023-11-15T11:38:44+00:00","dateModified":"2026-03-24T09:01:54+00:00","breadcrumb":{"@id":"https:\/\/beautyinstitute.ee\/toode\/lip-booster-kiss-luksuslik-huuleseerum\/#breadcrumb"},"inLanguage":"ru-RU","potentialAction":[{"@type":"ReadAction","target":["https:\/\/beautyinstitute.ee\/toode\/lip-booster-kiss-luksuslik-huuleseerum\/"]}]},{"@type":"ImageObject","inLanguage":"ru-RU","@id":"https:\/\/beautyinstitute.ee\/toode\/lip-booster-kiss-luksuslik-huuleseerum\/#primaryimage","url":"https:\/\/beautyinstitute.ee\/wp-content\/uploads\/2023\/11\/lip-booster-kiss_25078_3.png","contentUrl":"https:\/\/beautyinstitute.ee\/wp-content\/uploads\/2023\/11\/lip-booster-kiss_25078_3.png","width":2500,"height":2500},{"@type":"BreadcrumbList","@id":"https:\/\/beautyinstitute.ee\/toode\/lip-booster-kiss-luksuslik-huuleseerum\/#breadcrumb","itemListElement":[{"@type":"ListItem","position":1,"name":"Home","item":"https:\/\/beautyinstitute.ee\/ru\/"},{"@type":"ListItem","position":2,"name":"E-pood","item":"https:\/\/beautyinstitute.ee\/e-pood\/"},{"@type":"ListItem","position":3,"name":"Lip Booster Kiss Luksuslik Huuleseerum"}]},{"@type":"WebSite","@id":"https:\/\/beautyinstitute.ee\/#website","url":"https:\/\/beautyinstitute.ee\/","name":"Beauty Institute","description":"CNC Cosmetic ametlik maaletooja ja edasim\u00fc\u00fcja Eestis, Soomes, L\u00e4tis. Aparaadikosmeetika, koolitused, kosmeetikatooted.","potentialAction":[{"@type":"SearchAction","target":{"@type":"EntryPoint","urlTemplate":"https:\/\/beautyinstitute.ee\/?s={search_term_string}"},"query-input":{"@type":"PropertyValueSpecification","valueRequired":true,"valueName":"search_term_string"}}],"inLanguage":"ru-RU"}]}},"_links":{"self":[{"href":"https:\/\/beautyinstitute.ee\/ru\/wp-json\/wp\/v2\/product\/26213","targetHints":{"allow":["GET"]}}],"collection":[{"href":"https:\/\/beautyinstitute.ee\/ru\/wp-json\/wp\/v2\/product"}],"about":[{"href":"https:\/\/beautyinstitute.ee\/ru\/wp-json\/wp\/v2\/types\/product"}],"wp:featuredmedia":[{"embeddable":true,"href":"https:\/\/beautyinstitute.ee\/ru\/wp-json\/wp\/v2\/media\/26215"}],"wp:attachment":[{"href":"https:\/\/beautyinstitute.ee\/ru\/wp-json\/wp\/v2\/media?parent=26213"}],"wp:term":[{"taxonomy":"product_cat","embeddable":true,"href":"https:\/\/beautyinstitute.ee\/ru\/wp-json\/wp\/v2\/product_cat?post=26213"},{"taxonomy":"product_tag","embeddable":true,"href":"https:\/\/beautyinstitute.ee\/ru\/wp-json\/wp\/v2\/product_tag?post=26213"}],"curies":[{"name":"wp","href":"https:\/\/api.w.org\/{rel}","templated":true}]}}