{"id":2643,"date":"2019-01-22T13:30:29","date_gmt":"2019-01-22T13:30:29","guid":{"rendered":"https:\/\/beautyinstitute.ee\/?post_type=product&#038;p=2643"},"modified":"2026-04-28T13:50:32","modified_gmt":"2026-04-28T10:50:32","slug":"face-cream-soft","status":"publish","type":"product","link":"https:\/\/beautyinstitute.ee\/ru\/toode\/face-cream-soft\/","title":{"rendered":"Ms Face Cream Soft"},"content":{"rendered":"<p>Kerge ja \u00fclit\u00f5hus hoolduskreem kombineeritud ja rasusele nahale. Avab ummistunud poorid, tasakaalustab kiiresti rasu tootmist ja hoiab \u00e4ra edasiste p\u00f5letikukollete moodustumise. Kreem aitab v\u00f5idelda naha\u00e4rrituse, punetuse ja p\u00f5letikuga. Nahk n\u00e4eb v\u00e4lja klaarim, \u00fchtlasem ja tervem.<\/p>\n<p><strong>Eelised:<\/strong><\/p>\n<ul>\n<li>tagab piisava niiskuse<\/li>\n<li>\u00fchtlustab jumet<\/li>\n<li>kaitseb vabade radikaalide eest<\/li>\n<\/ul>\n<p><strong>Sobilik:<\/strong> kombineeritud nahk, rasune v\u00f5i probleemne nahk. Sobib ka teisemelistele.<\/p>\n<p><strong>Toimeained:<\/strong> h\u00f5be, pantenool, tokoferool, tsink, oleanolic happe.<\/p>\n","protected":false},"excerpt":{"rendered":"<p>Kerge ja \u00fclit\u00f5hus hoolduskreem kombineeritud ja rasusele nahale. Avab ummistunud poorid, tasakaalustab kiiresti rasu tootmist ja hoiab \u00e4ra edasiste p\u00f5letikukollete moodustumise. Kreem aitab v\u00f5idelda naha\u00e4rrituse, punetuse ja p\u00f5letikuga. Nahk n\u00e4eb v\u00e4lja klaarim, \u00fchtlasem ja tervem. Eelised: tagab piisava niiskuse \u00fchtlustab jumet kaitseb vabade radikaalide eest Sobilik: kombineeritud nahk, rasune v\u00f5i probleemne nahk. Sobib ka teisemelistele. [&hellip;]<\/p>\n","protected":false},"featured_media":2646,"template":"","meta":{"_acf_changed":false},"product_cat":[250,114,128],"product_tag":[],"class_list":["post-2643","product","type-product","status-publish","has-post-thumbnail","hentry","product_cat-naokreemid","product_cat-tootesarjad","product_cat-microsilver"],"acf":[],"yoast_head":"<!-- This site is optimized with the Yoast SEO plugin v25.4 - https:\/\/yoast.com\/wordpress\/plugins\/seo\/ -->\n<title>Ms Face Cream Soft - Beauty Institute<\/title>\n<meta name=\"robots\" content=\"index, follow, max-snippet:-1, max-image-preview:large, max-video-preview:-1\" \/>\n<link rel=\"canonical\" href=\"https:\/\/beautyinstitute.ee\/toode\/face-cream-soft\/\" \/>\n<meta property=\"og:locale\" content=\"ru_RU\" \/>\n<meta property=\"og:type\" content=\"article\" \/>\n<meta property=\"og:title\" content=\"Ms Face Cream Soft - Beauty Institute\" \/>\n<meta property=\"og:description\" content=\"Kerge ja \u00fclit\u00f5hus hoolduskreem kombineeritud ja rasusele nahale. Avab ummistunud poorid, tasakaalustab kiiresti rasu tootmist ja hoiab \u00e4ra edasiste p\u00f5letikukollete moodustumise. Kreem aitab v\u00f5idelda naha\u00e4rrituse, punetuse ja p\u00f5letikuga. Nahk n\u00e4eb v\u00e4lja klaarim, \u00fchtlasem ja tervem. Eelised: tagab piisava niiskuse \u00fchtlustab jumet kaitseb vabade radikaalide eest Sobilik: kombineeritud nahk, rasune v\u00f5i probleemne nahk. Sobib ka teisemelistele. [&hellip;]\" \/>\n<meta property=\"og:url\" content=\"https:\/\/beautyinstitute.ee\/toode\/face-cream-soft\/\" \/>\n<meta property=\"og:site_name\" content=\"Beauty Institute\" \/>\n<meta property=\"article:modified_time\" content=\"2026-04-28T10:50:32+00:00\" \/>\n<meta property=\"og:image\" content=\"https:\/\/beautyinstitute.ee\/wp-content\/uploads\/2019\/01\/101510.jpg\" \/>\n\t<meta property=\"og:image:width\" content=\"1500\" \/>\n\t<meta property=\"og:image:height\" content=\"1422\" \/>\n\t<meta property=\"og:image:type\" content=\"image\/jpeg\" \/>\n<meta name=\"twitter:card\" content=\"summary_large_image\" \/>\n<meta name=\"twitter:site\" content=\"@Beauty_Eesti\" \/>\n<script type=\"application\/ld+json\" class=\"yoast-schema-graph\">{\"@context\":\"https:\/\/schema.org\",\"@graph\":[{\"@type\":\"WebPage\",\"@id\":\"https:\/\/beautyinstitute.ee\/toode\/face-cream-soft\/\",\"url\":\"https:\/\/beautyinstitute.ee\/toode\/face-cream-soft\/\",\"name\":\"Ms Face Cream Soft - Beauty Institute\",\"isPartOf\":{\"@id\":\"https:\/\/beautyinstitute.ee\/#website\"},\"primaryImageOfPage\":{\"@id\":\"https:\/\/beautyinstitute.ee\/toode\/face-cream-soft\/#primaryimage\"},\"image\":{\"@id\":\"https:\/\/beautyinstitute.ee\/toode\/face-cream-soft\/#primaryimage\"},\"thumbnailUrl\":\"https:\/\/beautyinstitute.ee\/wp-content\/uploads\/2019\/01\/101510.jpg\",\"datePublished\":\"2019-01-22T13:30:29+00:00\",\"dateModified\":\"2026-04-28T10:50:32+00:00\",\"breadcrumb\":{\"@id\":\"https:\/\/beautyinstitute.ee\/toode\/face-cream-soft\/#breadcrumb\"},\"inLanguage\":\"ru-RU\",\"potentialAction\":[{\"@type\":\"ReadAction\",\"target\":[\"https:\/\/beautyinstitute.ee\/toode\/face-cream-soft\/\"]}]},{\"@type\":\"ImageObject\",\"inLanguage\":\"ru-RU\",\"@id\":\"https:\/\/beautyinstitute.ee\/toode\/face-cream-soft\/#primaryimage\",\"url\":\"https:\/\/beautyinstitute.ee\/wp-content\/uploads\/2019\/01\/101510.jpg\",\"contentUrl\":\"https:\/\/beautyinstitute.ee\/wp-content\/uploads\/2019\/01\/101510.jpg\",\"width\":1500,\"height\":1422},{\"@type\":\"BreadcrumbList\",\"@id\":\"https:\/\/beautyinstitute.ee\/toode\/face-cream-soft\/#breadcrumb\",\"itemListElement\":[{\"@type\":\"ListItem\",\"position\":1,\"name\":\"Home\",\"item\":\"https:\/\/beautyinstitute.ee\/ru\/\"},{\"@type\":\"ListItem\",\"position\":2,\"name\":\"E-pood\",\"item\":\"https:\/\/beautyinstitute.ee\/e-pood\/\"},{\"@type\":\"ListItem\",\"position\":3,\"name\":\"Ms Face Cream Soft\"}]},{\"@type\":\"WebSite\",\"@id\":\"https:\/\/beautyinstitute.ee\/#website\",\"url\":\"https:\/\/beautyinstitute.ee\/\",\"name\":\"Beauty Institute\",\"description\":\"CNC Cosmetic ametlik maaletooja ja edasim\u00fc\u00fcja Eestis, Soomes, L\u00e4tis. Aparaadikosmeetika, koolitused, kosmeetikatooted.\",\"potentialAction\":[{\"@type\":\"SearchAction\",\"target\":{\"@type\":\"EntryPoint\",\"urlTemplate\":\"https:\/\/beautyinstitute.ee\/?s={search_term_string}\"},\"query-input\":{\"@type\":\"PropertyValueSpecification\",\"valueRequired\":true,\"valueName\":\"search_term_string\"}}],\"inLanguage\":\"ru-RU\"}]}<\/script>\n<!-- \/ Yoast SEO plugin. -->","yoast_head_json":{"title":"Ms Face Cream Soft - Beauty Institute","robots":{"index":"index","follow":"follow","max-snippet":"max-snippet:-1","max-image-preview":"max-image-preview:large","max-video-preview":"max-video-preview:-1"},"canonical":"https:\/\/beautyinstitute.ee\/toode\/face-cream-soft\/","og_locale":"ru_RU","og_type":"article","og_title":"Ms Face Cream Soft - Beauty Institute","og_description":"Kerge ja \u00fclit\u00f5hus hoolduskreem kombineeritud ja rasusele nahale. Avab ummistunud poorid, tasakaalustab kiiresti rasu tootmist ja hoiab \u00e4ra edasiste p\u00f5letikukollete moodustumise. Kreem aitab v\u00f5idelda naha\u00e4rrituse, punetuse ja p\u00f5letikuga. Nahk n\u00e4eb v\u00e4lja klaarim, \u00fchtlasem ja tervem. Eelised: tagab piisava niiskuse \u00fchtlustab jumet kaitseb vabade radikaalide eest Sobilik: kombineeritud nahk, rasune v\u00f5i probleemne nahk. Sobib ka teisemelistele. [&hellip;]","og_url":"https:\/\/beautyinstitute.ee\/toode\/face-cream-soft\/","og_site_name":"Beauty Institute","article_modified_time":"2026-04-28T10:50:32+00:00","og_image":[{"width":1500,"height":1422,"url":"https:\/\/beautyinstitute.ee\/wp-content\/uploads\/2019\/01\/101510.jpg","type":"image\/jpeg"}],"twitter_card":"summary_large_image","twitter_site":"@Beauty_Eesti","schema":{"@context":"https:\/\/schema.org","@graph":[{"@type":"WebPage","@id":"https:\/\/beautyinstitute.ee\/toode\/face-cream-soft\/","url":"https:\/\/beautyinstitute.ee\/toode\/face-cream-soft\/","name":"Ms Face Cream Soft - Beauty Institute","isPartOf":{"@id":"https:\/\/beautyinstitute.ee\/#website"},"primaryImageOfPage":{"@id":"https:\/\/beautyinstitute.ee\/toode\/face-cream-soft\/#primaryimage"},"image":{"@id":"https:\/\/beautyinstitute.ee\/toode\/face-cream-soft\/#primaryimage"},"thumbnailUrl":"https:\/\/beautyinstitute.ee\/wp-content\/uploads\/2019\/01\/101510.jpg","datePublished":"2019-01-22T13:30:29+00:00","dateModified":"2026-04-28T10:50:32+00:00","breadcrumb":{"@id":"https:\/\/beautyinstitute.ee\/toode\/face-cream-soft\/#breadcrumb"},"inLanguage":"ru-RU","potentialAction":[{"@type":"ReadAction","target":["https:\/\/beautyinstitute.ee\/toode\/face-cream-soft\/"]}]},{"@type":"ImageObject","inLanguage":"ru-RU","@id":"https:\/\/beautyinstitute.ee\/toode\/face-cream-soft\/#primaryimage","url":"https:\/\/beautyinstitute.ee\/wp-content\/uploads\/2019\/01\/101510.jpg","contentUrl":"https:\/\/beautyinstitute.ee\/wp-content\/uploads\/2019\/01\/101510.jpg","width":1500,"height":1422},{"@type":"BreadcrumbList","@id":"https:\/\/beautyinstitute.ee\/toode\/face-cream-soft\/#breadcrumb","itemListElement":[{"@type":"ListItem","position":1,"name":"Home","item":"https:\/\/beautyinstitute.ee\/ru\/"},{"@type":"ListItem","position":2,"name":"E-pood","item":"https:\/\/beautyinstitute.ee\/e-pood\/"},{"@type":"ListItem","position":3,"name":"Ms Face Cream Soft"}]},{"@type":"WebSite","@id":"https:\/\/beautyinstitute.ee\/#website","url":"https:\/\/beautyinstitute.ee\/","name":"Beauty Institute","description":"CNC Cosmetic ametlik maaletooja ja edasim\u00fc\u00fcja Eestis, Soomes, L\u00e4tis. Aparaadikosmeetika, koolitused, kosmeetikatooted.","potentialAction":[{"@type":"SearchAction","target":{"@type":"EntryPoint","urlTemplate":"https:\/\/beautyinstitute.ee\/?s={search_term_string}"},"query-input":{"@type":"PropertyValueSpecification","valueRequired":true,"valueName":"search_term_string"}}],"inLanguage":"ru-RU"}]}},"_links":{"self":[{"href":"https:\/\/beautyinstitute.ee\/ru\/wp-json\/wp\/v2\/product\/2643","targetHints":{"allow":["GET"]}}],"collection":[{"href":"https:\/\/beautyinstitute.ee\/ru\/wp-json\/wp\/v2\/product"}],"about":[{"href":"https:\/\/beautyinstitute.ee\/ru\/wp-json\/wp\/v2\/types\/product"}],"wp:featuredmedia":[{"embeddable":true,"href":"https:\/\/beautyinstitute.ee\/ru\/wp-json\/wp\/v2\/media\/2646"}],"wp:attachment":[{"href":"https:\/\/beautyinstitute.ee\/ru\/wp-json\/wp\/v2\/media?parent=2643"}],"wp:term":[{"taxonomy":"product_cat","embeddable":true,"href":"https:\/\/beautyinstitute.ee\/ru\/wp-json\/wp\/v2\/product_cat?post=2643"},{"taxonomy":"product_tag","embeddable":true,"href":"https:\/\/beautyinstitute.ee\/ru\/wp-json\/wp\/v2\/product_tag?post=2643"}],"curies":[{"name":"wp","href":"https:\/\/api.w.org\/{rel}","templated":true}]}}