{"id":2650,"date":"2019-01-22T15:32:56","date_gmt":"2019-01-22T13:32:56","guid":{"rendered":"https:\/\/beautyinstitute.ee\/?post_type=product&#038;p=2650"},"modified":"2026-04-17T12:56:32","modified_gmt":"2026-04-17T09:56:32","slug":"shower-gel-2","status":"publish","type":"product","link":"https:\/\/beautyinstitute.ee\/ru\/toode\/shower-gel-2\/","title":{"rendered":"Ms Shower Gel"},"content":{"rendered":"<p><strong>MicroSilver BG &#x2122; du\u0161igeel koos h\u00fcaluroonhappega.<\/strong><\/p>\n<p>Kerge du\u0161igeel, millel on stabiliseeriv ja antibakteriaalne toime. Eriti efektiivne s\u00fcgeleva, tundliku ja \u00e4rritunud naha korral. Turgutab ja varustab nahka intensiivselt niiskusega ning kaitseb seda negatiivsete keskkonnam\u00f5jude eest.<\/p>\n<p><strong>Eelised:<\/strong><\/p>\n<ul>\n<li>puhastab keha nahka \u00f5rnalt ja p\u00f5hjalikult<\/li>\n<li>kaitseb nahka kuivuse eest<\/li>\n<\/ul>\n<p><strong>Sobilik:<\/strong> kogu keha nahale, mis kaldub v\u00e4ikestele punnikestele ja vistrikutele. Tundlikule, s\u00fcgelevale, \u00e4rritunud nahale.<\/p>\n<p><strong>Toimeained:<\/strong> gl\u00fctseriin, betaiini, kookos-gl\u00fckosiide, h\u00f5be, h\u00fcaluroonhape, seriin, uurea, sorbitool, allantoiini.<\/p>\n","protected":false},"excerpt":{"rendered":"<p>MicroSilver BG &#x2122; du\u0161igeel koos h\u00fcaluroonhappega. Kerge du\u0161igeel, millel on stabiliseeriv ja antibakteriaalne toime. Eriti efektiivne s\u00fcgeleva, tundliku ja \u00e4rritunud naha korral. Turgutab ja varustab nahka intensiivselt niiskusega ning kaitseb seda negatiivsete keskkonnam\u00f5jude eest. Eelised: puhastab keha nahka \u00f5rnalt ja p\u00f5hjalikult kaitseb nahka kuivuse eest Sobilik: kogu keha nahale, mis kaldub v\u00e4ikestele punnikestele ja vistrikutele. [&hellip;]<\/p>\n","protected":false},"featured_media":2653,"template":"","meta":{"_acf_changed":false},"product_cat":[256,114,128],"product_tag":[],"class_list":["post-2650","product","type-product","status-publish","has-post-thumbnail","hentry","product_cat-kehahooldustooted","product_cat-tootesarjad","product_cat-microsilver"],"acf":[],"yoast_head":"<!-- This site is optimized with the Yoast SEO plugin v25.4 - https:\/\/yoast.com\/wordpress\/plugins\/seo\/ -->\n<title>Ms Shower Gel - Beauty Institute<\/title>\n<meta name=\"robots\" content=\"index, follow, max-snippet:-1, max-image-preview:large, max-video-preview:-1\" \/>\n<link rel=\"canonical\" href=\"https:\/\/beautyinstitute.ee\/toode\/shower-gel-2\/\" \/>\n<meta property=\"og:locale\" content=\"ru_RU\" \/>\n<meta property=\"og:type\" content=\"article\" \/>\n<meta property=\"og:title\" content=\"Ms Shower Gel - Beauty Institute\" \/>\n<meta property=\"og:description\" content=\"MicroSilver BG &#x2122; du\u0161igeel koos h\u00fcaluroonhappega. Kerge du\u0161igeel, millel on stabiliseeriv ja antibakteriaalne toime. Eriti efektiivne s\u00fcgeleva, tundliku ja \u00e4rritunud naha korral. Turgutab ja varustab nahka intensiivselt niiskusega ning kaitseb seda negatiivsete keskkonnam\u00f5jude eest. Eelised: puhastab keha nahka \u00f5rnalt ja p\u00f5hjalikult kaitseb nahka kuivuse eest Sobilik: kogu keha nahale, mis kaldub v\u00e4ikestele punnikestele ja vistrikutele. [&hellip;]\" \/>\n<meta property=\"og:url\" content=\"https:\/\/beautyinstitute.ee\/toode\/shower-gel-2\/\" \/>\n<meta property=\"og:site_name\" content=\"Beauty Institute\" \/>\n<meta property=\"article:modified_time\" content=\"2026-04-17T09:56:32+00:00\" \/>\n<meta property=\"og:image\" content=\"https:\/\/beautyinstitute.ee\/wp-content\/uploads\/2019\/01\/bce28db753dfe8899cfda262b60e41da.jpg\" \/>\n\t<meta property=\"og:image:width\" content=\"2304\" \/>\n\t<meta property=\"og:image:height\" content=\"2129\" \/>\n\t<meta property=\"og:image:type\" content=\"image\/jpeg\" \/>\n<meta name=\"twitter:card\" content=\"summary_large_image\" \/>\n<meta name=\"twitter:site\" content=\"@Beauty_Eesti\" \/>\n<script type=\"application\/ld+json\" class=\"yoast-schema-graph\">{\"@context\":\"https:\/\/schema.org\",\"@graph\":[{\"@type\":\"WebPage\",\"@id\":\"https:\/\/beautyinstitute.ee\/toode\/shower-gel-2\/\",\"url\":\"https:\/\/beautyinstitute.ee\/toode\/shower-gel-2\/\",\"name\":\"Ms Shower Gel - Beauty Institute\",\"isPartOf\":{\"@id\":\"https:\/\/beautyinstitute.ee\/#website\"},\"primaryImageOfPage\":{\"@id\":\"https:\/\/beautyinstitute.ee\/toode\/shower-gel-2\/#primaryimage\"},\"image\":{\"@id\":\"https:\/\/beautyinstitute.ee\/toode\/shower-gel-2\/#primaryimage\"},\"thumbnailUrl\":\"https:\/\/beautyinstitute.ee\/wp-content\/uploads\/2019\/01\/bce28db753dfe8899cfda262b60e41da.jpg\",\"datePublished\":\"2019-01-22T13:32:56+00:00\",\"dateModified\":\"2026-04-17T09:56:32+00:00\",\"breadcrumb\":{\"@id\":\"https:\/\/beautyinstitute.ee\/toode\/shower-gel-2\/#breadcrumb\"},\"inLanguage\":\"ru-RU\",\"potentialAction\":[{\"@type\":\"ReadAction\",\"target\":[\"https:\/\/beautyinstitute.ee\/toode\/shower-gel-2\/\"]}]},{\"@type\":\"ImageObject\",\"inLanguage\":\"ru-RU\",\"@id\":\"https:\/\/beautyinstitute.ee\/toode\/shower-gel-2\/#primaryimage\",\"url\":\"https:\/\/beautyinstitute.ee\/wp-content\/uploads\/2019\/01\/bce28db753dfe8899cfda262b60e41da.jpg\",\"contentUrl\":\"https:\/\/beautyinstitute.ee\/wp-content\/uploads\/2019\/01\/bce28db753dfe8899cfda262b60e41da.jpg\",\"width\":2304,\"height\":2129},{\"@type\":\"BreadcrumbList\",\"@id\":\"https:\/\/beautyinstitute.ee\/toode\/shower-gel-2\/#breadcrumb\",\"itemListElement\":[{\"@type\":\"ListItem\",\"position\":1,\"name\":\"Home\",\"item\":\"https:\/\/beautyinstitute.ee\/ru\/\"},{\"@type\":\"ListItem\",\"position\":2,\"name\":\"E-pood\",\"item\":\"https:\/\/beautyinstitute.ee\/e-pood\/\"},{\"@type\":\"ListItem\",\"position\":3,\"name\":\"Ms Shower Gel\"}]},{\"@type\":\"WebSite\",\"@id\":\"https:\/\/beautyinstitute.ee\/#website\",\"url\":\"https:\/\/beautyinstitute.ee\/\",\"name\":\"Beauty Institute\",\"description\":\"CNC Cosmetic ametlik maaletooja ja edasim\u00fc\u00fcja Eestis, Soomes, L\u00e4tis. Aparaadikosmeetika, koolitused, kosmeetikatooted.\",\"potentialAction\":[{\"@type\":\"SearchAction\",\"target\":{\"@type\":\"EntryPoint\",\"urlTemplate\":\"https:\/\/beautyinstitute.ee\/?s={search_term_string}\"},\"query-input\":{\"@type\":\"PropertyValueSpecification\",\"valueRequired\":true,\"valueName\":\"search_term_string\"}}],\"inLanguage\":\"ru-RU\"}]}<\/script>\n<!-- \/ Yoast SEO plugin. -->","yoast_head_json":{"title":"Ms Shower Gel - Beauty Institute","robots":{"index":"index","follow":"follow","max-snippet":"max-snippet:-1","max-image-preview":"max-image-preview:large","max-video-preview":"max-video-preview:-1"},"canonical":"https:\/\/beautyinstitute.ee\/toode\/shower-gel-2\/","og_locale":"ru_RU","og_type":"article","og_title":"Ms Shower Gel - Beauty Institute","og_description":"MicroSilver BG &#x2122; du\u0161igeel koos h\u00fcaluroonhappega. Kerge du\u0161igeel, millel on stabiliseeriv ja antibakteriaalne toime. Eriti efektiivne s\u00fcgeleva, tundliku ja \u00e4rritunud naha korral. Turgutab ja varustab nahka intensiivselt niiskusega ning kaitseb seda negatiivsete keskkonnam\u00f5jude eest. Eelised: puhastab keha nahka \u00f5rnalt ja p\u00f5hjalikult kaitseb nahka kuivuse eest Sobilik: kogu keha nahale, mis kaldub v\u00e4ikestele punnikestele ja vistrikutele. [&hellip;]","og_url":"https:\/\/beautyinstitute.ee\/toode\/shower-gel-2\/","og_site_name":"Beauty Institute","article_modified_time":"2026-04-17T09:56:32+00:00","og_image":[{"width":2304,"height":2129,"url":"https:\/\/beautyinstitute.ee\/wp-content\/uploads\/2019\/01\/bce28db753dfe8899cfda262b60e41da.jpg","type":"image\/jpeg"}],"twitter_card":"summary_large_image","twitter_site":"@Beauty_Eesti","schema":{"@context":"https:\/\/schema.org","@graph":[{"@type":"WebPage","@id":"https:\/\/beautyinstitute.ee\/toode\/shower-gel-2\/","url":"https:\/\/beautyinstitute.ee\/toode\/shower-gel-2\/","name":"Ms Shower Gel - Beauty Institute","isPartOf":{"@id":"https:\/\/beautyinstitute.ee\/#website"},"primaryImageOfPage":{"@id":"https:\/\/beautyinstitute.ee\/toode\/shower-gel-2\/#primaryimage"},"image":{"@id":"https:\/\/beautyinstitute.ee\/toode\/shower-gel-2\/#primaryimage"},"thumbnailUrl":"https:\/\/beautyinstitute.ee\/wp-content\/uploads\/2019\/01\/bce28db753dfe8899cfda262b60e41da.jpg","datePublished":"2019-01-22T13:32:56+00:00","dateModified":"2026-04-17T09:56:32+00:00","breadcrumb":{"@id":"https:\/\/beautyinstitute.ee\/toode\/shower-gel-2\/#breadcrumb"},"inLanguage":"ru-RU","potentialAction":[{"@type":"ReadAction","target":["https:\/\/beautyinstitute.ee\/toode\/shower-gel-2\/"]}]},{"@type":"ImageObject","inLanguage":"ru-RU","@id":"https:\/\/beautyinstitute.ee\/toode\/shower-gel-2\/#primaryimage","url":"https:\/\/beautyinstitute.ee\/wp-content\/uploads\/2019\/01\/bce28db753dfe8899cfda262b60e41da.jpg","contentUrl":"https:\/\/beautyinstitute.ee\/wp-content\/uploads\/2019\/01\/bce28db753dfe8899cfda262b60e41da.jpg","width":2304,"height":2129},{"@type":"BreadcrumbList","@id":"https:\/\/beautyinstitute.ee\/toode\/shower-gel-2\/#breadcrumb","itemListElement":[{"@type":"ListItem","position":1,"name":"Home","item":"https:\/\/beautyinstitute.ee\/ru\/"},{"@type":"ListItem","position":2,"name":"E-pood","item":"https:\/\/beautyinstitute.ee\/e-pood\/"},{"@type":"ListItem","position":3,"name":"Ms Shower Gel"}]},{"@type":"WebSite","@id":"https:\/\/beautyinstitute.ee\/#website","url":"https:\/\/beautyinstitute.ee\/","name":"Beauty Institute","description":"CNC Cosmetic ametlik maaletooja ja edasim\u00fc\u00fcja Eestis, Soomes, L\u00e4tis. Aparaadikosmeetika, koolitused, kosmeetikatooted.","potentialAction":[{"@type":"SearchAction","target":{"@type":"EntryPoint","urlTemplate":"https:\/\/beautyinstitute.ee\/?s={search_term_string}"},"query-input":{"@type":"PropertyValueSpecification","valueRequired":true,"valueName":"search_term_string"}}],"inLanguage":"ru-RU"}]}},"_links":{"self":[{"href":"https:\/\/beautyinstitute.ee\/ru\/wp-json\/wp\/v2\/product\/2650","targetHints":{"allow":["GET"]}}],"collection":[{"href":"https:\/\/beautyinstitute.ee\/ru\/wp-json\/wp\/v2\/product"}],"about":[{"href":"https:\/\/beautyinstitute.ee\/ru\/wp-json\/wp\/v2\/types\/product"}],"wp:featuredmedia":[{"embeddable":true,"href":"https:\/\/beautyinstitute.ee\/ru\/wp-json\/wp\/v2\/media\/2653"}],"wp:attachment":[{"href":"https:\/\/beautyinstitute.ee\/ru\/wp-json\/wp\/v2\/media?parent=2650"}],"wp:term":[{"taxonomy":"product_cat","embeddable":true,"href":"https:\/\/beautyinstitute.ee\/ru\/wp-json\/wp\/v2\/product_cat?post=2650"},{"taxonomy":"product_tag","embeddable":true,"href":"https:\/\/beautyinstitute.ee\/ru\/wp-json\/wp\/v2\/product_tag?post=2650"}],"curies":[{"name":"wp","href":"https:\/\/api.w.org\/{rel}","templated":true}]}}