{"id":2655,"date":"2019-01-22T15:34:25","date_gmt":"2019-01-22T13:34:25","guid":{"rendered":"https:\/\/beautyinstitute.ee\/?post_type=product&#038;p=2655"},"modified":"2026-04-27T10:22:13","modified_gmt":"2026-04-27T07:22:13","slug":"shampoo","status":"publish","type":"product","link":"https:\/\/beautyinstitute.ee\/ru\/toode\/shampoo\/","title":{"rendered":"Ms Shampoon 200Ml"},"content":{"rendered":"<p>MicroSilver BG &#x2122; \u0161ampoon sisaldab h\u00fcaluroonhapet ning on antibakteriaalse toimega. \u0160ampoon on eriti t\u00f5hus k\u00f5\u00f5masele, kuivale ja s\u00fcgelevale peanahale. V\u00f5itleb nii k\u00f5\u00f5ma s\u00fcmptomite kui ka tekkep\u00f5hjustega. T\u00e4iendab juuste niiskusesisaldust, muutes need siledaks ja siidiseks. Sobib k\u00f5igile juukset\u00fc\u00fcpidele ja eriti peanahale, mis on tundlik ja k\u00f5\u00f5male kalduv. T\u00e4nu eriti \u00f5rnale koostisele sobib \u0161ampoon igap\u00e4evaseks kasutamiseks. Sobib kasutamiseks kogu perele.<\/p>\n<p><strong>Eelised:<\/strong><\/p>\n<ul>\n<li>rahustab s\u00fcgelevat peanahka<\/li>\n<li>muudab juuksed siidiseks ja l\u00e4ikivaks<\/li>\n<li>k\u00f5\u00f5mavastane toime<\/li>\n<\/ul>\n<p><strong>Sobilik:<\/strong> k\u00f5ikidele juukset\u00fc\u00fcpidele, eriti tundlikule ja k\u00f5\u00f5male kalduvale peanahale. Sobib ka v\u00e4rvitud juustele.<\/p>\n<p><strong>Toimeained:<\/strong> gl\u00fctseriin, betaiini, h\u00f5be, h\u00fcaluroonhape.<\/p>\n","protected":false},"excerpt":{"rendered":"<p>MicroSilver BG &#x2122; \u0161ampoon sisaldab h\u00fcaluroonhapet ning on antibakteriaalse toimega. \u0160ampoon on eriti t\u00f5hus k\u00f5\u00f5masele, kuivale ja s\u00fcgelevale peanahale. V\u00f5itleb nii k\u00f5\u00f5ma s\u00fcmptomite kui ka tekkep\u00f5hjustega. T\u00e4iendab juuste niiskusesisaldust, muutes need siledaks ja siidiseks. Sobib k\u00f5igile juukset\u00fc\u00fcpidele ja eriti peanahale, mis on tundlik ja k\u00f5\u00f5male kalduv. T\u00e4nu eriti \u00f5rnale koostisele sobib \u0161ampoon igap\u00e4evaseks kasutamiseks. Sobib [&hellip;]<\/p>\n","protected":false},"featured_media":2651,"template":"","meta":{"_acf_changed":false},"product_cat":[256,114,128],"product_tag":[],"class_list":["post-2655","product","type-product","status-publish","has-post-thumbnail","hentry","product_cat-kehahooldustooted","product_cat-tootesarjad","product_cat-microsilver"],"acf":[],"yoast_head":"<!-- This site is optimized with the Yoast SEO plugin v25.4 - https:\/\/yoast.com\/wordpress\/plugins\/seo\/ -->\n<title>Ms Shampoon 200Ml - Beauty Institute<\/title>\n<meta name=\"robots\" content=\"index, follow, max-snippet:-1, max-image-preview:large, max-video-preview:-1\" \/>\n<link rel=\"canonical\" href=\"https:\/\/beautyinstitute.ee\/toode\/shampoo\/\" \/>\n<meta property=\"og:locale\" content=\"ru_RU\" \/>\n<meta property=\"og:type\" content=\"article\" \/>\n<meta property=\"og:title\" content=\"Ms Shampoon 200Ml - Beauty Institute\" \/>\n<meta property=\"og:description\" content=\"MicroSilver BG &#x2122; \u0161ampoon sisaldab h\u00fcaluroonhapet ning on antibakteriaalse toimega. \u0160ampoon on eriti t\u00f5hus k\u00f5\u00f5masele, kuivale ja s\u00fcgelevale peanahale. V\u00f5itleb nii k\u00f5\u00f5ma s\u00fcmptomite kui ka tekkep\u00f5hjustega. T\u00e4iendab juuste niiskusesisaldust, muutes need siledaks ja siidiseks. Sobib k\u00f5igile juukset\u00fc\u00fcpidele ja eriti peanahale, mis on tundlik ja k\u00f5\u00f5male kalduv. T\u00e4nu eriti \u00f5rnale koostisele sobib \u0161ampoon igap\u00e4evaseks kasutamiseks. Sobib [&hellip;]\" \/>\n<meta property=\"og:url\" content=\"https:\/\/beautyinstitute.ee\/toode\/shampoo\/\" \/>\n<meta property=\"og:site_name\" content=\"Beauty Institute\" \/>\n<meta property=\"article:modified_time\" content=\"2026-04-27T07:22:13+00:00\" \/>\n<meta property=\"og:image\" content=\"https:\/\/beautyinstitute.ee\/wp-content\/uploads\/2019\/01\/f359a87eb3fe7a977ae5fe8db412a492.jpg\" \/>\n\t<meta property=\"og:image:width\" content=\"2269\" \/>\n\t<meta property=\"og:image:height\" content=\"2455\" \/>\n\t<meta property=\"og:image:type\" content=\"image\/jpeg\" \/>\n<meta name=\"twitter:card\" content=\"summary_large_image\" \/>\n<meta name=\"twitter:site\" content=\"@Beauty_Eesti\" \/>\n<meta name=\"twitter:label1\" content=\"\u041f\u0440\u0438\u043c\u0435\u0440\u043d\u043e\u0435 \u0432\u0440\u0435\u043c\u044f \u0434\u043b\u044f \u0447\u0442\u0435\u043d\u0438\u044f\" \/>\n\t<meta name=\"twitter:data1\" content=\"1 \u043c\u0438\u043d\u0443\u0442\u0430\" \/>\n<script type=\"application\/ld+json\" class=\"yoast-schema-graph\">{\"@context\":\"https:\/\/schema.org\",\"@graph\":[{\"@type\":\"WebPage\",\"@id\":\"https:\/\/beautyinstitute.ee\/toode\/shampoo\/\",\"url\":\"https:\/\/beautyinstitute.ee\/toode\/shampoo\/\",\"name\":\"Ms Shampoon 200Ml - Beauty Institute\",\"isPartOf\":{\"@id\":\"https:\/\/beautyinstitute.ee\/#website\"},\"primaryImageOfPage\":{\"@id\":\"https:\/\/beautyinstitute.ee\/toode\/shampoo\/#primaryimage\"},\"image\":{\"@id\":\"https:\/\/beautyinstitute.ee\/toode\/shampoo\/#primaryimage\"},\"thumbnailUrl\":\"https:\/\/beautyinstitute.ee\/wp-content\/uploads\/2019\/01\/f359a87eb3fe7a977ae5fe8db412a492.jpg\",\"datePublished\":\"2019-01-22T13:34:25+00:00\",\"dateModified\":\"2026-04-27T07:22:13+00:00\",\"breadcrumb\":{\"@id\":\"https:\/\/beautyinstitute.ee\/toode\/shampoo\/#breadcrumb\"},\"inLanguage\":\"ru-RU\",\"potentialAction\":[{\"@type\":\"ReadAction\",\"target\":[\"https:\/\/beautyinstitute.ee\/toode\/shampoo\/\"]}]},{\"@type\":\"ImageObject\",\"inLanguage\":\"ru-RU\",\"@id\":\"https:\/\/beautyinstitute.ee\/toode\/shampoo\/#primaryimage\",\"url\":\"https:\/\/beautyinstitute.ee\/wp-content\/uploads\/2019\/01\/f359a87eb3fe7a977ae5fe8db412a492.jpg\",\"contentUrl\":\"https:\/\/beautyinstitute.ee\/wp-content\/uploads\/2019\/01\/f359a87eb3fe7a977ae5fe8db412a492.jpg\",\"width\":2269,\"height\":2455},{\"@type\":\"BreadcrumbList\",\"@id\":\"https:\/\/beautyinstitute.ee\/toode\/shampoo\/#breadcrumb\",\"itemListElement\":[{\"@type\":\"ListItem\",\"position\":1,\"name\":\"Home\",\"item\":\"https:\/\/beautyinstitute.ee\/ru\/\"},{\"@type\":\"ListItem\",\"position\":2,\"name\":\"E-pood\",\"item\":\"https:\/\/beautyinstitute.ee\/e-pood\/\"},{\"@type\":\"ListItem\",\"position\":3,\"name\":\"Ms Shampoon 200Ml\"}]},{\"@type\":\"WebSite\",\"@id\":\"https:\/\/beautyinstitute.ee\/#website\",\"url\":\"https:\/\/beautyinstitute.ee\/\",\"name\":\"Beauty Institute\",\"description\":\"CNC Cosmetic ametlik maaletooja ja edasim\u00fc\u00fcja Eestis, Soomes, L\u00e4tis. Aparaadikosmeetika, koolitused, kosmeetikatooted.\",\"potentialAction\":[{\"@type\":\"SearchAction\",\"target\":{\"@type\":\"EntryPoint\",\"urlTemplate\":\"https:\/\/beautyinstitute.ee\/?s={search_term_string}\"},\"query-input\":{\"@type\":\"PropertyValueSpecification\",\"valueRequired\":true,\"valueName\":\"search_term_string\"}}],\"inLanguage\":\"ru-RU\"}]}<\/script>\n<!-- \/ Yoast SEO plugin. -->","yoast_head_json":{"title":"Ms Shampoon 200Ml - Beauty Institute","robots":{"index":"index","follow":"follow","max-snippet":"max-snippet:-1","max-image-preview":"max-image-preview:large","max-video-preview":"max-video-preview:-1"},"canonical":"https:\/\/beautyinstitute.ee\/toode\/shampoo\/","og_locale":"ru_RU","og_type":"article","og_title":"Ms Shampoon 200Ml - Beauty Institute","og_description":"MicroSilver BG &#x2122; \u0161ampoon sisaldab h\u00fcaluroonhapet ning on antibakteriaalse toimega. \u0160ampoon on eriti t\u00f5hus k\u00f5\u00f5masele, kuivale ja s\u00fcgelevale peanahale. V\u00f5itleb nii k\u00f5\u00f5ma s\u00fcmptomite kui ka tekkep\u00f5hjustega. T\u00e4iendab juuste niiskusesisaldust, muutes need siledaks ja siidiseks. Sobib k\u00f5igile juukset\u00fc\u00fcpidele ja eriti peanahale, mis on tundlik ja k\u00f5\u00f5male kalduv. T\u00e4nu eriti \u00f5rnale koostisele sobib \u0161ampoon igap\u00e4evaseks kasutamiseks. Sobib [&hellip;]","og_url":"https:\/\/beautyinstitute.ee\/toode\/shampoo\/","og_site_name":"Beauty Institute","article_modified_time":"2026-04-27T07:22:13+00:00","og_image":[{"width":2269,"height":2455,"url":"https:\/\/beautyinstitute.ee\/wp-content\/uploads\/2019\/01\/f359a87eb3fe7a977ae5fe8db412a492.jpg","type":"image\/jpeg"}],"twitter_card":"summary_large_image","twitter_site":"@Beauty_Eesti","twitter_misc":{"\u041f\u0440\u0438\u043c\u0435\u0440\u043d\u043e\u0435 \u0432\u0440\u0435\u043c\u044f \u0434\u043b\u044f \u0447\u0442\u0435\u043d\u0438\u044f":"1 \u043c\u0438\u043d\u0443\u0442\u0430"},"schema":{"@context":"https:\/\/schema.org","@graph":[{"@type":"WebPage","@id":"https:\/\/beautyinstitute.ee\/toode\/shampoo\/","url":"https:\/\/beautyinstitute.ee\/toode\/shampoo\/","name":"Ms Shampoon 200Ml - Beauty Institute","isPartOf":{"@id":"https:\/\/beautyinstitute.ee\/#website"},"primaryImageOfPage":{"@id":"https:\/\/beautyinstitute.ee\/toode\/shampoo\/#primaryimage"},"image":{"@id":"https:\/\/beautyinstitute.ee\/toode\/shampoo\/#primaryimage"},"thumbnailUrl":"https:\/\/beautyinstitute.ee\/wp-content\/uploads\/2019\/01\/f359a87eb3fe7a977ae5fe8db412a492.jpg","datePublished":"2019-01-22T13:34:25+00:00","dateModified":"2026-04-27T07:22:13+00:00","breadcrumb":{"@id":"https:\/\/beautyinstitute.ee\/toode\/shampoo\/#breadcrumb"},"inLanguage":"ru-RU","potentialAction":[{"@type":"ReadAction","target":["https:\/\/beautyinstitute.ee\/toode\/shampoo\/"]}]},{"@type":"ImageObject","inLanguage":"ru-RU","@id":"https:\/\/beautyinstitute.ee\/toode\/shampoo\/#primaryimage","url":"https:\/\/beautyinstitute.ee\/wp-content\/uploads\/2019\/01\/f359a87eb3fe7a977ae5fe8db412a492.jpg","contentUrl":"https:\/\/beautyinstitute.ee\/wp-content\/uploads\/2019\/01\/f359a87eb3fe7a977ae5fe8db412a492.jpg","width":2269,"height":2455},{"@type":"BreadcrumbList","@id":"https:\/\/beautyinstitute.ee\/toode\/shampoo\/#breadcrumb","itemListElement":[{"@type":"ListItem","position":1,"name":"Home","item":"https:\/\/beautyinstitute.ee\/ru\/"},{"@type":"ListItem","position":2,"name":"E-pood","item":"https:\/\/beautyinstitute.ee\/e-pood\/"},{"@type":"ListItem","position":3,"name":"Ms Shampoon 200Ml"}]},{"@type":"WebSite","@id":"https:\/\/beautyinstitute.ee\/#website","url":"https:\/\/beautyinstitute.ee\/","name":"Beauty Institute","description":"CNC Cosmetic ametlik maaletooja ja edasim\u00fc\u00fcja Eestis, Soomes, L\u00e4tis. Aparaadikosmeetika, koolitused, kosmeetikatooted.","potentialAction":[{"@type":"SearchAction","target":{"@type":"EntryPoint","urlTemplate":"https:\/\/beautyinstitute.ee\/?s={search_term_string}"},"query-input":{"@type":"PropertyValueSpecification","valueRequired":true,"valueName":"search_term_string"}}],"inLanguage":"ru-RU"}]}},"_links":{"self":[{"href":"https:\/\/beautyinstitute.ee\/ru\/wp-json\/wp\/v2\/product\/2655","targetHints":{"allow":["GET"]}}],"collection":[{"href":"https:\/\/beautyinstitute.ee\/ru\/wp-json\/wp\/v2\/product"}],"about":[{"href":"https:\/\/beautyinstitute.ee\/ru\/wp-json\/wp\/v2\/types\/product"}],"wp:featuredmedia":[{"embeddable":true,"href":"https:\/\/beautyinstitute.ee\/ru\/wp-json\/wp\/v2\/media\/2651"}],"wp:attachment":[{"href":"https:\/\/beautyinstitute.ee\/ru\/wp-json\/wp\/v2\/media?parent=2655"}],"wp:term":[{"taxonomy":"product_cat","embeddable":true,"href":"https:\/\/beautyinstitute.ee\/ru\/wp-json\/wp\/v2\/product_cat?post=2655"},{"taxonomy":"product_tag","embeddable":true,"href":"https:\/\/beautyinstitute.ee\/ru\/wp-json\/wp\/v2\/product_tag?post=2655"}],"curies":[{"name":"wp","href":"https:\/\/api.w.org\/{rel}","templated":true}]}}