{"id":2656,"date":"2019-01-22T15:37:06","date_gmt":"2019-01-22T13:37:06","guid":{"rendered":"https:\/\/beautyinstitute.ee\/?post_type=product&#038;p=2656"},"modified":"2026-04-23T14:50:48","modified_gmt":"2026-04-23T11:50:48","slug":"s-o-s-gel","status":"publish","type":"product","link":"https:\/\/beautyinstitute.ee\/ru\/toode\/s-o-s-gel\/","title":{"rendered":"Microsilver S.o.s. Gel, 10 Ml"},"content":{"rendered":"<p>MicroSilver BG &#x2122; S.O.S. Geel on kiire toimega hooldustoode mida kasutatakse allergiliste nahareaktsioonide puhul. T\u00e4nu \u00fclimalt tugevale antibakteriaalse toimele sobib see ideaalselt noore ja ebapuhta naha hooldamiseks ning neurodermatiidi ja akne raviks. Geel moodustab kahjustatud piirkondade kaitsmiseks \u00f5hku l\u00e4bilaskva kaitsekile, mis p\u00e4rsib bakterite levikut ja nahka p\u00e4\u00e4semist.<\/p>\n<p><strong>Eelised:<\/strong><\/p>\n<ul>\n<li>leevendab lokaalselt naha\u00e4rritust, p\u00f5letikku ja s\u00fcgelust<\/li>\n<li>vistrikud, follikuliit ja ka putukahammustused<\/li>\n<\/ul>\n<p><strong>Sobilik:<\/strong> k\u00f5ikidele nahat\u00fc\u00fcpidele.<\/p>\n<p><strong>Toimeained:<\/strong> sebatsiinhappe, pantenool, h\u00f5be.<\/p>\n","protected":false},"excerpt":{"rendered":"<p>MicroSilver BG &#x2122; S.O.S. Geel on kiire toimega hooldustoode mida kasutatakse allergiliste nahareaktsioonide puhul. T\u00e4nu \u00fclimalt tugevale antibakteriaalse toimele sobib see ideaalselt noore ja ebapuhta naha hooldamiseks ning neurodermatiidi ja akne raviks. Geel moodustab kahjustatud piirkondade kaitsmiseks \u00f5hku l\u00e4bilaskva kaitsekile, mis p\u00e4rsib bakterite levikut ja nahka p\u00e4\u00e4semist. Eelised: leevendab lokaalselt naha\u00e4rritust, p\u00f5letikku ja s\u00fcgelust vistrikud, [&hellip;]<\/p>\n","protected":false},"featured_media":2657,"template":"","meta":{"_acf_changed":false},"product_cat":[114,128],"product_tag":[],"class_list":["post-2656","product","type-product","status-publish","has-post-thumbnail","hentry","product_cat-tootesarjad","product_cat-microsilver"],"acf":[],"yoast_head":"<!-- This site is optimized with the Yoast SEO plugin v25.4 - https:\/\/yoast.com\/wordpress\/plugins\/seo\/ -->\n<title>Microsilver S.o.s. Gel, 10 Ml - Beauty Institute<\/title>\n<meta name=\"robots\" content=\"index, follow, max-snippet:-1, max-image-preview:large, max-video-preview:-1\" \/>\n<link rel=\"canonical\" href=\"https:\/\/beautyinstitute.ee\/toode\/s-o-s-gel\/\" \/>\n<meta property=\"og:locale\" content=\"ru_RU\" \/>\n<meta property=\"og:type\" content=\"article\" \/>\n<meta property=\"og:title\" content=\"Microsilver S.o.s. Gel, 10 Ml - Beauty Institute\" \/>\n<meta property=\"og:description\" content=\"MicroSilver BG &#x2122; S.O.S. Geel on kiire toimega hooldustoode mida kasutatakse allergiliste nahareaktsioonide puhul. T\u00e4nu \u00fclimalt tugevale antibakteriaalse toimele sobib see ideaalselt noore ja ebapuhta naha hooldamiseks ning neurodermatiidi ja akne raviks. Geel moodustab kahjustatud piirkondade kaitsmiseks \u00f5hku l\u00e4bilaskva kaitsekile, mis p\u00e4rsib bakterite levikut ja nahka p\u00e4\u00e4semist. Eelised: leevendab lokaalselt naha\u00e4rritust, p\u00f5letikku ja s\u00fcgelust vistrikud, [&hellip;]\" \/>\n<meta property=\"og:url\" content=\"https:\/\/beautyinstitute.ee\/toode\/s-o-s-gel\/\" \/>\n<meta property=\"og:site_name\" content=\"Beauty Institute\" \/>\n<meta property=\"article:modified_time\" content=\"2026-04-23T11:50:48+00:00\" \/>\n<meta property=\"og:image\" content=\"https:\/\/beautyinstitute.ee\/wp-content\/uploads\/2019\/01\/101504.jpg\" \/>\n\t<meta property=\"og:image:width\" content=\"1500\" \/>\n\t<meta property=\"og:image:height\" content=\"1422\" \/>\n\t<meta property=\"og:image:type\" content=\"image\/jpeg\" \/>\n<meta name=\"twitter:card\" content=\"summary_large_image\" \/>\n<meta name=\"twitter:site\" content=\"@Beauty_Eesti\" \/>\n<script type=\"application\/ld+json\" class=\"yoast-schema-graph\">{\"@context\":\"https:\/\/schema.org\",\"@graph\":[{\"@type\":\"WebPage\",\"@id\":\"https:\/\/beautyinstitute.ee\/toode\/s-o-s-gel\/\",\"url\":\"https:\/\/beautyinstitute.ee\/toode\/s-o-s-gel\/\",\"name\":\"Microsilver S.o.s. Gel, 10 Ml - Beauty Institute\",\"isPartOf\":{\"@id\":\"https:\/\/beautyinstitute.ee\/#website\"},\"primaryImageOfPage\":{\"@id\":\"https:\/\/beautyinstitute.ee\/toode\/s-o-s-gel\/#primaryimage\"},\"image\":{\"@id\":\"https:\/\/beautyinstitute.ee\/toode\/s-o-s-gel\/#primaryimage\"},\"thumbnailUrl\":\"https:\/\/beautyinstitute.ee\/wp-content\/uploads\/2019\/01\/101504.jpg\",\"datePublished\":\"2019-01-22T13:37:06+00:00\",\"dateModified\":\"2026-04-23T11:50:48+00:00\",\"breadcrumb\":{\"@id\":\"https:\/\/beautyinstitute.ee\/toode\/s-o-s-gel\/#breadcrumb\"},\"inLanguage\":\"ru-RU\",\"potentialAction\":[{\"@type\":\"ReadAction\",\"target\":[\"https:\/\/beautyinstitute.ee\/toode\/s-o-s-gel\/\"]}]},{\"@type\":\"ImageObject\",\"inLanguage\":\"ru-RU\",\"@id\":\"https:\/\/beautyinstitute.ee\/toode\/s-o-s-gel\/#primaryimage\",\"url\":\"https:\/\/beautyinstitute.ee\/wp-content\/uploads\/2019\/01\/101504.jpg\",\"contentUrl\":\"https:\/\/beautyinstitute.ee\/wp-content\/uploads\/2019\/01\/101504.jpg\",\"width\":1500,\"height\":1422},{\"@type\":\"BreadcrumbList\",\"@id\":\"https:\/\/beautyinstitute.ee\/toode\/s-o-s-gel\/#breadcrumb\",\"itemListElement\":[{\"@type\":\"ListItem\",\"position\":1,\"name\":\"Home\",\"item\":\"https:\/\/beautyinstitute.ee\/ru\/\"},{\"@type\":\"ListItem\",\"position\":2,\"name\":\"E-pood\",\"item\":\"https:\/\/beautyinstitute.ee\/e-pood\/\"},{\"@type\":\"ListItem\",\"position\":3,\"name\":\"Microsilver S.o.s. Gel, 10 Ml\"}]},{\"@type\":\"WebSite\",\"@id\":\"https:\/\/beautyinstitute.ee\/#website\",\"url\":\"https:\/\/beautyinstitute.ee\/\",\"name\":\"Beauty Institute\",\"description\":\"CNC Cosmetic ametlik maaletooja ja edasim\u00fc\u00fcja Eestis, Soomes, L\u00e4tis. Aparaadikosmeetika, koolitused, kosmeetikatooted.\",\"potentialAction\":[{\"@type\":\"SearchAction\",\"target\":{\"@type\":\"EntryPoint\",\"urlTemplate\":\"https:\/\/beautyinstitute.ee\/?s={search_term_string}\"},\"query-input\":{\"@type\":\"PropertyValueSpecification\",\"valueRequired\":true,\"valueName\":\"search_term_string\"}}],\"inLanguage\":\"ru-RU\"}]}<\/script>\n<!-- \/ Yoast SEO plugin. -->","yoast_head_json":{"title":"Microsilver S.o.s. Gel, 10 Ml - Beauty Institute","robots":{"index":"index","follow":"follow","max-snippet":"max-snippet:-1","max-image-preview":"max-image-preview:large","max-video-preview":"max-video-preview:-1"},"canonical":"https:\/\/beautyinstitute.ee\/toode\/s-o-s-gel\/","og_locale":"ru_RU","og_type":"article","og_title":"Microsilver S.o.s. Gel, 10 Ml - Beauty Institute","og_description":"MicroSilver BG &#x2122; S.O.S. Geel on kiire toimega hooldustoode mida kasutatakse allergiliste nahareaktsioonide puhul. T\u00e4nu \u00fclimalt tugevale antibakteriaalse toimele sobib see ideaalselt noore ja ebapuhta naha hooldamiseks ning neurodermatiidi ja akne raviks. Geel moodustab kahjustatud piirkondade kaitsmiseks \u00f5hku l\u00e4bilaskva kaitsekile, mis p\u00e4rsib bakterite levikut ja nahka p\u00e4\u00e4semist. Eelised: leevendab lokaalselt naha\u00e4rritust, p\u00f5letikku ja s\u00fcgelust vistrikud, [&hellip;]","og_url":"https:\/\/beautyinstitute.ee\/toode\/s-o-s-gel\/","og_site_name":"Beauty Institute","article_modified_time":"2026-04-23T11:50:48+00:00","og_image":[{"width":1500,"height":1422,"url":"https:\/\/beautyinstitute.ee\/wp-content\/uploads\/2019\/01\/101504.jpg","type":"image\/jpeg"}],"twitter_card":"summary_large_image","twitter_site":"@Beauty_Eesti","schema":{"@context":"https:\/\/schema.org","@graph":[{"@type":"WebPage","@id":"https:\/\/beautyinstitute.ee\/toode\/s-o-s-gel\/","url":"https:\/\/beautyinstitute.ee\/toode\/s-o-s-gel\/","name":"Microsilver S.o.s. Gel, 10 Ml - Beauty Institute","isPartOf":{"@id":"https:\/\/beautyinstitute.ee\/#website"},"primaryImageOfPage":{"@id":"https:\/\/beautyinstitute.ee\/toode\/s-o-s-gel\/#primaryimage"},"image":{"@id":"https:\/\/beautyinstitute.ee\/toode\/s-o-s-gel\/#primaryimage"},"thumbnailUrl":"https:\/\/beautyinstitute.ee\/wp-content\/uploads\/2019\/01\/101504.jpg","datePublished":"2019-01-22T13:37:06+00:00","dateModified":"2026-04-23T11:50:48+00:00","breadcrumb":{"@id":"https:\/\/beautyinstitute.ee\/toode\/s-o-s-gel\/#breadcrumb"},"inLanguage":"ru-RU","potentialAction":[{"@type":"ReadAction","target":["https:\/\/beautyinstitute.ee\/toode\/s-o-s-gel\/"]}]},{"@type":"ImageObject","inLanguage":"ru-RU","@id":"https:\/\/beautyinstitute.ee\/toode\/s-o-s-gel\/#primaryimage","url":"https:\/\/beautyinstitute.ee\/wp-content\/uploads\/2019\/01\/101504.jpg","contentUrl":"https:\/\/beautyinstitute.ee\/wp-content\/uploads\/2019\/01\/101504.jpg","width":1500,"height":1422},{"@type":"BreadcrumbList","@id":"https:\/\/beautyinstitute.ee\/toode\/s-o-s-gel\/#breadcrumb","itemListElement":[{"@type":"ListItem","position":1,"name":"Home","item":"https:\/\/beautyinstitute.ee\/ru\/"},{"@type":"ListItem","position":2,"name":"E-pood","item":"https:\/\/beautyinstitute.ee\/e-pood\/"},{"@type":"ListItem","position":3,"name":"Microsilver S.o.s. Gel, 10 Ml"}]},{"@type":"WebSite","@id":"https:\/\/beautyinstitute.ee\/#website","url":"https:\/\/beautyinstitute.ee\/","name":"Beauty Institute","description":"CNC Cosmetic ametlik maaletooja ja edasim\u00fc\u00fcja Eestis, Soomes, L\u00e4tis. Aparaadikosmeetika, koolitused, kosmeetikatooted.","potentialAction":[{"@type":"SearchAction","target":{"@type":"EntryPoint","urlTemplate":"https:\/\/beautyinstitute.ee\/?s={search_term_string}"},"query-input":{"@type":"PropertyValueSpecification","valueRequired":true,"valueName":"search_term_string"}}],"inLanguage":"ru-RU"}]}},"_links":{"self":[{"href":"https:\/\/beautyinstitute.ee\/ru\/wp-json\/wp\/v2\/product\/2656","targetHints":{"allow":["GET"]}}],"collection":[{"href":"https:\/\/beautyinstitute.ee\/ru\/wp-json\/wp\/v2\/product"}],"about":[{"href":"https:\/\/beautyinstitute.ee\/ru\/wp-json\/wp\/v2\/types\/product"}],"wp:featuredmedia":[{"embeddable":true,"href":"https:\/\/beautyinstitute.ee\/ru\/wp-json\/wp\/v2\/media\/2657"}],"wp:attachment":[{"href":"https:\/\/beautyinstitute.ee\/ru\/wp-json\/wp\/v2\/media?parent=2656"}],"wp:term":[{"taxonomy":"product_cat","embeddable":true,"href":"https:\/\/beautyinstitute.ee\/ru\/wp-json\/wp\/v2\/product_cat?post=2656"},{"taxonomy":"product_tag","embeddable":true,"href":"https:\/\/beautyinstitute.ee\/ru\/wp-json\/wp\/v2\/product_tag?post=2656"}],"curies":[{"name":"wp","href":"https:\/\/api.w.org\/{rel}","templated":true}]}}