{"id":2659,"date":"2019-01-22T13:40:11","date_gmt":"2019-01-22T13:40:11","guid":{"rendered":"https:\/\/beautyinstitute.ee\/?post_type=product&#038;p=2659"},"modified":"2026-04-28T14:00:04","modified_gmt":"2026-04-28T11:00:04","slug":"cream-mask","status":"publish","type":"product","link":"https:\/\/beautyinstitute.ee\/ru\/toode\/cream-mask\/","title":{"rendered":"Ms Cream Mask"},"content":{"rendered":"<p>See p\u00f5letikuvastaste omadustega niisutav kreemmask on m\u00f5eldud spetsiaalselt \u00e4rritunud ja ebapuhta naha hoolduseks. Tulemuseks on \u00f5rn ja kaunis jume. Kreemmask hellitab nahka ning j\u00e4tab selle delikaatselt pehmeks ja siledaks. Sobib k\u00f5ikidele nahat\u00fc\u00fcpidele, eriti ebapuhtale, tundlikule, \u00e4rritunud ning punetustele kalduvale nahale.<\/p>\n<p>\u00a4 H\u00f5bedat ja pantenooli kasutatakse nahal stabiliseeriva ja antibakteriaalse toime saavutamiseks ning naha rahustamiseks.<br \/>\n\u00a4 Shea\u00f5li ja sheav\u00f5i kombinatsioon hooldab nahka intensiivselt.<\/p>\n<p><strong>Eelised:<\/strong><\/p>\n<ul>\n<li>kaitseb, rahustab ja hooldab nahka<\/li>\n<\/ul>\n<p><strong>Sobilik:<\/strong>\u00a0 k\u00f5ikidele nahat\u00fc\u00fcpidele, eriti ebapuhtale, tundlikule ja \u00e4rritunud nahale, millel on kalduvus punetusele.<\/p>\n<p><strong>Toimeained:<\/strong> h\u00f5be, shea \u00f5li, sheav\u00f5i, pantenool.<\/p>\n","protected":false},"excerpt":{"rendered":"<p>See p\u00f5letikuvastaste omadustega niisutav kreemmask on m\u00f5eldud spetsiaalselt \u00e4rritunud ja ebapuhta naha hoolduseks. Tulemuseks on \u00f5rn ja kaunis jume. Kreemmask hellitab nahka ning j\u00e4tab selle delikaatselt pehmeks ja siledaks. Sobib k\u00f5ikidele nahat\u00fc\u00fcpidele, eriti ebapuhtale, tundlikule, \u00e4rritunud ning punetustele kalduvale nahale. \u00a4 H\u00f5bedat ja pantenooli kasutatakse nahal stabiliseeriva ja antibakteriaalse toime saavutamiseks ning naha rahustamiseks. \u00a4 [&hellip;]<\/p>\n","protected":false},"featured_media":2664,"template":"","meta":{"_acf_changed":false},"product_cat":[248,147,114,128],"product_tag":[],"class_list":["post-2659","product","type-product","status-publish","has-post-thumbnail","hentry","product_cat-maskid-2","product_cat-kreemmaskid","product_cat-tootesarjad","product_cat-microsilver"],"acf":[],"yoast_head":"<!-- This site is optimized with the Yoast SEO plugin v25.4 - https:\/\/yoast.com\/wordpress\/plugins\/seo\/ -->\n<title>Ms Cream Mask - Beauty Institute<\/title>\n<meta name=\"robots\" content=\"index, follow, max-snippet:-1, max-image-preview:large, max-video-preview:-1\" \/>\n<link rel=\"canonical\" href=\"https:\/\/beautyinstitute.ee\/toode\/cream-mask\/\" \/>\n<meta property=\"og:locale\" content=\"ru_RU\" \/>\n<meta property=\"og:type\" content=\"article\" \/>\n<meta property=\"og:title\" content=\"Ms Cream Mask - Beauty Institute\" \/>\n<meta property=\"og:description\" content=\"See p\u00f5letikuvastaste omadustega niisutav kreemmask on m\u00f5eldud spetsiaalselt \u00e4rritunud ja ebapuhta naha hoolduseks. Tulemuseks on \u00f5rn ja kaunis jume. Kreemmask hellitab nahka ning j\u00e4tab selle delikaatselt pehmeks ja siledaks. Sobib k\u00f5ikidele nahat\u00fc\u00fcpidele, eriti ebapuhtale, tundlikule, \u00e4rritunud ning punetustele kalduvale nahale. \u00a4 H\u00f5bedat ja pantenooli kasutatakse nahal stabiliseeriva ja antibakteriaalse toime saavutamiseks ning naha rahustamiseks. \u00a4 [&hellip;]\" \/>\n<meta property=\"og:url\" content=\"https:\/\/beautyinstitute.ee\/toode\/cream-mask\/\" \/>\n<meta property=\"og:site_name\" content=\"Beauty Institute\" \/>\n<meta property=\"article:modified_time\" content=\"2026-04-28T11:00:04+00:00\" \/>\n<meta property=\"og:image\" content=\"https:\/\/beautyinstitute.ee\/wp-content\/uploads\/2019\/01\/101508.jpg\" \/>\n\t<meta property=\"og:image:width\" content=\"1500\" \/>\n\t<meta property=\"og:image:height\" content=\"1422\" \/>\n\t<meta property=\"og:image:type\" content=\"image\/jpeg\" \/>\n<meta name=\"twitter:card\" content=\"summary_large_image\" \/>\n<meta name=\"twitter:site\" content=\"@Beauty_Eesti\" \/>\n<script type=\"application\/ld+json\" class=\"yoast-schema-graph\">{\"@context\":\"https:\/\/schema.org\",\"@graph\":[{\"@type\":\"WebPage\",\"@id\":\"https:\/\/beautyinstitute.ee\/toode\/cream-mask\/\",\"url\":\"https:\/\/beautyinstitute.ee\/toode\/cream-mask\/\",\"name\":\"Ms Cream Mask - Beauty Institute\",\"isPartOf\":{\"@id\":\"https:\/\/beautyinstitute.ee\/#website\"},\"primaryImageOfPage\":{\"@id\":\"https:\/\/beautyinstitute.ee\/toode\/cream-mask\/#primaryimage\"},\"image\":{\"@id\":\"https:\/\/beautyinstitute.ee\/toode\/cream-mask\/#primaryimage\"},\"thumbnailUrl\":\"https:\/\/beautyinstitute.ee\/wp-content\/uploads\/2019\/01\/101508.jpg\",\"datePublished\":\"2019-01-22T13:40:11+00:00\",\"dateModified\":\"2026-04-28T11:00:04+00:00\",\"breadcrumb\":{\"@id\":\"https:\/\/beautyinstitute.ee\/toode\/cream-mask\/#breadcrumb\"},\"inLanguage\":\"ru-RU\",\"potentialAction\":[{\"@type\":\"ReadAction\",\"target\":[\"https:\/\/beautyinstitute.ee\/toode\/cream-mask\/\"]}]},{\"@type\":\"ImageObject\",\"inLanguage\":\"ru-RU\",\"@id\":\"https:\/\/beautyinstitute.ee\/toode\/cream-mask\/#primaryimage\",\"url\":\"https:\/\/beautyinstitute.ee\/wp-content\/uploads\/2019\/01\/101508.jpg\",\"contentUrl\":\"https:\/\/beautyinstitute.ee\/wp-content\/uploads\/2019\/01\/101508.jpg\",\"width\":1500,\"height\":1422},{\"@type\":\"BreadcrumbList\",\"@id\":\"https:\/\/beautyinstitute.ee\/toode\/cream-mask\/#breadcrumb\",\"itemListElement\":[{\"@type\":\"ListItem\",\"position\":1,\"name\":\"Home\",\"item\":\"https:\/\/beautyinstitute.ee\/ru\/\"},{\"@type\":\"ListItem\",\"position\":2,\"name\":\"E-pood\",\"item\":\"https:\/\/beautyinstitute.ee\/e-pood\/\"},{\"@type\":\"ListItem\",\"position\":3,\"name\":\"Ms Cream Mask\"}]},{\"@type\":\"WebSite\",\"@id\":\"https:\/\/beautyinstitute.ee\/#website\",\"url\":\"https:\/\/beautyinstitute.ee\/\",\"name\":\"Beauty Institute\",\"description\":\"CNC Cosmetic ametlik maaletooja ja edasim\u00fc\u00fcja Eestis, Soomes, L\u00e4tis. Aparaadikosmeetika, koolitused, kosmeetikatooted.\",\"potentialAction\":[{\"@type\":\"SearchAction\",\"target\":{\"@type\":\"EntryPoint\",\"urlTemplate\":\"https:\/\/beautyinstitute.ee\/?s={search_term_string}\"},\"query-input\":{\"@type\":\"PropertyValueSpecification\",\"valueRequired\":true,\"valueName\":\"search_term_string\"}}],\"inLanguage\":\"ru-RU\"}]}<\/script>\n<!-- \/ Yoast SEO plugin. -->","yoast_head_json":{"title":"Ms Cream Mask - Beauty Institute","robots":{"index":"index","follow":"follow","max-snippet":"max-snippet:-1","max-image-preview":"max-image-preview:large","max-video-preview":"max-video-preview:-1"},"canonical":"https:\/\/beautyinstitute.ee\/toode\/cream-mask\/","og_locale":"ru_RU","og_type":"article","og_title":"Ms Cream Mask - Beauty Institute","og_description":"See p\u00f5letikuvastaste omadustega niisutav kreemmask on m\u00f5eldud spetsiaalselt \u00e4rritunud ja ebapuhta naha hoolduseks. Tulemuseks on \u00f5rn ja kaunis jume. Kreemmask hellitab nahka ning j\u00e4tab selle delikaatselt pehmeks ja siledaks. Sobib k\u00f5ikidele nahat\u00fc\u00fcpidele, eriti ebapuhtale, tundlikule, \u00e4rritunud ning punetustele kalduvale nahale. \u00a4 H\u00f5bedat ja pantenooli kasutatakse nahal stabiliseeriva ja antibakteriaalse toime saavutamiseks ning naha rahustamiseks. \u00a4 [&hellip;]","og_url":"https:\/\/beautyinstitute.ee\/toode\/cream-mask\/","og_site_name":"Beauty Institute","article_modified_time":"2026-04-28T11:00:04+00:00","og_image":[{"width":1500,"height":1422,"url":"https:\/\/beautyinstitute.ee\/wp-content\/uploads\/2019\/01\/101508.jpg","type":"image\/jpeg"}],"twitter_card":"summary_large_image","twitter_site":"@Beauty_Eesti","schema":{"@context":"https:\/\/schema.org","@graph":[{"@type":"WebPage","@id":"https:\/\/beautyinstitute.ee\/toode\/cream-mask\/","url":"https:\/\/beautyinstitute.ee\/toode\/cream-mask\/","name":"Ms Cream Mask - Beauty Institute","isPartOf":{"@id":"https:\/\/beautyinstitute.ee\/#website"},"primaryImageOfPage":{"@id":"https:\/\/beautyinstitute.ee\/toode\/cream-mask\/#primaryimage"},"image":{"@id":"https:\/\/beautyinstitute.ee\/toode\/cream-mask\/#primaryimage"},"thumbnailUrl":"https:\/\/beautyinstitute.ee\/wp-content\/uploads\/2019\/01\/101508.jpg","datePublished":"2019-01-22T13:40:11+00:00","dateModified":"2026-04-28T11:00:04+00:00","breadcrumb":{"@id":"https:\/\/beautyinstitute.ee\/toode\/cream-mask\/#breadcrumb"},"inLanguage":"ru-RU","potentialAction":[{"@type":"ReadAction","target":["https:\/\/beautyinstitute.ee\/toode\/cream-mask\/"]}]},{"@type":"ImageObject","inLanguage":"ru-RU","@id":"https:\/\/beautyinstitute.ee\/toode\/cream-mask\/#primaryimage","url":"https:\/\/beautyinstitute.ee\/wp-content\/uploads\/2019\/01\/101508.jpg","contentUrl":"https:\/\/beautyinstitute.ee\/wp-content\/uploads\/2019\/01\/101508.jpg","width":1500,"height":1422},{"@type":"BreadcrumbList","@id":"https:\/\/beautyinstitute.ee\/toode\/cream-mask\/#breadcrumb","itemListElement":[{"@type":"ListItem","position":1,"name":"Home","item":"https:\/\/beautyinstitute.ee\/ru\/"},{"@type":"ListItem","position":2,"name":"E-pood","item":"https:\/\/beautyinstitute.ee\/e-pood\/"},{"@type":"ListItem","position":3,"name":"Ms Cream Mask"}]},{"@type":"WebSite","@id":"https:\/\/beautyinstitute.ee\/#website","url":"https:\/\/beautyinstitute.ee\/","name":"Beauty Institute","description":"CNC Cosmetic ametlik maaletooja ja edasim\u00fc\u00fcja Eestis, Soomes, L\u00e4tis. Aparaadikosmeetika, koolitused, kosmeetikatooted.","potentialAction":[{"@type":"SearchAction","target":{"@type":"EntryPoint","urlTemplate":"https:\/\/beautyinstitute.ee\/?s={search_term_string}"},"query-input":{"@type":"PropertyValueSpecification","valueRequired":true,"valueName":"search_term_string"}}],"inLanguage":"ru-RU"}]}},"_links":{"self":[{"href":"https:\/\/beautyinstitute.ee\/ru\/wp-json\/wp\/v2\/product\/2659","targetHints":{"allow":["GET"]}}],"collection":[{"href":"https:\/\/beautyinstitute.ee\/ru\/wp-json\/wp\/v2\/product"}],"about":[{"href":"https:\/\/beautyinstitute.ee\/ru\/wp-json\/wp\/v2\/types\/product"}],"wp:featuredmedia":[{"embeddable":true,"href":"https:\/\/beautyinstitute.ee\/ru\/wp-json\/wp\/v2\/media\/2664"}],"wp:attachment":[{"href":"https:\/\/beautyinstitute.ee\/ru\/wp-json\/wp\/v2\/media?parent=2659"}],"wp:term":[{"taxonomy":"product_cat","embeddable":true,"href":"https:\/\/beautyinstitute.ee\/ru\/wp-json\/wp\/v2\/product_cat?post=2659"},{"taxonomy":"product_tag","embeddable":true,"href":"https:\/\/beautyinstitute.ee\/ru\/wp-json\/wp\/v2\/product_tag?post=2659"}],"curies":[{"name":"wp","href":"https:\/\/api.w.org\/{rel}","templated":true}]}}