{"id":2666,"date":"2019-01-22T13:42:59","date_gmt":"2019-01-22T13:42:59","guid":{"rendered":"https:\/\/beautyinstitute.ee\/?post_type=product&#038;p=2666"},"modified":"2026-04-28T13:29:37","modified_gmt":"2026-04-28T10:29:37","slug":"peeling","status":"publish","type":"product","link":"https:\/\/beautyinstitute.ee\/ru\/toode\/peeling\/","title":{"rendered":"Ms Peeling"},"content":{"rendered":"<p>\u00d5rn ens\u00fcmaatiline koorija valmistab naha ette edasiseks hoolduseks. Toode eemaldab surnud naharakud ja s\u00fcgavpuhastab poore. MicroSilver BG &#x2122; koorijas sisalduvad ens\u00fc\u00fcmid on m\u00f5eldud rakkude metabolismi stimuleerimiseks ja naha uuenemise soodustamiseks.<\/p>\n<p><strong>Eelised:<\/strong><\/p>\n<ul>\n<li>viimistleb naha tekstuuri<\/li>\n<li>ergutab nahka ja suurendab edasise hoolduse toimet<\/li>\n<\/ul>\n<p><strong>Sobilik:<\/strong> k\u00f5ikidele nahat\u00fc\u00fcpidele.<\/p>\n<p><strong>Toimeained:<\/strong>\u00a0 tsink, papaia ekstrakt, sidruni \u00f5li, h\u00f5be.<\/p>\n","protected":false},"excerpt":{"rendered":"<p>\u00d5rn ens\u00fcmaatiline koorija valmistab naha ette edasiseks hoolduseks. Toode eemaldab surnud naharakud ja s\u00fcgavpuhastab poore. MicroSilver BG &#x2122; koorijas sisalduvad ens\u00fc\u00fcmid on m\u00f5eldud rakkude metabolismi stimuleerimiseks ja naha uuenemise soodustamiseks. Eelised: viimistleb naha tekstuuri ergutab nahka ja suurendab edasise hoolduse toimet Sobilik: k\u00f5ikidele nahat\u00fc\u00fcpidele. Toimeained:\u00a0 tsink, papaia ekstrakt, sidruni \u00f5li, h\u00f5be.<\/p>\n","protected":false},"featured_media":2671,"template":"","meta":{"_acf_changed":false},"product_cat":[247,261,114,128],"product_tag":[],"class_list":["post-2666","product","type-product","status-publish","has-post-thumbnail","hentry","product_cat-koorijad","product_cat-ensuum-koorijad","product_cat-tootesarjad","product_cat-microsilver"],"acf":[],"yoast_head":"<!-- This site is optimized with the Yoast SEO plugin v25.4 - https:\/\/yoast.com\/wordpress\/plugins\/seo\/ -->\n<title>Ms Peeling - Beauty Institute<\/title>\n<meta name=\"robots\" content=\"index, follow, max-snippet:-1, max-image-preview:large, max-video-preview:-1\" \/>\n<link rel=\"canonical\" href=\"https:\/\/beautyinstitute.ee\/toode\/peeling\/\" \/>\n<meta property=\"og:locale\" content=\"ru_RU\" \/>\n<meta property=\"og:type\" content=\"article\" \/>\n<meta property=\"og:title\" content=\"Ms Peeling - Beauty Institute\" \/>\n<meta property=\"og:description\" content=\"\u00d5rn ens\u00fcmaatiline koorija valmistab naha ette edasiseks hoolduseks. Toode eemaldab surnud naharakud ja s\u00fcgavpuhastab poore. MicroSilver BG &#x2122; koorijas sisalduvad ens\u00fc\u00fcmid on m\u00f5eldud rakkude metabolismi stimuleerimiseks ja naha uuenemise soodustamiseks. Eelised: viimistleb naha tekstuuri ergutab nahka ja suurendab edasise hoolduse toimet Sobilik: k\u00f5ikidele nahat\u00fc\u00fcpidele. Toimeained:\u00a0 tsink, papaia ekstrakt, sidruni \u00f5li, h\u00f5be.\" \/>\n<meta property=\"og:url\" content=\"https:\/\/beautyinstitute.ee\/toode\/peeling\/\" \/>\n<meta property=\"og:site_name\" content=\"Beauty Institute\" \/>\n<meta property=\"article:modified_time\" content=\"2026-04-28T10:29:37+00:00\" \/>\n<meta property=\"og:image\" content=\"https:\/\/beautyinstitute.ee\/wp-content\/uploads\/2019\/01\/101503.jpg\" \/>\n\t<meta property=\"og:image:width\" content=\"1500\" \/>\n\t<meta property=\"og:image:height\" content=\"1422\" \/>\n\t<meta property=\"og:image:type\" content=\"image\/jpeg\" \/>\n<meta name=\"twitter:card\" content=\"summary_large_image\" \/>\n<meta name=\"twitter:site\" content=\"@Beauty_Eesti\" \/>\n<meta name=\"twitter:label1\" content=\"\u041f\u0440\u0438\u043c\u0435\u0440\u043d\u043e\u0435 \u0432\u0440\u0435\u043c\u044f \u0434\u043b\u044f \u0447\u0442\u0435\u043d\u0438\u044f\" \/>\n\t<meta name=\"twitter:data1\" content=\"1 \u043c\u0438\u043d\u0443\u0442\u0430\" \/>\n<script type=\"application\/ld+json\" class=\"yoast-schema-graph\">{\"@context\":\"https:\/\/schema.org\",\"@graph\":[{\"@type\":\"WebPage\",\"@id\":\"https:\/\/beautyinstitute.ee\/toode\/peeling\/\",\"url\":\"https:\/\/beautyinstitute.ee\/toode\/peeling\/\",\"name\":\"Ms Peeling - Beauty Institute\",\"isPartOf\":{\"@id\":\"https:\/\/beautyinstitute.ee\/#website\"},\"primaryImageOfPage\":{\"@id\":\"https:\/\/beautyinstitute.ee\/toode\/peeling\/#primaryimage\"},\"image\":{\"@id\":\"https:\/\/beautyinstitute.ee\/toode\/peeling\/#primaryimage\"},\"thumbnailUrl\":\"https:\/\/beautyinstitute.ee\/wp-content\/uploads\/2019\/01\/101503.jpg\",\"datePublished\":\"2019-01-22T13:42:59+00:00\",\"dateModified\":\"2026-04-28T10:29:37+00:00\",\"breadcrumb\":{\"@id\":\"https:\/\/beautyinstitute.ee\/toode\/peeling\/#breadcrumb\"},\"inLanguage\":\"ru-RU\",\"potentialAction\":[{\"@type\":\"ReadAction\",\"target\":[\"https:\/\/beautyinstitute.ee\/toode\/peeling\/\"]}]},{\"@type\":\"ImageObject\",\"inLanguage\":\"ru-RU\",\"@id\":\"https:\/\/beautyinstitute.ee\/toode\/peeling\/#primaryimage\",\"url\":\"https:\/\/beautyinstitute.ee\/wp-content\/uploads\/2019\/01\/101503.jpg\",\"contentUrl\":\"https:\/\/beautyinstitute.ee\/wp-content\/uploads\/2019\/01\/101503.jpg\",\"width\":1500,\"height\":1422},{\"@type\":\"BreadcrumbList\",\"@id\":\"https:\/\/beautyinstitute.ee\/toode\/peeling\/#breadcrumb\",\"itemListElement\":[{\"@type\":\"ListItem\",\"position\":1,\"name\":\"Home\",\"item\":\"https:\/\/beautyinstitute.ee\/ru\/\"},{\"@type\":\"ListItem\",\"position\":2,\"name\":\"E-pood\",\"item\":\"https:\/\/beautyinstitute.ee\/e-pood\/\"},{\"@type\":\"ListItem\",\"position\":3,\"name\":\"Ms Peeling\"}]},{\"@type\":\"WebSite\",\"@id\":\"https:\/\/beautyinstitute.ee\/#website\",\"url\":\"https:\/\/beautyinstitute.ee\/\",\"name\":\"Beauty Institute\",\"description\":\"CNC Cosmetic ametlik maaletooja ja edasim\u00fc\u00fcja Eestis, Soomes, L\u00e4tis. Aparaadikosmeetika, koolitused, kosmeetikatooted.\",\"potentialAction\":[{\"@type\":\"SearchAction\",\"target\":{\"@type\":\"EntryPoint\",\"urlTemplate\":\"https:\/\/beautyinstitute.ee\/?s={search_term_string}\"},\"query-input\":{\"@type\":\"PropertyValueSpecification\",\"valueRequired\":true,\"valueName\":\"search_term_string\"}}],\"inLanguage\":\"ru-RU\"}]}<\/script>\n<!-- \/ Yoast SEO plugin. -->","yoast_head_json":{"title":"Ms Peeling - Beauty Institute","robots":{"index":"index","follow":"follow","max-snippet":"max-snippet:-1","max-image-preview":"max-image-preview:large","max-video-preview":"max-video-preview:-1"},"canonical":"https:\/\/beautyinstitute.ee\/toode\/peeling\/","og_locale":"ru_RU","og_type":"article","og_title":"Ms Peeling - Beauty Institute","og_description":"\u00d5rn ens\u00fcmaatiline koorija valmistab naha ette edasiseks hoolduseks. Toode eemaldab surnud naharakud ja s\u00fcgavpuhastab poore. MicroSilver BG &#x2122; koorijas sisalduvad ens\u00fc\u00fcmid on m\u00f5eldud rakkude metabolismi stimuleerimiseks ja naha uuenemise soodustamiseks. Eelised: viimistleb naha tekstuuri ergutab nahka ja suurendab edasise hoolduse toimet Sobilik: k\u00f5ikidele nahat\u00fc\u00fcpidele. Toimeained:\u00a0 tsink, papaia ekstrakt, sidruni \u00f5li, h\u00f5be.","og_url":"https:\/\/beautyinstitute.ee\/toode\/peeling\/","og_site_name":"Beauty Institute","article_modified_time":"2026-04-28T10:29:37+00:00","og_image":[{"width":1500,"height":1422,"url":"https:\/\/beautyinstitute.ee\/wp-content\/uploads\/2019\/01\/101503.jpg","type":"image\/jpeg"}],"twitter_card":"summary_large_image","twitter_site":"@Beauty_Eesti","twitter_misc":{"\u041f\u0440\u0438\u043c\u0435\u0440\u043d\u043e\u0435 \u0432\u0440\u0435\u043c\u044f \u0434\u043b\u044f \u0447\u0442\u0435\u043d\u0438\u044f":"1 \u043c\u0438\u043d\u0443\u0442\u0430"},"schema":{"@context":"https:\/\/schema.org","@graph":[{"@type":"WebPage","@id":"https:\/\/beautyinstitute.ee\/toode\/peeling\/","url":"https:\/\/beautyinstitute.ee\/toode\/peeling\/","name":"Ms Peeling - Beauty Institute","isPartOf":{"@id":"https:\/\/beautyinstitute.ee\/#website"},"primaryImageOfPage":{"@id":"https:\/\/beautyinstitute.ee\/toode\/peeling\/#primaryimage"},"image":{"@id":"https:\/\/beautyinstitute.ee\/toode\/peeling\/#primaryimage"},"thumbnailUrl":"https:\/\/beautyinstitute.ee\/wp-content\/uploads\/2019\/01\/101503.jpg","datePublished":"2019-01-22T13:42:59+00:00","dateModified":"2026-04-28T10:29:37+00:00","breadcrumb":{"@id":"https:\/\/beautyinstitute.ee\/toode\/peeling\/#breadcrumb"},"inLanguage":"ru-RU","potentialAction":[{"@type":"ReadAction","target":["https:\/\/beautyinstitute.ee\/toode\/peeling\/"]}]},{"@type":"ImageObject","inLanguage":"ru-RU","@id":"https:\/\/beautyinstitute.ee\/toode\/peeling\/#primaryimage","url":"https:\/\/beautyinstitute.ee\/wp-content\/uploads\/2019\/01\/101503.jpg","contentUrl":"https:\/\/beautyinstitute.ee\/wp-content\/uploads\/2019\/01\/101503.jpg","width":1500,"height":1422},{"@type":"BreadcrumbList","@id":"https:\/\/beautyinstitute.ee\/toode\/peeling\/#breadcrumb","itemListElement":[{"@type":"ListItem","position":1,"name":"Home","item":"https:\/\/beautyinstitute.ee\/ru\/"},{"@type":"ListItem","position":2,"name":"E-pood","item":"https:\/\/beautyinstitute.ee\/e-pood\/"},{"@type":"ListItem","position":3,"name":"Ms Peeling"}]},{"@type":"WebSite","@id":"https:\/\/beautyinstitute.ee\/#website","url":"https:\/\/beautyinstitute.ee\/","name":"Beauty Institute","description":"CNC Cosmetic ametlik maaletooja ja edasim\u00fc\u00fcja Eestis, Soomes, L\u00e4tis. Aparaadikosmeetika, koolitused, kosmeetikatooted.","potentialAction":[{"@type":"SearchAction","target":{"@type":"EntryPoint","urlTemplate":"https:\/\/beautyinstitute.ee\/?s={search_term_string}"},"query-input":{"@type":"PropertyValueSpecification","valueRequired":true,"valueName":"search_term_string"}}],"inLanguage":"ru-RU"}]}},"_links":{"self":[{"href":"https:\/\/beautyinstitute.ee\/ru\/wp-json\/wp\/v2\/product\/2666","targetHints":{"allow":["GET"]}}],"collection":[{"href":"https:\/\/beautyinstitute.ee\/ru\/wp-json\/wp\/v2\/product"}],"about":[{"href":"https:\/\/beautyinstitute.ee\/ru\/wp-json\/wp\/v2\/types\/product"}],"wp:featuredmedia":[{"embeddable":true,"href":"https:\/\/beautyinstitute.ee\/ru\/wp-json\/wp\/v2\/media\/2671"}],"wp:attachment":[{"href":"https:\/\/beautyinstitute.ee\/ru\/wp-json\/wp\/v2\/media?parent=2666"}],"wp:term":[{"taxonomy":"product_cat","embeddable":true,"href":"https:\/\/beautyinstitute.ee\/ru\/wp-json\/wp\/v2\/product_cat?post=2666"},{"taxonomy":"product_tag","embeddable":true,"href":"https:\/\/beautyinstitute.ee\/ru\/wp-json\/wp\/v2\/product_tag?post=2666"}],"curies":[{"name":"wp","href":"https:\/\/api.w.org\/{rel}","templated":true}]}}