{"id":2680,"date":"2019-01-22T15:53:01","date_gmt":"2019-01-22T13:53:01","guid":{"rendered":"https:\/\/beautyinstitute.ee\/?post_type=product&#038;p=2680"},"modified":"2026-04-28T16:47:01","modified_gmt":"2026-04-28T13:47:01","slug":"bodylotion","status":"publish","type":"product","link":"https:\/\/beautyinstitute.ee\/ru\/toode\/bodylotion\/","title":{"rendered":"Ms Bodylotion"},"content":{"rendered":"<p><strong>Microsilver<\/strong> on revolutsiooniline toimeaine, millel on erakordne j\u00f5ud!<\/p>\n<p>Niisutav ihupiim on loodud tundlikule, punetustele ja \u00e4rritustele kalduvale nahale. Puhas h\u00f5be, pantenool, looduslikud \u00f5lid ja saialilleekstrakt rahustavad nahka, niisutavad ning tugevdavad selle kaitsekihti. K\u00f5ige sobivam kreem pinges, kuivale ja ketendavale nahale. Nahka turgutav ja rahustav ihupiim igap\u00e4evaseks kasutamiseks.<\/p>\n<p><strong>Eelised:<\/strong><\/p>\n<ul>\n<li>niisutav nahahooldus koos antibakteraalse toimega<\/li>\n<li>tasakaalustab ja taastab nahafunktsiooni<\/li>\n<li>toidab nahka kogu p\u00e4eva v\u00e4ltel<\/li>\n<li>leevendab s\u00fcgelust<\/li>\n<\/ul>\n<p><strong>Sobilik:<\/strong> k\u00f5ikidele nahat\u00fc\u00fcpidele, igas vanuses.<\/p>\n<p><strong>Toimeained:<\/strong> h\u00f5be, pantenool, makadaamiap\u00e4hkli \u00f5li, avokaado \u00f5li, jojoba \u00f5li, saialill, E-vitamiin.<\/p>\n","protected":false},"excerpt":{"rendered":"<p>Microsilver on revolutsiooniline toimeaine, millel on erakordne j\u00f5ud! Niisutav ihupiim on loodud tundlikule, punetustele ja \u00e4rritustele kalduvale nahale. Puhas h\u00f5be, pantenool, looduslikud \u00f5lid ja saialilleekstrakt rahustavad nahka, niisutavad ning tugevdavad selle kaitsekihti. K\u00f5ige sobivam kreem pinges, kuivale ja ketendavale nahale. Nahka turgutav ja rahustav ihupiim igap\u00e4evaseks kasutamiseks. Eelised: niisutav nahahooldus koos antibakteraalse toimega tasakaalustab ja [&hellip;]<\/p>\n","protected":false},"featured_media":2681,"template":"","meta":{"_acf_changed":false},"product_cat":[256,114,128],"product_tag":[],"class_list":["post-2680","product","type-product","status-publish","has-post-thumbnail","hentry","product_cat-kehahooldustooted","product_cat-tootesarjad","product_cat-microsilver"],"acf":[],"yoast_head":"<!-- This site is optimized with the Yoast SEO plugin v25.4 - https:\/\/yoast.com\/wordpress\/plugins\/seo\/ -->\n<title>Ms Bodylotion - Beauty Institute<\/title>\n<meta name=\"robots\" content=\"index, follow, max-snippet:-1, max-image-preview:large, max-video-preview:-1\" \/>\n<link rel=\"canonical\" href=\"https:\/\/beautyinstitute.ee\/toode\/bodylotion\/\" \/>\n<meta property=\"og:locale\" content=\"ru_RU\" \/>\n<meta property=\"og:type\" content=\"article\" \/>\n<meta property=\"og:title\" content=\"Ms Bodylotion - Beauty Institute\" \/>\n<meta property=\"og:description\" content=\"Microsilver on revolutsiooniline toimeaine, millel on erakordne j\u00f5ud! Niisutav ihupiim on loodud tundlikule, punetustele ja \u00e4rritustele kalduvale nahale. Puhas h\u00f5be, pantenool, looduslikud \u00f5lid ja saialilleekstrakt rahustavad nahka, niisutavad ning tugevdavad selle kaitsekihti. K\u00f5ige sobivam kreem pinges, kuivale ja ketendavale nahale. Nahka turgutav ja rahustav ihupiim igap\u00e4evaseks kasutamiseks. Eelised: niisutav nahahooldus koos antibakteraalse toimega tasakaalustab ja [&hellip;]\" \/>\n<meta property=\"og:url\" content=\"https:\/\/beautyinstitute.ee\/toode\/bodylotion\/\" \/>\n<meta property=\"og:site_name\" content=\"Beauty Institute\" \/>\n<meta property=\"article:modified_time\" content=\"2026-04-28T13:47:01+00:00\" \/>\n<meta property=\"og:image\" content=\"https:\/\/beautyinstitute.ee\/wp-content\/uploads\/2019\/01\/101506.jpg\" \/>\n\t<meta property=\"og:image:width\" content=\"1500\" \/>\n\t<meta property=\"og:image:height\" content=\"1422\" \/>\n\t<meta property=\"og:image:type\" content=\"image\/jpeg\" \/>\n<meta name=\"twitter:card\" content=\"summary_large_image\" \/>\n<meta name=\"twitter:site\" content=\"@Beauty_Eesti\" \/>\n<script type=\"application\/ld+json\" class=\"yoast-schema-graph\">{\"@context\":\"https:\/\/schema.org\",\"@graph\":[{\"@type\":\"WebPage\",\"@id\":\"https:\/\/beautyinstitute.ee\/toode\/bodylotion\/\",\"url\":\"https:\/\/beautyinstitute.ee\/toode\/bodylotion\/\",\"name\":\"Ms Bodylotion - Beauty Institute\",\"isPartOf\":{\"@id\":\"https:\/\/beautyinstitute.ee\/#website\"},\"primaryImageOfPage\":{\"@id\":\"https:\/\/beautyinstitute.ee\/toode\/bodylotion\/#primaryimage\"},\"image\":{\"@id\":\"https:\/\/beautyinstitute.ee\/toode\/bodylotion\/#primaryimage\"},\"thumbnailUrl\":\"https:\/\/beautyinstitute.ee\/wp-content\/uploads\/2019\/01\/101506.jpg\",\"datePublished\":\"2019-01-22T13:53:01+00:00\",\"dateModified\":\"2026-04-28T13:47:01+00:00\",\"breadcrumb\":{\"@id\":\"https:\/\/beautyinstitute.ee\/toode\/bodylotion\/#breadcrumb\"},\"inLanguage\":\"ru-RU\",\"potentialAction\":[{\"@type\":\"ReadAction\",\"target\":[\"https:\/\/beautyinstitute.ee\/toode\/bodylotion\/\"]}]},{\"@type\":\"ImageObject\",\"inLanguage\":\"ru-RU\",\"@id\":\"https:\/\/beautyinstitute.ee\/toode\/bodylotion\/#primaryimage\",\"url\":\"https:\/\/beautyinstitute.ee\/wp-content\/uploads\/2019\/01\/101506.jpg\",\"contentUrl\":\"https:\/\/beautyinstitute.ee\/wp-content\/uploads\/2019\/01\/101506.jpg\",\"width\":1500,\"height\":1422},{\"@type\":\"BreadcrumbList\",\"@id\":\"https:\/\/beautyinstitute.ee\/toode\/bodylotion\/#breadcrumb\",\"itemListElement\":[{\"@type\":\"ListItem\",\"position\":1,\"name\":\"Home\",\"item\":\"https:\/\/beautyinstitute.ee\/ru\/\"},{\"@type\":\"ListItem\",\"position\":2,\"name\":\"E-pood\",\"item\":\"https:\/\/beautyinstitute.ee\/e-pood\/\"},{\"@type\":\"ListItem\",\"position\":3,\"name\":\"Ms Bodylotion\"}]},{\"@type\":\"WebSite\",\"@id\":\"https:\/\/beautyinstitute.ee\/#website\",\"url\":\"https:\/\/beautyinstitute.ee\/\",\"name\":\"Beauty Institute\",\"description\":\"CNC Cosmetic ametlik maaletooja ja edasim\u00fc\u00fcja Eestis, Soomes, L\u00e4tis. Aparaadikosmeetika, koolitused, kosmeetikatooted.\",\"potentialAction\":[{\"@type\":\"SearchAction\",\"target\":{\"@type\":\"EntryPoint\",\"urlTemplate\":\"https:\/\/beautyinstitute.ee\/?s={search_term_string}\"},\"query-input\":{\"@type\":\"PropertyValueSpecification\",\"valueRequired\":true,\"valueName\":\"search_term_string\"}}],\"inLanguage\":\"ru-RU\"}]}<\/script>\n<!-- \/ Yoast SEO plugin. -->","yoast_head_json":{"title":"Ms Bodylotion - Beauty Institute","robots":{"index":"index","follow":"follow","max-snippet":"max-snippet:-1","max-image-preview":"max-image-preview:large","max-video-preview":"max-video-preview:-1"},"canonical":"https:\/\/beautyinstitute.ee\/toode\/bodylotion\/","og_locale":"ru_RU","og_type":"article","og_title":"Ms Bodylotion - Beauty Institute","og_description":"Microsilver on revolutsiooniline toimeaine, millel on erakordne j\u00f5ud! Niisutav ihupiim on loodud tundlikule, punetustele ja \u00e4rritustele kalduvale nahale. Puhas h\u00f5be, pantenool, looduslikud \u00f5lid ja saialilleekstrakt rahustavad nahka, niisutavad ning tugevdavad selle kaitsekihti. K\u00f5ige sobivam kreem pinges, kuivale ja ketendavale nahale. Nahka turgutav ja rahustav ihupiim igap\u00e4evaseks kasutamiseks. Eelised: niisutav nahahooldus koos antibakteraalse toimega tasakaalustab ja [&hellip;]","og_url":"https:\/\/beautyinstitute.ee\/toode\/bodylotion\/","og_site_name":"Beauty Institute","article_modified_time":"2026-04-28T13:47:01+00:00","og_image":[{"width":1500,"height":1422,"url":"https:\/\/beautyinstitute.ee\/wp-content\/uploads\/2019\/01\/101506.jpg","type":"image\/jpeg"}],"twitter_card":"summary_large_image","twitter_site":"@Beauty_Eesti","schema":{"@context":"https:\/\/schema.org","@graph":[{"@type":"WebPage","@id":"https:\/\/beautyinstitute.ee\/toode\/bodylotion\/","url":"https:\/\/beautyinstitute.ee\/toode\/bodylotion\/","name":"Ms Bodylotion - Beauty Institute","isPartOf":{"@id":"https:\/\/beautyinstitute.ee\/#website"},"primaryImageOfPage":{"@id":"https:\/\/beautyinstitute.ee\/toode\/bodylotion\/#primaryimage"},"image":{"@id":"https:\/\/beautyinstitute.ee\/toode\/bodylotion\/#primaryimage"},"thumbnailUrl":"https:\/\/beautyinstitute.ee\/wp-content\/uploads\/2019\/01\/101506.jpg","datePublished":"2019-01-22T13:53:01+00:00","dateModified":"2026-04-28T13:47:01+00:00","breadcrumb":{"@id":"https:\/\/beautyinstitute.ee\/toode\/bodylotion\/#breadcrumb"},"inLanguage":"ru-RU","potentialAction":[{"@type":"ReadAction","target":["https:\/\/beautyinstitute.ee\/toode\/bodylotion\/"]}]},{"@type":"ImageObject","inLanguage":"ru-RU","@id":"https:\/\/beautyinstitute.ee\/toode\/bodylotion\/#primaryimage","url":"https:\/\/beautyinstitute.ee\/wp-content\/uploads\/2019\/01\/101506.jpg","contentUrl":"https:\/\/beautyinstitute.ee\/wp-content\/uploads\/2019\/01\/101506.jpg","width":1500,"height":1422},{"@type":"BreadcrumbList","@id":"https:\/\/beautyinstitute.ee\/toode\/bodylotion\/#breadcrumb","itemListElement":[{"@type":"ListItem","position":1,"name":"Home","item":"https:\/\/beautyinstitute.ee\/ru\/"},{"@type":"ListItem","position":2,"name":"E-pood","item":"https:\/\/beautyinstitute.ee\/e-pood\/"},{"@type":"ListItem","position":3,"name":"Ms Bodylotion"}]},{"@type":"WebSite","@id":"https:\/\/beautyinstitute.ee\/#website","url":"https:\/\/beautyinstitute.ee\/","name":"Beauty Institute","description":"CNC Cosmetic ametlik maaletooja ja edasim\u00fc\u00fcja Eestis, Soomes, L\u00e4tis. Aparaadikosmeetika, koolitused, kosmeetikatooted.","potentialAction":[{"@type":"SearchAction","target":{"@type":"EntryPoint","urlTemplate":"https:\/\/beautyinstitute.ee\/?s={search_term_string}"},"query-input":{"@type":"PropertyValueSpecification","valueRequired":true,"valueName":"search_term_string"}}],"inLanguage":"ru-RU"}]}},"_links":{"self":[{"href":"https:\/\/beautyinstitute.ee\/ru\/wp-json\/wp\/v2\/product\/2680","targetHints":{"allow":["GET"]}}],"collection":[{"href":"https:\/\/beautyinstitute.ee\/ru\/wp-json\/wp\/v2\/product"}],"about":[{"href":"https:\/\/beautyinstitute.ee\/ru\/wp-json\/wp\/v2\/types\/product"}],"wp:featuredmedia":[{"embeddable":true,"href":"https:\/\/beautyinstitute.ee\/ru\/wp-json\/wp\/v2\/media\/2681"}],"wp:attachment":[{"href":"https:\/\/beautyinstitute.ee\/ru\/wp-json\/wp\/v2\/media?parent=2680"}],"wp:term":[{"taxonomy":"product_cat","embeddable":true,"href":"https:\/\/beautyinstitute.ee\/ru\/wp-json\/wp\/v2\/product_cat?post=2680"},{"taxonomy":"product_tag","embeddable":true,"href":"https:\/\/beautyinstitute.ee\/ru\/wp-json\/wp\/v2\/product_tag?post=2680"}],"curies":[{"name":"wp","href":"https:\/\/api.w.org\/{rel}","templated":true}]}}