{"id":2683,"date":"2019-01-22T14:11:32","date_gmt":"2019-01-22T14:11:32","guid":{"rendered":"https:\/\/beautyinstitute.ee\/?post_type=product&#038;p=2683"},"modified":"2026-04-28T13:50:32","modified_gmt":"2026-04-28T10:50:32","slug":"face-wash","status":"publish","type":"product","link":"https:\/\/beautyinstitute.ee\/ru\/toode\/face-wash\/","title":{"rendered":"Ms Face Wash"},"content":{"rendered":"<p>Mahe puhastusgeel aitab avada ummistunud poorid ja reguleerib rasu tootmist. Rahustav toime \u00e4rritustele ja p\u00f5letikele tagab puhta ja klaari naha tunde. Ultrapuhtal h\u00f5bedal on desinfitseeriv, viirusevastane ja fungitsiidne toime.<\/p>\n<p><strong>Eelised:<\/strong><\/p>\n<ul>\n<li>aitab normaliseerida liigset rasu tootmist<\/li>\n<li>naha\u00e4rrituste ja p\u00f5letikuliste protsesside leevendaja<\/li>\n<li>stabiliseerib naha kaitsekihti<\/li>\n<li>intensiivne, kuid \u00f5rn puhastusgeel<\/li>\n<\/ul>\n<p><strong>Sobilik:<\/strong> igat t\u00fc\u00fcpi ja vanuses nahale. Eriti rasusele ja probleemsele nahale.<\/p>\n<p><strong>Toimeained:<\/strong> koko-gl\u00fckosiidid, h\u00f5be, gl\u00fctseriin, limoneen.<\/p>\n","protected":false},"excerpt":{"rendered":"<p>Mahe puhastusgeel aitab avada ummistunud poorid ja reguleerib rasu tootmist. Rahustav toime \u00e4rritustele ja p\u00f5letikele tagab puhta ja klaari naha tunde. Ultrapuhtal h\u00f5bedal on desinfitseeriv, viirusevastane ja fungitsiidne toime. Eelised: aitab normaliseerida liigset rasu tootmist naha\u00e4rrituste ja p\u00f5letikuliste protsesside leevendaja stabiliseerib naha kaitsekihti intensiivne, kuid \u00f5rn puhastusgeel Sobilik: igat t\u00fc\u00fcpi ja vanuses nahale. Eriti rasusele [&hellip;]<\/p>\n","protected":false},"featured_media":2688,"template":"","meta":{"_acf_changed":false},"product_cat":[245,114,128],"product_tag":[],"class_list":["post-2683","product","type-product","status-publish","has-post-thumbnail","hentry","product_cat-puhastustooted","product_cat-tootesarjad","product_cat-microsilver"],"acf":[],"yoast_head":"<!-- This site is optimized with the Yoast SEO plugin v25.4 - https:\/\/yoast.com\/wordpress\/plugins\/seo\/ -->\n<title>Ms Face Wash - Beauty Institute<\/title>\n<meta name=\"robots\" content=\"index, follow, max-snippet:-1, max-image-preview:large, max-video-preview:-1\" \/>\n<link rel=\"canonical\" href=\"https:\/\/beautyinstitute.ee\/toode\/face-wash\/\" \/>\n<meta property=\"og:locale\" content=\"ru_RU\" \/>\n<meta property=\"og:type\" content=\"article\" \/>\n<meta property=\"og:title\" content=\"Ms Face Wash - Beauty Institute\" \/>\n<meta property=\"og:description\" content=\"Mahe puhastusgeel aitab avada ummistunud poorid ja reguleerib rasu tootmist. Rahustav toime \u00e4rritustele ja p\u00f5letikele tagab puhta ja klaari naha tunde. Ultrapuhtal h\u00f5bedal on desinfitseeriv, viirusevastane ja fungitsiidne toime. Eelised: aitab normaliseerida liigset rasu tootmist naha\u00e4rrituste ja p\u00f5letikuliste protsesside leevendaja stabiliseerib naha kaitsekihti intensiivne, kuid \u00f5rn puhastusgeel Sobilik: igat t\u00fc\u00fcpi ja vanuses nahale. Eriti rasusele [&hellip;]\" \/>\n<meta property=\"og:url\" content=\"https:\/\/beautyinstitute.ee\/toode\/face-wash\/\" \/>\n<meta property=\"og:site_name\" content=\"Beauty Institute\" \/>\n<meta property=\"article:modified_time\" content=\"2026-04-28T10:50:32+00:00\" \/>\n<meta property=\"og:image\" content=\"https:\/\/beautyinstitute.ee\/wp-content\/uploads\/2019\/01\/101517.jpg\" \/>\n\t<meta property=\"og:image:width\" content=\"1000\" \/>\n\t<meta property=\"og:image:height\" content=\"948\" \/>\n\t<meta property=\"og:image:type\" content=\"image\/jpeg\" \/>\n<meta name=\"twitter:card\" content=\"summary_large_image\" \/>\n<meta name=\"twitter:site\" content=\"@Beauty_Eesti\" \/>\n<meta name=\"twitter:label1\" content=\"\u041f\u0440\u0438\u043c\u0435\u0440\u043d\u043e\u0435 \u0432\u0440\u0435\u043c\u044f \u0434\u043b\u044f \u0447\u0442\u0435\u043d\u0438\u044f\" \/>\n\t<meta name=\"twitter:data1\" content=\"1 \u043c\u0438\u043d\u0443\u0442\u0430\" \/>\n<script type=\"application\/ld+json\" class=\"yoast-schema-graph\">{\"@context\":\"https:\/\/schema.org\",\"@graph\":[{\"@type\":\"WebPage\",\"@id\":\"https:\/\/beautyinstitute.ee\/toode\/face-wash\/\",\"url\":\"https:\/\/beautyinstitute.ee\/toode\/face-wash\/\",\"name\":\"Ms Face Wash - Beauty Institute\",\"isPartOf\":{\"@id\":\"https:\/\/beautyinstitute.ee\/#website\"},\"primaryImageOfPage\":{\"@id\":\"https:\/\/beautyinstitute.ee\/toode\/face-wash\/#primaryimage\"},\"image\":{\"@id\":\"https:\/\/beautyinstitute.ee\/toode\/face-wash\/#primaryimage\"},\"thumbnailUrl\":\"https:\/\/beautyinstitute.ee\/wp-content\/uploads\/2019\/01\/101517.jpg\",\"datePublished\":\"2019-01-22T14:11:32+00:00\",\"dateModified\":\"2026-04-28T10:50:32+00:00\",\"breadcrumb\":{\"@id\":\"https:\/\/beautyinstitute.ee\/toode\/face-wash\/#breadcrumb\"},\"inLanguage\":\"ru-RU\",\"potentialAction\":[{\"@type\":\"ReadAction\",\"target\":[\"https:\/\/beautyinstitute.ee\/toode\/face-wash\/\"]}]},{\"@type\":\"ImageObject\",\"inLanguage\":\"ru-RU\",\"@id\":\"https:\/\/beautyinstitute.ee\/toode\/face-wash\/#primaryimage\",\"url\":\"https:\/\/beautyinstitute.ee\/wp-content\/uploads\/2019\/01\/101517.jpg\",\"contentUrl\":\"https:\/\/beautyinstitute.ee\/wp-content\/uploads\/2019\/01\/101517.jpg\",\"width\":1000,\"height\":948},{\"@type\":\"BreadcrumbList\",\"@id\":\"https:\/\/beautyinstitute.ee\/toode\/face-wash\/#breadcrumb\",\"itemListElement\":[{\"@type\":\"ListItem\",\"position\":1,\"name\":\"Home\",\"item\":\"https:\/\/beautyinstitute.ee\/ru\/\"},{\"@type\":\"ListItem\",\"position\":2,\"name\":\"E-pood\",\"item\":\"https:\/\/beautyinstitute.ee\/e-pood\/\"},{\"@type\":\"ListItem\",\"position\":3,\"name\":\"Ms Face Wash\"}]},{\"@type\":\"WebSite\",\"@id\":\"https:\/\/beautyinstitute.ee\/#website\",\"url\":\"https:\/\/beautyinstitute.ee\/\",\"name\":\"Beauty Institute\",\"description\":\"CNC Cosmetic ametlik maaletooja ja edasim\u00fc\u00fcja Eestis, Soomes, L\u00e4tis. Aparaadikosmeetika, koolitused, kosmeetikatooted.\",\"potentialAction\":[{\"@type\":\"SearchAction\",\"target\":{\"@type\":\"EntryPoint\",\"urlTemplate\":\"https:\/\/beautyinstitute.ee\/?s={search_term_string}\"},\"query-input\":{\"@type\":\"PropertyValueSpecification\",\"valueRequired\":true,\"valueName\":\"search_term_string\"}}],\"inLanguage\":\"ru-RU\"}]}<\/script>\n<!-- \/ Yoast SEO plugin. -->","yoast_head_json":{"title":"Ms Face Wash - Beauty Institute","robots":{"index":"index","follow":"follow","max-snippet":"max-snippet:-1","max-image-preview":"max-image-preview:large","max-video-preview":"max-video-preview:-1"},"canonical":"https:\/\/beautyinstitute.ee\/toode\/face-wash\/","og_locale":"ru_RU","og_type":"article","og_title":"Ms Face Wash - Beauty Institute","og_description":"Mahe puhastusgeel aitab avada ummistunud poorid ja reguleerib rasu tootmist. Rahustav toime \u00e4rritustele ja p\u00f5letikele tagab puhta ja klaari naha tunde. Ultrapuhtal h\u00f5bedal on desinfitseeriv, viirusevastane ja fungitsiidne toime. Eelised: aitab normaliseerida liigset rasu tootmist naha\u00e4rrituste ja p\u00f5letikuliste protsesside leevendaja stabiliseerib naha kaitsekihti intensiivne, kuid \u00f5rn puhastusgeel Sobilik: igat t\u00fc\u00fcpi ja vanuses nahale. Eriti rasusele [&hellip;]","og_url":"https:\/\/beautyinstitute.ee\/toode\/face-wash\/","og_site_name":"Beauty Institute","article_modified_time":"2026-04-28T10:50:32+00:00","og_image":[{"width":1000,"height":948,"url":"https:\/\/beautyinstitute.ee\/wp-content\/uploads\/2019\/01\/101517.jpg","type":"image\/jpeg"}],"twitter_card":"summary_large_image","twitter_site":"@Beauty_Eesti","twitter_misc":{"\u041f\u0440\u0438\u043c\u0435\u0440\u043d\u043e\u0435 \u0432\u0440\u0435\u043c\u044f \u0434\u043b\u044f \u0447\u0442\u0435\u043d\u0438\u044f":"1 \u043c\u0438\u043d\u0443\u0442\u0430"},"schema":{"@context":"https:\/\/schema.org","@graph":[{"@type":"WebPage","@id":"https:\/\/beautyinstitute.ee\/toode\/face-wash\/","url":"https:\/\/beautyinstitute.ee\/toode\/face-wash\/","name":"Ms Face Wash - Beauty Institute","isPartOf":{"@id":"https:\/\/beautyinstitute.ee\/#website"},"primaryImageOfPage":{"@id":"https:\/\/beautyinstitute.ee\/toode\/face-wash\/#primaryimage"},"image":{"@id":"https:\/\/beautyinstitute.ee\/toode\/face-wash\/#primaryimage"},"thumbnailUrl":"https:\/\/beautyinstitute.ee\/wp-content\/uploads\/2019\/01\/101517.jpg","datePublished":"2019-01-22T14:11:32+00:00","dateModified":"2026-04-28T10:50:32+00:00","breadcrumb":{"@id":"https:\/\/beautyinstitute.ee\/toode\/face-wash\/#breadcrumb"},"inLanguage":"ru-RU","potentialAction":[{"@type":"ReadAction","target":["https:\/\/beautyinstitute.ee\/toode\/face-wash\/"]}]},{"@type":"ImageObject","inLanguage":"ru-RU","@id":"https:\/\/beautyinstitute.ee\/toode\/face-wash\/#primaryimage","url":"https:\/\/beautyinstitute.ee\/wp-content\/uploads\/2019\/01\/101517.jpg","contentUrl":"https:\/\/beautyinstitute.ee\/wp-content\/uploads\/2019\/01\/101517.jpg","width":1000,"height":948},{"@type":"BreadcrumbList","@id":"https:\/\/beautyinstitute.ee\/toode\/face-wash\/#breadcrumb","itemListElement":[{"@type":"ListItem","position":1,"name":"Home","item":"https:\/\/beautyinstitute.ee\/ru\/"},{"@type":"ListItem","position":2,"name":"E-pood","item":"https:\/\/beautyinstitute.ee\/e-pood\/"},{"@type":"ListItem","position":3,"name":"Ms Face Wash"}]},{"@type":"WebSite","@id":"https:\/\/beautyinstitute.ee\/#website","url":"https:\/\/beautyinstitute.ee\/","name":"Beauty Institute","description":"CNC Cosmetic ametlik maaletooja ja edasim\u00fc\u00fcja Eestis, Soomes, L\u00e4tis. Aparaadikosmeetika, koolitused, kosmeetikatooted.","potentialAction":[{"@type":"SearchAction","target":{"@type":"EntryPoint","urlTemplate":"https:\/\/beautyinstitute.ee\/?s={search_term_string}"},"query-input":{"@type":"PropertyValueSpecification","valueRequired":true,"valueName":"search_term_string"}}],"inLanguage":"ru-RU"}]}},"_links":{"self":[{"href":"https:\/\/beautyinstitute.ee\/ru\/wp-json\/wp\/v2\/product\/2683","targetHints":{"allow":["GET"]}}],"collection":[{"href":"https:\/\/beautyinstitute.ee\/ru\/wp-json\/wp\/v2\/product"}],"about":[{"href":"https:\/\/beautyinstitute.ee\/ru\/wp-json\/wp\/v2\/types\/product"}],"wp:featuredmedia":[{"embeddable":true,"href":"https:\/\/beautyinstitute.ee\/ru\/wp-json\/wp\/v2\/media\/2688"}],"wp:attachment":[{"href":"https:\/\/beautyinstitute.ee\/ru\/wp-json\/wp\/v2\/media?parent=2683"}],"wp:term":[{"taxonomy":"product_cat","embeddable":true,"href":"https:\/\/beautyinstitute.ee\/ru\/wp-json\/wp\/v2\/product_cat?post=2683"},{"taxonomy":"product_tag","embeddable":true,"href":"https:\/\/beautyinstitute.ee\/ru\/wp-json\/wp\/v2\/product_tag?post=2683"}],"curies":[{"name":"wp","href":"https:\/\/api.w.org\/{rel}","templated":true}]}}