{"id":2693,"date":"2019-01-22T14:34:59","date_gmt":"2019-01-22T12:34:59","guid":{"rendered":"https:\/\/beautyinstitute.ee\/?post_type=product&#038;p=2693"},"modified":"2026-04-23T13:17:28","modified_gmt":"2026-04-23T10:17:28","slug":"visible-eye-contour-lift","status":"publish","type":"product","link":"https:\/\/beautyinstitute.ee\/ru\/toode\/visible-eye-contour-lift\/","title":{"rendered":"Visible Eye Contour Lift"},"content":{"rendered":"<p><strong>V\u00e4ga eriline toitev emulsioon silma piirkonnale.<\/strong><\/p>\n<p>Ideaalne kortsude ja longus naha raviks. Aitab tumedate, stressis ja v\u00e4sinud silma-aluste vastu. Kasutatakse ka silma-aluste veenide tugevdamiseks (telangiektaasia, kuperoosa). Niisutab nahka intensiivselt, tugevdab nahka, kaitseb vabade radikaalide eest.<\/p>\n<p><strong>Eelised:<\/strong><\/p>\n<ul>\n<li>pehmendab olemasolevaid kortsujooni<\/li>\n<li>ideaalne elastsuse ja kohevuse v\u00e4henemisel<\/li>\n<li>hoolitseb ja kaitseb eriti tundlikku silma piirkonda<\/li>\n<\/ul>\n<p><strong>Sobilik:\u00a0<\/strong>n\u00f5udlik, k\u00fcps nahk, mis vajab taastumist, h\u00fcperpigmenteeritud nahk.<br \/>\n<strong>Toimeained:<\/strong> lagritsa ekstrakt, kaera ekstrakt, h\u00fcaluroonhape, cantella asiatic, D-pantenool, genistein, aloe vera ekstrakt, keramiidid, E-vitamiini atsetaat, escin, lihuniku lille\u00a0 ekstrakt.<\/p>\n","protected":false},"excerpt":{"rendered":"<p>V\u00e4ga eriline toitev emulsioon silma piirkonnale. Ideaalne kortsude ja longus naha raviks. Aitab tumedate, stressis ja v\u00e4sinud silma-aluste vastu. Kasutatakse ka silma-aluste veenide tugevdamiseks (telangiektaasia, kuperoosa). Niisutab nahka intensiivselt, tugevdab nahka, kaitseb vabade radikaalide eest. Eelised: pehmendab olemasolevaid kortsujooni ideaalne elastsuse ja kohevuse v\u00e4henemisel hoolitseb ja kaitseb eriti tundlikku silma piirkonda Sobilik:\u00a0n\u00f5udlik, k\u00fcps nahk, mis [&hellip;]<\/p>\n","protected":false},"featured_media":11625,"template":"","meta":{"_acf_changed":false},"product_cat":[251,114,118],"product_tag":[],"class_list":["post-2693","product","type-product","status-publish","has-post-thumbnail","hentry","product_cat-silmakreemid","product_cat-tootesarjad","product_cat-aesthetic-world"],"acf":[],"yoast_head":"<!-- This site is optimized with the Yoast SEO plugin v25.4 - https:\/\/yoast.com\/wordpress\/plugins\/seo\/ -->\n<title>Visible Eye Contour Lift - Beauty Institute<\/title>\n<meta name=\"robots\" content=\"index, follow, max-snippet:-1, max-image-preview:large, max-video-preview:-1\" \/>\n<link rel=\"canonical\" href=\"https:\/\/beautyinstitute.ee\/toode\/visible-eye-contour-lift\/\" \/>\n<meta property=\"og:locale\" content=\"ru_RU\" \/>\n<meta property=\"og:type\" content=\"article\" \/>\n<meta property=\"og:title\" content=\"Visible Eye Contour Lift - Beauty Institute\" \/>\n<meta property=\"og:description\" content=\"V\u00e4ga eriline toitev emulsioon silma piirkonnale. Ideaalne kortsude ja longus naha raviks. Aitab tumedate, stressis ja v\u00e4sinud silma-aluste vastu. Kasutatakse ka silma-aluste veenide tugevdamiseks (telangiektaasia, kuperoosa). Niisutab nahka intensiivselt, tugevdab nahka, kaitseb vabade radikaalide eest. Eelised: pehmendab olemasolevaid kortsujooni ideaalne elastsuse ja kohevuse v\u00e4henemisel hoolitseb ja kaitseb eriti tundlikku silma piirkonda Sobilik:\u00a0n\u00f5udlik, k\u00fcps nahk, mis [&hellip;]\" \/>\n<meta property=\"og:url\" content=\"https:\/\/beautyinstitute.ee\/toode\/visible-eye-contour-lift\/\" \/>\n<meta property=\"og:site_name\" content=\"Beauty Institute\" \/>\n<meta property=\"article:modified_time\" content=\"2026-04-23T10:17:28+00:00\" \/>\n<meta property=\"og:image\" content=\"https:\/\/beautyinstitute.ee\/wp-content\/uploads\/2019\/01\/visible-eye-conur-lift.jpg\" \/>\n\t<meta property=\"og:image:width\" content=\"750\" \/>\n\t<meta property=\"og:image:height\" content=\"711\" \/>\n\t<meta property=\"og:image:type\" content=\"image\/jpeg\" \/>\n<meta name=\"twitter:card\" content=\"summary_large_image\" \/>\n<meta name=\"twitter:site\" content=\"@Beauty_Eesti\" \/>\n<meta name=\"twitter:label1\" content=\"\u041f\u0440\u0438\u043c\u0435\u0440\u043d\u043e\u0435 \u0432\u0440\u0435\u043c\u044f \u0434\u043b\u044f \u0447\u0442\u0435\u043d\u0438\u044f\" \/>\n\t<meta name=\"twitter:data1\" content=\"1 \u043c\u0438\u043d\u0443\u0442\u0430\" \/>\n<script type=\"application\/ld+json\" class=\"yoast-schema-graph\">{\"@context\":\"https:\/\/schema.org\",\"@graph\":[{\"@type\":\"WebPage\",\"@id\":\"https:\/\/beautyinstitute.ee\/toode\/visible-eye-contour-lift\/\",\"url\":\"https:\/\/beautyinstitute.ee\/toode\/visible-eye-contour-lift\/\",\"name\":\"Visible Eye Contour Lift - Beauty Institute\",\"isPartOf\":{\"@id\":\"https:\/\/beautyinstitute.ee\/#website\"},\"primaryImageOfPage\":{\"@id\":\"https:\/\/beautyinstitute.ee\/toode\/visible-eye-contour-lift\/#primaryimage\"},\"image\":{\"@id\":\"https:\/\/beautyinstitute.ee\/toode\/visible-eye-contour-lift\/#primaryimage\"},\"thumbnailUrl\":\"https:\/\/beautyinstitute.ee\/wp-content\/uploads\/2019\/01\/visible-eye-conur-lift.jpg\",\"datePublished\":\"2019-01-22T12:34:59+00:00\",\"dateModified\":\"2026-04-23T10:17:28+00:00\",\"breadcrumb\":{\"@id\":\"https:\/\/beautyinstitute.ee\/toode\/visible-eye-contour-lift\/#breadcrumb\"},\"inLanguage\":\"ru-RU\",\"potentialAction\":[{\"@type\":\"ReadAction\",\"target\":[\"https:\/\/beautyinstitute.ee\/toode\/visible-eye-contour-lift\/\"]}]},{\"@type\":\"ImageObject\",\"inLanguage\":\"ru-RU\",\"@id\":\"https:\/\/beautyinstitute.ee\/toode\/visible-eye-contour-lift\/#primaryimage\",\"url\":\"https:\/\/beautyinstitute.ee\/wp-content\/uploads\/2019\/01\/visible-eye-conur-lift.jpg\",\"contentUrl\":\"https:\/\/beautyinstitute.ee\/wp-content\/uploads\/2019\/01\/visible-eye-conur-lift.jpg\",\"width\":750,\"height\":711},{\"@type\":\"BreadcrumbList\",\"@id\":\"https:\/\/beautyinstitute.ee\/toode\/visible-eye-contour-lift\/#breadcrumb\",\"itemListElement\":[{\"@type\":\"ListItem\",\"position\":1,\"name\":\"Home\",\"item\":\"https:\/\/beautyinstitute.ee\/ru\/\"},{\"@type\":\"ListItem\",\"position\":2,\"name\":\"E-pood\",\"item\":\"https:\/\/beautyinstitute.ee\/e-pood\/\"},{\"@type\":\"ListItem\",\"position\":3,\"name\":\"Visible Eye Contour Lift\"}]},{\"@type\":\"WebSite\",\"@id\":\"https:\/\/beautyinstitute.ee\/#website\",\"url\":\"https:\/\/beautyinstitute.ee\/\",\"name\":\"Beauty Institute\",\"description\":\"CNC Cosmetic ametlik maaletooja ja edasim\u00fc\u00fcja Eestis, Soomes, L\u00e4tis. Aparaadikosmeetika, koolitused, kosmeetikatooted.\",\"potentialAction\":[{\"@type\":\"SearchAction\",\"target\":{\"@type\":\"EntryPoint\",\"urlTemplate\":\"https:\/\/beautyinstitute.ee\/?s={search_term_string}\"},\"query-input\":{\"@type\":\"PropertyValueSpecification\",\"valueRequired\":true,\"valueName\":\"search_term_string\"}}],\"inLanguage\":\"ru-RU\"}]}<\/script>\n<!-- \/ Yoast SEO plugin. -->","yoast_head_json":{"title":"Visible Eye Contour Lift - Beauty Institute","robots":{"index":"index","follow":"follow","max-snippet":"max-snippet:-1","max-image-preview":"max-image-preview:large","max-video-preview":"max-video-preview:-1"},"canonical":"https:\/\/beautyinstitute.ee\/toode\/visible-eye-contour-lift\/","og_locale":"ru_RU","og_type":"article","og_title":"Visible Eye Contour Lift - Beauty Institute","og_description":"V\u00e4ga eriline toitev emulsioon silma piirkonnale. Ideaalne kortsude ja longus naha raviks. Aitab tumedate, stressis ja v\u00e4sinud silma-aluste vastu. Kasutatakse ka silma-aluste veenide tugevdamiseks (telangiektaasia, kuperoosa). Niisutab nahka intensiivselt, tugevdab nahka, kaitseb vabade radikaalide eest. Eelised: pehmendab olemasolevaid kortsujooni ideaalne elastsuse ja kohevuse v\u00e4henemisel hoolitseb ja kaitseb eriti tundlikku silma piirkonda Sobilik:\u00a0n\u00f5udlik, k\u00fcps nahk, mis [&hellip;]","og_url":"https:\/\/beautyinstitute.ee\/toode\/visible-eye-contour-lift\/","og_site_name":"Beauty Institute","article_modified_time":"2026-04-23T10:17:28+00:00","og_image":[{"width":750,"height":711,"url":"https:\/\/beautyinstitute.ee\/wp-content\/uploads\/2019\/01\/visible-eye-conur-lift.jpg","type":"image\/jpeg"}],"twitter_card":"summary_large_image","twitter_site":"@Beauty_Eesti","twitter_misc":{"\u041f\u0440\u0438\u043c\u0435\u0440\u043d\u043e\u0435 \u0432\u0440\u0435\u043c\u044f \u0434\u043b\u044f \u0447\u0442\u0435\u043d\u0438\u044f":"1 \u043c\u0438\u043d\u0443\u0442\u0430"},"schema":{"@context":"https:\/\/schema.org","@graph":[{"@type":"WebPage","@id":"https:\/\/beautyinstitute.ee\/toode\/visible-eye-contour-lift\/","url":"https:\/\/beautyinstitute.ee\/toode\/visible-eye-contour-lift\/","name":"Visible Eye Contour Lift - Beauty Institute","isPartOf":{"@id":"https:\/\/beautyinstitute.ee\/#website"},"primaryImageOfPage":{"@id":"https:\/\/beautyinstitute.ee\/toode\/visible-eye-contour-lift\/#primaryimage"},"image":{"@id":"https:\/\/beautyinstitute.ee\/toode\/visible-eye-contour-lift\/#primaryimage"},"thumbnailUrl":"https:\/\/beautyinstitute.ee\/wp-content\/uploads\/2019\/01\/visible-eye-conur-lift.jpg","datePublished":"2019-01-22T12:34:59+00:00","dateModified":"2026-04-23T10:17:28+00:00","breadcrumb":{"@id":"https:\/\/beautyinstitute.ee\/toode\/visible-eye-contour-lift\/#breadcrumb"},"inLanguage":"ru-RU","potentialAction":[{"@type":"ReadAction","target":["https:\/\/beautyinstitute.ee\/toode\/visible-eye-contour-lift\/"]}]},{"@type":"ImageObject","inLanguage":"ru-RU","@id":"https:\/\/beautyinstitute.ee\/toode\/visible-eye-contour-lift\/#primaryimage","url":"https:\/\/beautyinstitute.ee\/wp-content\/uploads\/2019\/01\/visible-eye-conur-lift.jpg","contentUrl":"https:\/\/beautyinstitute.ee\/wp-content\/uploads\/2019\/01\/visible-eye-conur-lift.jpg","width":750,"height":711},{"@type":"BreadcrumbList","@id":"https:\/\/beautyinstitute.ee\/toode\/visible-eye-contour-lift\/#breadcrumb","itemListElement":[{"@type":"ListItem","position":1,"name":"Home","item":"https:\/\/beautyinstitute.ee\/ru\/"},{"@type":"ListItem","position":2,"name":"E-pood","item":"https:\/\/beautyinstitute.ee\/e-pood\/"},{"@type":"ListItem","position":3,"name":"Visible Eye Contour Lift"}]},{"@type":"WebSite","@id":"https:\/\/beautyinstitute.ee\/#website","url":"https:\/\/beautyinstitute.ee\/","name":"Beauty Institute","description":"CNC Cosmetic ametlik maaletooja ja edasim\u00fc\u00fcja Eestis, Soomes, L\u00e4tis. Aparaadikosmeetika, koolitused, kosmeetikatooted.","potentialAction":[{"@type":"SearchAction","target":{"@type":"EntryPoint","urlTemplate":"https:\/\/beautyinstitute.ee\/?s={search_term_string}"},"query-input":{"@type":"PropertyValueSpecification","valueRequired":true,"valueName":"search_term_string"}}],"inLanguage":"ru-RU"}]}},"_links":{"self":[{"href":"https:\/\/beautyinstitute.ee\/ru\/wp-json\/wp\/v2\/product\/2693","targetHints":{"allow":["GET"]}}],"collection":[{"href":"https:\/\/beautyinstitute.ee\/ru\/wp-json\/wp\/v2\/product"}],"about":[{"href":"https:\/\/beautyinstitute.ee\/ru\/wp-json\/wp\/v2\/types\/product"}],"wp:featuredmedia":[{"embeddable":true,"href":"https:\/\/beautyinstitute.ee\/ru\/wp-json\/wp\/v2\/media\/11625"}],"wp:attachment":[{"href":"https:\/\/beautyinstitute.ee\/ru\/wp-json\/wp\/v2\/media?parent=2693"}],"wp:term":[{"taxonomy":"product_cat","embeddable":true,"href":"https:\/\/beautyinstitute.ee\/ru\/wp-json\/wp\/v2\/product_cat?post=2693"},{"taxonomy":"product_tag","embeddable":true,"href":"https:\/\/beautyinstitute.ee\/ru\/wp-json\/wp\/v2\/product_tag?post=2693"}],"curies":[{"name":"wp","href":"https:\/\/api.w.org\/{rel}","templated":true}]}}