{"id":2700,"date":"2019-01-22T14:40:12","date_gmt":"2019-01-22T14:40:12","guid":{"rendered":"https:\/\/beautyinstitute.ee\/?post_type=product&#038;p=2700"},"modified":"2026-04-28T17:37:55","modified_gmt":"2026-04-28T14:37:55","slug":"trihyal-age-resist-eye-cream","status":"publish","type":"product","link":"https:\/\/beautyinstitute.ee\/ru\/toode\/trihyal-age-resist-eye-cream\/","title":{"rendered":"Trihyal Age Resist Eye Cream"},"content":{"rendered":"<p><strong>Meie kauaaegne lubadus ilust ja nooruslikkusest!<\/strong><\/p>\n<p><strong>Kolmekordse formulatsiooniga taimep\u00f5hine ilukompleks.<\/strong><\/p>\n<p><strong>Rikkalik silma\u00fcmbruse hoolduskreem.<\/strong><\/p>\n<p>Sobilik n\u00f5udlikule, k\u00fcpsele nahale, mis vajab taas elustamist. &#8220;Ilu v\u00f5ti&#8221; kolme kombinatsiooniline h\u00fcaluroonhape (s\u00fcgavalt niisutav, pinguldav ja s\u00e4ra andev) ja lisaks v\u00e4ga t\u00f5husad aktiivained, t\u00f5stavad silmn\u00e4htavalt silmalauge, v\u00e4hendab kortse, pinguldab ja rahustab nahka. Kreem sisaldab valgustpeegeldavat pigmenti, mis annab kohese s\u00e4ra ja visuaalse efekti. Enneta v\u00f5i lahenda oma silma\u00fcmbruse probleemid!<\/p>\n<p><strong>Eelised:<\/strong><\/p>\n<ul>\n<li>t\u00f5stab m\u00e4rkimisv\u00e4\u00e4rselt rippuvaid silmalauge<\/li>\n<li>silub silmn\u00e4htavalt kortse<\/li>\n<li>tumedad silmaalused on visuaalselt heledamad<\/li>\n<\/ul>\n<p><strong>Sobilik:<\/strong> n\u00f5udlik, k\u00fcps nahk, mis vajab taastamist.<\/p>\n<p><strong>Toimeained:<\/strong> sahhariidid, sheav\u00f5i, kolme kombinatsiooniline h\u00fcaluroonhape, allantoiin, bisabolol, saialille ekstrakt, cantella asiatica, p\u00e4rm valgud, sigesbeckia orientalis, t\u00fcvirakk Alpi roosist, aloe vera ekstrakt, pantenool, lihuniku lille ekstrakt, escin, siidipuukoor.<\/p>\n","protected":false},"excerpt":{"rendered":"<p>Meie kauaaegne lubadus ilust ja nooruslikkusest! Kolmekordse formulatsiooniga taimep\u00f5hine ilukompleks. Rikkalik silma\u00fcmbruse hoolduskreem. Sobilik n\u00f5udlikule, k\u00fcpsele nahale, mis vajab taas elustamist. &#8220;Ilu v\u00f5ti&#8221; kolme kombinatsiooniline h\u00fcaluroonhape (s\u00fcgavalt niisutav, pinguldav ja s\u00e4ra andev) ja lisaks v\u00e4ga t\u00f5husad aktiivained, t\u00f5stavad silmn\u00e4htavalt silmalauge, v\u00e4hendab kortse, pinguldab ja rahustab nahka. Kreem sisaldab valgustpeegeldavat pigmenti, mis annab kohese s\u00e4ra ja [&hellip;]<\/p>\n","protected":false},"featured_media":15905,"template":"","meta":{"_acf_changed":false},"product_cat":[251,114,118,260],"product_tag":[],"class_list":["post-2700","product","type-product","status-publish","has-post-thumbnail","hentry","product_cat-silmakreemid","product_cat-tootesarjad","product_cat-aesthetic-world","product_cat-tri-hyal"],"acf":[],"yoast_head":"<!-- This site is optimized with the Yoast SEO plugin v25.4 - https:\/\/yoast.com\/wordpress\/plugins\/seo\/ -->\n<title>Trihyal Age Resist Eye Cream - Beauty Institute<\/title>\n<meta name=\"robots\" content=\"index, follow, max-snippet:-1, max-image-preview:large, max-video-preview:-1\" \/>\n<link rel=\"canonical\" href=\"https:\/\/beautyinstitute.ee\/toode\/trihyal-age-resist-eye-cream\/\" \/>\n<meta property=\"og:locale\" content=\"ru_RU\" \/>\n<meta property=\"og:type\" content=\"article\" \/>\n<meta property=\"og:title\" content=\"Trihyal Age Resist Eye Cream - Beauty Institute\" \/>\n<meta property=\"og:description\" content=\"Meie kauaaegne lubadus ilust ja nooruslikkusest! Kolmekordse formulatsiooniga taimep\u00f5hine ilukompleks. Rikkalik silma\u00fcmbruse hoolduskreem. Sobilik n\u00f5udlikule, k\u00fcpsele nahale, mis vajab taas elustamist. &#8220;Ilu v\u00f5ti&#8221; kolme kombinatsiooniline h\u00fcaluroonhape (s\u00fcgavalt niisutav, pinguldav ja s\u00e4ra andev) ja lisaks v\u00e4ga t\u00f5husad aktiivained, t\u00f5stavad silmn\u00e4htavalt silmalauge, v\u00e4hendab kortse, pinguldab ja rahustab nahka. Kreem sisaldab valgustpeegeldavat pigmenti, mis annab kohese s\u00e4ra ja [&hellip;]\" \/>\n<meta property=\"og:url\" content=\"https:\/\/beautyinstitute.ee\/toode\/trihyal-age-resist-eye-cream\/\" \/>\n<meta property=\"og:site_name\" content=\"Beauty Institute\" \/>\n<meta property=\"article:modified_time\" content=\"2026-04-28T14:37:55+00:00\" \/>\n<meta property=\"og:image\" content=\"https:\/\/beautyinstitute.ee\/wp-content\/uploads\/2019\/01\/image_101497_1-1.jpg\" \/>\n\t<meta property=\"og:image:width\" content=\"2480\" \/>\n\t<meta property=\"og:image:height\" content=\"2297\" \/>\n\t<meta property=\"og:image:type\" content=\"image\/jpeg\" \/>\n<meta name=\"twitter:card\" content=\"summary_large_image\" \/>\n<meta name=\"twitter:site\" content=\"@Beauty_Eesti\" \/>\n<meta name=\"twitter:label1\" content=\"\u041f\u0440\u0438\u043c\u0435\u0440\u043d\u043e\u0435 \u0432\u0440\u0435\u043c\u044f \u0434\u043b\u044f \u0447\u0442\u0435\u043d\u0438\u044f\" \/>\n\t<meta name=\"twitter:data1\" content=\"1 \u043c\u0438\u043d\u0443\u0442\u0430\" \/>\n<script type=\"application\/ld+json\" class=\"yoast-schema-graph\">{\"@context\":\"https:\/\/schema.org\",\"@graph\":[{\"@type\":\"WebPage\",\"@id\":\"https:\/\/beautyinstitute.ee\/toode\/trihyal-age-resist-eye-cream\/\",\"url\":\"https:\/\/beautyinstitute.ee\/toode\/trihyal-age-resist-eye-cream\/\",\"name\":\"Trihyal Age Resist Eye Cream - Beauty Institute\",\"isPartOf\":{\"@id\":\"https:\/\/beautyinstitute.ee\/#website\"},\"primaryImageOfPage\":{\"@id\":\"https:\/\/beautyinstitute.ee\/toode\/trihyal-age-resist-eye-cream\/#primaryimage\"},\"image\":{\"@id\":\"https:\/\/beautyinstitute.ee\/toode\/trihyal-age-resist-eye-cream\/#primaryimage\"},\"thumbnailUrl\":\"https:\/\/beautyinstitute.ee\/wp-content\/uploads\/2019\/01\/image_101497_1-1.jpg\",\"datePublished\":\"2019-01-22T14:40:12+00:00\",\"dateModified\":\"2026-04-28T14:37:55+00:00\",\"breadcrumb\":{\"@id\":\"https:\/\/beautyinstitute.ee\/toode\/trihyal-age-resist-eye-cream\/#breadcrumb\"},\"inLanguage\":\"ru-RU\",\"potentialAction\":[{\"@type\":\"ReadAction\",\"target\":[\"https:\/\/beautyinstitute.ee\/toode\/trihyal-age-resist-eye-cream\/\"]}]},{\"@type\":\"ImageObject\",\"inLanguage\":\"ru-RU\",\"@id\":\"https:\/\/beautyinstitute.ee\/toode\/trihyal-age-resist-eye-cream\/#primaryimage\",\"url\":\"https:\/\/beautyinstitute.ee\/wp-content\/uploads\/2019\/01\/image_101497_1-1.jpg\",\"contentUrl\":\"https:\/\/beautyinstitute.ee\/wp-content\/uploads\/2019\/01\/image_101497_1-1.jpg\",\"width\":2480,\"height\":2297},{\"@type\":\"BreadcrumbList\",\"@id\":\"https:\/\/beautyinstitute.ee\/toode\/trihyal-age-resist-eye-cream\/#breadcrumb\",\"itemListElement\":[{\"@type\":\"ListItem\",\"position\":1,\"name\":\"Home\",\"item\":\"https:\/\/beautyinstitute.ee\/ru\/\"},{\"@type\":\"ListItem\",\"position\":2,\"name\":\"E-pood\",\"item\":\"https:\/\/beautyinstitute.ee\/e-pood\/\"},{\"@type\":\"ListItem\",\"position\":3,\"name\":\"Trihyal Age Resist Eye Cream\"}]},{\"@type\":\"WebSite\",\"@id\":\"https:\/\/beautyinstitute.ee\/#website\",\"url\":\"https:\/\/beautyinstitute.ee\/\",\"name\":\"Beauty Institute\",\"description\":\"CNC Cosmetic ametlik maaletooja ja edasim\u00fc\u00fcja Eestis, Soomes, L\u00e4tis. Aparaadikosmeetika, koolitused, kosmeetikatooted.\",\"potentialAction\":[{\"@type\":\"SearchAction\",\"target\":{\"@type\":\"EntryPoint\",\"urlTemplate\":\"https:\/\/beautyinstitute.ee\/?s={search_term_string}\"},\"query-input\":{\"@type\":\"PropertyValueSpecification\",\"valueRequired\":true,\"valueName\":\"search_term_string\"}}],\"inLanguage\":\"ru-RU\"}]}<\/script>\n<!-- \/ Yoast SEO plugin. -->","yoast_head_json":{"title":"Trihyal Age Resist Eye Cream - Beauty Institute","robots":{"index":"index","follow":"follow","max-snippet":"max-snippet:-1","max-image-preview":"max-image-preview:large","max-video-preview":"max-video-preview:-1"},"canonical":"https:\/\/beautyinstitute.ee\/toode\/trihyal-age-resist-eye-cream\/","og_locale":"ru_RU","og_type":"article","og_title":"Trihyal Age Resist Eye Cream - Beauty Institute","og_description":"Meie kauaaegne lubadus ilust ja nooruslikkusest! Kolmekordse formulatsiooniga taimep\u00f5hine ilukompleks. Rikkalik silma\u00fcmbruse hoolduskreem. Sobilik n\u00f5udlikule, k\u00fcpsele nahale, mis vajab taas elustamist. &#8220;Ilu v\u00f5ti&#8221; kolme kombinatsiooniline h\u00fcaluroonhape (s\u00fcgavalt niisutav, pinguldav ja s\u00e4ra andev) ja lisaks v\u00e4ga t\u00f5husad aktiivained, t\u00f5stavad silmn\u00e4htavalt silmalauge, v\u00e4hendab kortse, pinguldab ja rahustab nahka. Kreem sisaldab valgustpeegeldavat pigmenti, mis annab kohese s\u00e4ra ja [&hellip;]","og_url":"https:\/\/beautyinstitute.ee\/toode\/trihyal-age-resist-eye-cream\/","og_site_name":"Beauty Institute","article_modified_time":"2026-04-28T14:37:55+00:00","og_image":[{"width":2480,"height":2297,"url":"https:\/\/beautyinstitute.ee\/wp-content\/uploads\/2019\/01\/image_101497_1-1.jpg","type":"image\/jpeg"}],"twitter_card":"summary_large_image","twitter_site":"@Beauty_Eesti","twitter_misc":{"\u041f\u0440\u0438\u043c\u0435\u0440\u043d\u043e\u0435 \u0432\u0440\u0435\u043c\u044f \u0434\u043b\u044f \u0447\u0442\u0435\u043d\u0438\u044f":"1 \u043c\u0438\u043d\u0443\u0442\u0430"},"schema":{"@context":"https:\/\/schema.org","@graph":[{"@type":"WebPage","@id":"https:\/\/beautyinstitute.ee\/toode\/trihyal-age-resist-eye-cream\/","url":"https:\/\/beautyinstitute.ee\/toode\/trihyal-age-resist-eye-cream\/","name":"Trihyal Age Resist Eye Cream - Beauty Institute","isPartOf":{"@id":"https:\/\/beautyinstitute.ee\/#website"},"primaryImageOfPage":{"@id":"https:\/\/beautyinstitute.ee\/toode\/trihyal-age-resist-eye-cream\/#primaryimage"},"image":{"@id":"https:\/\/beautyinstitute.ee\/toode\/trihyal-age-resist-eye-cream\/#primaryimage"},"thumbnailUrl":"https:\/\/beautyinstitute.ee\/wp-content\/uploads\/2019\/01\/image_101497_1-1.jpg","datePublished":"2019-01-22T14:40:12+00:00","dateModified":"2026-04-28T14:37:55+00:00","breadcrumb":{"@id":"https:\/\/beautyinstitute.ee\/toode\/trihyal-age-resist-eye-cream\/#breadcrumb"},"inLanguage":"ru-RU","potentialAction":[{"@type":"ReadAction","target":["https:\/\/beautyinstitute.ee\/toode\/trihyal-age-resist-eye-cream\/"]}]},{"@type":"ImageObject","inLanguage":"ru-RU","@id":"https:\/\/beautyinstitute.ee\/toode\/trihyal-age-resist-eye-cream\/#primaryimage","url":"https:\/\/beautyinstitute.ee\/wp-content\/uploads\/2019\/01\/image_101497_1-1.jpg","contentUrl":"https:\/\/beautyinstitute.ee\/wp-content\/uploads\/2019\/01\/image_101497_1-1.jpg","width":2480,"height":2297},{"@type":"BreadcrumbList","@id":"https:\/\/beautyinstitute.ee\/toode\/trihyal-age-resist-eye-cream\/#breadcrumb","itemListElement":[{"@type":"ListItem","position":1,"name":"Home","item":"https:\/\/beautyinstitute.ee\/ru\/"},{"@type":"ListItem","position":2,"name":"E-pood","item":"https:\/\/beautyinstitute.ee\/e-pood\/"},{"@type":"ListItem","position":3,"name":"Trihyal Age Resist Eye Cream"}]},{"@type":"WebSite","@id":"https:\/\/beautyinstitute.ee\/#website","url":"https:\/\/beautyinstitute.ee\/","name":"Beauty Institute","description":"CNC Cosmetic ametlik maaletooja ja edasim\u00fc\u00fcja Eestis, Soomes, L\u00e4tis. Aparaadikosmeetika, koolitused, kosmeetikatooted.","potentialAction":[{"@type":"SearchAction","target":{"@type":"EntryPoint","urlTemplate":"https:\/\/beautyinstitute.ee\/?s={search_term_string}"},"query-input":{"@type":"PropertyValueSpecification","valueRequired":true,"valueName":"search_term_string"}}],"inLanguage":"ru-RU"}]}},"_links":{"self":[{"href":"https:\/\/beautyinstitute.ee\/ru\/wp-json\/wp\/v2\/product\/2700","targetHints":{"allow":["GET"]}}],"collection":[{"href":"https:\/\/beautyinstitute.ee\/ru\/wp-json\/wp\/v2\/product"}],"about":[{"href":"https:\/\/beautyinstitute.ee\/ru\/wp-json\/wp\/v2\/types\/product"}],"wp:featuredmedia":[{"embeddable":true,"href":"https:\/\/beautyinstitute.ee\/ru\/wp-json\/wp\/v2\/media\/15905"}],"wp:attachment":[{"href":"https:\/\/beautyinstitute.ee\/ru\/wp-json\/wp\/v2\/media?parent=2700"}],"wp:term":[{"taxonomy":"product_cat","embeddable":true,"href":"https:\/\/beautyinstitute.ee\/ru\/wp-json\/wp\/v2\/product_cat?post=2700"},{"taxonomy":"product_tag","embeddable":true,"href":"https:\/\/beautyinstitute.ee\/ru\/wp-json\/wp\/v2\/product_tag?post=2700"}],"curies":[{"name":"wp","href":"https:\/\/api.w.org\/{rel}","templated":true}]}}