{"id":27052,"date":"2024-01-31T13:29:26","date_gmt":"2024-01-31T11:29:26","guid":{"rendered":"https:\/\/beautyinstitute.ee\/?post_type=product&#038;p=27052"},"modified":"2026-04-28T14:16:06","modified_gmt":"2026-04-28T11:16:06","slug":"silmamaskid-perfect-eye-patches-60tk-30-paari","status":"publish","type":"product","link":"https:\/\/beautyinstitute.ee\/ru\/toode\/silmamaskid-perfect-eye-patches-60tk-30-paari\/","title":{"rendered":"Silmamaskid &#8220;Perfect Eye Patches&#8221; 60Tk (30 Paari)"},"content":{"rendered":"<p>H\u00fcaluroonhape, taimne kollageen ja argireliin pakuvad intensiivset niisutust ja korrigeerivad <span class=\"il\">silma<\/span>\u00fcmbruse tundlikku ja \u00f5hukest nahka koheselt silmn\u00e4htavalt. Kortsud, varesejalad ja tumedad silmaalused taanduvad l\u00fchikese ajaga. Pojengi ekstrakt ja Centella Asiatica kaitsevad keskkonna- ja looduslikke stressifaktorite eest ja takistavad miimillste kortsude teket.<\/p>\n<p><strong>EELISED:\u00a0<\/strong><\/p>\n<ul>\n<li>v\u00e4hendab l\u00fchikese ajaga kortsude s\u00fcgavust, varesejalad taanduvad ja silma\u00fcmbruse tumedus v\u00e4heneb<\/li>\n<li>Kohe n\u00e4htavalt v\u00e4rske silma\u00fcmbrus<\/li>\n<li>takistab kortsude teket<\/li>\n<li>kohandub ideaalselt silma\u00fcmbruse nahaga<\/li>\n<li>tagab toimeainete optimaalse imendumise<\/li>\n<\/ul>\n<p><strong>N\u00e4pun\u00e4ide:<\/strong> ideaalne t\u00e4iendus AW Visible Eye Contour Lift kreemile<\/p>\n<p><strong>Toimeained:<\/strong> karageen, pantenool, valge pojengi juure ekstrakt, centella asiatica, kummeli ekstrakt, adenosiin, h\u00fcaluroonhape, kollageen, argireliin<\/p>\n","protected":false},"excerpt":{"rendered":"<p>H\u00fcaluroonhape, taimne kollageen ja argireliin pakuvad intensiivset niisutust ja korrigeerivad silma\u00fcmbruse tundlikku ja \u00f5hukest nahka koheselt silmn\u00e4htavalt. Kortsud, varesejalad ja tumedad silmaalused taanduvad l\u00fchikese ajaga. Pojengi ekstrakt ja Centella Asiatica kaitsevad keskkonna- ja looduslikke stressifaktorite eest ja takistavad miimillste kortsude teket. EELISED:\u00a0 v\u00e4hendab l\u00fchikese ajaga kortsude s\u00fcgavust, varesejalad taanduvad ja silma\u00fcmbruse tumedus v\u00e4heneb Kohe n\u00e4htavalt [&hellip;]<\/p>\n","protected":false},"featured_media":27053,"template":"","meta":{"_acf_changed":false},"product_cat":[314,251],"product_tag":[],"class_list":["post-27052","product","type-product","status-publish","has-post-thumbnail","hentry","product_cat-silmamaskid","product_cat-silmakreemid"],"acf":[],"yoast_head":"<!-- This site is optimized with the Yoast SEO plugin v25.4 - https:\/\/yoast.com\/wordpress\/plugins\/seo\/ -->\n<title>Silmamaskid &quot;Perfect Eye Patches&quot; 60Tk (30 Paari) - Beauty Institute<\/title>\n<meta name=\"robots\" content=\"index, follow, max-snippet:-1, max-image-preview:large, max-video-preview:-1\" \/>\n<link rel=\"canonical\" href=\"https:\/\/beautyinstitute.ee\/toode\/silmamaskid-perfect-eye-patches-60tk-30-paari\/\" \/>\n<meta property=\"og:locale\" content=\"ru_RU\" \/>\n<meta property=\"og:type\" content=\"article\" \/>\n<meta property=\"og:title\" content=\"Silmamaskid &quot;Perfect Eye Patches&quot; 60Tk (30 Paari) - Beauty Institute\" \/>\n<meta property=\"og:description\" content=\"H\u00fcaluroonhape, taimne kollageen ja argireliin pakuvad intensiivset niisutust ja korrigeerivad silma\u00fcmbruse tundlikku ja \u00f5hukest nahka koheselt silmn\u00e4htavalt. Kortsud, varesejalad ja tumedad silmaalused taanduvad l\u00fchikese ajaga. Pojengi ekstrakt ja Centella Asiatica kaitsevad keskkonna- ja looduslikke stressifaktorite eest ja takistavad miimillste kortsude teket. EELISED:\u00a0 v\u00e4hendab l\u00fchikese ajaga kortsude s\u00fcgavust, varesejalad taanduvad ja silma\u00fcmbruse tumedus v\u00e4heneb Kohe n\u00e4htavalt [&hellip;]\" \/>\n<meta property=\"og:url\" content=\"https:\/\/beautyinstitute.ee\/toode\/silmamaskid-perfect-eye-patches-60tk-30-paari\/\" \/>\n<meta property=\"og:site_name\" content=\"Beauty Institute\" \/>\n<meta property=\"article:modified_time\" content=\"2026-04-28T11:16:06+00:00\" \/>\n<meta property=\"og:image\" content=\"https:\/\/beautyinstitute.ee\/wp-content\/uploads\/2024\/01\/eye-patches.jpeg\" \/>\n\t<meta property=\"og:image:width\" content=\"2000\" \/>\n\t<meta property=\"og:image:height\" content=\"2000\" \/>\n\t<meta property=\"og:image:type\" content=\"image\/jpeg\" \/>\n<meta name=\"twitter:card\" content=\"summary_large_image\" \/>\n<meta name=\"twitter:site\" content=\"@Beauty_Eesti\" \/>\n<meta name=\"twitter:label1\" content=\"\u041f\u0440\u0438\u043c\u0435\u0440\u043d\u043e\u0435 \u0432\u0440\u0435\u043c\u044f \u0434\u043b\u044f \u0447\u0442\u0435\u043d\u0438\u044f\" \/>\n\t<meta name=\"twitter:data1\" content=\"1 \u043c\u0438\u043d\u0443\u0442\u0430\" \/>\n<script type=\"application\/ld+json\" class=\"yoast-schema-graph\">{\"@context\":\"https:\/\/schema.org\",\"@graph\":[{\"@type\":\"WebPage\",\"@id\":\"https:\/\/beautyinstitute.ee\/toode\/silmamaskid-perfect-eye-patches-60tk-30-paari\/\",\"url\":\"https:\/\/beautyinstitute.ee\/toode\/silmamaskid-perfect-eye-patches-60tk-30-paari\/\",\"name\":\"Silmamaskid \\\"Perfect Eye Patches\\\" 60Tk (30 Paari) - Beauty Institute\",\"isPartOf\":{\"@id\":\"https:\/\/beautyinstitute.ee\/#website\"},\"primaryImageOfPage\":{\"@id\":\"https:\/\/beautyinstitute.ee\/toode\/silmamaskid-perfect-eye-patches-60tk-30-paari\/#primaryimage\"},\"image\":{\"@id\":\"https:\/\/beautyinstitute.ee\/toode\/silmamaskid-perfect-eye-patches-60tk-30-paari\/#primaryimage\"},\"thumbnailUrl\":\"https:\/\/beautyinstitute.ee\/wp-content\/uploads\/2024\/01\/eye-patches.jpeg\",\"datePublished\":\"2024-01-31T11:29:26+00:00\",\"dateModified\":\"2026-04-28T11:16:06+00:00\",\"breadcrumb\":{\"@id\":\"https:\/\/beautyinstitute.ee\/toode\/silmamaskid-perfect-eye-patches-60tk-30-paari\/#breadcrumb\"},\"inLanguage\":\"ru-RU\",\"potentialAction\":[{\"@type\":\"ReadAction\",\"target\":[\"https:\/\/beautyinstitute.ee\/toode\/silmamaskid-perfect-eye-patches-60tk-30-paari\/\"]}]},{\"@type\":\"ImageObject\",\"inLanguage\":\"ru-RU\",\"@id\":\"https:\/\/beautyinstitute.ee\/toode\/silmamaskid-perfect-eye-patches-60tk-30-paari\/#primaryimage\",\"url\":\"https:\/\/beautyinstitute.ee\/wp-content\/uploads\/2024\/01\/eye-patches.jpeg\",\"contentUrl\":\"https:\/\/beautyinstitute.ee\/wp-content\/uploads\/2024\/01\/eye-patches.jpeg\",\"width\":2000,\"height\":2000},{\"@type\":\"BreadcrumbList\",\"@id\":\"https:\/\/beautyinstitute.ee\/toode\/silmamaskid-perfect-eye-patches-60tk-30-paari\/#breadcrumb\",\"itemListElement\":[{\"@type\":\"ListItem\",\"position\":1,\"name\":\"Home\",\"item\":\"https:\/\/beautyinstitute.ee\/ru\/\"},{\"@type\":\"ListItem\",\"position\":2,\"name\":\"E-pood\",\"item\":\"https:\/\/beautyinstitute.ee\/e-pood\/\"},{\"@type\":\"ListItem\",\"position\":3,\"name\":\"Silmamaskid &#8220;Perfect Eye Patches&#8221; 60Tk (30 Paari)\"}]},{\"@type\":\"WebSite\",\"@id\":\"https:\/\/beautyinstitute.ee\/#website\",\"url\":\"https:\/\/beautyinstitute.ee\/\",\"name\":\"Beauty Institute\",\"description\":\"CNC Cosmetic ametlik maaletooja ja edasim\u00fc\u00fcja Eestis, Soomes, L\u00e4tis. Aparaadikosmeetika, koolitused, kosmeetikatooted.\",\"potentialAction\":[{\"@type\":\"SearchAction\",\"target\":{\"@type\":\"EntryPoint\",\"urlTemplate\":\"https:\/\/beautyinstitute.ee\/?s={search_term_string}\"},\"query-input\":{\"@type\":\"PropertyValueSpecification\",\"valueRequired\":true,\"valueName\":\"search_term_string\"}}],\"inLanguage\":\"ru-RU\"}]}<\/script>\n<!-- \/ Yoast SEO plugin. -->","yoast_head_json":{"title":"Silmamaskid \"Perfect Eye Patches\" 60Tk (30 Paari) - Beauty Institute","robots":{"index":"index","follow":"follow","max-snippet":"max-snippet:-1","max-image-preview":"max-image-preview:large","max-video-preview":"max-video-preview:-1"},"canonical":"https:\/\/beautyinstitute.ee\/toode\/silmamaskid-perfect-eye-patches-60tk-30-paari\/","og_locale":"ru_RU","og_type":"article","og_title":"Silmamaskid \"Perfect Eye Patches\" 60Tk (30 Paari) - Beauty Institute","og_description":"H\u00fcaluroonhape, taimne kollageen ja argireliin pakuvad intensiivset niisutust ja korrigeerivad silma\u00fcmbruse tundlikku ja \u00f5hukest nahka koheselt silmn\u00e4htavalt. Kortsud, varesejalad ja tumedad silmaalused taanduvad l\u00fchikese ajaga. Pojengi ekstrakt ja Centella Asiatica kaitsevad keskkonna- ja looduslikke stressifaktorite eest ja takistavad miimillste kortsude teket. EELISED:\u00a0 v\u00e4hendab l\u00fchikese ajaga kortsude s\u00fcgavust, varesejalad taanduvad ja silma\u00fcmbruse tumedus v\u00e4heneb Kohe n\u00e4htavalt [&hellip;]","og_url":"https:\/\/beautyinstitute.ee\/toode\/silmamaskid-perfect-eye-patches-60tk-30-paari\/","og_site_name":"Beauty Institute","article_modified_time":"2026-04-28T11:16:06+00:00","og_image":[{"width":2000,"height":2000,"url":"https:\/\/beautyinstitute.ee\/wp-content\/uploads\/2024\/01\/eye-patches.jpeg","type":"image\/jpeg"}],"twitter_card":"summary_large_image","twitter_site":"@Beauty_Eesti","twitter_misc":{"\u041f\u0440\u0438\u043c\u0435\u0440\u043d\u043e\u0435 \u0432\u0440\u0435\u043c\u044f \u0434\u043b\u044f \u0447\u0442\u0435\u043d\u0438\u044f":"1 \u043c\u0438\u043d\u0443\u0442\u0430"},"schema":{"@context":"https:\/\/schema.org","@graph":[{"@type":"WebPage","@id":"https:\/\/beautyinstitute.ee\/toode\/silmamaskid-perfect-eye-patches-60tk-30-paari\/","url":"https:\/\/beautyinstitute.ee\/toode\/silmamaskid-perfect-eye-patches-60tk-30-paari\/","name":"Silmamaskid \"Perfect Eye Patches\" 60Tk (30 Paari) - Beauty Institute","isPartOf":{"@id":"https:\/\/beautyinstitute.ee\/#website"},"primaryImageOfPage":{"@id":"https:\/\/beautyinstitute.ee\/toode\/silmamaskid-perfect-eye-patches-60tk-30-paari\/#primaryimage"},"image":{"@id":"https:\/\/beautyinstitute.ee\/toode\/silmamaskid-perfect-eye-patches-60tk-30-paari\/#primaryimage"},"thumbnailUrl":"https:\/\/beautyinstitute.ee\/wp-content\/uploads\/2024\/01\/eye-patches.jpeg","datePublished":"2024-01-31T11:29:26+00:00","dateModified":"2026-04-28T11:16:06+00:00","breadcrumb":{"@id":"https:\/\/beautyinstitute.ee\/toode\/silmamaskid-perfect-eye-patches-60tk-30-paari\/#breadcrumb"},"inLanguage":"ru-RU","potentialAction":[{"@type":"ReadAction","target":["https:\/\/beautyinstitute.ee\/toode\/silmamaskid-perfect-eye-patches-60tk-30-paari\/"]}]},{"@type":"ImageObject","inLanguage":"ru-RU","@id":"https:\/\/beautyinstitute.ee\/toode\/silmamaskid-perfect-eye-patches-60tk-30-paari\/#primaryimage","url":"https:\/\/beautyinstitute.ee\/wp-content\/uploads\/2024\/01\/eye-patches.jpeg","contentUrl":"https:\/\/beautyinstitute.ee\/wp-content\/uploads\/2024\/01\/eye-patches.jpeg","width":2000,"height":2000},{"@type":"BreadcrumbList","@id":"https:\/\/beautyinstitute.ee\/toode\/silmamaskid-perfect-eye-patches-60tk-30-paari\/#breadcrumb","itemListElement":[{"@type":"ListItem","position":1,"name":"Home","item":"https:\/\/beautyinstitute.ee\/ru\/"},{"@type":"ListItem","position":2,"name":"E-pood","item":"https:\/\/beautyinstitute.ee\/e-pood\/"},{"@type":"ListItem","position":3,"name":"Silmamaskid &#8220;Perfect Eye Patches&#8221; 60Tk (30 Paari)"}]},{"@type":"WebSite","@id":"https:\/\/beautyinstitute.ee\/#website","url":"https:\/\/beautyinstitute.ee\/","name":"Beauty Institute","description":"CNC Cosmetic ametlik maaletooja ja edasim\u00fc\u00fcja Eestis, Soomes, L\u00e4tis. Aparaadikosmeetika, koolitused, kosmeetikatooted.","potentialAction":[{"@type":"SearchAction","target":{"@type":"EntryPoint","urlTemplate":"https:\/\/beautyinstitute.ee\/?s={search_term_string}"},"query-input":{"@type":"PropertyValueSpecification","valueRequired":true,"valueName":"search_term_string"}}],"inLanguage":"ru-RU"}]}},"_links":{"self":[{"href":"https:\/\/beautyinstitute.ee\/ru\/wp-json\/wp\/v2\/product\/27052","targetHints":{"allow":["GET"]}}],"collection":[{"href":"https:\/\/beautyinstitute.ee\/ru\/wp-json\/wp\/v2\/product"}],"about":[{"href":"https:\/\/beautyinstitute.ee\/ru\/wp-json\/wp\/v2\/types\/product"}],"wp:featuredmedia":[{"embeddable":true,"href":"https:\/\/beautyinstitute.ee\/ru\/wp-json\/wp\/v2\/media\/27053"}],"wp:attachment":[{"href":"https:\/\/beautyinstitute.ee\/ru\/wp-json\/wp\/v2\/media?parent=27052"}],"wp:term":[{"taxonomy":"product_cat","embeddable":true,"href":"https:\/\/beautyinstitute.ee\/ru\/wp-json\/wp\/v2\/product_cat?post=27052"},{"taxonomy":"product_tag","embeddable":true,"href":"https:\/\/beautyinstitute.ee\/ru\/wp-json\/wp\/v2\/product_tag?post=27052"}],"curies":[{"name":"wp","href":"https:\/\/api.w.org\/{rel}","templated":true}]}}