{"id":27062,"date":"2024-01-31T14:43:27","date_gmt":"2024-01-31T12:43:27","guid":{"rendered":"https:\/\/beautyinstitute.ee\/?post_type=product&#038;p=27062"},"modified":"2026-04-28T14:18:35","modified_gmt":"2026-04-28T11:18:35","slug":"lehtmask-slow-aging","status":"publish","type":"product","link":"https:\/\/beautyinstitute.ee\/ru\/toode\/lehtmask-slow-aging\/","title":{"rendered":"Lehtmask &#8220;Slow Aging&#8221;"},"content":{"rendered":"<p id=\"tw-target-text\" class=\"tw-data-text tw-text-large tw-ta\" dir=\"ltr\" data-placeholder=\"T\u00f5lge\" data-ved=\"2ahUKEwiHmIPu-PqDAxXRHBAIHeDkAKQQ3ewLegQIBRAQ\"><span class=\"Y2IQFc\" lang=\"et\">biolagunev bio-tselluloosmask<\/span><\/p>\n<p dir=\"ltr\" data-placeholder=\"T\u00f5lge\" data-ved=\"2ahUKEwiHmIPu-PqDAxXRHBAIHeDkAKQQ3ewLegQIBRAQ\"><strong>M\u00f5ju:\u00a0<\/strong><span class=\"Y2IQFc\" lang=\"et\">Organismi omane toimeaine adenosiin ja \u017een\u0161enni juure ekstrakt aktiveerivad rakkude uuenemist ja v\u00e4hendavad stressist tingitud enneaegset vananemist. Naha enneaegse vananemise tunnuste teke viibib. Naha elastsust ja toonus paranevad. Peened jooned ja kortsud taanduvad- nahk on niisutatud.<\/span><\/p>\n<p id=\"tw-target-text\" class=\"tw-data-text tw-text-large tw-ta\" dir=\"ltr\" data-placeholder=\"T\u00f5lge\" data-ved=\"2ahUKEwiHmIPu-PqDAxXRHBAIHeDkAKQQ3ewLegQIBRAQ\"><span class=\"Y2IQFc\" lang=\"et\"><strong>Sobib:<\/strong> k\u00f5ikidele nahat\u00fc\u00fcpidele<\/span><\/p>\n<p dir=\"ltr\" data-placeholder=\"T\u00f5lge\" data-ved=\"2ahUKEwiHmIPu-PqDAxXRHBAIHeDkAKQQ3ewLegQIBRAQ\"><strong>Eelised:<\/strong><\/p>\n<ul>\n<li id=\"tw-target-text\" class=\"tw-data-text tw-text-large tw-ta\" dir=\"ltr\" data-placeholder=\"T\u00f5lge\" data-ved=\"2ahUKEwiHmIPu-PqDAxXRHBAIHeDkAKQQ3ewLegQIBRAQ\"><span class=\"Y2IQFc\" lang=\"et\">aeglustab naha vananemist <\/span><\/li>\n<li class=\"tw-data-text tw-text-large tw-ta\" dir=\"ltr\" data-placeholder=\"T\u00f5lge\" data-ved=\"2ahUKEwiHmIPu-PqDAxXRHBAIHeDkAKQQ3ewLegQIBRAQ\"><span class=\"Y2IQFc\" lang=\"et\">rahustava toimega <\/span><\/li>\n<li class=\"tw-data-text tw-text-large tw-ta\" dir=\"ltr\" data-placeholder=\"T\u00f5lge\" data-ved=\"2ahUKEwiHmIPu-PqDAxXRHBAIHeDkAKQQ3ewLegQIBRAQ\"><span class=\"Y2IQFc\" lang=\"et\">v\u00e4henab peeneid jooni ja kortse<\/span><\/li>\n<li class=\"tw-data-text tw-text-large tw-ta\" dir=\"ltr\" data-placeholder=\"T\u00f5lge\" data-ved=\"2ahUKEwiHmIPu-PqDAxXRHBAIHeDkAKQQ3ewLegQIBRAQ\"><span class=\"Y2IQFc\" lang=\"et\">ideaalne reisikaaslane<\/span><\/li>\n<li class=\"tw-data-text tw-text-large tw-ta\" dir=\"ltr\" data-placeholder=\"T\u00f5lge\" data-ved=\"2ahUKEwiHmIPu-PqDAxXRHBAIHeDkAKQQ3ewLegQIBRAQ\"><span class=\"Y2IQFc\" lang=\"et\">lihtne kasutada<\/span><\/li>\n<\/ul>\n<p id=\"tw-target-text\" class=\"tw-data-text tw-text-large tw-ta\" dir=\"ltr\" data-placeholder=\"T\u00f5lge\" data-ved=\"2ahUKEwiHmIPu-PqDAxXRHBAIHeDkAKQQ3ewLegQIBRAQ\"><span class=\"Y2IQFc\" lang=\"et\">Toimeained: roosivesi, adenosiin, \u017een\u0161enni juure ekstrakt, pantenool, E-vitamiin, lootose\u00f5ie ekstrakt, roosiekstrakt, kummeli ekstrakt, viigikaktuse ekstrakt<\/span><\/p>\n","protected":false},"excerpt":{"rendered":"<p>biolagunev bio-tselluloosmask M\u00f5ju:\u00a0Organismi omane toimeaine adenosiin ja \u017een\u0161enni juure ekstrakt aktiveerivad rakkude uuenemist ja v\u00e4hendavad stressist tingitud enneaegset vananemist. Naha enneaegse vananemise tunnuste teke viibib. Naha elastsust ja toonus paranevad. Peened jooned ja kortsud taanduvad- nahk on niisutatud. Sobib: k\u00f5ikidele nahat\u00fc\u00fcpidele Eelised: aeglustab naha vananemist rahustava toimega v\u00e4henab peeneid jooni ja kortse ideaalne reisikaaslane lihtne [&hellip;]<\/p>\n","protected":false},"featured_media":27064,"template":"","meta":{"_acf_changed":false},"product_cat":[284,248],"product_tag":[],"class_list":["post-27062","product","type-product","status-publish","has-post-thumbnail","hentry","product_cat-lehtmaskid","product_cat-maskid-2"],"acf":[],"yoast_head":"<!-- This site is optimized with the Yoast SEO plugin v25.4 - https:\/\/yoast.com\/wordpress\/plugins\/seo\/ -->\n<title>Lehtmask &quot;Slow Aging&quot; - Beauty Institute<\/title>\n<meta name=\"robots\" content=\"index, follow, max-snippet:-1, max-image-preview:large, max-video-preview:-1\" \/>\n<link rel=\"canonical\" href=\"https:\/\/beautyinstitute.ee\/toode\/lehtmask-slow-aging\/\" \/>\n<meta property=\"og:locale\" content=\"ru_RU\" \/>\n<meta property=\"og:type\" content=\"article\" \/>\n<meta property=\"og:title\" content=\"Lehtmask &quot;Slow Aging&quot; - Beauty Institute\" \/>\n<meta property=\"og:description\" content=\"biolagunev bio-tselluloosmask M\u00f5ju:\u00a0Organismi omane toimeaine adenosiin ja \u017een\u0161enni juure ekstrakt aktiveerivad rakkude uuenemist ja v\u00e4hendavad stressist tingitud enneaegset vananemist. Naha enneaegse vananemise tunnuste teke viibib. Naha elastsust ja toonus paranevad. Peened jooned ja kortsud taanduvad- nahk on niisutatud. Sobib: k\u00f5ikidele nahat\u00fc\u00fcpidele Eelised: aeglustab naha vananemist rahustava toimega v\u00e4henab peeneid jooni ja kortse ideaalne reisikaaslane lihtne [&hellip;]\" \/>\n<meta property=\"og:url\" content=\"https:\/\/beautyinstitute.ee\/toode\/lehtmask-slow-aging\/\" \/>\n<meta property=\"og:site_name\" content=\"Beauty Institute\" \/>\n<meta property=\"article:modified_time\" content=\"2026-04-28T11:18:35+00:00\" \/>\n<meta property=\"og:image\" content=\"https:\/\/beautyinstitute.ee\/wp-content\/uploads\/2024\/01\/slow-aging-scaled.jpeg\" \/>\n\t<meta property=\"og:image:width\" content=\"2560\" \/>\n\t<meta property=\"og:image:height\" content=\"2560\" \/>\n\t<meta property=\"og:image:type\" content=\"image\/jpeg\" \/>\n<meta name=\"twitter:card\" content=\"summary_large_image\" \/>\n<meta name=\"twitter:site\" content=\"@Beauty_Eesti\" \/>\n<meta name=\"twitter:label1\" content=\"\u041f\u0440\u0438\u043c\u0435\u0440\u043d\u043e\u0435 \u0432\u0440\u0435\u043c\u044f \u0434\u043b\u044f \u0447\u0442\u0435\u043d\u0438\u044f\" \/>\n\t<meta name=\"twitter:data1\" content=\"1 \u043c\u0438\u043d\u0443\u0442\u0430\" \/>\n<script type=\"application\/ld+json\" class=\"yoast-schema-graph\">{\"@context\":\"https:\/\/schema.org\",\"@graph\":[{\"@type\":\"WebPage\",\"@id\":\"https:\/\/beautyinstitute.ee\/toode\/lehtmask-slow-aging\/\",\"url\":\"https:\/\/beautyinstitute.ee\/toode\/lehtmask-slow-aging\/\",\"name\":\"Lehtmask \\\"Slow Aging\\\" - Beauty Institute\",\"isPartOf\":{\"@id\":\"https:\/\/beautyinstitute.ee\/#website\"},\"primaryImageOfPage\":{\"@id\":\"https:\/\/beautyinstitute.ee\/toode\/lehtmask-slow-aging\/#primaryimage\"},\"image\":{\"@id\":\"https:\/\/beautyinstitute.ee\/toode\/lehtmask-slow-aging\/#primaryimage\"},\"thumbnailUrl\":\"https:\/\/beautyinstitute.ee\/wp-content\/uploads\/2024\/01\/slow-aging-scaled.jpeg\",\"datePublished\":\"2024-01-31T12:43:27+00:00\",\"dateModified\":\"2026-04-28T11:18:35+00:00\",\"breadcrumb\":{\"@id\":\"https:\/\/beautyinstitute.ee\/toode\/lehtmask-slow-aging\/#breadcrumb\"},\"inLanguage\":\"ru-RU\",\"potentialAction\":[{\"@type\":\"ReadAction\",\"target\":[\"https:\/\/beautyinstitute.ee\/toode\/lehtmask-slow-aging\/\"]}]},{\"@type\":\"ImageObject\",\"inLanguage\":\"ru-RU\",\"@id\":\"https:\/\/beautyinstitute.ee\/toode\/lehtmask-slow-aging\/#primaryimage\",\"url\":\"https:\/\/beautyinstitute.ee\/wp-content\/uploads\/2024\/01\/slow-aging-scaled.jpeg\",\"contentUrl\":\"https:\/\/beautyinstitute.ee\/wp-content\/uploads\/2024\/01\/slow-aging-scaled.jpeg\",\"width\":2560,\"height\":2560},{\"@type\":\"BreadcrumbList\",\"@id\":\"https:\/\/beautyinstitute.ee\/toode\/lehtmask-slow-aging\/#breadcrumb\",\"itemListElement\":[{\"@type\":\"ListItem\",\"position\":1,\"name\":\"Home\",\"item\":\"https:\/\/beautyinstitute.ee\/ru\/\"},{\"@type\":\"ListItem\",\"position\":2,\"name\":\"E-pood\",\"item\":\"https:\/\/beautyinstitute.ee\/e-pood\/\"},{\"@type\":\"ListItem\",\"position\":3,\"name\":\"Lehtmask &#8220;Slow Aging&#8221;\"}]},{\"@type\":\"WebSite\",\"@id\":\"https:\/\/beautyinstitute.ee\/#website\",\"url\":\"https:\/\/beautyinstitute.ee\/\",\"name\":\"Beauty Institute\",\"description\":\"CNC Cosmetic ametlik maaletooja ja edasim\u00fc\u00fcja Eestis, Soomes, L\u00e4tis. Aparaadikosmeetika, koolitused, kosmeetikatooted.\",\"potentialAction\":[{\"@type\":\"SearchAction\",\"target\":{\"@type\":\"EntryPoint\",\"urlTemplate\":\"https:\/\/beautyinstitute.ee\/?s={search_term_string}\"},\"query-input\":{\"@type\":\"PropertyValueSpecification\",\"valueRequired\":true,\"valueName\":\"search_term_string\"}}],\"inLanguage\":\"ru-RU\"}]}<\/script>\n<!-- \/ Yoast SEO plugin. -->","yoast_head_json":{"title":"Lehtmask \"Slow Aging\" - Beauty Institute","robots":{"index":"index","follow":"follow","max-snippet":"max-snippet:-1","max-image-preview":"max-image-preview:large","max-video-preview":"max-video-preview:-1"},"canonical":"https:\/\/beautyinstitute.ee\/toode\/lehtmask-slow-aging\/","og_locale":"ru_RU","og_type":"article","og_title":"Lehtmask \"Slow Aging\" - Beauty Institute","og_description":"biolagunev bio-tselluloosmask M\u00f5ju:\u00a0Organismi omane toimeaine adenosiin ja \u017een\u0161enni juure ekstrakt aktiveerivad rakkude uuenemist ja v\u00e4hendavad stressist tingitud enneaegset vananemist. Naha enneaegse vananemise tunnuste teke viibib. Naha elastsust ja toonus paranevad. Peened jooned ja kortsud taanduvad- nahk on niisutatud. Sobib: k\u00f5ikidele nahat\u00fc\u00fcpidele Eelised: aeglustab naha vananemist rahustava toimega v\u00e4henab peeneid jooni ja kortse ideaalne reisikaaslane lihtne [&hellip;]","og_url":"https:\/\/beautyinstitute.ee\/toode\/lehtmask-slow-aging\/","og_site_name":"Beauty Institute","article_modified_time":"2026-04-28T11:18:35+00:00","og_image":[{"width":2560,"height":2560,"url":"https:\/\/beautyinstitute.ee\/wp-content\/uploads\/2024\/01\/slow-aging-scaled.jpeg","type":"image\/jpeg"}],"twitter_card":"summary_large_image","twitter_site":"@Beauty_Eesti","twitter_misc":{"\u041f\u0440\u0438\u043c\u0435\u0440\u043d\u043e\u0435 \u0432\u0440\u0435\u043c\u044f \u0434\u043b\u044f \u0447\u0442\u0435\u043d\u0438\u044f":"1 \u043c\u0438\u043d\u0443\u0442\u0430"},"schema":{"@context":"https:\/\/schema.org","@graph":[{"@type":"WebPage","@id":"https:\/\/beautyinstitute.ee\/toode\/lehtmask-slow-aging\/","url":"https:\/\/beautyinstitute.ee\/toode\/lehtmask-slow-aging\/","name":"Lehtmask \"Slow Aging\" - Beauty Institute","isPartOf":{"@id":"https:\/\/beautyinstitute.ee\/#website"},"primaryImageOfPage":{"@id":"https:\/\/beautyinstitute.ee\/toode\/lehtmask-slow-aging\/#primaryimage"},"image":{"@id":"https:\/\/beautyinstitute.ee\/toode\/lehtmask-slow-aging\/#primaryimage"},"thumbnailUrl":"https:\/\/beautyinstitute.ee\/wp-content\/uploads\/2024\/01\/slow-aging-scaled.jpeg","datePublished":"2024-01-31T12:43:27+00:00","dateModified":"2026-04-28T11:18:35+00:00","breadcrumb":{"@id":"https:\/\/beautyinstitute.ee\/toode\/lehtmask-slow-aging\/#breadcrumb"},"inLanguage":"ru-RU","potentialAction":[{"@type":"ReadAction","target":["https:\/\/beautyinstitute.ee\/toode\/lehtmask-slow-aging\/"]}]},{"@type":"ImageObject","inLanguage":"ru-RU","@id":"https:\/\/beautyinstitute.ee\/toode\/lehtmask-slow-aging\/#primaryimage","url":"https:\/\/beautyinstitute.ee\/wp-content\/uploads\/2024\/01\/slow-aging-scaled.jpeg","contentUrl":"https:\/\/beautyinstitute.ee\/wp-content\/uploads\/2024\/01\/slow-aging-scaled.jpeg","width":2560,"height":2560},{"@type":"BreadcrumbList","@id":"https:\/\/beautyinstitute.ee\/toode\/lehtmask-slow-aging\/#breadcrumb","itemListElement":[{"@type":"ListItem","position":1,"name":"Home","item":"https:\/\/beautyinstitute.ee\/ru\/"},{"@type":"ListItem","position":2,"name":"E-pood","item":"https:\/\/beautyinstitute.ee\/e-pood\/"},{"@type":"ListItem","position":3,"name":"Lehtmask &#8220;Slow Aging&#8221;"}]},{"@type":"WebSite","@id":"https:\/\/beautyinstitute.ee\/#website","url":"https:\/\/beautyinstitute.ee\/","name":"Beauty Institute","description":"CNC Cosmetic ametlik maaletooja ja edasim\u00fc\u00fcja Eestis, Soomes, L\u00e4tis. Aparaadikosmeetika, koolitused, kosmeetikatooted.","potentialAction":[{"@type":"SearchAction","target":{"@type":"EntryPoint","urlTemplate":"https:\/\/beautyinstitute.ee\/?s={search_term_string}"},"query-input":{"@type":"PropertyValueSpecification","valueRequired":true,"valueName":"search_term_string"}}],"inLanguage":"ru-RU"}]}},"_links":{"self":[{"href":"https:\/\/beautyinstitute.ee\/ru\/wp-json\/wp\/v2\/product\/27062","targetHints":{"allow":["GET"]}}],"collection":[{"href":"https:\/\/beautyinstitute.ee\/ru\/wp-json\/wp\/v2\/product"}],"about":[{"href":"https:\/\/beautyinstitute.ee\/ru\/wp-json\/wp\/v2\/types\/product"}],"wp:featuredmedia":[{"embeddable":true,"href":"https:\/\/beautyinstitute.ee\/ru\/wp-json\/wp\/v2\/media\/27064"}],"wp:attachment":[{"href":"https:\/\/beautyinstitute.ee\/ru\/wp-json\/wp\/v2\/media?parent=27062"}],"wp:term":[{"taxonomy":"product_cat","embeddable":true,"href":"https:\/\/beautyinstitute.ee\/ru\/wp-json\/wp\/v2\/product_cat?post=27062"},{"taxonomy":"product_tag","embeddable":true,"href":"https:\/\/beautyinstitute.ee\/ru\/wp-json\/wp\/v2\/product_tag?post=27062"}],"curies":[{"name":"wp","href":"https:\/\/api.w.org\/{rel}","templated":true}]}}