{"id":2707,"date":"2019-01-22T16:43:56","date_gmt":"2019-01-22T14:43:56","guid":{"rendered":"https:\/\/beautyinstitute.ee\/?post_type=product&#038;p=2707"},"modified":"2026-04-08T10:01:55","modified_gmt":"2026-04-08T07:01:55","slug":"age-defense-eye-concentrate","status":"publish","type":"product","link":"https:\/\/beautyinstitute.ee\/ru\/toode\/age-defense-eye-concentrate\/","title":{"rendered":"Age Defense Eye Concentrate"},"content":{"rendered":"<p><strong>Spetsiaalne kontsenraat silma\u00fcmbrusele.<\/strong><\/p>\n<p>Sisaldab k\u00f5rgmolekulaarselt t\u00f6\u00f6deldud aktiivainete komplekse, mis tugevdavad kapillaare, v\u00e4hendavad silmaaluste turseid. V\u00e4ikese molekuliga h\u00fcaluroonhape niisutab intensiivselt nahka ja samaaegselt t\u00e4idab kortsup\u00f5hja. P\u00e4rsia siidipuu ja Sigesbeckia orientalis ekstrakt tasandab silma\u00fcmbruse kortse, ravib tumedaid ja turses silmaaluseid. Tagab kauakestva noorusliku v\u00e4ljan\u00e4gemise!<\/p>\n<p><strong>Eelised:<\/strong><\/p>\n<ul>\n<li>silmaalused tursed on n\u00e4htavalt v\u00e4henenud<\/li>\n<li>intensiivselt niisutav<\/li>\n<li>ravib tumedaid ja turses silmaaluseid<\/li>\n<li>sobib kontaktl\u00e4\u00e4tsede kandjatele<\/li>\n<\/ul>\n<p><strong>Sobilik:<\/strong> normaalne-, deh\u00fcdreerunud- ja atroofiline nahk.<\/p>\n<p><strong>Toimeained:<\/strong> peptiidi kompleks, h\u00fcaluroonhape, P\u00e4rsia siidipuu ekstrakt, Sigesbeckia orientalis.<\/p>\n","protected":false},"excerpt":{"rendered":"<p>Spetsiaalne kontsenraat silma\u00fcmbrusele. Sisaldab k\u00f5rgmolekulaarselt t\u00f6\u00f6deldud aktiivainete komplekse, mis tugevdavad kapillaare, v\u00e4hendavad silmaaluste turseid. V\u00e4ikese molekuliga h\u00fcaluroonhape niisutab intensiivselt nahka ja samaaegselt t\u00e4idab kortsup\u00f5hja. P\u00e4rsia siidipuu ja Sigesbeckia orientalis ekstrakt tasandab silma\u00fcmbruse kortse, ravib tumedaid ja turses silmaaluseid. Tagab kauakestva noorusliku v\u00e4ljan\u00e4gemise! Eelised: silmaalused tursed on n\u00e4htavalt v\u00e4henenud intensiivselt niisutav ravib tumedaid ja turses silmaaluseid [&hellip;]<\/p>\n","protected":false},"featured_media":11614,"template":"","meta":{"_acf_changed":false},"product_cat":[249,251,114,118,138],"product_tag":[],"class_list":["post-2707","product","type-product","status-publish","has-post-thumbnail","hentry","product_cat-seerumid-2","product_cat-silmakreemid","product_cat-tootesarjad","product_cat-aesthetic-world","product_cat-mesoporatsioon"],"acf":[],"yoast_head":"<!-- This site is optimized with the Yoast SEO plugin v25.4 - https:\/\/yoast.com\/wordpress\/plugins\/seo\/ -->\n<title>Age Defense Eye Concentrate - Beauty Institute<\/title>\n<meta name=\"robots\" content=\"index, follow, max-snippet:-1, max-image-preview:large, max-video-preview:-1\" \/>\n<link rel=\"canonical\" href=\"https:\/\/beautyinstitute.ee\/ru\/toode\/age-defense-eye-concentrate\/\" \/>\n<meta property=\"og:locale\" content=\"ru_RU\" \/>\n<meta property=\"og:type\" content=\"article\" \/>\n<meta property=\"og:title\" content=\"Age Defense Eye Concentrate - Beauty Institute\" \/>\n<meta property=\"og:description\" content=\"Spetsiaalne kontsenraat silma\u00fcmbrusele. Sisaldab k\u00f5rgmolekulaarselt t\u00f6\u00f6deldud aktiivainete komplekse, mis tugevdavad kapillaare, v\u00e4hendavad silmaaluste turseid. V\u00e4ikese molekuliga h\u00fcaluroonhape niisutab intensiivselt nahka ja samaaegselt t\u00e4idab kortsup\u00f5hja. P\u00e4rsia siidipuu ja Sigesbeckia orientalis ekstrakt tasandab silma\u00fcmbruse kortse, ravib tumedaid ja turses silmaaluseid. Tagab kauakestva noorusliku v\u00e4ljan\u00e4gemise! Eelised: silmaalused tursed on n\u00e4htavalt v\u00e4henenud intensiivselt niisutav ravib tumedaid ja turses silmaaluseid [&hellip;]\" \/>\n<meta property=\"og:url\" content=\"https:\/\/beautyinstitute.ee\/ru\/toode\/age-defense-eye-concentrate\/\" \/>\n<meta property=\"og:site_name\" content=\"Beauty Institute\" \/>\n<meta property=\"article:modified_time\" content=\"2026-04-08T07:01:55+00:00\" \/>\n<meta property=\"og:image\" content=\"https:\/\/beautyinstitute.ee\/wp-content\/uploads\/2019\/01\/age-defense-EYE-concentrate-834x1024.jpg\" \/>\n\t<meta property=\"og:image:width\" content=\"834\" \/>\n\t<meta property=\"og:image:height\" content=\"1024\" \/>\n\t<meta property=\"og:image:type\" content=\"image\/jpeg\" \/>\n<meta name=\"twitter:card\" content=\"summary_large_image\" \/>\n<meta name=\"twitter:site\" content=\"@Beauty_Eesti\" \/>\n<script type=\"application\/ld+json\" class=\"yoast-schema-graph\">{\"@context\":\"https:\/\/schema.org\",\"@graph\":[{\"@type\":\"WebPage\",\"@id\":\"https:\/\/beautyinstitute.ee\/ru\/toode\/age-defense-eye-concentrate\/\",\"url\":\"https:\/\/beautyinstitute.ee\/ru\/toode\/age-defense-eye-concentrate\/\",\"name\":\"Age Defense Eye Concentrate - Beauty Institute\",\"isPartOf\":{\"@id\":\"https:\/\/beautyinstitute.ee\/#website\"},\"primaryImageOfPage\":{\"@id\":\"https:\/\/beautyinstitute.ee\/ru\/toode\/age-defense-eye-concentrate\/#primaryimage\"},\"image\":{\"@id\":\"https:\/\/beautyinstitute.ee\/ru\/toode\/age-defense-eye-concentrate\/#primaryimage\"},\"thumbnailUrl\":\"https:\/\/beautyinstitute.ee\/wp-content\/uploads\/2019\/01\/age-defense-EYE-concentrate.jpg\",\"datePublished\":\"2019-01-22T14:43:56+00:00\",\"dateModified\":\"2026-04-08T07:01:55+00:00\",\"breadcrumb\":{\"@id\":\"https:\/\/beautyinstitute.ee\/ru\/toode\/age-defense-eye-concentrate\/#breadcrumb\"},\"inLanguage\":\"ru-RU\",\"potentialAction\":[{\"@type\":\"ReadAction\",\"target\":[\"https:\/\/beautyinstitute.ee\/ru\/toode\/age-defense-eye-concentrate\/\"]}]},{\"@type\":\"ImageObject\",\"inLanguage\":\"ru-RU\",\"@id\":\"https:\/\/beautyinstitute.ee\/ru\/toode\/age-defense-eye-concentrate\/#primaryimage\",\"url\":\"https:\/\/beautyinstitute.ee\/wp-content\/uploads\/2019\/01\/age-defense-EYE-concentrate.jpg\",\"contentUrl\":\"https:\/\/beautyinstitute.ee\/wp-content\/uploads\/2019\/01\/age-defense-EYE-concentrate.jpg\",\"width\":1401,\"height\":1721},{\"@type\":\"BreadcrumbList\",\"@id\":\"https:\/\/beautyinstitute.ee\/ru\/toode\/age-defense-eye-concentrate\/#breadcrumb\",\"itemListElement\":[{\"@type\":\"ListItem\",\"position\":1,\"name\":\"Home\",\"item\":\"https:\/\/beautyinstitute.ee\/ru\/\"},{\"@type\":\"ListItem\",\"position\":2,\"name\":\"E-pood\",\"item\":\"https:\/\/beautyinstitute.ee\/e-pood\/\"},{\"@type\":\"ListItem\",\"position\":3,\"name\":\"Age Defense Eye Concentrate\"}]},{\"@type\":\"WebSite\",\"@id\":\"https:\/\/beautyinstitute.ee\/#website\",\"url\":\"https:\/\/beautyinstitute.ee\/\",\"name\":\"Beauty Institute\",\"description\":\"CNC Cosmetic ametlik maaletooja ja edasim\u00fc\u00fcja Eestis, Soomes, L\u00e4tis. Aparaadikosmeetika, koolitused, kosmeetikatooted.\",\"potentialAction\":[{\"@type\":\"SearchAction\",\"target\":{\"@type\":\"EntryPoint\",\"urlTemplate\":\"https:\/\/beautyinstitute.ee\/?s={search_term_string}\"},\"query-input\":{\"@type\":\"PropertyValueSpecification\",\"valueRequired\":true,\"valueName\":\"search_term_string\"}}],\"inLanguage\":\"ru-RU\"}]}<\/script>\n<!-- \/ Yoast SEO plugin. -->","yoast_head_json":{"title":"Age Defense Eye Concentrate - Beauty Institute","robots":{"index":"index","follow":"follow","max-snippet":"max-snippet:-1","max-image-preview":"max-image-preview:large","max-video-preview":"max-video-preview:-1"},"canonical":"https:\/\/beautyinstitute.ee\/ru\/toode\/age-defense-eye-concentrate\/","og_locale":"ru_RU","og_type":"article","og_title":"Age Defense Eye Concentrate - Beauty Institute","og_description":"Spetsiaalne kontsenraat silma\u00fcmbrusele. Sisaldab k\u00f5rgmolekulaarselt t\u00f6\u00f6deldud aktiivainete komplekse, mis tugevdavad kapillaare, v\u00e4hendavad silmaaluste turseid. V\u00e4ikese molekuliga h\u00fcaluroonhape niisutab intensiivselt nahka ja samaaegselt t\u00e4idab kortsup\u00f5hja. P\u00e4rsia siidipuu ja Sigesbeckia orientalis ekstrakt tasandab silma\u00fcmbruse kortse, ravib tumedaid ja turses silmaaluseid. Tagab kauakestva noorusliku v\u00e4ljan\u00e4gemise! Eelised: silmaalused tursed on n\u00e4htavalt v\u00e4henenud intensiivselt niisutav ravib tumedaid ja turses silmaaluseid [&hellip;]","og_url":"https:\/\/beautyinstitute.ee\/ru\/toode\/age-defense-eye-concentrate\/","og_site_name":"Beauty Institute","article_modified_time":"2026-04-08T07:01:55+00:00","og_image":[{"width":834,"height":1024,"url":"https:\/\/beautyinstitute.ee\/wp-content\/uploads\/2019\/01\/age-defense-EYE-concentrate-834x1024.jpg","type":"image\/jpeg"}],"twitter_card":"summary_large_image","twitter_site":"@Beauty_Eesti","schema":{"@context":"https:\/\/schema.org","@graph":[{"@type":"WebPage","@id":"https:\/\/beautyinstitute.ee\/ru\/toode\/age-defense-eye-concentrate\/","url":"https:\/\/beautyinstitute.ee\/ru\/toode\/age-defense-eye-concentrate\/","name":"Age Defense Eye Concentrate - Beauty Institute","isPartOf":{"@id":"https:\/\/beautyinstitute.ee\/#website"},"primaryImageOfPage":{"@id":"https:\/\/beautyinstitute.ee\/ru\/toode\/age-defense-eye-concentrate\/#primaryimage"},"image":{"@id":"https:\/\/beautyinstitute.ee\/ru\/toode\/age-defense-eye-concentrate\/#primaryimage"},"thumbnailUrl":"https:\/\/beautyinstitute.ee\/wp-content\/uploads\/2019\/01\/age-defense-EYE-concentrate.jpg","datePublished":"2019-01-22T14:43:56+00:00","dateModified":"2026-04-08T07:01:55+00:00","breadcrumb":{"@id":"https:\/\/beautyinstitute.ee\/ru\/toode\/age-defense-eye-concentrate\/#breadcrumb"},"inLanguage":"ru-RU","potentialAction":[{"@type":"ReadAction","target":["https:\/\/beautyinstitute.ee\/ru\/toode\/age-defense-eye-concentrate\/"]}]},{"@type":"ImageObject","inLanguage":"ru-RU","@id":"https:\/\/beautyinstitute.ee\/ru\/toode\/age-defense-eye-concentrate\/#primaryimage","url":"https:\/\/beautyinstitute.ee\/wp-content\/uploads\/2019\/01\/age-defense-EYE-concentrate.jpg","contentUrl":"https:\/\/beautyinstitute.ee\/wp-content\/uploads\/2019\/01\/age-defense-EYE-concentrate.jpg","width":1401,"height":1721},{"@type":"BreadcrumbList","@id":"https:\/\/beautyinstitute.ee\/ru\/toode\/age-defense-eye-concentrate\/#breadcrumb","itemListElement":[{"@type":"ListItem","position":1,"name":"Home","item":"https:\/\/beautyinstitute.ee\/ru\/"},{"@type":"ListItem","position":2,"name":"E-pood","item":"https:\/\/beautyinstitute.ee\/e-pood\/"},{"@type":"ListItem","position":3,"name":"Age Defense Eye Concentrate"}]},{"@type":"WebSite","@id":"https:\/\/beautyinstitute.ee\/#website","url":"https:\/\/beautyinstitute.ee\/","name":"Beauty Institute","description":"CNC Cosmetic ametlik maaletooja ja edasim\u00fc\u00fcja Eestis, Soomes, L\u00e4tis. Aparaadikosmeetika, koolitused, kosmeetikatooted.","potentialAction":[{"@type":"SearchAction","target":{"@type":"EntryPoint","urlTemplate":"https:\/\/beautyinstitute.ee\/?s={search_term_string}"},"query-input":{"@type":"PropertyValueSpecification","valueRequired":true,"valueName":"search_term_string"}}],"inLanguage":"ru-RU"}]}},"_links":{"self":[{"href":"https:\/\/beautyinstitute.ee\/ru\/wp-json\/wp\/v2\/product\/2707","targetHints":{"allow":["GET"]}}],"collection":[{"href":"https:\/\/beautyinstitute.ee\/ru\/wp-json\/wp\/v2\/product"}],"about":[{"href":"https:\/\/beautyinstitute.ee\/ru\/wp-json\/wp\/v2\/types\/product"}],"wp:featuredmedia":[{"embeddable":true,"href":"https:\/\/beautyinstitute.ee\/ru\/wp-json\/wp\/v2\/media\/11614"}],"wp:attachment":[{"href":"https:\/\/beautyinstitute.ee\/ru\/wp-json\/wp\/v2\/media?parent=2707"}],"wp:term":[{"taxonomy":"product_cat","embeddable":true,"href":"https:\/\/beautyinstitute.ee\/ru\/wp-json\/wp\/v2\/product_cat?post=2707"},{"taxonomy":"product_tag","embeddable":true,"href":"https:\/\/beautyinstitute.ee\/ru\/wp-json\/wp\/v2\/product_tag?post=2707"}],"curies":[{"name":"wp","href":"https:\/\/api.w.org\/{rel}","templated":true}]}}