{"id":2711,"date":"2019-01-24T18:36:41","date_gmt":"2019-01-24T18:36:41","guid":{"rendered":"https:\/\/beautyinstitute.ee\/?post_type=product&#038;p=2711"},"modified":"2026-04-28T12:56:48","modified_gmt":"2026-04-28T09:56:48","slug":"clearing-foam","status":"publish","type":"product","link":"https:\/\/beautyinstitute.ee\/ru\/toode\/clearing-foam\/","title":{"rendered":"Clearing Foam"},"content":{"rendered":"<p><strong>Kerge ja kreemjas puhastusvaht k\u00f5ikidele nahat\u00fc\u00fcpidele.<\/strong><\/p>\n<p>Sobib ka eriti tundlikule nahale. Allantoiin, pantenool ja looduslikud \u00f5lid puhastavd, niisutavad ja v\u00e4rskendavad nahka. Omab nahka rahustavat toimet.<\/p>\n<p><strong>Eelised:<\/strong><\/p>\n<ul>\n<li>eemaldab nahalt mustuse ja jumestuse<\/li>\n<li>puhastab \u00f5rnalt, kuivamata<\/li>\n<li>ei j\u00e4ta nahka kiskuma<\/li>\n<li>sobilik ka silmameigi eemaldamiseks<\/li>\n<\/ul>\n<p><strong>Sobilik:<\/strong> k\u00f5ikidele nahat\u00fc\u00fcpidele.<\/p>\n<p><strong>Toimeained:<\/strong> allantoiin, D-pantenool, gl\u00fctseriin.<\/p>\n<p>&nbsp;<\/p>\n","protected":false},"excerpt":{"rendered":"<p>Kerge ja kreemjas puhastusvaht k\u00f5ikidele nahat\u00fc\u00fcpidele. Sobib ka eriti tundlikule nahale. Allantoiin, pantenool ja looduslikud \u00f5lid puhastavd, niisutavad ja v\u00e4rskendavad nahka. Omab nahka rahustavat toimet. Eelised: eemaldab nahalt mustuse ja jumestuse puhastab \u00f5rnalt, kuivamata ei j\u00e4ta nahka kiskuma sobilik ka silmameigi eemaldamiseks Sobilik: k\u00f5ikidele nahat\u00fc\u00fcpidele. Toimeained: allantoiin, D-pantenool, gl\u00fctseriin. &nbsp;<\/p>\n","protected":false},"featured_media":11612,"template":"","meta":{"_acf_changed":false},"product_cat":[245,114,118],"product_tag":[],"class_list":["post-2711","product","type-product","status-publish","has-post-thumbnail","hentry","product_cat-puhastustooted","product_cat-tootesarjad","product_cat-aesthetic-world"],"acf":[],"yoast_head":"<!-- This site is optimized with the Yoast SEO plugin v25.4 - https:\/\/yoast.com\/wordpress\/plugins\/seo\/ -->\n<title>Clearing Foam - Beauty Institute<\/title>\n<meta name=\"robots\" content=\"index, follow, max-snippet:-1, max-image-preview:large, max-video-preview:-1\" \/>\n<link rel=\"canonical\" href=\"https:\/\/beautyinstitute.ee\/toode\/clearing-foam\/\" \/>\n<meta property=\"og:locale\" content=\"ru_RU\" \/>\n<meta property=\"og:type\" content=\"article\" \/>\n<meta property=\"og:title\" content=\"Clearing Foam - Beauty Institute\" \/>\n<meta property=\"og:description\" content=\"Kerge ja kreemjas puhastusvaht k\u00f5ikidele nahat\u00fc\u00fcpidele. Sobib ka eriti tundlikule nahale. Allantoiin, pantenool ja looduslikud \u00f5lid puhastavd, niisutavad ja v\u00e4rskendavad nahka. Omab nahka rahustavat toimet. Eelised: eemaldab nahalt mustuse ja jumestuse puhastab \u00f5rnalt, kuivamata ei j\u00e4ta nahka kiskuma sobilik ka silmameigi eemaldamiseks Sobilik: k\u00f5ikidele nahat\u00fc\u00fcpidele. Toimeained: allantoiin, D-pantenool, gl\u00fctseriin. &nbsp;\" \/>\n<meta property=\"og:url\" content=\"https:\/\/beautyinstitute.ee\/toode\/clearing-foam\/\" \/>\n<meta property=\"og:site_name\" content=\"Beauty Institute\" \/>\n<meta property=\"article:modified_time\" content=\"2026-04-28T09:56:48+00:00\" \/>\n<meta property=\"og:image\" content=\"https:\/\/beautyinstitute.ee\/wp-content\/uploads\/2019\/01\/clearing-foam.jpg\" \/>\n\t<meta property=\"og:image:width\" content=\"750\" \/>\n\t<meta property=\"og:image:height\" content=\"711\" \/>\n\t<meta property=\"og:image:type\" content=\"image\/jpeg\" \/>\n<meta name=\"twitter:card\" content=\"summary_large_image\" \/>\n<meta name=\"twitter:site\" content=\"@Beauty_Eesti\" \/>\n<meta name=\"twitter:label1\" content=\"\u041f\u0440\u0438\u043c\u0435\u0440\u043d\u043e\u0435 \u0432\u0440\u0435\u043c\u044f \u0434\u043b\u044f \u0447\u0442\u0435\u043d\u0438\u044f\" \/>\n\t<meta name=\"twitter:data1\" content=\"1 \u043c\u0438\u043d\u0443\u0442\u0430\" \/>\n<script type=\"application\/ld+json\" class=\"yoast-schema-graph\">{\"@context\":\"https:\/\/schema.org\",\"@graph\":[{\"@type\":\"WebPage\",\"@id\":\"https:\/\/beautyinstitute.ee\/toode\/clearing-foam\/\",\"url\":\"https:\/\/beautyinstitute.ee\/toode\/clearing-foam\/\",\"name\":\"Clearing Foam - Beauty Institute\",\"isPartOf\":{\"@id\":\"https:\/\/beautyinstitute.ee\/#website\"},\"primaryImageOfPage\":{\"@id\":\"https:\/\/beautyinstitute.ee\/toode\/clearing-foam\/#primaryimage\"},\"image\":{\"@id\":\"https:\/\/beautyinstitute.ee\/toode\/clearing-foam\/#primaryimage\"},\"thumbnailUrl\":\"https:\/\/beautyinstitute.ee\/wp-content\/uploads\/2019\/01\/clearing-foam.jpg\",\"datePublished\":\"2019-01-24T18:36:41+00:00\",\"dateModified\":\"2026-04-28T09:56:48+00:00\",\"breadcrumb\":{\"@id\":\"https:\/\/beautyinstitute.ee\/toode\/clearing-foam\/#breadcrumb\"},\"inLanguage\":\"ru-RU\",\"potentialAction\":[{\"@type\":\"ReadAction\",\"target\":[\"https:\/\/beautyinstitute.ee\/toode\/clearing-foam\/\"]}]},{\"@type\":\"ImageObject\",\"inLanguage\":\"ru-RU\",\"@id\":\"https:\/\/beautyinstitute.ee\/toode\/clearing-foam\/#primaryimage\",\"url\":\"https:\/\/beautyinstitute.ee\/wp-content\/uploads\/2019\/01\/clearing-foam.jpg\",\"contentUrl\":\"https:\/\/beautyinstitute.ee\/wp-content\/uploads\/2019\/01\/clearing-foam.jpg\",\"width\":750,\"height\":711},{\"@type\":\"BreadcrumbList\",\"@id\":\"https:\/\/beautyinstitute.ee\/toode\/clearing-foam\/#breadcrumb\",\"itemListElement\":[{\"@type\":\"ListItem\",\"position\":1,\"name\":\"Home\",\"item\":\"https:\/\/beautyinstitute.ee\/ru\/\"},{\"@type\":\"ListItem\",\"position\":2,\"name\":\"E-pood\",\"item\":\"https:\/\/beautyinstitute.ee\/e-pood\/\"},{\"@type\":\"ListItem\",\"position\":3,\"name\":\"Clearing Foam\"}]},{\"@type\":\"WebSite\",\"@id\":\"https:\/\/beautyinstitute.ee\/#website\",\"url\":\"https:\/\/beautyinstitute.ee\/\",\"name\":\"Beauty Institute\",\"description\":\"CNC Cosmetic ametlik maaletooja ja edasim\u00fc\u00fcja Eestis, Soomes, L\u00e4tis. Aparaadikosmeetika, koolitused, kosmeetikatooted.\",\"potentialAction\":[{\"@type\":\"SearchAction\",\"target\":{\"@type\":\"EntryPoint\",\"urlTemplate\":\"https:\/\/beautyinstitute.ee\/?s={search_term_string}\"},\"query-input\":{\"@type\":\"PropertyValueSpecification\",\"valueRequired\":true,\"valueName\":\"search_term_string\"}}],\"inLanguage\":\"ru-RU\"}]}<\/script>\n<!-- \/ Yoast SEO plugin. -->","yoast_head_json":{"title":"Clearing Foam - Beauty Institute","robots":{"index":"index","follow":"follow","max-snippet":"max-snippet:-1","max-image-preview":"max-image-preview:large","max-video-preview":"max-video-preview:-1"},"canonical":"https:\/\/beautyinstitute.ee\/toode\/clearing-foam\/","og_locale":"ru_RU","og_type":"article","og_title":"Clearing Foam - Beauty Institute","og_description":"Kerge ja kreemjas puhastusvaht k\u00f5ikidele nahat\u00fc\u00fcpidele. Sobib ka eriti tundlikule nahale. Allantoiin, pantenool ja looduslikud \u00f5lid puhastavd, niisutavad ja v\u00e4rskendavad nahka. Omab nahka rahustavat toimet. Eelised: eemaldab nahalt mustuse ja jumestuse puhastab \u00f5rnalt, kuivamata ei j\u00e4ta nahka kiskuma sobilik ka silmameigi eemaldamiseks Sobilik: k\u00f5ikidele nahat\u00fc\u00fcpidele. Toimeained: allantoiin, D-pantenool, gl\u00fctseriin. &nbsp;","og_url":"https:\/\/beautyinstitute.ee\/toode\/clearing-foam\/","og_site_name":"Beauty Institute","article_modified_time":"2026-04-28T09:56:48+00:00","og_image":[{"width":750,"height":711,"url":"https:\/\/beautyinstitute.ee\/wp-content\/uploads\/2019\/01\/clearing-foam.jpg","type":"image\/jpeg"}],"twitter_card":"summary_large_image","twitter_site":"@Beauty_Eesti","twitter_misc":{"\u041f\u0440\u0438\u043c\u0435\u0440\u043d\u043e\u0435 \u0432\u0440\u0435\u043c\u044f \u0434\u043b\u044f \u0447\u0442\u0435\u043d\u0438\u044f":"1 \u043c\u0438\u043d\u0443\u0442\u0430"},"schema":{"@context":"https:\/\/schema.org","@graph":[{"@type":"WebPage","@id":"https:\/\/beautyinstitute.ee\/toode\/clearing-foam\/","url":"https:\/\/beautyinstitute.ee\/toode\/clearing-foam\/","name":"Clearing Foam - Beauty Institute","isPartOf":{"@id":"https:\/\/beautyinstitute.ee\/#website"},"primaryImageOfPage":{"@id":"https:\/\/beautyinstitute.ee\/toode\/clearing-foam\/#primaryimage"},"image":{"@id":"https:\/\/beautyinstitute.ee\/toode\/clearing-foam\/#primaryimage"},"thumbnailUrl":"https:\/\/beautyinstitute.ee\/wp-content\/uploads\/2019\/01\/clearing-foam.jpg","datePublished":"2019-01-24T18:36:41+00:00","dateModified":"2026-04-28T09:56:48+00:00","breadcrumb":{"@id":"https:\/\/beautyinstitute.ee\/toode\/clearing-foam\/#breadcrumb"},"inLanguage":"ru-RU","potentialAction":[{"@type":"ReadAction","target":["https:\/\/beautyinstitute.ee\/toode\/clearing-foam\/"]}]},{"@type":"ImageObject","inLanguage":"ru-RU","@id":"https:\/\/beautyinstitute.ee\/toode\/clearing-foam\/#primaryimage","url":"https:\/\/beautyinstitute.ee\/wp-content\/uploads\/2019\/01\/clearing-foam.jpg","contentUrl":"https:\/\/beautyinstitute.ee\/wp-content\/uploads\/2019\/01\/clearing-foam.jpg","width":750,"height":711},{"@type":"BreadcrumbList","@id":"https:\/\/beautyinstitute.ee\/toode\/clearing-foam\/#breadcrumb","itemListElement":[{"@type":"ListItem","position":1,"name":"Home","item":"https:\/\/beautyinstitute.ee\/ru\/"},{"@type":"ListItem","position":2,"name":"E-pood","item":"https:\/\/beautyinstitute.ee\/e-pood\/"},{"@type":"ListItem","position":3,"name":"Clearing Foam"}]},{"@type":"WebSite","@id":"https:\/\/beautyinstitute.ee\/#website","url":"https:\/\/beautyinstitute.ee\/","name":"Beauty Institute","description":"CNC Cosmetic ametlik maaletooja ja edasim\u00fc\u00fcja Eestis, Soomes, L\u00e4tis. Aparaadikosmeetika, koolitused, kosmeetikatooted.","potentialAction":[{"@type":"SearchAction","target":{"@type":"EntryPoint","urlTemplate":"https:\/\/beautyinstitute.ee\/?s={search_term_string}"},"query-input":{"@type":"PropertyValueSpecification","valueRequired":true,"valueName":"search_term_string"}}],"inLanguage":"ru-RU"}]}},"_links":{"self":[{"href":"https:\/\/beautyinstitute.ee\/ru\/wp-json\/wp\/v2\/product\/2711","targetHints":{"allow":["GET"]}}],"collection":[{"href":"https:\/\/beautyinstitute.ee\/ru\/wp-json\/wp\/v2\/product"}],"about":[{"href":"https:\/\/beautyinstitute.ee\/ru\/wp-json\/wp\/v2\/types\/product"}],"wp:featuredmedia":[{"embeddable":true,"href":"https:\/\/beautyinstitute.ee\/ru\/wp-json\/wp\/v2\/media\/11612"}],"wp:attachment":[{"href":"https:\/\/beautyinstitute.ee\/ru\/wp-json\/wp\/v2\/media?parent=2711"}],"wp:term":[{"taxonomy":"product_cat","embeddable":true,"href":"https:\/\/beautyinstitute.ee\/ru\/wp-json\/wp\/v2\/product_cat?post=2711"},{"taxonomy":"product_tag","embeddable":true,"href":"https:\/\/beautyinstitute.ee\/ru\/wp-json\/wp\/v2\/product_tag?post=2711"}],"curies":[{"name":"wp","href":"https:\/\/api.w.org\/{rel}","templated":true}]}}