{"id":2725,"date":"2019-01-24T18:46:24","date_gmt":"2019-01-24T18:46:24","guid":{"rendered":"https:\/\/beautyinstitute.ee\/?post_type=product&#038;p=2725"},"modified":"2026-04-23T13:17:28","modified_gmt":"2026-04-23T10:17:28","slug":"micelle-cleanser-3in1","status":"publish","type":"product","link":"https:\/\/beautyinstitute.ee\/ru\/toode\/micelle-cleanser-3in1\/","title":{"rendered":"Micelle Cleanser 3In1"},"content":{"rendered":"<p><strong>Puhastab naha koheselt, ilma stressirohke mitmeainelise puhastuseta.<\/strong><\/p>\n<p>Eemaldab meigi ja mustuse nahalt. Micellidel on magneetiline funktsioon. Ta t\u00f5mbab kerge vaevaga nahast mustuse v\u00e4lja. Toonik on 3 kordse toimega- eemaldab meigi, puhastab ja toniseerib nahka. Sobilik k\u00f5ikidele nahat\u00fc\u00fcpidele (va. tundlik ja kuperoosne). Toode on antibakteriaalne, rahustab ja niisutab nahka.<\/p>\n<p><strong>Eelised:<\/strong><\/p>\n<ul>\n<li>p\u00f5hjalik puhastamine<\/li>\n<li>\u00f5rn jumestuse eemaldamine<\/li>\n<li>lihtne hooldus \u00fche sammuna<\/li>\n<\/ul>\n<p><strong>Sobilik:<\/strong> k\u00f5ikidele nahat\u00fc\u00fcpidele, v\u00e4lja arvatud tundlik nahk ja kuperoosa.<\/p>\n<p><strong>Toimeained:<\/strong> kurgi ekstrakt, n\u00f5gese ekstrakt, greibi ekstrakt ja allantoiin.<\/p>\n","protected":false},"excerpt":{"rendered":"<p>Puhastab naha koheselt, ilma stressirohke mitmeainelise puhastuseta. Eemaldab meigi ja mustuse nahalt. Micellidel on magneetiline funktsioon. Ta t\u00f5mbab kerge vaevaga nahast mustuse v\u00e4lja. Toonik on 3 kordse toimega- eemaldab meigi, puhastab ja toniseerib nahka. Sobilik k\u00f5ikidele nahat\u00fc\u00fcpidele (va. tundlik ja kuperoosne). Toode on antibakteriaalne, rahustab ja niisutab nahka. Eelised: p\u00f5hjalik puhastamine \u00f5rn jumestuse eemaldamine lihtne [&hellip;]<\/p>\n","protected":false},"featured_media":11606,"template":"","meta":{"_acf_changed":false},"product_cat":[245,246,114,118],"product_tag":[],"class_list":["post-2725","product","type-product","status-publish","has-post-thumbnail","hentry","product_cat-puhastustooted","product_cat-toonikud","product_cat-tootesarjad","product_cat-aesthetic-world"],"acf":[],"yoast_head":"<!-- This site is optimized with the Yoast SEO plugin v25.4 - https:\/\/yoast.com\/wordpress\/plugins\/seo\/ -->\n<title>Micelle Cleanser 3In1 - Beauty Institute<\/title>\n<meta name=\"robots\" content=\"index, follow, max-snippet:-1, max-image-preview:large, max-video-preview:-1\" \/>\n<link rel=\"canonical\" href=\"https:\/\/beautyinstitute.ee\/toode\/micelle-cleanser-3in1\/\" \/>\n<meta property=\"og:locale\" content=\"ru_RU\" \/>\n<meta property=\"og:type\" content=\"article\" \/>\n<meta property=\"og:title\" content=\"Micelle Cleanser 3In1 - Beauty Institute\" \/>\n<meta property=\"og:description\" content=\"Puhastab naha koheselt, ilma stressirohke mitmeainelise puhastuseta. Eemaldab meigi ja mustuse nahalt. Micellidel on magneetiline funktsioon. Ta t\u00f5mbab kerge vaevaga nahast mustuse v\u00e4lja. Toonik on 3 kordse toimega- eemaldab meigi, puhastab ja toniseerib nahka. Sobilik k\u00f5ikidele nahat\u00fc\u00fcpidele (va. tundlik ja kuperoosne). Toode on antibakteriaalne, rahustab ja niisutab nahka. Eelised: p\u00f5hjalik puhastamine \u00f5rn jumestuse eemaldamine lihtne [&hellip;]\" \/>\n<meta property=\"og:url\" content=\"https:\/\/beautyinstitute.ee\/toode\/micelle-cleanser-3in1\/\" \/>\n<meta property=\"og:site_name\" content=\"Beauty Institute\" \/>\n<meta property=\"article:modified_time\" content=\"2026-04-23T10:17:28+00:00\" \/>\n<meta property=\"og:image\" content=\"https:\/\/beautyinstitute.ee\/wp-content\/uploads\/2019\/01\/3in1-micelle-cleanser.jpg\" \/>\n\t<meta property=\"og:image:width\" content=\"750\" \/>\n\t<meta property=\"og:image:height\" content=\"711\" \/>\n\t<meta property=\"og:image:type\" content=\"image\/jpeg\" \/>\n<meta name=\"twitter:card\" content=\"summary_large_image\" \/>\n<meta name=\"twitter:site\" content=\"@Beauty_Eesti\" \/>\n<script type=\"application\/ld+json\" class=\"yoast-schema-graph\">{\"@context\":\"https:\/\/schema.org\",\"@graph\":[{\"@type\":\"WebPage\",\"@id\":\"https:\/\/beautyinstitute.ee\/toode\/micelle-cleanser-3in1\/\",\"url\":\"https:\/\/beautyinstitute.ee\/toode\/micelle-cleanser-3in1\/\",\"name\":\"Micelle Cleanser 3In1 - Beauty Institute\",\"isPartOf\":{\"@id\":\"https:\/\/beautyinstitute.ee\/#website\"},\"primaryImageOfPage\":{\"@id\":\"https:\/\/beautyinstitute.ee\/toode\/micelle-cleanser-3in1\/#primaryimage\"},\"image\":{\"@id\":\"https:\/\/beautyinstitute.ee\/toode\/micelle-cleanser-3in1\/#primaryimage\"},\"thumbnailUrl\":\"https:\/\/beautyinstitute.ee\/wp-content\/uploads\/2019\/01\/3in1-micelle-cleanser.jpg\",\"datePublished\":\"2019-01-24T18:46:24+00:00\",\"dateModified\":\"2026-04-23T10:17:28+00:00\",\"breadcrumb\":{\"@id\":\"https:\/\/beautyinstitute.ee\/toode\/micelle-cleanser-3in1\/#breadcrumb\"},\"inLanguage\":\"ru-RU\",\"potentialAction\":[{\"@type\":\"ReadAction\",\"target\":[\"https:\/\/beautyinstitute.ee\/toode\/micelle-cleanser-3in1\/\"]}]},{\"@type\":\"ImageObject\",\"inLanguage\":\"ru-RU\",\"@id\":\"https:\/\/beautyinstitute.ee\/toode\/micelle-cleanser-3in1\/#primaryimage\",\"url\":\"https:\/\/beautyinstitute.ee\/wp-content\/uploads\/2019\/01\/3in1-micelle-cleanser.jpg\",\"contentUrl\":\"https:\/\/beautyinstitute.ee\/wp-content\/uploads\/2019\/01\/3in1-micelle-cleanser.jpg\",\"width\":750,\"height\":711},{\"@type\":\"BreadcrumbList\",\"@id\":\"https:\/\/beautyinstitute.ee\/toode\/micelle-cleanser-3in1\/#breadcrumb\",\"itemListElement\":[{\"@type\":\"ListItem\",\"position\":1,\"name\":\"Home\",\"item\":\"https:\/\/beautyinstitute.ee\/ru\/\"},{\"@type\":\"ListItem\",\"position\":2,\"name\":\"E-pood\",\"item\":\"https:\/\/beautyinstitute.ee\/e-pood\/\"},{\"@type\":\"ListItem\",\"position\":3,\"name\":\"Micelle Cleanser 3In1\"}]},{\"@type\":\"WebSite\",\"@id\":\"https:\/\/beautyinstitute.ee\/#website\",\"url\":\"https:\/\/beautyinstitute.ee\/\",\"name\":\"Beauty Institute\",\"description\":\"CNC Cosmetic ametlik maaletooja ja edasim\u00fc\u00fcja Eestis, Soomes, L\u00e4tis. Aparaadikosmeetika, koolitused, kosmeetikatooted.\",\"potentialAction\":[{\"@type\":\"SearchAction\",\"target\":{\"@type\":\"EntryPoint\",\"urlTemplate\":\"https:\/\/beautyinstitute.ee\/?s={search_term_string}\"},\"query-input\":{\"@type\":\"PropertyValueSpecification\",\"valueRequired\":true,\"valueName\":\"search_term_string\"}}],\"inLanguage\":\"ru-RU\"}]}<\/script>\n<!-- \/ Yoast SEO plugin. -->","yoast_head_json":{"title":"Micelle Cleanser 3In1 - Beauty Institute","robots":{"index":"index","follow":"follow","max-snippet":"max-snippet:-1","max-image-preview":"max-image-preview:large","max-video-preview":"max-video-preview:-1"},"canonical":"https:\/\/beautyinstitute.ee\/toode\/micelle-cleanser-3in1\/","og_locale":"ru_RU","og_type":"article","og_title":"Micelle Cleanser 3In1 - Beauty Institute","og_description":"Puhastab naha koheselt, ilma stressirohke mitmeainelise puhastuseta. Eemaldab meigi ja mustuse nahalt. Micellidel on magneetiline funktsioon. Ta t\u00f5mbab kerge vaevaga nahast mustuse v\u00e4lja. Toonik on 3 kordse toimega- eemaldab meigi, puhastab ja toniseerib nahka. Sobilik k\u00f5ikidele nahat\u00fc\u00fcpidele (va. tundlik ja kuperoosne). Toode on antibakteriaalne, rahustab ja niisutab nahka. Eelised: p\u00f5hjalik puhastamine \u00f5rn jumestuse eemaldamine lihtne [&hellip;]","og_url":"https:\/\/beautyinstitute.ee\/toode\/micelle-cleanser-3in1\/","og_site_name":"Beauty Institute","article_modified_time":"2026-04-23T10:17:28+00:00","og_image":[{"width":750,"height":711,"url":"https:\/\/beautyinstitute.ee\/wp-content\/uploads\/2019\/01\/3in1-micelle-cleanser.jpg","type":"image\/jpeg"}],"twitter_card":"summary_large_image","twitter_site":"@Beauty_Eesti","schema":{"@context":"https:\/\/schema.org","@graph":[{"@type":"WebPage","@id":"https:\/\/beautyinstitute.ee\/toode\/micelle-cleanser-3in1\/","url":"https:\/\/beautyinstitute.ee\/toode\/micelle-cleanser-3in1\/","name":"Micelle Cleanser 3In1 - Beauty Institute","isPartOf":{"@id":"https:\/\/beautyinstitute.ee\/#website"},"primaryImageOfPage":{"@id":"https:\/\/beautyinstitute.ee\/toode\/micelle-cleanser-3in1\/#primaryimage"},"image":{"@id":"https:\/\/beautyinstitute.ee\/toode\/micelle-cleanser-3in1\/#primaryimage"},"thumbnailUrl":"https:\/\/beautyinstitute.ee\/wp-content\/uploads\/2019\/01\/3in1-micelle-cleanser.jpg","datePublished":"2019-01-24T18:46:24+00:00","dateModified":"2026-04-23T10:17:28+00:00","breadcrumb":{"@id":"https:\/\/beautyinstitute.ee\/toode\/micelle-cleanser-3in1\/#breadcrumb"},"inLanguage":"ru-RU","potentialAction":[{"@type":"ReadAction","target":["https:\/\/beautyinstitute.ee\/toode\/micelle-cleanser-3in1\/"]}]},{"@type":"ImageObject","inLanguage":"ru-RU","@id":"https:\/\/beautyinstitute.ee\/toode\/micelle-cleanser-3in1\/#primaryimage","url":"https:\/\/beautyinstitute.ee\/wp-content\/uploads\/2019\/01\/3in1-micelle-cleanser.jpg","contentUrl":"https:\/\/beautyinstitute.ee\/wp-content\/uploads\/2019\/01\/3in1-micelle-cleanser.jpg","width":750,"height":711},{"@type":"BreadcrumbList","@id":"https:\/\/beautyinstitute.ee\/toode\/micelle-cleanser-3in1\/#breadcrumb","itemListElement":[{"@type":"ListItem","position":1,"name":"Home","item":"https:\/\/beautyinstitute.ee\/ru\/"},{"@type":"ListItem","position":2,"name":"E-pood","item":"https:\/\/beautyinstitute.ee\/e-pood\/"},{"@type":"ListItem","position":3,"name":"Micelle Cleanser 3In1"}]},{"@type":"WebSite","@id":"https:\/\/beautyinstitute.ee\/#website","url":"https:\/\/beautyinstitute.ee\/","name":"Beauty Institute","description":"CNC Cosmetic ametlik maaletooja ja edasim\u00fc\u00fcja Eestis, Soomes, L\u00e4tis. Aparaadikosmeetika, koolitused, kosmeetikatooted.","potentialAction":[{"@type":"SearchAction","target":{"@type":"EntryPoint","urlTemplate":"https:\/\/beautyinstitute.ee\/?s={search_term_string}"},"query-input":{"@type":"PropertyValueSpecification","valueRequired":true,"valueName":"search_term_string"}}],"inLanguage":"ru-RU"}]}},"_links":{"self":[{"href":"https:\/\/beautyinstitute.ee\/ru\/wp-json\/wp\/v2\/product\/2725","targetHints":{"allow":["GET"]}}],"collection":[{"href":"https:\/\/beautyinstitute.ee\/ru\/wp-json\/wp\/v2\/product"}],"about":[{"href":"https:\/\/beautyinstitute.ee\/ru\/wp-json\/wp\/v2\/types\/product"}],"wp:featuredmedia":[{"embeddable":true,"href":"https:\/\/beautyinstitute.ee\/ru\/wp-json\/wp\/v2\/media\/11606"}],"wp:attachment":[{"href":"https:\/\/beautyinstitute.ee\/ru\/wp-json\/wp\/v2\/media?parent=2725"}],"wp:term":[{"taxonomy":"product_cat","embeddable":true,"href":"https:\/\/beautyinstitute.ee\/ru\/wp-json\/wp\/v2\/product_cat?post=2725"},{"taxonomy":"product_tag","embeddable":true,"href":"https:\/\/beautyinstitute.ee\/ru\/wp-json\/wp\/v2\/product_tag?post=2725"}],"curies":[{"name":"wp","href":"https:\/\/api.w.org\/{rel}","templated":true}]}}