{"id":2732,"date":"2019-01-24T21:43:17","date_gmt":"2019-01-24T19:43:17","guid":{"rendered":"https:\/\/beautyinstitute.ee\/?post_type=product&#038;p=2732"},"modified":"2026-04-08T09:56:06","modified_gmt":"2026-04-08T06:56:06","slug":"ngf-matric-cream-rich","status":"publish","type":"product","link":"https:\/\/beautyinstitute.ee\/ru\/toode\/ngf-matric-cream-rich\/","title":{"rendered":"Ngf Matrix Cream Rich"},"content":{"rendered":"<p><strong>Rikkalik kreem toetamaks naha elulisi funktsioone.<\/strong><\/p>\n<p><strong>M\u00f5ju:\u00a0<\/strong>Signaalmolekul Phyto EGF(kasvufaktor) parandab naha barj\u00e4\u00e4rikaitset v\u00e4lism\u00f5jude\u00a0nagu \u00f5husaaste eest ja stimuleerib dermise struktuuride teket. Niiskuse taset t\u00f5stavad\u00a0h\u00fcaluroonhape ja naha enda lipiidid, kortsud pehmenevad ning v\u00e4\u00e4rtuslikud<br \/>\ntaimeekstraktid v\u00e4hendavad punetust ja rahustavad nahka.<\/p>\n<p><strong>Eelised:<\/strong><\/p>\n<ul>\n<li>tagab tasakaalustatud niiskustaseme<\/li>\n<li>parem naha vastupidavus<\/li>\n<li>sobib menopausi perioodil nahale<\/li>\n<li>ideaalne kasutamiseks p\u00e4rast puuviljahappekoorimist, teemant-mikrodermabrasiooni\u00a0ja koorimisprotseduure<\/li>\n<\/ul>\n<p><strong>Sobilik: <\/strong>atroofiline nahk, mis vajab regeneratsiooni.<\/p>\n<p><strong>Kasutamine:<\/strong>\u00a0Kanna n\u00e4ole, kaelale ja dekolteepiirkonnale hommikul ja \u00f5htul p\u00e4rast puhastamist ning<br \/>\nmasseeri \u00f5rnalt sisse.<\/p>\n<p><strong>Toimeained:<\/strong> Phyto EGF (epidermaalne kasvufaktor), h\u00fcaluroonhape, aloe vera,\u00a0makadaamiap\u00e4hkli\u00f5li, skvalaan, E-vitamiini atsetaat, keramiidid, sahhariidid, rahustav toimeainete kompleks balloonviina ekstraktiga<\/p>\n","protected":false},"excerpt":{"rendered":"<p>Rikkalik kreem toetamaks naha elulisi funktsioone. M\u00f5ju:\u00a0Signaalmolekul Phyto EGF(kasvufaktor) parandab naha barj\u00e4\u00e4rikaitset v\u00e4lism\u00f5jude\u00a0nagu \u00f5husaaste eest ja stimuleerib dermise struktuuride teket. Niiskuse taset t\u00f5stavad\u00a0h\u00fcaluroonhape ja naha enda lipiidid, kortsud pehmenevad ning v\u00e4\u00e4rtuslikud taimeekstraktid v\u00e4hendavad punetust ja rahustavad nahka. Eelised: tagab tasakaalustatud niiskustaseme parem naha vastupidavus sobib menopausi perioodil nahale ideaalne kasutamiseks p\u00e4rast puuviljahappekoorimist, teemant-mikrodermabrasiooni\u00a0ja koorimisprotseduure Sobilik: [&hellip;]<\/p>\n","protected":false},"featured_media":11602,"template":"","meta":{"_acf_changed":false},"product_cat":[250,114,118],"product_tag":[],"class_list":["post-2732","product","type-product","status-publish","has-post-thumbnail","hentry","product_cat-naokreemid","product_cat-tootesarjad","product_cat-aesthetic-world"],"acf":[],"yoast_head":"<!-- This site is optimized with the Yoast SEO plugin v25.4 - https:\/\/yoast.com\/wordpress\/plugins\/seo\/ -->\n<title>Ngf Matrix Cream Rich - Beauty Institute<\/title>\n<meta name=\"robots\" content=\"index, follow, max-snippet:-1, max-image-preview:large, max-video-preview:-1\" \/>\n<link rel=\"canonical\" href=\"https:\/\/beautyinstitute.ee\/toode\/ngf-matric-cream-rich\/\" \/>\n<meta property=\"og:locale\" content=\"ru_RU\" \/>\n<meta property=\"og:type\" content=\"article\" \/>\n<meta property=\"og:title\" content=\"Ngf Matrix Cream Rich - Beauty Institute\" \/>\n<meta property=\"og:description\" content=\"Rikkalik kreem toetamaks naha elulisi funktsioone. M\u00f5ju:\u00a0Signaalmolekul Phyto EGF(kasvufaktor) parandab naha barj\u00e4\u00e4rikaitset v\u00e4lism\u00f5jude\u00a0nagu \u00f5husaaste eest ja stimuleerib dermise struktuuride teket. Niiskuse taset t\u00f5stavad\u00a0h\u00fcaluroonhape ja naha enda lipiidid, kortsud pehmenevad ning v\u00e4\u00e4rtuslikud taimeekstraktid v\u00e4hendavad punetust ja rahustavad nahka. Eelised: tagab tasakaalustatud niiskustaseme parem naha vastupidavus sobib menopausi perioodil nahale ideaalne kasutamiseks p\u00e4rast puuviljahappekoorimist, teemant-mikrodermabrasiooni\u00a0ja koorimisprotseduure Sobilik: [&hellip;]\" \/>\n<meta property=\"og:url\" content=\"https:\/\/beautyinstitute.ee\/toode\/ngf-matric-cream-rich\/\" \/>\n<meta property=\"og:site_name\" content=\"Beauty Institute\" \/>\n<meta property=\"article:modified_time\" content=\"2026-04-08T06:56:06+00:00\" \/>\n<meta property=\"og:image\" content=\"https:\/\/beautyinstitute.ee\/wp-content\/uploads\/2019\/01\/NGF-matrix-rich.jpg\" \/>\n\t<meta property=\"og:image:width\" content=\"750\" \/>\n\t<meta property=\"og:image:height\" content=\"711\" \/>\n\t<meta property=\"og:image:type\" content=\"image\/jpeg\" \/>\n<meta name=\"twitter:card\" content=\"summary_large_image\" \/>\n<meta name=\"twitter:site\" content=\"@Beauty_Eesti\" \/>\n<meta name=\"twitter:label1\" content=\"\u041f\u0440\u0438\u043c\u0435\u0440\u043d\u043e\u0435 \u0432\u0440\u0435\u043c\u044f \u0434\u043b\u044f \u0447\u0442\u0435\u043d\u0438\u044f\" \/>\n\t<meta name=\"twitter:data1\" content=\"1 \u043c\u0438\u043d\u0443\u0442\u0430\" \/>\n<script type=\"application\/ld+json\" class=\"yoast-schema-graph\">{\"@context\":\"https:\/\/schema.org\",\"@graph\":[{\"@type\":\"WebPage\",\"@id\":\"https:\/\/beautyinstitute.ee\/toode\/ngf-matric-cream-rich\/\",\"url\":\"https:\/\/beautyinstitute.ee\/toode\/ngf-matric-cream-rich\/\",\"name\":\"Ngf Matrix Cream Rich - Beauty Institute\",\"isPartOf\":{\"@id\":\"https:\/\/beautyinstitute.ee\/#website\"},\"primaryImageOfPage\":{\"@id\":\"https:\/\/beautyinstitute.ee\/toode\/ngf-matric-cream-rich\/#primaryimage\"},\"image\":{\"@id\":\"https:\/\/beautyinstitute.ee\/toode\/ngf-matric-cream-rich\/#primaryimage\"},\"thumbnailUrl\":\"https:\/\/beautyinstitute.ee\/wp-content\/uploads\/2019\/01\/NGF-matrix-rich.jpg\",\"datePublished\":\"2019-01-24T19:43:17+00:00\",\"dateModified\":\"2026-04-08T06:56:06+00:00\",\"breadcrumb\":{\"@id\":\"https:\/\/beautyinstitute.ee\/toode\/ngf-matric-cream-rich\/#breadcrumb\"},\"inLanguage\":\"ru-RU\",\"potentialAction\":[{\"@type\":\"ReadAction\",\"target\":[\"https:\/\/beautyinstitute.ee\/toode\/ngf-matric-cream-rich\/\"]}]},{\"@type\":\"ImageObject\",\"inLanguage\":\"ru-RU\",\"@id\":\"https:\/\/beautyinstitute.ee\/toode\/ngf-matric-cream-rich\/#primaryimage\",\"url\":\"https:\/\/beautyinstitute.ee\/wp-content\/uploads\/2019\/01\/NGF-matrix-rich.jpg\",\"contentUrl\":\"https:\/\/beautyinstitute.ee\/wp-content\/uploads\/2019\/01\/NGF-matrix-rich.jpg\",\"width\":750,\"height\":711},{\"@type\":\"BreadcrumbList\",\"@id\":\"https:\/\/beautyinstitute.ee\/toode\/ngf-matric-cream-rich\/#breadcrumb\",\"itemListElement\":[{\"@type\":\"ListItem\",\"position\":1,\"name\":\"Home\",\"item\":\"https:\/\/beautyinstitute.ee\/ru\/\"},{\"@type\":\"ListItem\",\"position\":2,\"name\":\"E-pood\",\"item\":\"https:\/\/beautyinstitute.ee\/e-pood\/\"},{\"@type\":\"ListItem\",\"position\":3,\"name\":\"Ngf Matrix Cream Rich\"}]},{\"@type\":\"WebSite\",\"@id\":\"https:\/\/beautyinstitute.ee\/#website\",\"url\":\"https:\/\/beautyinstitute.ee\/\",\"name\":\"Beauty Institute\",\"description\":\"CNC Cosmetic ametlik maaletooja ja edasim\u00fc\u00fcja Eestis, Soomes, L\u00e4tis. Aparaadikosmeetika, koolitused, kosmeetikatooted.\",\"potentialAction\":[{\"@type\":\"SearchAction\",\"target\":{\"@type\":\"EntryPoint\",\"urlTemplate\":\"https:\/\/beautyinstitute.ee\/?s={search_term_string}\"},\"query-input\":{\"@type\":\"PropertyValueSpecification\",\"valueRequired\":true,\"valueName\":\"search_term_string\"}}],\"inLanguage\":\"ru-RU\"}]}<\/script>\n<!-- \/ Yoast SEO plugin. -->","yoast_head_json":{"title":"Ngf Matrix Cream Rich - Beauty Institute","robots":{"index":"index","follow":"follow","max-snippet":"max-snippet:-1","max-image-preview":"max-image-preview:large","max-video-preview":"max-video-preview:-1"},"canonical":"https:\/\/beautyinstitute.ee\/toode\/ngf-matric-cream-rich\/","og_locale":"ru_RU","og_type":"article","og_title":"Ngf Matrix Cream Rich - Beauty Institute","og_description":"Rikkalik kreem toetamaks naha elulisi funktsioone. M\u00f5ju:\u00a0Signaalmolekul Phyto EGF(kasvufaktor) parandab naha barj\u00e4\u00e4rikaitset v\u00e4lism\u00f5jude\u00a0nagu \u00f5husaaste eest ja stimuleerib dermise struktuuride teket. Niiskuse taset t\u00f5stavad\u00a0h\u00fcaluroonhape ja naha enda lipiidid, kortsud pehmenevad ning v\u00e4\u00e4rtuslikud taimeekstraktid v\u00e4hendavad punetust ja rahustavad nahka. Eelised: tagab tasakaalustatud niiskustaseme parem naha vastupidavus sobib menopausi perioodil nahale ideaalne kasutamiseks p\u00e4rast puuviljahappekoorimist, teemant-mikrodermabrasiooni\u00a0ja koorimisprotseduure Sobilik: [&hellip;]","og_url":"https:\/\/beautyinstitute.ee\/toode\/ngf-matric-cream-rich\/","og_site_name":"Beauty Institute","article_modified_time":"2026-04-08T06:56:06+00:00","og_image":[{"width":750,"height":711,"url":"https:\/\/beautyinstitute.ee\/wp-content\/uploads\/2019\/01\/NGF-matrix-rich.jpg","type":"image\/jpeg"}],"twitter_card":"summary_large_image","twitter_site":"@Beauty_Eesti","twitter_misc":{"\u041f\u0440\u0438\u043c\u0435\u0440\u043d\u043e\u0435 \u0432\u0440\u0435\u043c\u044f \u0434\u043b\u044f \u0447\u0442\u0435\u043d\u0438\u044f":"1 \u043c\u0438\u043d\u0443\u0442\u0430"},"schema":{"@context":"https:\/\/schema.org","@graph":[{"@type":"WebPage","@id":"https:\/\/beautyinstitute.ee\/toode\/ngf-matric-cream-rich\/","url":"https:\/\/beautyinstitute.ee\/toode\/ngf-matric-cream-rich\/","name":"Ngf Matrix Cream Rich - Beauty Institute","isPartOf":{"@id":"https:\/\/beautyinstitute.ee\/#website"},"primaryImageOfPage":{"@id":"https:\/\/beautyinstitute.ee\/toode\/ngf-matric-cream-rich\/#primaryimage"},"image":{"@id":"https:\/\/beautyinstitute.ee\/toode\/ngf-matric-cream-rich\/#primaryimage"},"thumbnailUrl":"https:\/\/beautyinstitute.ee\/wp-content\/uploads\/2019\/01\/NGF-matrix-rich.jpg","datePublished":"2019-01-24T19:43:17+00:00","dateModified":"2026-04-08T06:56:06+00:00","breadcrumb":{"@id":"https:\/\/beautyinstitute.ee\/toode\/ngf-matric-cream-rich\/#breadcrumb"},"inLanguage":"ru-RU","potentialAction":[{"@type":"ReadAction","target":["https:\/\/beautyinstitute.ee\/toode\/ngf-matric-cream-rich\/"]}]},{"@type":"ImageObject","inLanguage":"ru-RU","@id":"https:\/\/beautyinstitute.ee\/toode\/ngf-matric-cream-rich\/#primaryimage","url":"https:\/\/beautyinstitute.ee\/wp-content\/uploads\/2019\/01\/NGF-matrix-rich.jpg","contentUrl":"https:\/\/beautyinstitute.ee\/wp-content\/uploads\/2019\/01\/NGF-matrix-rich.jpg","width":750,"height":711},{"@type":"BreadcrumbList","@id":"https:\/\/beautyinstitute.ee\/toode\/ngf-matric-cream-rich\/#breadcrumb","itemListElement":[{"@type":"ListItem","position":1,"name":"Home","item":"https:\/\/beautyinstitute.ee\/ru\/"},{"@type":"ListItem","position":2,"name":"E-pood","item":"https:\/\/beautyinstitute.ee\/e-pood\/"},{"@type":"ListItem","position":3,"name":"Ngf Matrix Cream Rich"}]},{"@type":"WebSite","@id":"https:\/\/beautyinstitute.ee\/#website","url":"https:\/\/beautyinstitute.ee\/","name":"Beauty Institute","description":"CNC Cosmetic ametlik maaletooja ja edasim\u00fc\u00fcja Eestis, Soomes, L\u00e4tis. Aparaadikosmeetika, koolitused, kosmeetikatooted.","potentialAction":[{"@type":"SearchAction","target":{"@type":"EntryPoint","urlTemplate":"https:\/\/beautyinstitute.ee\/?s={search_term_string}"},"query-input":{"@type":"PropertyValueSpecification","valueRequired":true,"valueName":"search_term_string"}}],"inLanguage":"ru-RU"}]}},"_links":{"self":[{"href":"https:\/\/beautyinstitute.ee\/ru\/wp-json\/wp\/v2\/product\/2732","targetHints":{"allow":["GET"]}}],"collection":[{"href":"https:\/\/beautyinstitute.ee\/ru\/wp-json\/wp\/v2\/product"}],"about":[{"href":"https:\/\/beautyinstitute.ee\/ru\/wp-json\/wp\/v2\/types\/product"}],"wp:featuredmedia":[{"embeddable":true,"href":"https:\/\/beautyinstitute.ee\/ru\/wp-json\/wp\/v2\/media\/11602"}],"wp:attachment":[{"href":"https:\/\/beautyinstitute.ee\/ru\/wp-json\/wp\/v2\/media?parent=2732"}],"wp:term":[{"taxonomy":"product_cat","embeddable":true,"href":"https:\/\/beautyinstitute.ee\/ru\/wp-json\/wp\/v2\/product_cat?post=2732"},{"taxonomy":"product_tag","embeddable":true,"href":"https:\/\/beautyinstitute.ee\/ru\/wp-json\/wp\/v2\/product_tag?post=2732"}],"curies":[{"name":"wp","href":"https:\/\/api.w.org\/{rel}","templated":true}]}}