{"id":2760,"date":"2019-01-24T20:23:49","date_gmt":"2019-01-24T18:23:49","guid":{"rendered":"https:\/\/beautyinstitute.ee\/?post_type=product&#038;p=2760"},"modified":"2026-04-27T15:07:37","modified_gmt":"2026-04-27T12:07:37","slug":"hyaluron-forte-serum","status":"publish","type":"product","link":"https:\/\/beautyinstitute.ee\/ru\/toode\/hyaluron-forte-serum\/","title":{"rendered":"Hyaluron Forte Serum"},"content":{"rendered":"<p><strong>Toiteseerum kuivale ja k\u00fcpsele nahale.<\/strong><\/p>\n<p>S\u00fcgavalt ja intensiivselt niisutav seerum. Tulemuseks silmn\u00e4htavalt siledam nahk. Pinguldab nahka, muudab naha elastseks. Silub v\u00e4iksemaid kortsukesi. \u00dcks tilk seerumit on v\u00f5rreldav 1,5 liitri veega. Hyaluroon Forte seerumit tuleb kanda niiskele n\u00e4ole ja maseerida \u00f5rnalt koos vedelikuga nahka. Oluline on kuuri ajal teada, et tuleb tarbida piisavalt vedelikku.<\/p>\n<p><strong>Eelised:<\/strong><\/p>\n<ul>\n<li>intensiivhoolduse lisahoolduseks<\/li>\n<li>kaotab kuivusest tingitud kortsud<\/li>\n<li>kohene ja pikaajaline m\u00f5ju<\/li>\n<\/ul>\n<p><strong>Sobilik:<\/strong> k\u00f5ikidele nahat\u00fc\u00fcpidele.<\/p>\n<p><strong>Toimeained:<\/strong> l\u00fchikese- ja pika ahelaga h\u00fcaluroonhape.<\/p>\n","protected":false},"excerpt":{"rendered":"<p>Toiteseerum kuivale ja k\u00fcpsele nahale. S\u00fcgavalt ja intensiivselt niisutav seerum. Tulemuseks silmn\u00e4htavalt siledam nahk. Pinguldab nahka, muudab naha elastseks. Silub v\u00e4iksemaid kortsukesi. \u00dcks tilk seerumit on v\u00f5rreldav 1,5 liitri veega. Hyaluroon Forte seerumit tuleb kanda niiskele n\u00e4ole ja maseerida \u00f5rnalt koos vedelikuga nahka. Oluline on kuuri ajal teada, et tuleb tarbida piisavalt vedelikku. Eelised: intensiivhoolduse [&hellip;]<\/p>\n","protected":false},"featured_media":29096,"template":"","meta":{"_acf_changed":false},"product_cat":[249,114,118,135],"product_tag":[],"class_list":["post-2760","product","type-product","status-publish","has-post-thumbnail","hentry","product_cat-seerumid-2","product_cat-tootesarjad","product_cat-aesthetic-world","product_cat-ultrasonic-beauty-light"],"acf":[],"yoast_head":"<!-- This site is optimized with the Yoast SEO plugin v25.4 - https:\/\/yoast.com\/wordpress\/plugins\/seo\/ -->\n<title>Hyaluron Forte Serum - Beauty Institute<\/title>\n<meta name=\"robots\" content=\"index, follow, max-snippet:-1, max-image-preview:large, max-video-preview:-1\" \/>\n<link rel=\"canonical\" href=\"https:\/\/beautyinstitute.ee\/toode\/hyaluron-forte-serum\/\" \/>\n<meta property=\"og:locale\" content=\"ru_RU\" \/>\n<meta property=\"og:type\" content=\"article\" \/>\n<meta property=\"og:title\" content=\"Hyaluron Forte Serum - Beauty Institute\" \/>\n<meta property=\"og:description\" content=\"Toiteseerum kuivale ja k\u00fcpsele nahale. S\u00fcgavalt ja intensiivselt niisutav seerum. Tulemuseks silmn\u00e4htavalt siledam nahk. Pinguldab nahka, muudab naha elastseks. Silub v\u00e4iksemaid kortsukesi. \u00dcks tilk seerumit on v\u00f5rreldav 1,5 liitri veega. Hyaluroon Forte seerumit tuleb kanda niiskele n\u00e4ole ja maseerida \u00f5rnalt koos vedelikuga nahka. Oluline on kuuri ajal teada, et tuleb tarbida piisavalt vedelikku. Eelised: intensiivhoolduse [&hellip;]\" \/>\n<meta property=\"og:url\" content=\"https:\/\/beautyinstitute.ee\/toode\/hyaluron-forte-serum\/\" \/>\n<meta property=\"og:site_name\" content=\"Beauty Institute\" \/>\n<meta property=\"article:modified_time\" content=\"2026-04-27T12:07:37+00:00\" \/>\n<meta property=\"og:image\" content=\"https:\/\/beautyinstitute.ee\/wp-content\/uploads\/2019\/01\/forte-30ml.jpeg\" \/>\n\t<meta property=\"og:image:width\" content=\"2083\" \/>\n\t<meta property=\"og:image:height\" content=\"2083\" \/>\n\t<meta property=\"og:image:type\" content=\"image\/jpeg\" \/>\n<meta name=\"twitter:card\" content=\"summary_large_image\" \/>\n<meta name=\"twitter:site\" content=\"@Beauty_Eesti\" \/>\n<meta name=\"twitter:label1\" content=\"\u041f\u0440\u0438\u043c\u0435\u0440\u043d\u043e\u0435 \u0432\u0440\u0435\u043c\u044f \u0434\u043b\u044f \u0447\u0442\u0435\u043d\u0438\u044f\" \/>\n\t<meta name=\"twitter:data1\" content=\"1 \u043c\u0438\u043d\u0443\u0442\u0430\" \/>\n<script type=\"application\/ld+json\" class=\"yoast-schema-graph\">{\"@context\":\"https:\/\/schema.org\",\"@graph\":[{\"@type\":\"WebPage\",\"@id\":\"https:\/\/beautyinstitute.ee\/toode\/hyaluron-forte-serum\/\",\"url\":\"https:\/\/beautyinstitute.ee\/toode\/hyaluron-forte-serum\/\",\"name\":\"Hyaluron Forte Serum - Beauty Institute\",\"isPartOf\":{\"@id\":\"https:\/\/beautyinstitute.ee\/#website\"},\"primaryImageOfPage\":{\"@id\":\"https:\/\/beautyinstitute.ee\/toode\/hyaluron-forte-serum\/#primaryimage\"},\"image\":{\"@id\":\"https:\/\/beautyinstitute.ee\/toode\/hyaluron-forte-serum\/#primaryimage\"},\"thumbnailUrl\":\"https:\/\/beautyinstitute.ee\/wp-content\/uploads\/2019\/01\/forte-30ml.jpeg\",\"datePublished\":\"2019-01-24T18:23:49+00:00\",\"dateModified\":\"2026-04-27T12:07:37+00:00\",\"breadcrumb\":{\"@id\":\"https:\/\/beautyinstitute.ee\/toode\/hyaluron-forte-serum\/#breadcrumb\"},\"inLanguage\":\"ru-RU\",\"potentialAction\":[{\"@type\":\"ReadAction\",\"target\":[\"https:\/\/beautyinstitute.ee\/toode\/hyaluron-forte-serum\/\"]}]},{\"@type\":\"ImageObject\",\"inLanguage\":\"ru-RU\",\"@id\":\"https:\/\/beautyinstitute.ee\/toode\/hyaluron-forte-serum\/#primaryimage\",\"url\":\"https:\/\/beautyinstitute.ee\/wp-content\/uploads\/2019\/01\/forte-30ml.jpeg\",\"contentUrl\":\"https:\/\/beautyinstitute.ee\/wp-content\/uploads\/2019\/01\/forte-30ml.jpeg\",\"width\":2083,\"height\":2083},{\"@type\":\"BreadcrumbList\",\"@id\":\"https:\/\/beautyinstitute.ee\/toode\/hyaluron-forte-serum\/#breadcrumb\",\"itemListElement\":[{\"@type\":\"ListItem\",\"position\":1,\"name\":\"Home\",\"item\":\"https:\/\/beautyinstitute.ee\/ru\/\"},{\"@type\":\"ListItem\",\"position\":2,\"name\":\"E-pood\",\"item\":\"https:\/\/beautyinstitute.ee\/e-pood\/\"},{\"@type\":\"ListItem\",\"position\":3,\"name\":\"Hyaluron Forte Serum\"}]},{\"@type\":\"WebSite\",\"@id\":\"https:\/\/beautyinstitute.ee\/#website\",\"url\":\"https:\/\/beautyinstitute.ee\/\",\"name\":\"Beauty Institute\",\"description\":\"CNC Cosmetic ametlik maaletooja ja edasim\u00fc\u00fcja Eestis, Soomes, L\u00e4tis. Aparaadikosmeetika, koolitused, kosmeetikatooted.\",\"potentialAction\":[{\"@type\":\"SearchAction\",\"target\":{\"@type\":\"EntryPoint\",\"urlTemplate\":\"https:\/\/beautyinstitute.ee\/?s={search_term_string}\"},\"query-input\":{\"@type\":\"PropertyValueSpecification\",\"valueRequired\":true,\"valueName\":\"search_term_string\"}}],\"inLanguage\":\"ru-RU\"}]}<\/script>\n<!-- \/ Yoast SEO plugin. -->","yoast_head_json":{"title":"Hyaluron Forte Serum - Beauty Institute","robots":{"index":"index","follow":"follow","max-snippet":"max-snippet:-1","max-image-preview":"max-image-preview:large","max-video-preview":"max-video-preview:-1"},"canonical":"https:\/\/beautyinstitute.ee\/toode\/hyaluron-forte-serum\/","og_locale":"ru_RU","og_type":"article","og_title":"Hyaluron Forte Serum - Beauty Institute","og_description":"Toiteseerum kuivale ja k\u00fcpsele nahale. S\u00fcgavalt ja intensiivselt niisutav seerum. Tulemuseks silmn\u00e4htavalt siledam nahk. Pinguldab nahka, muudab naha elastseks. Silub v\u00e4iksemaid kortsukesi. \u00dcks tilk seerumit on v\u00f5rreldav 1,5 liitri veega. Hyaluroon Forte seerumit tuleb kanda niiskele n\u00e4ole ja maseerida \u00f5rnalt koos vedelikuga nahka. Oluline on kuuri ajal teada, et tuleb tarbida piisavalt vedelikku. Eelised: intensiivhoolduse [&hellip;]","og_url":"https:\/\/beautyinstitute.ee\/toode\/hyaluron-forte-serum\/","og_site_name":"Beauty Institute","article_modified_time":"2026-04-27T12:07:37+00:00","og_image":[{"width":2083,"height":2083,"url":"https:\/\/beautyinstitute.ee\/wp-content\/uploads\/2019\/01\/forte-30ml.jpeg","type":"image\/jpeg"}],"twitter_card":"summary_large_image","twitter_site":"@Beauty_Eesti","twitter_misc":{"\u041f\u0440\u0438\u043c\u0435\u0440\u043d\u043e\u0435 \u0432\u0440\u0435\u043c\u044f \u0434\u043b\u044f \u0447\u0442\u0435\u043d\u0438\u044f":"1 \u043c\u0438\u043d\u0443\u0442\u0430"},"schema":{"@context":"https:\/\/schema.org","@graph":[{"@type":"WebPage","@id":"https:\/\/beautyinstitute.ee\/toode\/hyaluron-forte-serum\/","url":"https:\/\/beautyinstitute.ee\/toode\/hyaluron-forte-serum\/","name":"Hyaluron Forte Serum - Beauty Institute","isPartOf":{"@id":"https:\/\/beautyinstitute.ee\/#website"},"primaryImageOfPage":{"@id":"https:\/\/beautyinstitute.ee\/toode\/hyaluron-forte-serum\/#primaryimage"},"image":{"@id":"https:\/\/beautyinstitute.ee\/toode\/hyaluron-forte-serum\/#primaryimage"},"thumbnailUrl":"https:\/\/beautyinstitute.ee\/wp-content\/uploads\/2019\/01\/forte-30ml.jpeg","datePublished":"2019-01-24T18:23:49+00:00","dateModified":"2026-04-27T12:07:37+00:00","breadcrumb":{"@id":"https:\/\/beautyinstitute.ee\/toode\/hyaluron-forte-serum\/#breadcrumb"},"inLanguage":"ru-RU","potentialAction":[{"@type":"ReadAction","target":["https:\/\/beautyinstitute.ee\/toode\/hyaluron-forte-serum\/"]}]},{"@type":"ImageObject","inLanguage":"ru-RU","@id":"https:\/\/beautyinstitute.ee\/toode\/hyaluron-forte-serum\/#primaryimage","url":"https:\/\/beautyinstitute.ee\/wp-content\/uploads\/2019\/01\/forte-30ml.jpeg","contentUrl":"https:\/\/beautyinstitute.ee\/wp-content\/uploads\/2019\/01\/forte-30ml.jpeg","width":2083,"height":2083},{"@type":"BreadcrumbList","@id":"https:\/\/beautyinstitute.ee\/toode\/hyaluron-forte-serum\/#breadcrumb","itemListElement":[{"@type":"ListItem","position":1,"name":"Home","item":"https:\/\/beautyinstitute.ee\/ru\/"},{"@type":"ListItem","position":2,"name":"E-pood","item":"https:\/\/beautyinstitute.ee\/e-pood\/"},{"@type":"ListItem","position":3,"name":"Hyaluron Forte Serum"}]},{"@type":"WebSite","@id":"https:\/\/beautyinstitute.ee\/#website","url":"https:\/\/beautyinstitute.ee\/","name":"Beauty Institute","description":"CNC Cosmetic ametlik maaletooja ja edasim\u00fc\u00fcja Eestis, Soomes, L\u00e4tis. Aparaadikosmeetika, koolitused, kosmeetikatooted.","potentialAction":[{"@type":"SearchAction","target":{"@type":"EntryPoint","urlTemplate":"https:\/\/beautyinstitute.ee\/?s={search_term_string}"},"query-input":{"@type":"PropertyValueSpecification","valueRequired":true,"valueName":"search_term_string"}}],"inLanguage":"ru-RU"}]}},"_links":{"self":[{"href":"https:\/\/beautyinstitute.ee\/ru\/wp-json\/wp\/v2\/product\/2760","targetHints":{"allow":["GET"]}}],"collection":[{"href":"https:\/\/beautyinstitute.ee\/ru\/wp-json\/wp\/v2\/product"}],"about":[{"href":"https:\/\/beautyinstitute.ee\/ru\/wp-json\/wp\/v2\/types\/product"}],"wp:featuredmedia":[{"embeddable":true,"href":"https:\/\/beautyinstitute.ee\/ru\/wp-json\/wp\/v2\/media\/29096"}],"wp:attachment":[{"href":"https:\/\/beautyinstitute.ee\/ru\/wp-json\/wp\/v2\/media?parent=2760"}],"wp:term":[{"taxonomy":"product_cat","embeddable":true,"href":"https:\/\/beautyinstitute.ee\/ru\/wp-json\/wp\/v2\/product_cat?post=2760"},{"taxonomy":"product_tag","embeddable":true,"href":"https:\/\/beautyinstitute.ee\/ru\/wp-json\/wp\/v2\/product_tag?post=2760"}],"curies":[{"name":"wp","href":"https:\/\/api.w.org\/{rel}","templated":true}]}}