{"id":27756,"date":"2024-03-07T13:53:28","date_gmt":"2024-03-07T11:53:28","guid":{"rendered":"https:\/\/beautyinstitute.ee\/?post_type=product&#038;p=27756"},"modified":"2026-04-18T00:25:21","modified_gmt":"2026-04-17T21:25:21","slug":"puhastuspiim-rasusele-kombineeritud-nahale","status":"publish","type":"product","link":"https:\/\/beautyinstitute.ee\/ru\/toode\/puhastuspiim-rasusele-kombineeritud-nahale\/","title":{"rendered":"Puhastuspiim Rasusele, Kombineeritud Nahale"},"content":{"rendered":"<p>&nbsp;<\/p>\n<p>Toniseeriv \u00a0greibi ekstraks ja pehmendav kookos\u00f5li, puhastavad naha \u00f5rnalt, kuid p\u00f5hjalikult. \u00a0V\u00e4rske l\u00f5hna annab hea energia ja \u00a0ergastab meeli. Nahk j\u00e4\u00e4b peale puhastust klaar ja tuleb esile naha naturaalne s\u00e4ra.<\/p>\n<p>Toimeained: Greibi ekstrakt ja kookos\u00f5li, E-vitamiin ja soja\u00f5li.<\/p>\n<p>&nbsp;<\/p>\n<pre id=\"tw-target-text\" class=\"tw-data-text tw-text-large tw-ta\" dir=\"ltr\" data-placeholder=\"T\u00f5lge\" data-ved=\"2ahUKEwjy7OHE39yEAxVNQVUIHVzKDtAQ3ewLegQIDRAU\"><\/pre>\n","protected":false},"excerpt":{"rendered":"<p>&nbsp; Toniseeriv \u00a0greibi ekstraks ja pehmendav kookos\u00f5li, puhastavad naha \u00f5rnalt, kuid p\u00f5hjalikult. \u00a0V\u00e4rske l\u00f5hna annab hea energia ja \u00a0ergastab meeli. Nahk j\u00e4\u00e4b peale puhastust klaar ja tuleb esile naha naturaalne s\u00e4ra. Toimeained: Greibi ekstrakt ja kookos\u00f5li, E-vitamiin ja soja\u00f5li. &nbsp;<\/p>\n","protected":false},"featured_media":27757,"template":"","meta":{"_acf_changed":false},"product_cat":[291,245],"product_tag":[],"class_list":["post-27756","product","type-product","status-publish","has-post-thumbnail","hentry","product_cat-baehr-cosmetic","product_cat-puhastustooted"],"acf":[],"yoast_head":"<!-- This site is optimized with the Yoast SEO plugin v25.4 - https:\/\/yoast.com\/wordpress\/plugins\/seo\/ -->\n<title>Puhastuspiim Rasusele, Kombineeritud Nahale - Beauty Institute<\/title>\n<meta name=\"robots\" content=\"index, follow, max-snippet:-1, max-image-preview:large, max-video-preview:-1\" \/>\n<link rel=\"canonical\" href=\"https:\/\/beautyinstitute.ee\/toode\/puhastuspiim-rasusele-kombineeritud-nahale\/\" \/>\n<meta property=\"og:locale\" content=\"ru_RU\" \/>\n<meta property=\"og:type\" content=\"article\" \/>\n<meta property=\"og:title\" content=\"Puhastuspiim Rasusele, Kombineeritud Nahale - Beauty Institute\" \/>\n<meta property=\"og:description\" content=\"&nbsp; Toniseeriv \u00a0greibi ekstraks ja pehmendav kookos\u00f5li, puhastavad naha \u00f5rnalt, kuid p\u00f5hjalikult. \u00a0V\u00e4rske l\u00f5hna annab hea energia ja \u00a0ergastab meeli. Nahk j\u00e4\u00e4b peale puhastust klaar ja tuleb esile naha naturaalne s\u00e4ra. Toimeained: Greibi ekstrakt ja kookos\u00f5li, E-vitamiin ja soja\u00f5li. &nbsp;\" \/>\n<meta property=\"og:url\" content=\"https:\/\/beautyinstitute.ee\/toode\/puhastuspiim-rasusele-kombineeritud-nahale\/\" \/>\n<meta property=\"og:site_name\" content=\"Beauty Institute\" \/>\n<meta property=\"article:modified_time\" content=\"2026-04-17T21:25:21+00:00\" \/>\n<meta property=\"og:image\" content=\"https:\/\/beautyinstitute.ee\/wp-content\/uploads\/2024\/03\/baehr-puhastuspiim-200.png\" \/>\n\t<meta property=\"og:image:width\" content=\"1920\" \/>\n\t<meta property=\"og:image:height\" content=\"1920\" \/>\n\t<meta property=\"og:image:type\" content=\"image\/png\" \/>\n<meta name=\"twitter:card\" content=\"summary_large_image\" \/>\n<meta name=\"twitter:site\" content=\"@Beauty_Eesti\" \/>\n<meta name=\"twitter:label1\" content=\"\u041f\u0440\u0438\u043c\u0435\u0440\u043d\u043e\u0435 \u0432\u0440\u0435\u043c\u044f \u0434\u043b\u044f \u0447\u0442\u0435\u043d\u0438\u044f\" \/>\n\t<meta name=\"twitter:data1\" content=\"1 \u043c\u0438\u043d\u0443\u0442\u0430\" \/>\n<script type=\"application\/ld+json\" class=\"yoast-schema-graph\">{\"@context\":\"https:\/\/schema.org\",\"@graph\":[{\"@type\":\"WebPage\",\"@id\":\"https:\/\/beautyinstitute.ee\/toode\/puhastuspiim-rasusele-kombineeritud-nahale\/\",\"url\":\"https:\/\/beautyinstitute.ee\/toode\/puhastuspiim-rasusele-kombineeritud-nahale\/\",\"name\":\"Puhastuspiim Rasusele, Kombineeritud Nahale - Beauty Institute\",\"isPartOf\":{\"@id\":\"https:\/\/beautyinstitute.ee\/#website\"},\"primaryImageOfPage\":{\"@id\":\"https:\/\/beautyinstitute.ee\/toode\/puhastuspiim-rasusele-kombineeritud-nahale\/#primaryimage\"},\"image\":{\"@id\":\"https:\/\/beautyinstitute.ee\/toode\/puhastuspiim-rasusele-kombineeritud-nahale\/#primaryimage\"},\"thumbnailUrl\":\"https:\/\/beautyinstitute.ee\/wp-content\/uploads\/2024\/03\/baehr-puhastuspiim-200.png\",\"datePublished\":\"2024-03-07T11:53:28+00:00\",\"dateModified\":\"2026-04-17T21:25:21+00:00\",\"breadcrumb\":{\"@id\":\"https:\/\/beautyinstitute.ee\/toode\/puhastuspiim-rasusele-kombineeritud-nahale\/#breadcrumb\"},\"inLanguage\":\"ru-RU\",\"potentialAction\":[{\"@type\":\"ReadAction\",\"target\":[\"https:\/\/beautyinstitute.ee\/toode\/puhastuspiim-rasusele-kombineeritud-nahale\/\"]}]},{\"@type\":\"ImageObject\",\"inLanguage\":\"ru-RU\",\"@id\":\"https:\/\/beautyinstitute.ee\/toode\/puhastuspiim-rasusele-kombineeritud-nahale\/#primaryimage\",\"url\":\"https:\/\/beautyinstitute.ee\/wp-content\/uploads\/2024\/03\/baehr-puhastuspiim-200.png\",\"contentUrl\":\"https:\/\/beautyinstitute.ee\/wp-content\/uploads\/2024\/03\/baehr-puhastuspiim-200.png\",\"width\":1920,\"height\":1920},{\"@type\":\"BreadcrumbList\",\"@id\":\"https:\/\/beautyinstitute.ee\/toode\/puhastuspiim-rasusele-kombineeritud-nahale\/#breadcrumb\",\"itemListElement\":[{\"@type\":\"ListItem\",\"position\":1,\"name\":\"Home\",\"item\":\"https:\/\/beautyinstitute.ee\/ru\/\"},{\"@type\":\"ListItem\",\"position\":2,\"name\":\"E-pood\",\"item\":\"https:\/\/beautyinstitute.ee\/e-pood\/\"},{\"@type\":\"ListItem\",\"position\":3,\"name\":\"Puhastuspiim Rasusele, Kombineeritud Nahale\"}]},{\"@type\":\"WebSite\",\"@id\":\"https:\/\/beautyinstitute.ee\/#website\",\"url\":\"https:\/\/beautyinstitute.ee\/\",\"name\":\"Beauty Institute\",\"description\":\"CNC Cosmetic ametlik maaletooja ja edasim\u00fc\u00fcja Eestis, Soomes, L\u00e4tis. Aparaadikosmeetika, koolitused, kosmeetikatooted.\",\"potentialAction\":[{\"@type\":\"SearchAction\",\"target\":{\"@type\":\"EntryPoint\",\"urlTemplate\":\"https:\/\/beautyinstitute.ee\/?s={search_term_string}\"},\"query-input\":{\"@type\":\"PropertyValueSpecification\",\"valueRequired\":true,\"valueName\":\"search_term_string\"}}],\"inLanguage\":\"ru-RU\"}]}<\/script>\n<!-- \/ Yoast SEO plugin. -->","yoast_head_json":{"title":"Puhastuspiim Rasusele, Kombineeritud Nahale - Beauty Institute","robots":{"index":"index","follow":"follow","max-snippet":"max-snippet:-1","max-image-preview":"max-image-preview:large","max-video-preview":"max-video-preview:-1"},"canonical":"https:\/\/beautyinstitute.ee\/toode\/puhastuspiim-rasusele-kombineeritud-nahale\/","og_locale":"ru_RU","og_type":"article","og_title":"Puhastuspiim Rasusele, Kombineeritud Nahale - Beauty Institute","og_description":"&nbsp; Toniseeriv \u00a0greibi ekstraks ja pehmendav kookos\u00f5li, puhastavad naha \u00f5rnalt, kuid p\u00f5hjalikult. \u00a0V\u00e4rske l\u00f5hna annab hea energia ja \u00a0ergastab meeli. Nahk j\u00e4\u00e4b peale puhastust klaar ja tuleb esile naha naturaalne s\u00e4ra. Toimeained: Greibi ekstrakt ja kookos\u00f5li, E-vitamiin ja soja\u00f5li. &nbsp;","og_url":"https:\/\/beautyinstitute.ee\/toode\/puhastuspiim-rasusele-kombineeritud-nahale\/","og_site_name":"Beauty Institute","article_modified_time":"2026-04-17T21:25:21+00:00","og_image":[{"width":1920,"height":1920,"url":"https:\/\/beautyinstitute.ee\/wp-content\/uploads\/2024\/03\/baehr-puhastuspiim-200.png","type":"image\/png"}],"twitter_card":"summary_large_image","twitter_site":"@Beauty_Eesti","twitter_misc":{"\u041f\u0440\u0438\u043c\u0435\u0440\u043d\u043e\u0435 \u0432\u0440\u0435\u043c\u044f \u0434\u043b\u044f \u0447\u0442\u0435\u043d\u0438\u044f":"1 \u043c\u0438\u043d\u0443\u0442\u0430"},"schema":{"@context":"https:\/\/schema.org","@graph":[{"@type":"WebPage","@id":"https:\/\/beautyinstitute.ee\/toode\/puhastuspiim-rasusele-kombineeritud-nahale\/","url":"https:\/\/beautyinstitute.ee\/toode\/puhastuspiim-rasusele-kombineeritud-nahale\/","name":"Puhastuspiim Rasusele, Kombineeritud Nahale - Beauty Institute","isPartOf":{"@id":"https:\/\/beautyinstitute.ee\/#website"},"primaryImageOfPage":{"@id":"https:\/\/beautyinstitute.ee\/toode\/puhastuspiim-rasusele-kombineeritud-nahale\/#primaryimage"},"image":{"@id":"https:\/\/beautyinstitute.ee\/toode\/puhastuspiim-rasusele-kombineeritud-nahale\/#primaryimage"},"thumbnailUrl":"https:\/\/beautyinstitute.ee\/wp-content\/uploads\/2024\/03\/baehr-puhastuspiim-200.png","datePublished":"2024-03-07T11:53:28+00:00","dateModified":"2026-04-17T21:25:21+00:00","breadcrumb":{"@id":"https:\/\/beautyinstitute.ee\/toode\/puhastuspiim-rasusele-kombineeritud-nahale\/#breadcrumb"},"inLanguage":"ru-RU","potentialAction":[{"@type":"ReadAction","target":["https:\/\/beautyinstitute.ee\/toode\/puhastuspiim-rasusele-kombineeritud-nahale\/"]}]},{"@type":"ImageObject","inLanguage":"ru-RU","@id":"https:\/\/beautyinstitute.ee\/toode\/puhastuspiim-rasusele-kombineeritud-nahale\/#primaryimage","url":"https:\/\/beautyinstitute.ee\/wp-content\/uploads\/2024\/03\/baehr-puhastuspiim-200.png","contentUrl":"https:\/\/beautyinstitute.ee\/wp-content\/uploads\/2024\/03\/baehr-puhastuspiim-200.png","width":1920,"height":1920},{"@type":"BreadcrumbList","@id":"https:\/\/beautyinstitute.ee\/toode\/puhastuspiim-rasusele-kombineeritud-nahale\/#breadcrumb","itemListElement":[{"@type":"ListItem","position":1,"name":"Home","item":"https:\/\/beautyinstitute.ee\/ru\/"},{"@type":"ListItem","position":2,"name":"E-pood","item":"https:\/\/beautyinstitute.ee\/e-pood\/"},{"@type":"ListItem","position":3,"name":"Puhastuspiim Rasusele, Kombineeritud Nahale"}]},{"@type":"WebSite","@id":"https:\/\/beautyinstitute.ee\/#website","url":"https:\/\/beautyinstitute.ee\/","name":"Beauty Institute","description":"CNC Cosmetic ametlik maaletooja ja edasim\u00fc\u00fcja Eestis, Soomes, L\u00e4tis. Aparaadikosmeetika, koolitused, kosmeetikatooted.","potentialAction":[{"@type":"SearchAction","target":{"@type":"EntryPoint","urlTemplate":"https:\/\/beautyinstitute.ee\/?s={search_term_string}"},"query-input":{"@type":"PropertyValueSpecification","valueRequired":true,"valueName":"search_term_string"}}],"inLanguage":"ru-RU"}]}},"_links":{"self":[{"href":"https:\/\/beautyinstitute.ee\/ru\/wp-json\/wp\/v2\/product\/27756","targetHints":{"allow":["GET"]}}],"collection":[{"href":"https:\/\/beautyinstitute.ee\/ru\/wp-json\/wp\/v2\/product"}],"about":[{"href":"https:\/\/beautyinstitute.ee\/ru\/wp-json\/wp\/v2\/types\/product"}],"wp:featuredmedia":[{"embeddable":true,"href":"https:\/\/beautyinstitute.ee\/ru\/wp-json\/wp\/v2\/media\/27757"}],"wp:attachment":[{"href":"https:\/\/beautyinstitute.ee\/ru\/wp-json\/wp\/v2\/media?parent=27756"}],"wp:term":[{"taxonomy":"product_cat","embeddable":true,"href":"https:\/\/beautyinstitute.ee\/ru\/wp-json\/wp\/v2\/product_cat?post=27756"},{"taxonomy":"product_tag","embeddable":true,"href":"https:\/\/beautyinstitute.ee\/ru\/wp-json\/wp\/v2\/product_tag?post=27756"}],"curies":[{"name":"wp","href":"https:\/\/api.w.org\/{rel}","templated":true}]}}