{"id":2784,"date":"2019-01-24T20:39:05","date_gmt":"2019-01-24T20:39:05","guid":{"rendered":"https:\/\/beautyinstitute.ee\/?post_type=product&#038;p=2784"},"modified":"2026-05-02T12:51:23","modified_gmt":"2026-05-02T09:51:23","slug":"recovery-earth-mask","status":"publish","type":"product","link":"https:\/\/beautyinstitute.ee\/ru\/toode\/recovery-earth-mask\/","title":{"rendered":"Recovery Earth Mask"},"content":{"rendered":"<p><strong>Spetsiaalne mask, puhastava ja pinguldava toimega.<\/strong><\/p>\n<p>Puhastav mask rasusele ja seganahale. Kaoliin ja tsink aitavad reguleerida seebiumi teket ja jaotust. Pantenool ja allantoiin aitavad taastada \u00e4rritunud nahka. Kanda nahale, hoida 10-15 min. Pese korralikult.<\/p>\n<p>Salongis kasutades aseta maskile peale niisutatud padjakesed.<\/p>\n<p><strong>Eelised:<\/strong><\/p>\n<ul>\n<li>saab kasutada t\u00e4ieliku maskina<\/li>\n<li>ravib vistrikud lokaalselt<\/li>\n<li>rahustab punetavat nahka<\/li>\n<li>ahendab poore<\/li>\n<\/ul>\n<p><strong>Sobilik:<\/strong> ebapuhtale nahale igas vanuses.<\/p>\n<p><strong>Toimeained:<\/strong> kaoliin, tsinkoksiid, pantenool, aloe vera, rosmariiniekstrakt, chia seemne ekstrakt.<\/p>\n","protected":false},"excerpt":{"rendered":"<p>Spetsiaalne mask, puhastava ja pinguldava toimega. Puhastav mask rasusele ja seganahale. Kaoliin ja tsink aitavad reguleerida seebiumi teket ja jaotust. Pantenool ja allantoiin aitavad taastada \u00e4rritunud nahka. Kanda nahale, hoida 10-15 min. Pese korralikult. Salongis kasutades aseta maskile peale niisutatud padjakesed. Eelised: saab kasutada t\u00e4ieliku maskina ravib vistrikud lokaalselt rahustab punetavat nahka ahendab poore Sobilik: [&hellip;]<\/p>\n","protected":false},"featured_media":11584,"template":"","meta":{"_acf_changed":false},"product_cat":[248,147,114,118],"product_tag":[],"class_list":["post-2784","product","type-product","status-publish","has-post-thumbnail","hentry","product_cat-maskid-2","product_cat-kreemmaskid","product_cat-tootesarjad","product_cat-aesthetic-world"],"acf":[],"yoast_head":"<!-- This site is optimized with the Yoast SEO plugin v25.4 - https:\/\/yoast.com\/wordpress\/plugins\/seo\/ -->\n<title>Recovery Earth Mask - Beauty Institute<\/title>\n<meta name=\"robots\" content=\"index, follow, max-snippet:-1, max-image-preview:large, max-video-preview:-1\" \/>\n<link rel=\"canonical\" href=\"https:\/\/beautyinstitute.ee\/toode\/recovery-earth-mask\/\" \/>\n<meta property=\"og:locale\" content=\"ru_RU\" \/>\n<meta property=\"og:type\" content=\"article\" \/>\n<meta property=\"og:title\" content=\"Recovery Earth Mask - Beauty Institute\" \/>\n<meta property=\"og:description\" content=\"Spetsiaalne mask, puhastava ja pinguldava toimega. Puhastav mask rasusele ja seganahale. Kaoliin ja tsink aitavad reguleerida seebiumi teket ja jaotust. Pantenool ja allantoiin aitavad taastada \u00e4rritunud nahka. Kanda nahale, hoida 10-15 min. Pese korralikult. Salongis kasutades aseta maskile peale niisutatud padjakesed. Eelised: saab kasutada t\u00e4ieliku maskina ravib vistrikud lokaalselt rahustab punetavat nahka ahendab poore Sobilik: [&hellip;]\" \/>\n<meta property=\"og:url\" content=\"https:\/\/beautyinstitute.ee\/toode\/recovery-earth-mask\/\" \/>\n<meta property=\"og:site_name\" content=\"Beauty Institute\" \/>\n<meta property=\"article:modified_time\" content=\"2026-05-02T09:51:23+00:00\" \/>\n<meta property=\"og:image\" content=\"https:\/\/beautyinstitute.ee\/wp-content\/uploads\/2019\/01\/recover-earth-mask.jpg\" \/>\n\t<meta property=\"og:image:width\" content=\"750\" \/>\n\t<meta property=\"og:image:height\" content=\"711\" \/>\n\t<meta property=\"og:image:type\" content=\"image\/jpeg\" \/>\n<meta name=\"twitter:card\" content=\"summary_large_image\" \/>\n<meta name=\"twitter:site\" content=\"@Beauty_Eesti\" \/>\n<meta name=\"twitter:label1\" content=\"\u041f\u0440\u0438\u043c\u0435\u0440\u043d\u043e\u0435 \u0432\u0440\u0435\u043c\u044f \u0434\u043b\u044f \u0447\u0442\u0435\u043d\u0438\u044f\" \/>\n\t<meta name=\"twitter:data1\" content=\"1 \u043c\u0438\u043d\u0443\u0442\u0430\" \/>\n<script type=\"application\/ld+json\" class=\"yoast-schema-graph\">{\"@context\":\"https:\/\/schema.org\",\"@graph\":[{\"@type\":\"WebPage\",\"@id\":\"https:\/\/beautyinstitute.ee\/toode\/recovery-earth-mask\/\",\"url\":\"https:\/\/beautyinstitute.ee\/toode\/recovery-earth-mask\/\",\"name\":\"Recovery Earth Mask - Beauty Institute\",\"isPartOf\":{\"@id\":\"https:\/\/beautyinstitute.ee\/#website\"},\"primaryImageOfPage\":{\"@id\":\"https:\/\/beautyinstitute.ee\/toode\/recovery-earth-mask\/#primaryimage\"},\"image\":{\"@id\":\"https:\/\/beautyinstitute.ee\/toode\/recovery-earth-mask\/#primaryimage\"},\"thumbnailUrl\":\"https:\/\/beautyinstitute.ee\/wp-content\/uploads\/2019\/01\/recover-earth-mask.jpg\",\"datePublished\":\"2019-01-24T20:39:05+00:00\",\"dateModified\":\"2026-05-02T09:51:23+00:00\",\"breadcrumb\":{\"@id\":\"https:\/\/beautyinstitute.ee\/toode\/recovery-earth-mask\/#breadcrumb\"},\"inLanguage\":\"ru-RU\",\"potentialAction\":[{\"@type\":\"ReadAction\",\"target\":[\"https:\/\/beautyinstitute.ee\/toode\/recovery-earth-mask\/\"]}]},{\"@type\":\"ImageObject\",\"inLanguage\":\"ru-RU\",\"@id\":\"https:\/\/beautyinstitute.ee\/toode\/recovery-earth-mask\/#primaryimage\",\"url\":\"https:\/\/beautyinstitute.ee\/wp-content\/uploads\/2019\/01\/recover-earth-mask.jpg\",\"contentUrl\":\"https:\/\/beautyinstitute.ee\/wp-content\/uploads\/2019\/01\/recover-earth-mask.jpg\",\"width\":750,\"height\":711},{\"@type\":\"BreadcrumbList\",\"@id\":\"https:\/\/beautyinstitute.ee\/toode\/recovery-earth-mask\/#breadcrumb\",\"itemListElement\":[{\"@type\":\"ListItem\",\"position\":1,\"name\":\"Home\",\"item\":\"https:\/\/beautyinstitute.ee\/ru\/\"},{\"@type\":\"ListItem\",\"position\":2,\"name\":\"E-pood\",\"item\":\"https:\/\/beautyinstitute.ee\/e-pood\/\"},{\"@type\":\"ListItem\",\"position\":3,\"name\":\"Recovery Earth Mask\"}]},{\"@type\":\"WebSite\",\"@id\":\"https:\/\/beautyinstitute.ee\/#website\",\"url\":\"https:\/\/beautyinstitute.ee\/\",\"name\":\"Beauty Institute\",\"description\":\"CNC Cosmetic ametlik maaletooja ja edasim\u00fc\u00fcja Eestis, Soomes, L\u00e4tis. Aparaadikosmeetika, koolitused, kosmeetikatooted.\",\"potentialAction\":[{\"@type\":\"SearchAction\",\"target\":{\"@type\":\"EntryPoint\",\"urlTemplate\":\"https:\/\/beautyinstitute.ee\/?s={search_term_string}\"},\"query-input\":{\"@type\":\"PropertyValueSpecification\",\"valueRequired\":true,\"valueName\":\"search_term_string\"}}],\"inLanguage\":\"ru-RU\"}]}<\/script>\n<!-- \/ Yoast SEO plugin. -->","yoast_head_json":{"title":"Recovery Earth Mask - Beauty Institute","robots":{"index":"index","follow":"follow","max-snippet":"max-snippet:-1","max-image-preview":"max-image-preview:large","max-video-preview":"max-video-preview:-1"},"canonical":"https:\/\/beautyinstitute.ee\/toode\/recovery-earth-mask\/","og_locale":"ru_RU","og_type":"article","og_title":"Recovery Earth Mask - Beauty Institute","og_description":"Spetsiaalne mask, puhastava ja pinguldava toimega. Puhastav mask rasusele ja seganahale. Kaoliin ja tsink aitavad reguleerida seebiumi teket ja jaotust. Pantenool ja allantoiin aitavad taastada \u00e4rritunud nahka. Kanda nahale, hoida 10-15 min. Pese korralikult. Salongis kasutades aseta maskile peale niisutatud padjakesed. Eelised: saab kasutada t\u00e4ieliku maskina ravib vistrikud lokaalselt rahustab punetavat nahka ahendab poore Sobilik: [&hellip;]","og_url":"https:\/\/beautyinstitute.ee\/toode\/recovery-earth-mask\/","og_site_name":"Beauty Institute","article_modified_time":"2026-05-02T09:51:23+00:00","og_image":[{"width":750,"height":711,"url":"https:\/\/beautyinstitute.ee\/wp-content\/uploads\/2019\/01\/recover-earth-mask.jpg","type":"image\/jpeg"}],"twitter_card":"summary_large_image","twitter_site":"@Beauty_Eesti","twitter_misc":{"\u041f\u0440\u0438\u043c\u0435\u0440\u043d\u043e\u0435 \u0432\u0440\u0435\u043c\u044f \u0434\u043b\u044f \u0447\u0442\u0435\u043d\u0438\u044f":"1 \u043c\u0438\u043d\u0443\u0442\u0430"},"schema":{"@context":"https:\/\/schema.org","@graph":[{"@type":"WebPage","@id":"https:\/\/beautyinstitute.ee\/toode\/recovery-earth-mask\/","url":"https:\/\/beautyinstitute.ee\/toode\/recovery-earth-mask\/","name":"Recovery Earth Mask - Beauty Institute","isPartOf":{"@id":"https:\/\/beautyinstitute.ee\/#website"},"primaryImageOfPage":{"@id":"https:\/\/beautyinstitute.ee\/toode\/recovery-earth-mask\/#primaryimage"},"image":{"@id":"https:\/\/beautyinstitute.ee\/toode\/recovery-earth-mask\/#primaryimage"},"thumbnailUrl":"https:\/\/beautyinstitute.ee\/wp-content\/uploads\/2019\/01\/recover-earth-mask.jpg","datePublished":"2019-01-24T20:39:05+00:00","dateModified":"2026-05-02T09:51:23+00:00","breadcrumb":{"@id":"https:\/\/beautyinstitute.ee\/toode\/recovery-earth-mask\/#breadcrumb"},"inLanguage":"ru-RU","potentialAction":[{"@type":"ReadAction","target":["https:\/\/beautyinstitute.ee\/toode\/recovery-earth-mask\/"]}]},{"@type":"ImageObject","inLanguage":"ru-RU","@id":"https:\/\/beautyinstitute.ee\/toode\/recovery-earth-mask\/#primaryimage","url":"https:\/\/beautyinstitute.ee\/wp-content\/uploads\/2019\/01\/recover-earth-mask.jpg","contentUrl":"https:\/\/beautyinstitute.ee\/wp-content\/uploads\/2019\/01\/recover-earth-mask.jpg","width":750,"height":711},{"@type":"BreadcrumbList","@id":"https:\/\/beautyinstitute.ee\/toode\/recovery-earth-mask\/#breadcrumb","itemListElement":[{"@type":"ListItem","position":1,"name":"Home","item":"https:\/\/beautyinstitute.ee\/ru\/"},{"@type":"ListItem","position":2,"name":"E-pood","item":"https:\/\/beautyinstitute.ee\/e-pood\/"},{"@type":"ListItem","position":3,"name":"Recovery Earth Mask"}]},{"@type":"WebSite","@id":"https:\/\/beautyinstitute.ee\/#website","url":"https:\/\/beautyinstitute.ee\/","name":"Beauty Institute","description":"CNC Cosmetic ametlik maaletooja ja edasim\u00fc\u00fcja Eestis, Soomes, L\u00e4tis. Aparaadikosmeetika, koolitused, kosmeetikatooted.","potentialAction":[{"@type":"SearchAction","target":{"@type":"EntryPoint","urlTemplate":"https:\/\/beautyinstitute.ee\/?s={search_term_string}"},"query-input":{"@type":"PropertyValueSpecification","valueRequired":true,"valueName":"search_term_string"}}],"inLanguage":"ru-RU"}]}},"_links":{"self":[{"href":"https:\/\/beautyinstitute.ee\/ru\/wp-json\/wp\/v2\/product\/2784","targetHints":{"allow":["GET"]}}],"collection":[{"href":"https:\/\/beautyinstitute.ee\/ru\/wp-json\/wp\/v2\/product"}],"about":[{"href":"https:\/\/beautyinstitute.ee\/ru\/wp-json\/wp\/v2\/types\/product"}],"wp:featuredmedia":[{"embeddable":true,"href":"https:\/\/beautyinstitute.ee\/ru\/wp-json\/wp\/v2\/media\/11584"}],"wp:attachment":[{"href":"https:\/\/beautyinstitute.ee\/ru\/wp-json\/wp\/v2\/media?parent=2784"}],"wp:term":[{"taxonomy":"product_cat","embeddable":true,"href":"https:\/\/beautyinstitute.ee\/ru\/wp-json\/wp\/v2\/product_cat?post=2784"},{"taxonomy":"product_tag","embeddable":true,"href":"https:\/\/beautyinstitute.ee\/ru\/wp-json\/wp\/v2\/product_tag?post=2784"}],"curies":[{"name":"wp","href":"https:\/\/api.w.org\/{rel}","templated":true}]}}